{"id":2795,"date":"2025-03-20T08:59:46","date_gmt":"2025-03-20T08:59:46","guid":{"rendered":"https:\/\/theperfumebottles.com\/?post_type=product&#038;p=2795"},"modified":"2026-04-07T16:06:36","modified_gmt":"2026-04-07T08:06:36","slug":"custom-luxury-crystal-perfume-bottle-wholesale","status":"publish","type":"product","link":"https:\/\/theperfumebottles.com\/sv\/produkt\/custom-luxury-crystal-perfume-bottle-wholesale\/","title":{"rendered":"100ml anpassad lyxig kristall parfymflaska grossist"},"content":{"rendered":"<p>Kristallparfymflaskan visar upp sin kubiska struktur genom sin design som anv\u00e4nder transparent glasmaterial. Korken best\u00e5r av tv\u00e5 distinkta delar: en metallring med en blank kromfinish, spraymunstycket och ett separat slipat kristallkork.<\/p>\n<h2>Specifikationer<\/h2>\n<div>\n<table class=\"aligncenter\" style=\"border-collapse: collapse; width: 300.77pt;\" border=\"0\" width=\"401\" cellspacing=\"0\" cellpadding=\"0\">\n<tbody>\n<tr style=\"height: 13.50pt;\">\n<td style=\"height: 13.50pt; width: 88.50pt;\" width=\"118\" height=\"18\">S\u00e4rdrag<\/td>\n<td style=\"width: 212.25pt;\" width=\"283\">Detaljer<\/td>\n<\/tr>\n<tr style=\"height: 13.50pt;\">\n<td style=\"height: 13.50pt;\" height=\"18\">Kapacitet<\/td>\n<td>100 ml (3,4 oz)<\/td>\n<\/tr>\n<tr style=\"height: 13.50pt;\">\n<td style=\"height: 13.50pt;\" height=\"18\">Material<\/td>\n<td>Kristallglas, akryl silverlock<\/td>\n<\/tr>\n<tr style=\"height: 13.50pt;\">\n<td style=\"height: 13.50pt;\" height=\"18\">M\u00e5tt<\/td>\n<td>57\u00d757\u00d769 mm (kvadratisk form)<\/td>\n<\/tr>\n<tr style=\"height: 13.50pt;\">\n<td style=\"height: 13.50pt;\" height=\"18\">Anpassning<\/td>\n<td>Gravyr, frosting, UV-tryck<\/td>\n<\/tr>\n<tr style=\"height: 13.50pt;\">\n<td style=\"height: 13.50pt;\" height=\"18\">MOQ<\/td>\n<td>Konkurrenskraftiga bulkpriser tillg\u00e4ngliga<\/td>\n<\/tr>\n<tr style=\"height: 13.50pt;\">\n<td style=\"height: 13.50pt;\" height=\"18\">Frakt<\/td>\n<td>Globalt logistikst\u00f6d<\/td>\n<\/tr>\n<\/tbody>\n<\/table>\n<\/div>\n<h2>Framg\u00e5ngssaga<\/h2>\n<p>Detta franska parfymm\u00e4rke valde en antik kristallparfymflaska och best\u00e4llde en specialdesignad r\u00f6kgr\u00e5 glasflaska med en guldf\u00e4rgad innerdesign. Den specialdesignade parfymflaskan uppn\u00e5dde stor succ\u00e9 eftersom dess vintagekristalldesign starkt tilltalade kunderna, vilket ledde till en \u00f6kning med 300 % av f\u00f6rbest\u00e4llningar fr\u00e5n befintliga kunder. De \u00f6verl\u00e4gsna materialen och vikten ledde ocks\u00e5 till en pris\u00f6kning p\u00e5 120 % f\u00f6r denna lyxiga parfym. M\u00e4rket f\u00f6ljde upp sin framg\u00e5ng genom att best\u00e4lla 580 000 parfymflaskor som de skulle anv\u00e4nda f\u00f6r att introducera sin kommande vintagedoftkollektion.<\/p>\n<h2>F\u00f6rslag p\u00e5 anpassning av antika kristallparfymflaskor<\/h2>\n<ul>\n<li>Den \u00f6versta prydnadsutst\u00e4llningen presenterar flera alternativ som inkluderar olika \u00e4delstenstyper, f\u00e4rgade kristaller och anpassade glasdekorationer som f\u00f6ljer varum\u00e4rkets exklusiva designm\u00f6nster.<\/li>\n<li>Metallfinishalternativen f\u00f6r pumpringen inkluderar fyra avancerade finishar som 24K guldpl\u00e4tering, ros\u00e9guld, svart rodium och antiksilver.<\/li>\n<li>Den magnetiska toppdekorationen har en kristalltoppsdel \u200b\u200bsom f\u00e4sts p\u00e5 ytor med en s\u00e4ker och bekv\u00e4m mekanism.<\/li>\n<\/ul>","protected":false},"excerpt":{"rendered":"<p>F\u00f6r varum\u00e4rkes\u00e4gare och grossister som vill f\u00e4ngsla kr\u00e4sna kunder kombinerar kristallparfymflaskan p\u00e5 90 ml tidl\u00f6s elegans med modern funktionalitet.<\/p>","protected":false},"featured_media":2798,"comment_status":"open","ping_status":"closed","template":"","meta":{"_acf_changed":false,"site-sidebar-layout":"default","site-content-layout":"","ast-site-content-layout":"default","site-content-style":"default","site-sidebar-style":"default","ast-global-header-display":"","ast-banner-title-visibility":"","ast-main-header-display":"","ast-hfb-above-header-display":"","ast-hfb-below-header-display":"","ast-hfb-mobile-header-display":"","site-post-title":"","ast-breadcrumbs-content":"","ast-featured-img":"","footer-sml-layout":"","ast-disable-related-posts":"","theme-transparent-header-meta":"default","adv-header-id-meta":"","stick-header-meta":"","header-above-stick-meta":"","header-main-stick-meta":"","header-below-stick-meta":"","astra-migrate-meta-layouts":"set","ast-page-background-enabled":"default","ast-page-background-meta":{"desktop":{"background-color":"var(--ast-global-color-5)","background-image":"","background-repeat":"repeat","background-position":"center center","background-size":"auto","background-attachment":"scroll","background-type":"","background-media":"","overlay-type":"","overlay-color":"","overlay-opacity":"","overlay-gradient":""},"tablet":{"background-color":"","background-image":"","background-repeat":"repeat","background-position":"center center","background-size":"auto","background-attachment":"scroll","background-type":"","background-media":"","overlay-type":"","overlay-color":"","overlay-opacity":"","overlay-gradient":""},"mobile":{"background-color":"","background-image":"","background-repeat":"repeat","background-position":"center center","background-size":"auto","background-attachment":"scroll","background-type":"","background-media":"","overlay-type":"","overlay-color":"","overlay-opacity":"","overlay-gradient":""}},"ast-content-background-meta":{"desktop":{"background-color":"var(--ast-global-color-4)","background-image":"","background-repeat":"repeat","background-position":"center center","background-size":"auto","background-attachment":"scroll","background-type":"","background-media":"","overlay-type":"","overlay-color":"","overlay-opacity":"","overlay-gradient":""},"tablet":{"background-color":"var(--ast-global-color-4)","background-image":"","background-repeat":"repeat","background-position":"center center","background-size":"auto","background-attachment":"scroll","background-type":"","background-media":"","overlay-type":"","overlay-color":"","overlay-opacity":"","overlay-gradient":""},"mobile":{"background-color":"var(--ast-global-color-4)","background-image":"","background-repeat":"repeat","background-position":"center center","background-size":"auto","background-attachment":"scroll","background-type":"","background-media":"","overlay-type":"","overlay-color":"","overlay-opacity":"","overlay-gradient":""}}},"product_brand":[],"product_cat":[91,72,41],"product_tag":[],"class_list":{"0":"post-2795","1":"product","2":"type-product","3":"status-publish","4":"has-post-thumbnail","6":"product_cat-custom-perfume-bottles","7":"product_cat-cosmetic-packaging","8":"product_cat-perfume-bottles","9":"desktop-align-left","10":"tablet-align-left","11":"mobile-align-left","13":"first","14":"instock","15":"shipping-taxable","16":"product-type-simple"},"acf":[],"jetpack_sharing_enabled":true,"_links":{"self":[{"href":"https:\/\/theperfumebottles.com\/sv\/wp-json\/wp\/v2\/product\/2795","targetHints":{"allow":["GET"]}}],"collection":[{"href":"https:\/\/theperfumebottles.com\/sv\/wp-json\/wp\/v2\/product"}],"about":[{"href":"https:\/\/theperfumebottles.com\/sv\/wp-json\/wp\/v2\/types\/product"}],"replies":[{"embeddable":true,"href":"https:\/\/theperfumebottles.com\/sv\/wp-json\/wp\/v2\/comments?post=2795"}],"wp:featuredmedia":[{"embeddable":true,"href":"https:\/\/theperfumebottles.com\/sv\/wp-json\/wp\/v2\/media\/2798"}],"wp:attachment":[{"href":"https:\/\/theperfumebottles.com\/sv\/wp-json\/wp\/v2\/media?parent=2795"}],"wp:term":[{"taxonomy":"product_brand","embeddable":true,"href":"https:\/\/theperfumebottles.com\/sv\/wp-json\/wp\/v2\/product_brand?post=2795"},{"taxonomy":"product_cat","embeddable":true,"href":"https:\/\/theperfumebottles.com\/sv\/wp-json\/wp\/v2\/product_cat?post=2795"},{"taxonomy":"product_tag","embeddable":true,"href":"https:\/\/theperfumebottles.com\/sv\/wp-json\/wp\/v2\/product_tag?post=2795"}],"curies":[{"name":"wp","href":"https:\/\/api.w.org\/{rel}","templated":true}]}}