{"id":2801,"date":"2025-03-21T02:08:59","date_gmt":"2025-03-21T02:08:59","guid":{"rendered":"https:\/\/theperfumebottles.com\/?post_type=product&#038;p=2801"},"modified":"2026-04-08T15:16:34","modified_gmt":"2026-04-08T07:16:34","slug":"perfume-square-bottles-for-wholesale-custom-packaging","status":"publish","type":"product","link":"https:\/\/theperfumebottles.com\/sv\/produkt\/perfume-square-bottles-for-wholesale-custom-packaging\/","title":{"rendered":"100 ml parfymfyrkantiga flaskor f\u00f6r grossist- och specialf\u00f6rpackningar"},"content":{"rendered":"<p>F\u00f6rh\u00f6j din doftlinje med v\u00e5r fyrkantiga parfymflaska PB-FZ02. Denna fyrkantiga parfymflaska \u00e4r tillverkad av ultraklart, tjockv\u00e4ggigt kristallglas. Det polerade svarta fyrkantiga locket f\u00f6rst\u00e4rker den klassiska rektangul\u00e4ra prismaformen genom att framh\u00e4va en subtil elegant kvalitet.<\/p>\n<h2>Tekniska specifikationer<\/h2>\n<div>\n<table class=\"aligncenter\" style=\"border-collapse: collapse; width: 318.77pt;\" border=\"0\" width=\"425\" cellspacing=\"0\" cellpadding=\"0\">\n<tbody>\n<tr style=\"height: 13.50pt;\">\n<td style=\"height: 13.50pt; width: 124.50pt;\" width=\"166\" height=\"18\">S\u00e4rdrag<\/td>\n<td style=\"width: 194.25pt;\" width=\"259\">Detalj<\/td>\n<\/tr>\n<tr style=\"height: 13.50pt;\">\n<td style=\"height: 13.50pt;\" height=\"18\">Modell<\/td>\n<td>PB-FZ02<\/td>\n<\/tr>\n<tr style=\"height: 13.50pt;\">\n<td style=\"height: 13.50pt;\" height=\"18\">Material<\/td>\n<td>Kristallglas<\/td>\n<\/tr>\n<tr style=\"height: 13.50pt;\">\n<td style=\"height: 13.50pt;\" height=\"18\">Kapacitet<\/td>\n<td>100 ml (3,4 oz)<\/td>\n<\/tr>\n<tr style=\"height: 13.50pt;\">\n<td style=\"height: 13.50pt;\" height=\"18\">M\u00e5tt<\/td>\n<td>52 \u00d7 52 \u00d7 103 mm<\/td>\n<\/tr>\n<tr style=\"height: 13.50pt;\">\n<td style=\"height: 13.50pt;\" height=\"18\">Lock<\/td>\n<td>Mattsvart fyrkantigt lock<\/td>\n<\/tr>\n<tr style=\"height: 13.50pt;\">\n<td style=\"height: 13.50pt;\" height=\"18\">F\u00e4rgalternativ<\/td>\n<td>Klar (anpassningsbara f\u00e4rger)<\/td>\n<\/tr>\n<tr style=\"height: 13.50pt;\">\n<td style=\"height: 13.50pt;\" height=\"18\">Anpassning<\/td>\n<td>Logotyp, gravyr, ytbehandlingsalternativ<\/td>\n<\/tr>\n<tr style=\"height: 13.50pt;\">\n<td style=\"height: 13.50pt;\" height=\"18\">Tillg\u00e4nglighet av prover<\/td>\n<td>F\u00f6rsedd<\/td>\n<\/tr>\n<tr style=\"height: 13.50pt;\">\n<td style=\"height: 13.50pt;\" height=\"18\">Minsta best\u00e4llning<\/td>\n<td>Bulk-\/grossistv\u00e4nlig<\/td>\n<\/tr>\n<\/tbody>\n<\/table>\n<\/div>\n<h2>Framg\u00e5ngssaga: Ett minimalistiskt varum\u00e4rke i New Yorks ikoniska produktlinje<\/h2>\n<p>Det minimalistiska doftm\u00e4rket fr\u00e5n New York valde v\u00e5r fyrkantiga, specialdesignade parfymf\u00f6rpackning som inkluderar en specialdesignad matt frostad flaska och en vit screentryckt logotyp. Designen uppn\u00e5dde ett rent, minimalistiskt utseende vilket resulterade i en 50 % \u00f6kning av varum\u00e4rkesigenk\u00e4nningen under blindtester. Varum\u00e4rket etablerade sin signaturstil genom minimalistisk design, vilket gjorde det m\u00f6jligt f\u00f6r dem att uppn\u00e5 en \u00f6kning av interaktioner p\u00e5 sociala medier med 300 %. Varum\u00e4rket uppn\u00e5dde stor framg\u00e5ng och lade d\u00e4refter en ytterligare best\u00e4llning p\u00e5 550 000 parfymflaskor f\u00f6r att lansera en ny serie hemdofter och doftljus.<\/p>\n<h2>100ml sprayflaskor grossist anpassningsf\u00f6rslag<\/h2>\n<ul>\n<li>Premium-sprutmekanismen erbjuder flera h\u00f6gkvalitativa sprutpumpar som har olika munstycksdesigner som inkluderar platta och konvexa alternativ, samtidigt som de producerar olika niv\u00e5er av spruteffekt.<\/li>\n<li>Den rektangul\u00e4ra flaskdesignen g\u00f6r det m\u00f6jligt f\u00f6r anv\u00e4ndare att skapa olika storleksalternativ, inklusive flaskstorlekar p\u00e5 30 ml, 50 ml och 200 ml.<\/li>\n<li>De speciella ytbehandlingarna ger anv\u00e4ndarna m\u00f6jlighet att v\u00e4lja mellan handapplicerad bladguldsdekoration och en speciell bel\u00e4ggning.<\/li>\n<\/ul>","protected":false},"excerpt":{"rendered":"<p>Premium 100 ml fyrkantiga parfymflaskor i glas f\u00f6r grossist- och specialf\u00f6rpackningar. H\u00e5llbara, anpassningsbara och perfekta f\u00f6r lyxiga parfymm\u00e4rken.<\/p>","protected":false},"featured_media":2803,"comment_status":"open","ping_status":"closed","template":"","meta":{"_acf_changed":false,"site-sidebar-layout":"default","site-content-layout":"","ast-site-content-layout":"default","site-content-style":"default","site-sidebar-style":"default","ast-global-header-display":"","ast-banner-title-visibility":"","ast-main-header-display":"","ast-hfb-above-header-display":"","ast-hfb-below-header-display":"","ast-hfb-mobile-header-display":"","site-post-title":"","ast-breadcrumbs-content":"","ast-featured-img":"","footer-sml-layout":"","ast-disable-related-posts":"","theme-transparent-header-meta":"default","adv-header-id-meta":"","stick-header-meta":"","header-above-stick-meta":"","header-main-stick-meta":"","header-below-stick-meta":"","astra-migrate-meta-layouts":"set","ast-page-background-enabled":"default","ast-page-background-meta":{"desktop":{"background-color":"var(--ast-global-color-5)","background-image":"","background-repeat":"repeat","background-position":"center center","background-size":"auto","background-attachment":"scroll","background-type":"","background-media":"","overlay-type":"","overlay-color":"","overlay-opacity":"","overlay-gradient":""},"tablet":{"background-color":"","background-image":"","background-repeat":"repeat","background-position":"center center","background-size":"auto","background-attachment":"scroll","background-type":"","background-media":"","overlay-type":"","overlay-color":"","overlay-opacity":"","overlay-gradient":""},"mobile":{"background-color":"","background-image":"","background-repeat":"repeat","background-position":"center center","background-size":"auto","background-attachment":"scroll","background-type":"","background-media":"","overlay-type":"","overlay-color":"","overlay-opacity":"","overlay-gradient":""}},"ast-content-background-meta":{"desktop":{"background-color":"var(--ast-global-color-4)","background-image":"","background-repeat":"repeat","background-position":"center center","background-size":"auto","background-attachment":"scroll","background-type":"","background-media":"","overlay-type":"","overlay-color":"","overlay-opacity":"","overlay-gradient":""},"tablet":{"background-color":"var(--ast-global-color-4)","background-image":"","background-repeat":"repeat","background-position":"center center","background-size":"auto","background-attachment":"scroll","background-type":"","background-media":"","overlay-type":"","overlay-color":"","overlay-opacity":"","overlay-gradient":""},"mobile":{"background-color":"var(--ast-global-color-4)","background-image":"","background-repeat":"repeat","background-position":"center center","background-size":"auto","background-attachment":"scroll","background-type":"","background-media":"","overlay-type":"","overlay-color":"","overlay-opacity":"","overlay-gradient":""}}},"product_brand":[],"product_cat":[91,72,41],"product_tag":[],"class_list":{"0":"post-2801","1":"product","2":"type-product","3":"status-publish","4":"has-post-thumbnail","6":"product_cat-custom-perfume-bottles","7":"product_cat-cosmetic-packaging","8":"product_cat-perfume-bottles","9":"desktop-align-left","10":"tablet-align-left","11":"mobile-align-left","13":"first","14":"instock","15":"shipping-taxable","16":"product-type-simple"},"acf":[],"jetpack_sharing_enabled":true,"_links":{"self":[{"href":"https:\/\/theperfumebottles.com\/sv\/wp-json\/wp\/v2\/product\/2801","targetHints":{"allow":["GET"]}}],"collection":[{"href":"https:\/\/theperfumebottles.com\/sv\/wp-json\/wp\/v2\/product"}],"about":[{"href":"https:\/\/theperfumebottles.com\/sv\/wp-json\/wp\/v2\/types\/product"}],"replies":[{"embeddable":true,"href":"https:\/\/theperfumebottles.com\/sv\/wp-json\/wp\/v2\/comments?post=2801"}],"wp:featuredmedia":[{"embeddable":true,"href":"https:\/\/theperfumebottles.com\/sv\/wp-json\/wp\/v2\/media\/2803"}],"wp:attachment":[{"href":"https:\/\/theperfumebottles.com\/sv\/wp-json\/wp\/v2\/media?parent=2801"}],"wp:term":[{"taxonomy":"product_brand","embeddable":true,"href":"https:\/\/theperfumebottles.com\/sv\/wp-json\/wp\/v2\/product_brand?post=2801"},{"taxonomy":"product_cat","embeddable":true,"href":"https:\/\/theperfumebottles.com\/sv\/wp-json\/wp\/v2\/product_cat?post=2801"},{"taxonomy":"product_tag","embeddable":true,"href":"https:\/\/theperfumebottles.com\/sv\/wp-json\/wp\/v2\/product_tag?post=2801"}],"curies":[{"name":"wp","href":"https:\/\/api.w.org\/{rel}","templated":true}]}}