{"id":2806,"date":"2025-03-21T03:55:26","date_gmt":"2025-03-21T03:55:26","guid":{"rendered":"https:\/\/theperfumebottles.com\/?post_type=product&#038;p=2806"},"modified":"2025-05-29T10:24:39","modified_gmt":"2025-05-29T02:24:39","slug":"small-perfume-spray-bottle-30ml-50ml-perfume-oil-bottles","status":"publish","type":"product","link":"https:\/\/theperfumebottles.com\/sv\/produkt\/small-perfume-spray-bottle-30ml-50ml-perfume-oil-bottles\/","title":{"rendered":"30ml 50ml sm\u00e5 parfymsprayflaskor med tr\u00e4lock"},"content":{"rendered":"<p>Vi presenterar v\u00e5r serie sm\u00e5 parfymsprayflaskor, tillg\u00e4ngliga i storlekarna 30 ml parfymflaska och 50 ml parfymolja. Denna kristallglasflaska \u00e4r designad f\u00f6r exklusiva varum\u00e4rken och milj\u00f6aktivister. Den kombinerar ett handgjort tr\u00e4lock med en modern fyrkantig flaskdesign, som \u00e4r naturlig, milj\u00f6v\u00e4nlig och uts\u00f6kt. Det naturliga tr\u00e4locket st\u00f6der anpassade varum\u00e4rkeslogotyper, och 30 ml\/50 ml-kapaciteten \u00e4r flexibel f\u00f6r att passa resestorlekar, nischdofter eller behov av bulkgrossistf\u00f6rs\u00e4ljning.<\/p>\n<h2>Viktiga specifikationer<\/h2>\n<div class=\"hyc-common-markdown__table-wrapper\">\n<table>\n<thead>\n<tr>\n<th>S\u00e4rdrag<\/th>\n<th>PB-FZ0401<\/th>\n<th>PB-FZ0402<\/th>\n<\/tr>\n<\/thead>\n<tbody>\n<tr>\n<td>Material<\/td>\n<td>Kristallglas<\/td>\n<td>Kristallglas<\/td>\n<\/tr>\n<tr>\n<td>Kapacitet<\/td>\n<td>30 ml<\/td>\n<td>50 ml<\/td>\n<\/tr>\n<tr>\n<td>M\u00e5tt<\/td>\n<td>36 x 36 x 66 mm<\/td>\n<td>42 x 42 x 77 mm<\/td>\n<\/tr>\n<tr>\n<td>Lock<\/td>\n<td>Naturligt tr\u00e4lock<\/td>\n<td>Naturligt tr\u00e4lock<\/td>\n<\/tr>\n<tr>\n<td>F\u00e4rgalternativ<\/td>\n<td>Rensa (anpassningsbar)<\/td>\n<td>Rensa (anpassningsbar)<\/td>\n<\/tr>\n<tr>\n<td>Anpassning<\/td>\n<td>Logotyp, gravyr, finish<\/td>\n<td>Logotyp, gravyr, finish<\/td>\n<\/tr>\n<tr>\n<td>Tillg\u00e4nglighet av prover<\/td>\n<td>F\u00f6rsedd<\/td>\n<td>F\u00f6rsedd<\/td>\n<\/tr>\n<\/tbody>\n<\/table>\n<\/div>\n<h2>Varf\u00f6r v\u00e4lja dessa parfymflaskor i glas?<\/h2>\n<p>Tillverkade f\u00f6r m\u00e5ngsidighet, dessa<strong>sm\u00e5 parfymflaskor<\/strong>\u00a0\u00e4r idealiska f\u00f6r nischm\u00e4rken, egna m\u00e4rken eller bulkgrossistpartners. Den tjocka glaskonstruktionen garanterar h\u00e5llbarhet, medan den fyrkantiga formen och tr\u00e4locken skapar en sl\u00e5ende n\u00e4rvaro p\u00e5 hyllan. Finns i<strong>30 ml<\/strong>\u00a0och<strong>50 ml<\/strong>\u00a0storlekar, de \u00e4r optimerade f\u00f6r oljor, cologne eller koncentrerade dofter.<\/p>\n<h2>Perfekt f\u00f6r kundanpassade och grossistbehov<\/h2>\n<p>Oavsett om du beh\u00f6ver tomma 30 ml parfymflaskor f\u00f6r begr\u00e4nsade upplagor eller 50 ml parfymoljeflaskor f\u00f6r bulkbest\u00e4llningar, erbjuder den h\u00e4r serien flexibla l\u00f6sningar. Snabb leverans, ODM\/OEM-support och l\u00e5ga minsta orderkvantiteter g\u00f6r det enkelt att skala upp ditt varum\u00e4rke. F\u00f6rh\u00f6j din parfymf\u00f6rpackning med v\u00e5ra h\u00e5llbara, b\u00e4rbara parfymsprayflaskdesigner. Beg\u00e4r prover av 30 ml parfymflaskan eller 50 ml parfymoljeflaskan idag och upplev lyx i varje detalj!<\/p>","protected":false},"excerpt":{"rendered":"<p>Premium sm\u00e5 parfymsprayflaskor med tr\u00e4kork \u2013 perfekta f\u00f6r parfymoljor, specialdesignade varum\u00e4rken och bulkbest\u00e4llningar. Milj\u00f6v\u00e4nliga, b\u00e4rbara och redo f\u00f6r varum\u00e4rkesdesign.<\/p>","protected":false},"featured_media":2808,"comment_status":"open","ping_status":"closed","template":"","meta":{"_acf_changed":false,"site-sidebar-layout":"default","site-content-layout":"","ast-site-content-layout":"default","site-content-style":"default","site-sidebar-style":"default","ast-global-header-display":"","ast-banner-title-visibility":"","ast-main-header-display":"","ast-hfb-above-header-display":"","ast-hfb-below-header-display":"","ast-hfb-mobile-header-display":"","site-post-title":"","ast-breadcrumbs-content":"","ast-featured-img":"","footer-sml-layout":"","ast-disable-related-posts":"","theme-transparent-header-meta":"default","adv-header-id-meta":"","stick-header-meta":"","header-above-stick-meta":"","header-main-stick-meta":"","header-below-stick-meta":"","astra-migrate-meta-layouts":"set","ast-page-background-enabled":"default","ast-page-background-meta":{"desktop":{"background-color":"var(--ast-global-color-5)","background-image":"","background-repeat":"repeat","background-position":"center center","background-size":"auto","background-attachment":"scroll","background-type":"","background-media":"","overlay-type":"","overlay-color":"","overlay-opacity":"","overlay-gradient":""},"tablet":{"background-color":"","background-image":"","background-repeat":"repeat","background-position":"center center","background-size":"auto","background-attachment":"scroll","background-type":"","background-media":"","overlay-type":"","overlay-color":"","overlay-opacity":"","overlay-gradient":""},"mobile":{"background-color":"","background-image":"","background-repeat":"repeat","background-position":"center center","background-size":"auto","background-attachment":"scroll","background-type":"","background-media":"","overlay-type":"","overlay-color":"","overlay-opacity":"","overlay-gradient":""}},"ast-content-background-meta":{"desktop":{"background-color":"var(--ast-global-color-4)","background-image":"","background-repeat":"repeat","background-position":"center center","background-size":"auto","background-attachment":"scroll","background-type":"","background-media":"","overlay-type":"","overlay-color":"","overlay-opacity":"","overlay-gradient":""},"tablet":{"background-color":"var(--ast-global-color-4)","background-image":"","background-repeat":"repeat","background-position":"center center","background-size":"auto","background-attachment":"scroll","background-type":"","background-media":"","overlay-type":"","overlay-color":"","overlay-opacity":"","overlay-gradient":""},"mobile":{"background-color":"var(--ast-global-color-4)","background-image":"","background-repeat":"repeat","background-position":"center center","background-size":"auto","background-attachment":"scroll","background-type":"","background-media":"","overlay-type":"","overlay-color":"","overlay-opacity":"","overlay-gradient":""}}},"product_brand":[],"product_cat":[72,41],"product_tag":[],"class_list":{"0":"post-2806","1":"product","2":"type-product","3":"status-publish","4":"has-post-thumbnail","6":"product_cat-cosmetic-packaging","7":"product_cat-perfume-bottles","8":"desktop-align-left","9":"tablet-align-left","10":"mobile-align-left","12":"first","13":"instock","14":"shipping-taxable","15":"product-type-simple"},"acf":[],"jetpack_sharing_enabled":true,"_links":{"self":[{"href":"https:\/\/theperfumebottles.com\/sv\/wp-json\/wp\/v2\/product\/2806","targetHints":{"allow":["GET"]}}],"collection":[{"href":"https:\/\/theperfumebottles.com\/sv\/wp-json\/wp\/v2\/product"}],"about":[{"href":"https:\/\/theperfumebottles.com\/sv\/wp-json\/wp\/v2\/types\/product"}],"replies":[{"embeddable":true,"href":"https:\/\/theperfumebottles.com\/sv\/wp-json\/wp\/v2\/comments?post=2806"}],"wp:featuredmedia":[{"embeddable":true,"href":"https:\/\/theperfumebottles.com\/sv\/wp-json\/wp\/v2\/media\/2808"}],"wp:attachment":[{"href":"https:\/\/theperfumebottles.com\/sv\/wp-json\/wp\/v2\/media?parent=2806"}],"wp:term":[{"taxonomy":"product_brand","embeddable":true,"href":"https:\/\/theperfumebottles.com\/sv\/wp-json\/wp\/v2\/product_brand?post=2806"},{"taxonomy":"product_cat","embeddable":true,"href":"https:\/\/theperfumebottles.com\/sv\/wp-json\/wp\/v2\/product_cat?post=2806"},{"taxonomy":"product_tag","embeddable":true,"href":"https:\/\/theperfumebottles.com\/sv\/wp-json\/wp\/v2\/product_tag?post=2806"}],"curies":[{"name":"wp","href":"https:\/\/api.w.org\/{rel}","templated":true}]}}