{"id":2878,"date":"2025-03-25T08:15:36","date_gmt":"2025-03-25T08:15:36","guid":{"rendered":"https:\/\/theperfumebottles.com\/?post_type=product&#038;p=2878"},"modified":"2025-05-27T14:08:59","modified_gmt":"2025-05-27T06:08:59","slug":"unique-cologne-bottles-custom-engraved-perfume-bottles","status":"publish","type":"product","link":"https:\/\/theperfumebottles.com\/sv\/produkt\/unique-cologne-bottles-custom-engraved-perfume-bottles\/","title":{"rendered":"30ml 50ml 100ml Unika Cologneflaskor med ovala lock"},"content":{"rendered":"<p>Oval Elegance-serien \u00e4r utformad f\u00f6r exklusiva varum\u00e4rken som str\u00e4var efter en unik varum\u00e4rkeston. Serien omfattar parfymflaskor och parfymflaskor med specialgravyr, med en design som kombinerar funktionalitet och konstn\u00e4rlig k\u00e4nsla. Flaskans kropp \u00e4r tillverkad av transparent glas och st\u00f6der anpassning av textur, gravyr eller etikett, vilket enkelt kan presentera varum\u00e4rkets stil. Den rundade ovala formen med uts\u00f6kta detaljer ger produkten en avancerad struktur, l\u00e4mplig f\u00f6r romantiska eller klassiska doftlinjer.<\/p>\n<table style=\"border-collapse: collapse;margin-left: auto;margin-right: auto;width: 162.03pt\" border=\"0\" width=\"216\" cellspacing=\"0\" cellpadding=\"0\">\n<tbody>\n<tr style=\"height: 21.00pt\">\n<td style=\"height: 21.00pt;width: 54.00pt\" width=\"72\" height=\"28\">\n<p><figure id=\"attachment_2880\" aria-describedby=\"caption-attachment-2880\" style=\"width: 300px\" class=\"wp-caption aligncenter\"><img fetchpriority=\"high\" decoding=\"async\" class=\"size-medium wp-image-2880\" src=\"https:\/\/theperfumebottles.com\/wp-content\/uploads\/2025\/03\/unique-cologne-bottles-FZ0701-300x300.webp\" alt=\"unika cologneflaskor\" width=\"300\" height=\"300\" srcset=\"https:\/\/theperfumebottles.com\/wp-content\/uploads\/2025\/03\/unique-cologne-bottles-FZ0701-300x300.webp 300w, https:\/\/theperfumebottles.com\/wp-content\/uploads\/2025\/03\/unique-cologne-bottles-FZ0701-150x150.webp 150w, https:\/\/theperfumebottles.com\/wp-content\/uploads\/2025\/03\/unique-cologne-bottles-FZ0701-768x768.webp 768w, https:\/\/theperfumebottles.com\/wp-content\/uploads\/2025\/03\/unique-cologne-bottles-FZ0701-12x12.webp 12w, https:\/\/theperfumebottles.com\/wp-content\/uploads\/2025\/03\/unique-cologne-bottles-FZ0701-600x600.webp 600w, https:\/\/theperfumebottles.com\/wp-content\/uploads\/2025\/03\/unique-cologne-bottles-FZ0701-100x100.webp 100w, https:\/\/theperfumebottles.com\/wp-content\/uploads\/2025\/03\/unique-cologne-bottles-FZ0701.webp 1000w\" sizes=\"(max-width: 300px) 100vw, 300px\" \/><figcaption id=\"caption-attachment-2880\" class=\"wp-caption-text\">30 ml<\/figcaption><\/figure><\/td>\n<td style=\"width: 54.00pt\" width=\"72\">\n<p><figure id=\"attachment_2882\" aria-describedby=\"caption-attachment-2882\" style=\"width: 300px\" class=\"wp-caption aligncenter\"><img decoding=\"async\" class=\"size-medium wp-image-2882\" src=\"https:\/\/theperfumebottles.com\/wp-content\/uploads\/2025\/03\/custom-engraved-perfume-bottles-FZ0702-300x300.webp\" alt=\"specialgraverade parfymflaskor\" width=\"300\" height=\"300\" srcset=\"https:\/\/theperfumebottles.com\/wp-content\/uploads\/2025\/03\/custom-engraved-perfume-bottles-FZ0702-300x300.webp 300w, https:\/\/theperfumebottles.com\/wp-content\/uploads\/2025\/03\/custom-engraved-perfume-bottles-FZ0702-150x150.webp 150w, https:\/\/theperfumebottles.com\/wp-content\/uploads\/2025\/03\/custom-engraved-perfume-bottles-FZ0702-768x768.webp 768w, https:\/\/theperfumebottles.com\/wp-content\/uploads\/2025\/03\/custom-engraved-perfume-bottles-FZ0702-12x12.webp 12w, https:\/\/theperfumebottles.com\/wp-content\/uploads\/2025\/03\/custom-engraved-perfume-bottles-FZ0702-600x600.webp 600w, https:\/\/theperfumebottles.com\/wp-content\/uploads\/2025\/03\/custom-engraved-perfume-bottles-FZ0702-100x100.webp 100w, https:\/\/theperfumebottles.com\/wp-content\/uploads\/2025\/03\/custom-engraved-perfume-bottles-FZ0702.webp 1000w\" sizes=\"(max-width: 300px) 100vw, 300px\" \/><figcaption id=\"caption-attachment-2882\" class=\"wp-caption-text\">50 ml<\/figcaption><\/figure><\/td>\n<td style=\"width: 54.00pt\" width=\"72\">\n<p><figure id=\"attachment_2883\" aria-describedby=\"caption-attachment-2883\" style=\"width: 300px\" class=\"wp-caption aligncenter\"><img decoding=\"async\" class=\"size-medium wp-image-2883\" src=\"https:\/\/theperfumebottles.com\/wp-content\/uploads\/2025\/03\/custom-perfume-bottles-FZ0703-300x300.webp\" alt=\"anpassade parfymflaskor\" width=\"300\" height=\"300\" srcset=\"https:\/\/theperfumebottles.com\/wp-content\/uploads\/2025\/03\/custom-perfume-bottles-FZ0703-300x300.webp 300w, https:\/\/theperfumebottles.com\/wp-content\/uploads\/2025\/03\/custom-perfume-bottles-FZ0703-150x150.webp 150w, https:\/\/theperfumebottles.com\/wp-content\/uploads\/2025\/03\/custom-perfume-bottles-FZ0703-768x768.webp 768w, https:\/\/theperfumebottles.com\/wp-content\/uploads\/2025\/03\/custom-perfume-bottles-FZ0703-12x12.webp 12w, https:\/\/theperfumebottles.com\/wp-content\/uploads\/2025\/03\/custom-perfume-bottles-FZ0703-600x600.webp 600w, https:\/\/theperfumebottles.com\/wp-content\/uploads\/2025\/03\/custom-perfume-bottles-FZ0703-100x100.webp 100w, https:\/\/theperfumebottles.com\/wp-content\/uploads\/2025\/03\/custom-perfume-bottles-FZ0703.webp 1024w\" sizes=\"(max-width: 300px) 100vw, 300px\" \/><figcaption id=\"caption-attachment-2883\" class=\"wp-caption-text\">100 ml<\/figcaption><\/figure><\/td>\n<\/tr>\n<\/tbody>\n<\/table>\n<h2>Viktiga specifikationer i korthet<\/h2>\n<div class=\"hyc-common-markdown__table-wrapper\">\n<table>\n<thead>\n<tr>\n<th>Modell<\/th>\n<th>Kapacitet<\/th>\n<th>M\u00e5tt (mm)<\/th>\n<th>M\u00f6ssalternativ<\/th>\n<th>Anpassningsbara funktioner<\/th>\n<\/tr>\n<\/thead>\n<tbody>\n<tr>\n<td>PB-FZ0701<\/td>\n<td>30 ml<\/td>\n<td>29x29x94<\/td>\n<td>Guld\/Silver<\/td>\n<td>Gravyr av logotyp, toning av glas<\/td>\n<\/tr>\n<tr>\n<td>Design preg\u0103tit pentru c\u0103l\u0103torii<\/td>\n<td>50 ml<\/td>\n<td>38x38x94<\/td>\n<td>Guld\/Silver<\/td>\n<td>Matt yta, gradientf\u00e4rger<\/td>\n<\/tr>\n<tr>\n<td>PB-FZ0703<\/td>\n<td>100 ml<\/td>\n<td>48x48x94<\/td>\n<td>Guld\/Silver<\/td>\n<td>Full ODM\/OEM, dekorativa kragar<\/td>\n<\/tr>\n<\/tbody>\n<\/table>\n<\/div>\n<h2>Varf\u00f6r v\u00e4lja v\u00e5ra anpassade parfymflaskor?<\/h2>\n<ul>\n<li>\u200b<strong>Gratis prover och bulkbest\u00e4llningar<\/strong>: Testa kvaliteten med gratisprover och v\u00e5ga satsa p\u00e5 grossistpriser.<\/li>\n<li>\u200b<strong>Resef\u00e4rdig f\u00f6rpackning<\/strong>: Kompakta 30 ml-flaskor \u00e4r TSA-v\u00e4nliga, medan st\u00f6rre storlekar passar f\u00f6r butiksdisplayer.<\/li>\n<li>\u200b<strong>L\u00f6sningar fr\u00e5n b\u00f6rjan till slut<\/strong>: Vi hanterar tryck, gravyr och bulklogistik, fr\u00e5n parfymflaskor med tryck till m\u00e4rkestillbeh\u00f6r.<\/li>\n<\/ul>\n<h2>Lyft ditt parfymm\u00e4rke idag<\/h2>\n<p>Oval Elegance-serien \u00e4r utformad f\u00f6r varum\u00e4rken som prioriterar elegans och funktionalitet och kombinerar glashantverk med flexibla varum\u00e4rkesalternativ. Oavsett om du \u00e4r ett nystartat f\u00f6retag eller ett etablerat lyxf\u00f6retag levererar v\u00e5ra parfymflaskor i glas anst\u00e4ndig kvalitet och ett tilltal som sticker ut.<\/p>\n<p><em>Kontakta oss f\u00f6r att best\u00e4lla unika cologne-flaskor eller beg\u00e4ra ODM \/ OEM-offert. F\u00f6rvandla tomma beh\u00e5llare till of\u00f6rgl\u00f6mliga doftf\u00f6rpackningar!<\/em><\/p>","protected":false},"excerpt":{"rendered":"<p>St\u00e5 ut p\u00e5 den konkurrensutsatta doftmarknaden med Oval Elegance Series - en samling unika cologneflaskor och parfymflaskor med specialgravyr som \u00e4r utformade f\u00f6r att f\u00f6rkroppsliga sofistikering och m\u00e5ngsidighet.<\/p>","protected":false},"featured_media":2880,"comment_status":"open","ping_status":"closed","template":"","meta":{"_acf_changed":false,"site-sidebar-layout":"default","site-content-layout":"","ast-site-content-layout":"default","site-content-style":"default","site-sidebar-style":"default","ast-global-header-display":"","ast-banner-title-visibility":"","ast-main-header-display":"","ast-hfb-above-header-display":"","ast-hfb-below-header-display":"","ast-hfb-mobile-header-display":"","site-post-title":"","ast-breadcrumbs-content":"","ast-featured-img":"","footer-sml-layout":"","ast-disable-related-posts":"","theme-transparent-header-meta":"default","adv-header-id-meta":"","stick-header-meta":"","header-above-stick-meta":"","header-main-stick-meta":"","header-below-stick-meta":"","astra-migrate-meta-layouts":"set","ast-page-background-enabled":"default","ast-page-background-meta":{"desktop":{"background-color":"var(--ast-global-color-5)","background-image":"","background-repeat":"repeat","background-position":"center center","background-size":"auto","background-attachment":"scroll","background-type":"","background-media":"","overlay-type":"","overlay-color":"","overlay-opacity":"","overlay-gradient":""},"tablet":{"background-color":"","background-image":"","background-repeat":"repeat","background-position":"center center","background-size":"auto","background-attachment":"scroll","background-type":"","background-media":"","overlay-type":"","overlay-color":"","overlay-opacity":"","overlay-gradient":""},"mobile":{"background-color":"","background-image":"","background-repeat":"repeat","background-position":"center center","background-size":"auto","background-attachment":"scroll","background-type":"","background-media":"","overlay-type":"","overlay-color":"","overlay-opacity":"","overlay-gradient":""}},"ast-content-background-meta":{"desktop":{"background-color":"var(--ast-global-color-4)","background-image":"","background-repeat":"repeat","background-position":"center center","background-size":"auto","background-attachment":"scroll","background-type":"","background-media":"","overlay-type":"","overlay-color":"","overlay-opacity":"","overlay-gradient":""},"tablet":{"background-color":"var(--ast-global-color-4)","background-image":"","background-repeat":"repeat","background-position":"center center","background-size":"auto","background-attachment":"scroll","background-type":"","background-media":"","overlay-type":"","overlay-color":"","overlay-opacity":"","overlay-gradient":""},"mobile":{"background-color":"var(--ast-global-color-4)","background-image":"","background-repeat":"repeat","background-position":"center center","background-size":"auto","background-attachment":"scroll","background-type":"","background-media":"","overlay-type":"","overlay-color":"","overlay-opacity":"","overlay-gradient":""}}},"product_brand":[],"product_cat":[72,91,41],"product_tag":[],"class_list":{"0":"post-2878","1":"product","2":"type-product","3":"status-publish","4":"has-post-thumbnail","6":"product_cat-cosmetic-packaging","7":"product_cat-custom-perfume-bottles","8":"product_cat-perfume-bottles","9":"desktop-align-left","10":"tablet-align-left","11":"mobile-align-left","13":"first","14":"instock","15":"shipping-taxable","16":"product-type-simple"},"acf":[],"jetpack_sharing_enabled":true,"_links":{"self":[{"href":"https:\/\/theperfumebottles.com\/sv\/wp-json\/wp\/v2\/product\/2878","targetHints":{"allow":["GET"]}}],"collection":[{"href":"https:\/\/theperfumebottles.com\/sv\/wp-json\/wp\/v2\/product"}],"about":[{"href":"https:\/\/theperfumebottles.com\/sv\/wp-json\/wp\/v2\/types\/product"}],"replies":[{"embeddable":true,"href":"https:\/\/theperfumebottles.com\/sv\/wp-json\/wp\/v2\/comments?post=2878"}],"wp:featuredmedia":[{"embeddable":true,"href":"https:\/\/theperfumebottles.com\/sv\/wp-json\/wp\/v2\/media\/2880"}],"wp:attachment":[{"href":"https:\/\/theperfumebottles.com\/sv\/wp-json\/wp\/v2\/media?parent=2878"}],"wp:term":[{"taxonomy":"product_brand","embeddable":true,"href":"https:\/\/theperfumebottles.com\/sv\/wp-json\/wp\/v2\/product_brand?post=2878"},{"taxonomy":"product_cat","embeddable":true,"href":"https:\/\/theperfumebottles.com\/sv\/wp-json\/wp\/v2\/product_cat?post=2878"},{"taxonomy":"product_tag","embeddable":true,"href":"https:\/\/theperfumebottles.com\/sv\/wp-json\/wp\/v2\/product_tag?post=2878"}],"curies":[{"name":"wp","href":"https:\/\/api.w.org\/{rel}","templated":true}]}}