{"id":2915,"date":"2025-03-26T09:33:10","date_gmt":"2025-03-26T09:33:10","guid":{"rendered":"https:\/\/theperfumebottles.com\/?post_type=product&#038;p=2915"},"modified":"2025-05-27T15:12:42","modified_gmt":"2025-05-27T07:12:42","slug":"30ml-50ml-most-beautiful-perfume-bottles-with-ball-tops","status":"publish","type":"product","link":"https:\/\/theperfumebottles.com\/sv\/produkt\/30ml-50ml-most-beautiful-perfume-bottles-with-ball-tops\/","title":{"rendered":"30ml 50ml vackraste parfymflaskor med kullock"},"content":{"rendered":"<p>F\u00f6r varum\u00e4rken och handlare som vill f\u00e4ngsla kunder med vackra parfymflaskor kombinerar v\u00e5r vackraste parfymflaskserie (modellerna PB-GK0301 och PB-GK0302) elegans, h\u00e5llbarhet och anpassningsm\u00f6jligheter f\u00f6r att lyfta din doft-, cologne- eller aftershave-serie. Dessa glasbeh\u00e5llare \u00e4r utformade f\u00f6r premiumvarum\u00e4rkesbyggande och visar upp din doft med o\u00f6vertr\u00e4ffad sofistikering.<\/p>\n<h2>Viktiga specifikationer i korthet<\/h2>\n<div class=\"hyc-common-markdown__table-wrapper\">\n<table>\n<thead>\n<tr>\n<th>\u200b<strong>Modell<\/strong><\/th>\n<th>PB-GK0301<\/th>\n<th>PB-GK0302<\/th>\n<\/tr>\n<\/thead>\n<tbody>\n<tr>\n<td>\u200b<strong>Kapacitet<\/strong><\/td>\n<td>50 ml<\/td>\n<td>100 ml<\/td>\n<\/tr>\n<tr>\n<td>\u200b<strong>M\u00e5tt<\/strong><\/td>\n<td>39\u00d749\u00d7119 mm<\/td>\n<td>45\u00d755\u00d7130 mm<\/td>\n<\/tr>\n<tr>\n<td>\u200b<strong>Material<\/strong><\/td>\n<td>Kristallglas<\/td>\n<td>Kristallglas<\/td>\n<\/tr>\n<tr>\n<td>\u200b<strong>F\u00e4rger p\u00e5 kepsarna<\/strong><\/td>\n<td>Bl\u00e5\/Vit\/Anpassad<\/td>\n<td>Bl\u00e5\/Vit\/Anpassad<\/td>\n<\/tr>\n<tr>\n<td>\u200b<strong>T\u00e4tningstyp<\/strong><\/td>\n<td>Sprutlock<\/td>\n<td>Sprutlock<\/td>\n<\/tr>\n<\/tbody>\n<\/table>\n<\/div>\n<h2>Varf\u00f6r v\u00e5ra parfymflaskor passar dina varum\u00e4rkesm\u00e5l<\/h2>\n<ul>\n<li>\u200b<strong>Anpassad varum\u00e4rkesbyggande<\/strong>F\u00f6rvandla tomma parfymflaskor till signaturplagg med logotypgravyr, anpassade korkf\u00e4rger eller skr\u00e4ddarsydd etikettering.<\/li>\n<li>\u200b<strong>Premiumf\u00f6rpackning<\/strong>Glaskroppen och atomiserns design samsst\u00e4mmer med lyxig estetik, perfekt f\u00f6r exklusiva dofter, aftershave eller cologne-serier.<\/li>\n<li>\u200b<strong>Bulkeffektivitet<\/strong>Som en p\u00e5litlig tillverkare erbjuder vi konkurrenskraftiga bulkpriser och s\u00e4ker frakt f\u00f6r att st\u00f6dja grossister och startups.<\/li>\n<\/ul>\n<h2>Idealisk f\u00f6r:<\/h2>\n<p>\u200b<strong>Lyxm\u00e4rken<\/strong>: Lyft din<strong>doft<\/strong>\u00a0linje med<strong>elegant f\u00f6rpackning<\/strong>\u00a0som \u00e5terspeglar premiumkvalitet.<br \/>\n<strong>Resev\u00e4nligt:<\/strong> Den uts\u00f6kta och kompakta flaskan p\u00e5 50 ml kan enkelt l\u00e4ggas i handv\u00e4skan, elegant n\u00e4r du \u00e4r p\u00e5 spr\u00e5ng.<br \/>\n\u200b<strong>Privata etiketter<\/strong>Skapa<strong>unik<\/strong>\u00a0varum\u00e4rkesbyggande med anpassningsbar<strong>beh\u00e5llare<\/strong>\u00a0f\u00f6r nischmarknader.<\/p>\n<p><strong>Samarbeta med oss \u200b\u200bidag<\/strong><br \/>\nStick ut i den konkurrensutsatta doftbranschen med<strong>vackra parfymflaskor<\/strong>\u00a0Utformad f\u00f6r att imponera. Beg\u00e4r prover eller diskutera bulkbest\u00e4llningar nu f\u00f6r att frig\u00f6ra ditt varum\u00e4rkes potential!<\/p>","protected":false},"excerpt":{"rendered":"<p>Uppt\u00e4ck de vackraste parfymflaskorna f\u00f6r lyxm\u00e4rken. Premium kristallglasdesigner p\u00e5 50 ml och 100 ml, anpassningsbara korkar och bulkalternativ.<\/p>","protected":false},"featured_media":2918,"comment_status":"open","ping_status":"closed","template":"","meta":{"_acf_changed":false,"site-sidebar-layout":"default","site-content-layout":"","ast-site-content-layout":"default","site-content-style":"default","site-sidebar-style":"default","ast-global-header-display":"","ast-banner-title-visibility":"","ast-main-header-display":"","ast-hfb-above-header-display":"","ast-hfb-below-header-display":"","ast-hfb-mobile-header-display":"","site-post-title":"","ast-breadcrumbs-content":"","ast-featured-img":"","footer-sml-layout":"","ast-disable-related-posts":"","theme-transparent-header-meta":"default","adv-header-id-meta":"","stick-header-meta":"","header-above-stick-meta":"","header-main-stick-meta":"","header-below-stick-meta":"","astra-migrate-meta-layouts":"set","ast-page-background-enabled":"default","ast-page-background-meta":{"desktop":{"background-color":"var(--ast-global-color-5)","background-image":"","background-repeat":"repeat","background-position":"center center","background-size":"auto","background-attachment":"scroll","background-type":"","background-media":"","overlay-type":"","overlay-color":"","overlay-opacity":"","overlay-gradient":""},"tablet":{"background-color":"","background-image":"","background-repeat":"repeat","background-position":"center center","background-size":"auto","background-attachment":"scroll","background-type":"","background-media":"","overlay-type":"","overlay-color":"","overlay-opacity":"","overlay-gradient":""},"mobile":{"background-color":"","background-image":"","background-repeat":"repeat","background-position":"center center","background-size":"auto","background-attachment":"scroll","background-type":"","background-media":"","overlay-type":"","overlay-color":"","overlay-opacity":"","overlay-gradient":""}},"ast-content-background-meta":{"desktop":{"background-color":"var(--ast-global-color-4)","background-image":"","background-repeat":"repeat","background-position":"center center","background-size":"auto","background-attachment":"scroll","background-type":"","background-media":"","overlay-type":"","overlay-color":"","overlay-opacity":"","overlay-gradient":""},"tablet":{"background-color":"var(--ast-global-color-4)","background-image":"","background-repeat":"repeat","background-position":"center center","background-size":"auto","background-attachment":"scroll","background-type":"","background-media":"","overlay-type":"","overlay-color":"","overlay-opacity":"","overlay-gradient":""},"mobile":{"background-color":"var(--ast-global-color-4)","background-image":"","background-repeat":"repeat","background-position":"center center","background-size":"auto","background-attachment":"scroll","background-type":"","background-media":"","overlay-type":"","overlay-color":"","overlay-opacity":"","overlay-gradient":""}}},"product_brand":[],"product_cat":[72,41],"product_tag":[],"class_list":{"0":"post-2915","1":"product","2":"type-product","3":"status-publish","4":"has-post-thumbnail","6":"product_cat-cosmetic-packaging","7":"product_cat-perfume-bottles","8":"desktop-align-left","9":"tablet-align-left","10":"mobile-align-left","12":"first","13":"instock","14":"shipping-taxable","15":"product-type-simple"},"acf":[],"jetpack_sharing_enabled":true,"_links":{"self":[{"href":"https:\/\/theperfumebottles.com\/sv\/wp-json\/wp\/v2\/product\/2915","targetHints":{"allow":["GET"]}}],"collection":[{"href":"https:\/\/theperfumebottles.com\/sv\/wp-json\/wp\/v2\/product"}],"about":[{"href":"https:\/\/theperfumebottles.com\/sv\/wp-json\/wp\/v2\/types\/product"}],"replies":[{"embeddable":true,"href":"https:\/\/theperfumebottles.com\/sv\/wp-json\/wp\/v2\/comments?post=2915"}],"wp:featuredmedia":[{"embeddable":true,"href":"https:\/\/theperfumebottles.com\/sv\/wp-json\/wp\/v2\/media\/2918"}],"wp:attachment":[{"href":"https:\/\/theperfumebottles.com\/sv\/wp-json\/wp\/v2\/media?parent=2915"}],"wp:term":[{"taxonomy":"product_brand","embeddable":true,"href":"https:\/\/theperfumebottles.com\/sv\/wp-json\/wp\/v2\/product_brand?post=2915"},{"taxonomy":"product_cat","embeddable":true,"href":"https:\/\/theperfumebottles.com\/sv\/wp-json\/wp\/v2\/product_cat?post=2915"},{"taxonomy":"product_tag","embeddable":true,"href":"https:\/\/theperfumebottles.com\/sv\/wp-json\/wp\/v2\/product_tag?post=2915"}],"curies":[{"name":"wp","href":"https:\/\/api.w.org\/{rel}","templated":true}]}}