{"id":2921,"date":"2025-03-27T04:16:02","date_gmt":"2025-03-27T04:16:02","guid":{"rendered":"https:\/\/theperfumebottles.com\/?post_type=product&#038;p=2921"},"modified":"2025-04-18T02:10:27","modified_gmt":"2025-04-18T02:10:27","slug":"best-perfume-bottles-with-orb-tops","status":"publish","type":"product","link":"https:\/\/theperfumebottles.com\/sv\/produkt\/best-perfume-bottles-with-orb-tops\/","title":{"rendered":"30ml 50ml 100ml b\u00e4sta kristallparfymflaskor med orb-kapslar"},"content":{"rendered":"<p>V\u00e5rt Orb-sortiment av parfymflaskor \u00e4r vackra och eleganta, tillverkade av h\u00f6gkvalitativt kristallglas. De \u00e4r b\u00e5de vackra och praktiska. Perfekta f\u00f6r b\u00e5de premium- och nischdofter.<\/p>\n<table style=\"border-collapse: collapse; margin-left: auto; margin-right: auto; width: 202.53pt;\" border=\"0\" width=\"270\" cellspacing=\"0\" cellpadding=\"0\">\n<tbody>\n<tr style=\"height: 15.00pt;\">\n<td style=\"height: 15.00pt; width: 67.50pt;\" width=\"90\" height=\"20\">\n<p><figure id=\"attachment_2923\" aria-describedby=\"caption-attachment-2923\" style=\"width: 300px\" class=\"wp-caption aligncenter\"><img fetchpriority=\"high\" decoding=\"async\" class=\"size-medium wp-image-2923\" src=\"https:\/\/theperfumebottles.com\/wp-content\/uploads\/2025\/03\/best-perfume-bottles-GK0401-300x300.webp\" alt=\"b\u00e4sta parfymflaskor\" width=\"300\" height=\"300\" srcset=\"https:\/\/theperfumebottles.com\/wp-content\/uploads\/2025\/03\/best-perfume-bottles-GK0401-300x300.webp 300w, https:\/\/theperfumebottles.com\/wp-content\/uploads\/2025\/03\/best-perfume-bottles-GK0401-150x150.webp 150w, https:\/\/theperfumebottles.com\/wp-content\/uploads\/2025\/03\/best-perfume-bottles-GK0401-768x768.webp 768w, https:\/\/theperfumebottles.com\/wp-content\/uploads\/2025\/03\/best-perfume-bottles-GK0401-12x12.webp 12w, https:\/\/theperfumebottles.com\/wp-content\/uploads\/2025\/03\/best-perfume-bottles-GK0401-600x600.webp 600w, https:\/\/theperfumebottles.com\/wp-content\/uploads\/2025\/03\/best-perfume-bottles-GK0401-100x100.webp 100w, https:\/\/theperfumebottles.com\/wp-content\/uploads\/2025\/03\/best-perfume-bottles-GK0401.webp 1000w\" sizes=\"(max-width: 300px) 100vw, 300px\" \/><figcaption id=\"caption-attachment-2923\" class=\"wp-caption-text\">30 ml<\/figcaption><\/figure><\/td>\n<td style=\"width: 67.50pt;\" width=\"90\">\n<p><figure id=\"attachment_2926\" aria-describedby=\"caption-attachment-2926\" style=\"width: 300px\" class=\"wp-caption aligncenter\"><img decoding=\"async\" class=\"size-medium wp-image-2926\" src=\"https:\/\/theperfumebottles.com\/wp-content\/uploads\/2025\/03\/crystal-perfume-bottles-GK0402-300x300.webp\" alt=\"kristall parfymflaskor\" width=\"300\" height=\"300\" srcset=\"https:\/\/theperfumebottles.com\/wp-content\/uploads\/2025\/03\/crystal-perfume-bottles-GK0402-300x300.webp 300w, https:\/\/theperfumebottles.com\/wp-content\/uploads\/2025\/03\/crystal-perfume-bottles-GK0402-150x150.webp 150w, https:\/\/theperfumebottles.com\/wp-content\/uploads\/2025\/03\/crystal-perfume-bottles-GK0402-768x768.webp 768w, https:\/\/theperfumebottles.com\/wp-content\/uploads\/2025\/03\/crystal-perfume-bottles-GK0402-12x12.webp 12w, https:\/\/theperfumebottles.com\/wp-content\/uploads\/2025\/03\/crystal-perfume-bottles-GK0402-600x600.webp 600w, https:\/\/theperfumebottles.com\/wp-content\/uploads\/2025\/03\/crystal-perfume-bottles-GK0402-100x100.webp 100w, https:\/\/theperfumebottles.com\/wp-content\/uploads\/2025\/03\/crystal-perfume-bottles-GK0402.webp 1024w\" sizes=\"(max-width: 300px) 100vw, 300px\" \/><figcaption id=\"caption-attachment-2926\" class=\"wp-caption-text\">50 ml<\/figcaption><\/figure><\/td>\n<td style=\"width: 67.50pt;\" width=\"90\">\n<p><figure id=\"attachment_2927\" aria-describedby=\"caption-attachment-2927\" style=\"width: 300px\" class=\"wp-caption aligncenter\"><img decoding=\"async\" class=\"size-medium wp-image-2927\" src=\"https:\/\/theperfumebottles.com\/wp-content\/uploads\/2025\/03\/crystal-perfume-bottles-GK0403-300x300.webp\" alt=\"kristall parfymflaskor\" width=\"300\" height=\"300\" srcset=\"https:\/\/theperfumebottles.com\/wp-content\/uploads\/2025\/03\/crystal-perfume-bottles-GK0403-300x300.webp 300w, https:\/\/theperfumebottles.com\/wp-content\/uploads\/2025\/03\/crystal-perfume-bottles-GK0403-150x150.webp 150w, https:\/\/theperfumebottles.com\/wp-content\/uploads\/2025\/03\/crystal-perfume-bottles-GK0403-768x768.webp 768w, https:\/\/theperfumebottles.com\/wp-content\/uploads\/2025\/03\/crystal-perfume-bottles-GK0403-12x12.webp 12w, https:\/\/theperfumebottles.com\/wp-content\/uploads\/2025\/03\/crystal-perfume-bottles-GK0403-600x600.webp 600w, https:\/\/theperfumebottles.com\/wp-content\/uploads\/2025\/03\/crystal-perfume-bottles-GK0403-100x100.webp 100w, https:\/\/theperfumebottles.com\/wp-content\/uploads\/2025\/03\/crystal-perfume-bottles-GK0403.webp 1024w\" sizes=\"(max-width: 300px) 100vw, 300px\" \/><figcaption id=\"caption-attachment-2927\" class=\"wp-caption-text\">100 ml<\/figcaption><\/figure><\/td>\n<\/tr>\n<\/tbody>\n<\/table>\n<h2>Viktiga specifikationer<\/h2>\n<div class=\"hyc-common-markdown__table-wrapper\">\n<table>\n<thead>\n<tr>\n<th>Modell<\/th>\n<th>Kapacitet<\/th>\n<th>M\u00e5tt (H*D)<\/th>\n<th>M\u00f6ssalternativ<\/th>\n<th>T\u00e4tningstyp<\/th>\n<\/tr>\n<\/thead>\n<tbody>\n<tr>\n<td>PB-GK0401<\/td>\n<td>30 ml<\/td>\n<td>42 * 73 mm<\/td>\n<td>Guld\/Silver\/Svart<\/td>\n<td>Sprutlock<\/td>\n<\/tr>\n<tr>\n<td>PB-GK0402<\/td>\n<td>50 ml<\/td>\n<td>45 * 88 mm<\/td>\n<td>Guld\/Silver\/Svart<\/td>\n<td>Sprutlock<\/td>\n<\/tr>\n<tr>\n<td>PB-GK0403<\/td>\n<td>100 ml<\/td>\n<td>56 * 101 mm<\/td>\n<td>Guld\/Silver\/Svart<\/td>\n<td>Sprutlock<\/td>\n<\/tr>\n<\/tbody>\n<\/table>\n<\/div>\n<h2>Anpassning: G\u00f6r det unikt till ditt eget<\/h2>\n<p>Orb-seriens tomma parfymflaskor \u00e4r designade f\u00f6r varum\u00e4rken som s\u00f6ker unika f\u00f6rpackningar som \u00f6verensst\u00e4mmer med deras identitet:<\/p>\n<ul>\n<li>\u200b<strong>Anpassning av keps<\/strong>V\u00e4lj ytbehandlingar (matt, metallic, frostad) och material (harts, aluminium).<\/li>\n<li>\u200b<strong>Flaskans yta<\/strong>V\u00e4lj UV-bel\u00e4ggning, gradienteffekter eller full transparens.<\/li>\n<li>\u200b<strong>Varum\u00e4rkesbyggande<\/strong>L\u00e4gg till logotyper via varmst\u00e4mpling, screentryck eller gravyr.<\/li>\n<li>\u200b<strong>F\u00e4rgmatchning<\/strong>Skr\u00e4ddarsy b\u00e5de flaska och kork efter ditt varum\u00e4rkes palett.<\/li>\n<\/ul>\n<hr \/>\n<h2>Varf\u00f6r v\u00e4lja Orb-serien?<\/h2>\n<p>Dessa kristallparfymflaskor \u00e4r mer \u00e4n bara tomma sprayflaskor \u2013 de \u00e4r en strategisk investering i ditt varum\u00e4rkes premiumimage. Perfekt f\u00f6r<strong>bulk<\/strong>\u00a0best\u00e4llningar, Orb-serien erbjuder:<\/p>\n<ul>\n<li>\u200b<strong>Lyxig attraktionskraft<\/strong>Tjockt glas och en klotformad kapsyl drar till sig uppm\u00e4rksamhet p\u00e5 konkurrensutsatta marknader.<\/li>\n<li>\u200b<strong>Varaktighet<\/strong>Kristallglas motst\u00e5r repor och bibeh\u00e5ller klarhet \u00f6ver tid.<\/li>\n<li>\u200b<strong>Flexibilitet<\/strong>Anpassa den runda parfymflaskans form, hals eller bas efter dina estetiska behov.<\/li>\n<\/ul>\n<h3><strong>F\u00f6r varum\u00e4rken som kr\u00e4ver excellens<\/strong><\/h3>\n<p>Oavsett om du \u00e4r en nischad parfym\u00f6r eller ett globalt lyxhus, levererar Orb-seriens parfymflaskor elegans och funktionalitet. Perfekt f\u00f6r att varum\u00e4rkesbygga exklusiva dofter, cologne eller hudv\u00e5rdsoljor, f\u00f6rvandlar dessa vardagliga f\u00f6rpackningar till en tillg\u00e5ng som ber\u00e4ttar historier.<\/p>\n<p><strong>Best\u00e4ll i bulk idag<\/strong>\u00a0och l\u00e5t din doft lysa genom de b\u00e4sta parfymflaskorna p\u00e5 marknaden.<\/p>","protected":false},"excerpt":{"rendered":"<p>Utforska v\u00e5ra b\u00e4sta parfymflaskor \u2013 runda kristaller med klotinspirerade korkar. Anpassningsbara lyxiga glasbeh\u00e5llare f\u00f6r varum\u00e4rkesbyggande och storbest\u00e4llningar.<\/p>","protected":false},"featured_media":2926,"comment_status":"open","ping_status":"closed","template":"","meta":{"_acf_changed":false,"site-sidebar-layout":"default","site-content-layout":"","ast-site-content-layout":"default","site-content-style":"default","site-sidebar-style":"default","ast-global-header-display":"","ast-banner-title-visibility":"","ast-main-header-display":"","ast-hfb-above-header-display":"","ast-hfb-below-header-display":"","ast-hfb-mobile-header-display":"","site-post-title":"","ast-breadcrumbs-content":"","ast-featured-img":"","footer-sml-layout":"","ast-disable-related-posts":"","theme-transparent-header-meta":"default","adv-header-id-meta":"","stick-header-meta":"","header-above-stick-meta":"","header-main-stick-meta":"","header-below-stick-meta":"","astra-migrate-meta-layouts":"set","ast-page-background-enabled":"default","ast-page-background-meta":{"desktop":{"background-color":"var(--ast-global-color-5)","background-image":"","background-repeat":"repeat","background-position":"center center","background-size":"auto","background-attachment":"scroll","background-type":"","background-media":"","overlay-type":"","overlay-color":"","overlay-opacity":"","overlay-gradient":""},"tablet":{"background-color":"","background-image":"","background-repeat":"repeat","background-position":"center center","background-size":"auto","background-attachment":"scroll","background-type":"","background-media":"","overlay-type":"","overlay-color":"","overlay-opacity":"","overlay-gradient":""},"mobile":{"background-color":"","background-image":"","background-repeat":"repeat","background-position":"center center","background-size":"auto","background-attachment":"scroll","background-type":"","background-media":"","overlay-type":"","overlay-color":"","overlay-opacity":"","overlay-gradient":""}},"ast-content-background-meta":{"desktop":{"background-color":"var(--ast-global-color-4)","background-image":"","background-repeat":"repeat","background-position":"center center","background-size":"auto","background-attachment":"scroll","background-type":"","background-media":"","overlay-type":"","overlay-color":"","overlay-opacity":"","overlay-gradient":""},"tablet":{"background-color":"var(--ast-global-color-4)","background-image":"","background-repeat":"repeat","background-position":"center center","background-size":"auto","background-attachment":"scroll","background-type":"","background-media":"","overlay-type":"","overlay-color":"","overlay-opacity":"","overlay-gradient":""},"mobile":{"background-color":"var(--ast-global-color-4)","background-image":"","background-repeat":"repeat","background-position":"center center","background-size":"auto","background-attachment":"scroll","background-type":"","background-media":"","overlay-type":"","overlay-color":"","overlay-opacity":"","overlay-gradient":""}}},"product_brand":[],"product_cat":[41,72,91],"product_tag":[],"class_list":{"0":"post-2921","1":"product","2":"type-product","3":"status-publish","4":"has-post-thumbnail","6":"product_cat-perfume-bottles","7":"product_cat-cosmetic-packaging","8":"product_cat-custom-perfume-bottles","9":"desktop-align-left","10":"tablet-align-left","11":"mobile-align-left","13":"first","14":"instock","15":"shipping-taxable","16":"product-type-simple"},"acf":[],"jetpack_sharing_enabled":true,"_links":{"self":[{"href":"https:\/\/theperfumebottles.com\/sv\/wp-json\/wp\/v2\/product\/2921","targetHints":{"allow":["GET"]}}],"collection":[{"href":"https:\/\/theperfumebottles.com\/sv\/wp-json\/wp\/v2\/product"}],"about":[{"href":"https:\/\/theperfumebottles.com\/sv\/wp-json\/wp\/v2\/types\/product"}],"replies":[{"embeddable":true,"href":"https:\/\/theperfumebottles.com\/sv\/wp-json\/wp\/v2\/comments?post=2921"}],"wp:featuredmedia":[{"embeddable":true,"href":"https:\/\/theperfumebottles.com\/sv\/wp-json\/wp\/v2\/media\/2926"}],"wp:attachment":[{"href":"https:\/\/theperfumebottles.com\/sv\/wp-json\/wp\/v2\/media?parent=2921"}],"wp:term":[{"taxonomy":"product_brand","embeddable":true,"href":"https:\/\/theperfumebottles.com\/sv\/wp-json\/wp\/v2\/product_brand?post=2921"},{"taxonomy":"product_cat","embeddable":true,"href":"https:\/\/theperfumebottles.com\/sv\/wp-json\/wp\/v2\/product_cat?post=2921"},{"taxonomy":"product_tag","embeddable":true,"href":"https:\/\/theperfumebottles.com\/sv\/wp-json\/wp\/v2\/product_tag?post=2921"}],"curies":[{"name":"wp","href":"https:\/\/api.w.org\/{rel}","templated":true}]}}