{"id":2928,"date":"2025-03-27T06:17:19","date_gmt":"2025-03-27T06:17:19","guid":{"rendered":"https:\/\/theperfumebottles.com\/?post_type=product&#038;p=2928"},"modified":"2026-01-06T14:12:06","modified_gmt":"2026-01-06T06:12:06","slug":"luxury-crystal-perfume-bottles-with-marble-caps-30ml-50ml-100ml","status":"publish","type":"product","link":"https:\/\/theperfumebottles.com\/sv\/produkt\/luxury-crystal-perfume-bottles-with-marble-caps-30ml-50ml-100ml\/","title":{"rendered":"Lyxiga kristallparfymflaskor med marmorkork | 30ml\/50ml\/100ml"},"content":{"rendered":"<h2>Marble Sphere-serien: Lyxiga kristallparfymflaskor f\u00f6r premium doftvarum\u00e4rkesbyggande<\/h2>\n<p>F\u00f6rh\u00f6j din doftlinje med Marble Sphere-serien, en kollektion av de b\u00e4sta parfymflaskorna som blandar geometrisk precision och konstn\u00e4rlig elegans. Dessa kristallparfymflaskor \u00e4r designade f\u00f6r kr\u00e4sna varum\u00e4rken som s\u00f6ker unika f\u00f6rpackningsl\u00f6sningar och kombinerar minimalistisk sofistikering med dj\u00e4rva designelement f\u00f6r att f\u00e4ngsla konsumenterna.<\/p>\n<table style=\"border-collapse: collapse;margin-left: auto;margin-right: auto;width: 162.03pt\" border=\"0\" width=\"216\" cellspacing=\"0\" cellpadding=\"0\">\n<tbody>\n<tr style=\"height: 13.50pt\">\n<td style=\"height: 13.50pt;width: 54.00pt\" width=\"72\" height=\"18\">\n<p><figure id=\"attachment_2932\" aria-describedby=\"caption-attachment-2932\" style=\"width: 300px\" class=\"wp-caption aligncenter\"><img fetchpriority=\"high\" decoding=\"async\" class=\"size-medium wp-image-2932\" src=\"https:\/\/theperfumebottles.com\/wp-content\/uploads\/2025\/03\/perfume-bottles-GK0501-300x300.webp\" alt=\"Lyxiga kristallparfymflaskor med marmorkork\" width=\"300\" height=\"300\" srcset=\"https:\/\/theperfumebottles.com\/wp-content\/uploads\/2025\/03\/perfume-bottles-GK0501-300x300.webp 300w, https:\/\/theperfumebottles.com\/wp-content\/uploads\/2025\/03\/perfume-bottles-GK0501-150x150.webp 150w, https:\/\/theperfumebottles.com\/wp-content\/uploads\/2025\/03\/perfume-bottles-GK0501-768x768.webp 768w, https:\/\/theperfumebottles.com\/wp-content\/uploads\/2025\/03\/perfume-bottles-GK0501-12x12.webp 12w, https:\/\/theperfumebottles.com\/wp-content\/uploads\/2025\/03\/perfume-bottles-GK0501-600x600.webp 600w, https:\/\/theperfumebottles.com\/wp-content\/uploads\/2025\/03\/perfume-bottles-GK0501-100x100.webp 100w, https:\/\/theperfumebottles.com\/wp-content\/uploads\/2025\/03\/perfume-bottles-GK0501.webp 1000w\" sizes=\"(max-width: 300px) 100vw, 300px\" \/><figcaption id=\"caption-attachment-2932\" class=\"wp-caption-text\">30 ml\/PbGK0501<\/figcaption><\/figure><\/td>\n<td style=\"width: 54.00pt\" width=\"72\">\n<p><figure id=\"attachment_2933\" aria-describedby=\"caption-attachment-2933\" style=\"width: 300px\" class=\"wp-caption aligncenter\"><img decoding=\"async\" class=\"size-medium wp-image-2933\" src=\"https:\/\/theperfumebottles.com\/wp-content\/uploads\/2025\/03\/perfume-bottles-GK0502-300x300.webp\" alt=\"Lyxiga kristallparfymflaskor med marmorkork\" width=\"300\" height=\"300\" srcset=\"https:\/\/theperfumebottles.com\/wp-content\/uploads\/2025\/03\/perfume-bottles-GK0502-300x300.webp 300w, https:\/\/theperfumebottles.com\/wp-content\/uploads\/2025\/03\/perfume-bottles-GK0502-150x150.webp 150w, https:\/\/theperfumebottles.com\/wp-content\/uploads\/2025\/03\/perfume-bottles-GK0502-768x768.webp 768w, https:\/\/theperfumebottles.com\/wp-content\/uploads\/2025\/03\/perfume-bottles-GK0502-12x12.webp 12w, https:\/\/theperfumebottles.com\/wp-content\/uploads\/2025\/03\/perfume-bottles-GK0502-600x600.webp 600w, https:\/\/theperfumebottles.com\/wp-content\/uploads\/2025\/03\/perfume-bottles-GK0502-100x100.webp 100w, https:\/\/theperfumebottles.com\/wp-content\/uploads\/2025\/03\/perfume-bottles-GK0502.webp 1000w\" sizes=\"(max-width: 300px) 100vw, 300px\" \/><figcaption id=\"caption-attachment-2933\" class=\"wp-caption-text\">50 ml\/PbGK0502<\/figcaption><\/figure><\/td>\n<td style=\"width: 54.00pt\" width=\"72\">\n<p><figure id=\"attachment_2934\" aria-describedby=\"caption-attachment-2934\" style=\"width: 300px\" class=\"wp-caption aligncenter\"><img decoding=\"async\" class=\"size-medium wp-image-2934\" src=\"https:\/\/theperfumebottles.com\/wp-content\/uploads\/2025\/03\/perfume-bottles-GK0503-300x300.webp\" alt=\"Lyxiga kristallparfymflaskor med marmorkork\" width=\"300\" height=\"300\" srcset=\"https:\/\/theperfumebottles.com\/wp-content\/uploads\/2025\/03\/perfume-bottles-GK0503-300x300.webp 300w, https:\/\/theperfumebottles.com\/wp-content\/uploads\/2025\/03\/perfume-bottles-GK0503-150x150.webp 150w, https:\/\/theperfumebottles.com\/wp-content\/uploads\/2025\/03\/perfume-bottles-GK0503-768x768.webp 768w, https:\/\/theperfumebottles.com\/wp-content\/uploads\/2025\/03\/perfume-bottles-GK0503-12x12.webp 12w, https:\/\/theperfumebottles.com\/wp-content\/uploads\/2025\/03\/perfume-bottles-GK0503-600x600.webp 600w, https:\/\/theperfumebottles.com\/wp-content\/uploads\/2025\/03\/perfume-bottles-GK0503-100x100.webp 100w, https:\/\/theperfumebottles.com\/wp-content\/uploads\/2025\/03\/perfume-bottles-GK0503.webp 1000w\" sizes=\"(max-width: 300px) 100vw, 300px\" \/><figcaption id=\"caption-attachment-2934\" class=\"wp-caption-text\">100ml\/PbGK0503<\/figcaption><\/figure><\/td>\n<\/tr>\n<\/tbody>\n<\/table>\n<h2>Viktiga specifikationer<\/h2>\n<div class=\"hyc-common-markdown__table-wrapper\">\n<table>\n<thead>\n<tr>\n<th>Modell<\/th>\n<th>Kapacitet<\/th>\n<th>M\u00e5tt<\/th>\n<th>Material<\/th>\n<th>T\u00e4tningstyp<\/th>\n<\/tr>\n<\/thead>\n<tbody>\n<tr>\n<td>PB-GK0501<\/td>\n<td>30 ml<\/td>\n<td>37\u00d737\u00d776 mm, kaliber 15 mm<\/td>\n<td>Kristallglas<\/td>\n<td>Sprutlock<\/td>\n<\/tr>\n<tr>\n<td>PB-GK0502<\/td>\n<td>50 ml<\/td>\n<td>41\u00d741\u00d785 mm, kaliber 15 mm<\/td>\n<td>Kristallglas<\/td>\n<td>Sprutlock<\/td>\n<\/tr>\n<tr>\n<td>PB-GK0503<\/td>\n<td>100 ml<\/td>\n<td>52\u00d752\u00d7130 mm, kaliber 15 mm<\/td>\n<td>Kristallglas<\/td>\n<td>Sprutlock<\/td>\n<\/tr>\n<\/tbody>\n<\/table>\n<\/div>\n<h2>Varf\u00f6r v\u00e4lja Marble Sphere-serien?<\/h2>\n<h3>F\u00f6r varum\u00e4rkes\u00e4gare och handlare<\/h3>\n<p>Dessa tomma parfymflaskor \u00e4r konstruerade f\u00f6r att m\u00f6ta kraven fr\u00e5n partners inom storskaliga tillverkare och nischm\u00e4rken. Den 15 mm breda f\u00f6r\u00e5ngaren s\u00e4kerst\u00e4ller j\u00e4mn doftspridning, medan den modul\u00e4ra designen m\u00f6jligg\u00f6r skr\u00e4ddarsydda modifieringar:<\/p>\n<ul>\n<li>\u200b<strong>Flaskform<\/strong>Justera axelstil, halsavslutning eller bastjocklek.<\/li>\n<li>\u200b<strong>Ytbehandlingar<\/strong>V\u00e4lj frostade texturer, gradientf\u00e4rger eller silkscreentryck.<\/li>\n<li>\u200b<strong>Anpassning av keps<\/strong>Matt\/blank yta, specialdesignade virvlar eller gravyrer med m\u00e4rke.<\/li>\n<\/ul>\n<h3>M\u00e5ngsidiga till\u00e4mpningar<\/h3>\n<p>Perfekt f\u00f6r f\u00f6rpackning av lyxiga parfymer, cologne i begr\u00e4nsad upplaga eller hantverksm\u00e4ssiga doftprover. Elegansen av kristallglas i kombination med marmorinspirerade kapsyler s\u00e4kerst\u00e4ller att din produkt sticker ut p\u00e5 hyllor och i personliga samlingar.<\/p>\n<h2>Lyft ditt varum\u00e4rke med o\u00f6vertr\u00e4ffat hantverk<\/h2>\n<p>Marble Sphere-serien handlar inte bara om beh\u00e5llare \u2013 den handlar om historieber\u00e4ttande. Varje flaska \u00e5terspeglar en harmoni av modern geometri och tidl\u00f6st konstn\u00e4rskap, vilket g\u00f6r den till ett m\u00e5ste f\u00f6r varum\u00e4rken som prioriterar varum\u00e4rkesbyggande av h\u00f6gsta kvalitet.<\/p>\n<p><strong>Storbest\u00e4llning och specialanpassade offerter tillg\u00e4ngliga<\/strong><br \/>\nKontakta oss idag f\u00f6r att f\u00f6rvandla dina tomflaskor i glas till lyxiga varum\u00e4rkta produkter!<\/p>","protected":false},"excerpt":{"rendered":"<p>Uppt\u00e4ck kristallparfymflaskor med konstn\u00e4rliga marmorkork. Perfekt f\u00f6r lyxiga parfymm\u00e4rken. Skr\u00e4ddarsy stora m\u00e4ngder, 3 storlekar och eleganta varum\u00e4rkesl\u00f6sningar.<\/p>","protected":false},"featured_media":2934,"comment_status":"open","ping_status":"closed","template":"","meta":{"_acf_changed":false,"site-sidebar-layout":"default","site-content-layout":"","ast-site-content-layout":"default","site-content-style":"default","site-sidebar-style":"default","ast-global-header-display":"","ast-banner-title-visibility":"","ast-main-header-display":"","ast-hfb-above-header-display":"","ast-hfb-below-header-display":"","ast-hfb-mobile-header-display":"","site-post-title":"","ast-breadcrumbs-content":"","ast-featured-img":"","footer-sml-layout":"","ast-disable-related-posts":"","theme-transparent-header-meta":"default","adv-header-id-meta":"","stick-header-meta":"","header-above-stick-meta":"","header-main-stick-meta":"","header-below-stick-meta":"","astra-migrate-meta-layouts":"set","ast-page-background-enabled":"default","ast-page-background-meta":{"desktop":{"background-color":"var(--ast-global-color-5)","background-image":"","background-repeat":"repeat","background-position":"center center","background-size":"auto","background-attachment":"scroll","background-type":"","background-media":"","overlay-type":"","overlay-color":"","overlay-opacity":"","overlay-gradient":""},"tablet":{"background-color":"","background-image":"","background-repeat":"repeat","background-position":"center center","background-size":"auto","background-attachment":"scroll","background-type":"","background-media":"","overlay-type":"","overlay-color":"","overlay-opacity":"","overlay-gradient":""},"mobile":{"background-color":"","background-image":"","background-repeat":"repeat","background-position":"center center","background-size":"auto","background-attachment":"scroll","background-type":"","background-media":"","overlay-type":"","overlay-color":"","overlay-opacity":"","overlay-gradient":""}},"ast-content-background-meta":{"desktop":{"background-color":"var(--ast-global-color-4)","background-image":"","background-repeat":"repeat","background-position":"center center","background-size":"auto","background-attachment":"scroll","background-type":"","background-media":"","overlay-type":"","overlay-color":"","overlay-opacity":"","overlay-gradient":""},"tablet":{"background-color":"var(--ast-global-color-4)","background-image":"","background-repeat":"repeat","background-position":"center center","background-size":"auto","background-attachment":"scroll","background-type":"","background-media":"","overlay-type":"","overlay-color":"","overlay-opacity":"","overlay-gradient":""},"mobile":{"background-color":"var(--ast-global-color-4)","background-image":"","background-repeat":"repeat","background-position":"center center","background-size":"auto","background-attachment":"scroll","background-type":"","background-media":"","overlay-type":"","overlay-color":"","overlay-opacity":"","overlay-gradient":""}}},"product_brand":[],"product_cat":[72,91,41],"product_tag":[],"class_list":{"0":"post-2928","1":"product","2":"type-product","3":"status-publish","4":"has-post-thumbnail","6":"product_cat-cosmetic-packaging","7":"product_cat-custom-perfume-bottles","8":"product_cat-perfume-bottles","9":"desktop-align-left","10":"tablet-align-left","11":"mobile-align-left","13":"first","14":"instock","15":"shipping-taxable","16":"product-type-simple"},"acf":[],"jetpack_sharing_enabled":true,"_links":{"self":[{"href":"https:\/\/theperfumebottles.com\/sv\/wp-json\/wp\/v2\/product\/2928","targetHints":{"allow":["GET"]}}],"collection":[{"href":"https:\/\/theperfumebottles.com\/sv\/wp-json\/wp\/v2\/product"}],"about":[{"href":"https:\/\/theperfumebottles.com\/sv\/wp-json\/wp\/v2\/types\/product"}],"replies":[{"embeddable":true,"href":"https:\/\/theperfumebottles.com\/sv\/wp-json\/wp\/v2\/comments?post=2928"}],"wp:featuredmedia":[{"embeddable":true,"href":"https:\/\/theperfumebottles.com\/sv\/wp-json\/wp\/v2\/media\/2934"}],"wp:attachment":[{"href":"https:\/\/theperfumebottles.com\/sv\/wp-json\/wp\/v2\/media?parent=2928"}],"wp:term":[{"taxonomy":"product_brand","embeddable":true,"href":"https:\/\/theperfumebottles.com\/sv\/wp-json\/wp\/v2\/product_brand?post=2928"},{"taxonomy":"product_cat","embeddable":true,"href":"https:\/\/theperfumebottles.com\/sv\/wp-json\/wp\/v2\/product_cat?post=2928"},{"taxonomy":"product_tag","embeddable":true,"href":"https:\/\/theperfumebottles.com\/sv\/wp-json\/wp\/v2\/product_tag?post=2928"}],"curies":[{"name":"wp","href":"https:\/\/api.w.org\/{rel}","templated":true}]}}