{"id":2943,"date":"2025-04-01T07:30:00","date_gmt":"2025-04-01T07:30:00","guid":{"rendered":"https:\/\/theperfumebottles.com\/?post_type=product&#038;p=2943"},"modified":"2025-04-18T01:46:50","modified_gmt":"2025-04-18T01:46:50","slug":"30ml-50ml-100ml-perfume-empty-spray-bottles-with-spherical-caps","status":"publish","type":"product","link":"https:\/\/theperfumebottles.com\/sv\/produkt\/30ml-50ml-100ml-perfume-empty-spray-bottles-with-spherical-caps\/","title":{"rendered":"30ml 50ml 100ml parfymflaskor med sf\u00e4riska lock"},"content":{"rendered":"<p>V\u00e5r parfymflaskserie GK07 \u00e4r b\u00e5de konstn\u00e4rlig och praktisk, l\u00e4mplig f\u00f6r olika varum\u00e4rken, och anpassningsm\u00f6jligheterna f\u00f6rst\u00e4rker varum\u00e4rkets charm.<\/p>\n<h2>Viktiga specifikationer<\/h2>\n<div class=\"hyc-common-markdown__table-wrapper\">\n<table>\n<thead>\n<tr>\n<th>Modell<\/th>\n<th>Kapacitet<\/th>\n<th>M\u00e5tt (H*B)<\/th>\n<th>F\u00e4rgalternativ f\u00f6r keps<\/th>\n<th>Anpassningsbara funktioner<\/th>\n<\/tr>\n<\/thead>\n<tbody>\n<tr>\n<td>PB-GK0701<\/td>\n<td>30 ml<\/td>\n<td>38 * 89 mm<\/td>\n<td>Vit\/Svart\/Bl\u00e5<\/td>\n<td>R\u00f6tt, lila, gr\u00f6nt, etc.<\/td>\n<\/tr>\n<tr>\n<td>PB-GK0702<\/td>\n<td>50 ml<\/td>\n<td>42 * 98 mm<\/td>\n<td>Vit\/Svart\/Bl\u00e5<\/td>\n<td>Graverade logotyper, gradientglas<\/td>\n<\/tr>\n<tr>\n<td>PB-GK0703<\/td>\n<td>100 ml<\/td>\n<td>48 * 130 mm<\/td>\n<td>Vit\/Svart\/Bl\u00e5<\/td>\n<td>Frostad textur, marmoreffekter<\/td>\n<\/tr>\n<\/tbody>\n<\/table>\n<\/div>\n<p><em>Alla modeller har skruvt\u00e4tningar, kaliber 15 mm och runda glasformer.<\/em><\/p>\n<h2>Anpassning f\u00f6r unik varum\u00e4rkesbyggande<\/h2>\n<p>F\u00f6rvandla tomma parfymflaskor till m\u00e4sterverk med ber\u00e4ttande ber\u00e4ttelser:<\/p>\n<ul>\n<li>\u200b<strong>Graverade detaljer<\/strong>L\u00e4gg till best\u00e4ndighet med laseretsade logotyper eller m\u00f6nster.<\/li>\n<li>\u200b<strong>F\u00e4rgflexibilitet<\/strong>V\u00e4lj en dj\u00e4rv parfymflaska f\u00f6r kvinnor eller subtila frostade finishar.<\/li>\n<li>\u200b<strong>L\u00f6sningar f\u00f6r bulkf\u00f6rpackningar<\/strong>Idealisk f\u00f6r varum\u00e4rken som beh\u00f6ver sammanh\u00e4ngande beh\u00e5llare med h\u00f6g volym.<\/li>\n<\/ul>\n<h2>Varf\u00f6r v\u00e4lja dessa parfymflaskor?<\/h2>\n<p>Dessa atomiserflaskor \u00e4r designade f\u00f6r lyxm\u00e4rken och private label-tillverkare och f\u00f6renar elegans med praktiska egenskaper. Det kristallklara glaset och den runda lockdesignen f\u00f6rh\u00f6jer uppackningsupplevelsen, medan anpassningsalternativ (gravyr, gradienteffekter) s\u00e4kerst\u00e4ller att din doft sticker ut.<\/p>\n<p><strong>Idealisk f\u00f6r<\/strong>:<\/p>\n<ul>\n<li>Lyxiga parfymm\u00e4rken<\/li>\n<li>Nischade cologne-skapare<\/li>\n<li>Anpassade presentset eller begr\u00e4nsade upplagor<\/li>\n<\/ul>\n<p><strong>Storbest\u00e4llningar och OEM-support<\/strong>Som en p\u00e5litlig tillverkare av glasf\u00f6rpackningar erbjuder vi konkurrenskraftiga bulkpriser och skr\u00e4ddarsydda varum\u00e4rkesl\u00f6sningar. L\u00e5t din doft lysa i flaskor som f\u00f6rkroppsligar elegans \u2013 kontakta oss f\u00f6r att skapa dina egna tomma sprayflaskor f\u00f6r parfym idag.<\/p>","protected":false},"excerpt":{"rendered":"<p>F\u00f6rh\u00f6j din parfymvarum\u00e4rkesprofil med specialdesignade parfymflaskor f\u00f6r kvinnor och premium tomma sprayflaskor. Storbest\u00e4llningar, kristallglas och graverade designer finns tillg\u00e4ngliga.<\/p>","protected":false},"featured_media":2945,"comment_status":"open","ping_status":"closed","template":"","meta":{"_acf_changed":false,"site-sidebar-layout":"default","site-content-layout":"","ast-site-content-layout":"default","site-content-style":"default","site-sidebar-style":"default","ast-global-header-display":"","ast-banner-title-visibility":"","ast-main-header-display":"","ast-hfb-above-header-display":"","ast-hfb-below-header-display":"","ast-hfb-mobile-header-display":"","site-post-title":"","ast-breadcrumbs-content":"","ast-featured-img":"","footer-sml-layout":"","ast-disable-related-posts":"","theme-transparent-header-meta":"default","adv-header-id-meta":"","stick-header-meta":"","header-above-stick-meta":"","header-main-stick-meta":"","header-below-stick-meta":"","astra-migrate-meta-layouts":"set","ast-page-background-enabled":"default","ast-page-background-meta":{"desktop":{"background-color":"var(--ast-global-color-5)","background-image":"","background-repeat":"repeat","background-position":"center center","background-size":"auto","background-attachment":"scroll","background-type":"","background-media":"","overlay-type":"","overlay-color":"","overlay-opacity":"","overlay-gradient":""},"tablet":{"background-color":"","background-image":"","background-repeat":"repeat","background-position":"center center","background-size":"auto","background-attachment":"scroll","background-type":"","background-media":"","overlay-type":"","overlay-color":"","overlay-opacity":"","overlay-gradient":""},"mobile":{"background-color":"","background-image":"","background-repeat":"repeat","background-position":"center center","background-size":"auto","background-attachment":"scroll","background-type":"","background-media":"","overlay-type":"","overlay-color":"","overlay-opacity":"","overlay-gradient":""}},"ast-content-background-meta":{"desktop":{"background-color":"var(--ast-global-color-4)","background-image":"","background-repeat":"repeat","background-position":"center center","background-size":"auto","background-attachment":"scroll","background-type":"","background-media":"","overlay-type":"","overlay-color":"","overlay-opacity":"","overlay-gradient":""},"tablet":{"background-color":"var(--ast-global-color-4)","background-image":"","background-repeat":"repeat","background-position":"center center","background-size":"auto","background-attachment":"scroll","background-type":"","background-media":"","overlay-type":"","overlay-color":"","overlay-opacity":"","overlay-gradient":""},"mobile":{"background-color":"var(--ast-global-color-4)","background-image":"","background-repeat":"repeat","background-position":"center center","background-size":"auto","background-attachment":"scroll","background-type":"","background-media":"","overlay-type":"","overlay-color":"","overlay-opacity":"","overlay-gradient":""}}},"product_brand":[],"product_cat":[72,91,41],"product_tag":[],"class_list":{"0":"post-2943","1":"product","2":"type-product","3":"status-publish","4":"has-post-thumbnail","6":"product_cat-cosmetic-packaging","7":"product_cat-custom-perfume-bottles","8":"product_cat-perfume-bottles","9":"desktop-align-left","10":"tablet-align-left","11":"mobile-align-left","13":"first","14":"instock","15":"shipping-taxable","16":"product-type-simple"},"acf":[],"jetpack_sharing_enabled":true,"_links":{"self":[{"href":"https:\/\/theperfumebottles.com\/sv\/wp-json\/wp\/v2\/product\/2943","targetHints":{"allow":["GET"]}}],"collection":[{"href":"https:\/\/theperfumebottles.com\/sv\/wp-json\/wp\/v2\/product"}],"about":[{"href":"https:\/\/theperfumebottles.com\/sv\/wp-json\/wp\/v2\/types\/product"}],"replies":[{"embeddable":true,"href":"https:\/\/theperfumebottles.com\/sv\/wp-json\/wp\/v2\/comments?post=2943"}],"wp:featuredmedia":[{"embeddable":true,"href":"https:\/\/theperfumebottles.com\/sv\/wp-json\/wp\/v2\/media\/2945"}],"wp:attachment":[{"href":"https:\/\/theperfumebottles.com\/sv\/wp-json\/wp\/v2\/media?parent=2943"}],"wp:term":[{"taxonomy":"product_brand","embeddable":true,"href":"https:\/\/theperfumebottles.com\/sv\/wp-json\/wp\/v2\/product_brand?post=2943"},{"taxonomy":"product_cat","embeddable":true,"href":"https:\/\/theperfumebottles.com\/sv\/wp-json\/wp\/v2\/product_cat?post=2943"},{"taxonomy":"product_tag","embeddable":true,"href":"https:\/\/theperfumebottles.com\/sv\/wp-json\/wp\/v2\/product_tag?post=2943"}],"curies":[{"name":"wp","href":"https:\/\/api.w.org\/{rel}","templated":true}]}}