{"id":2950,"date":"2025-04-02T06:01:53","date_gmt":"2025-04-02T06:01:53","guid":{"rendered":"https:\/\/theperfumebottles.com\/?post_type=product&#038;p=2950"},"modified":"2025-05-29T09:58:38","modified_gmt":"2025-05-29T01:58:38","slug":"30ml-50ml-100ml-unique-perfume-bottles-with-mountain-base","status":"publish","type":"product","link":"https:\/\/theperfumebottles.com\/sv\/produkt\/30ml-50ml-100ml-unique-perfume-bottles-with-mountain-base\/","title":{"rendered":"30ml 50ml 100ml Unika parfymflaskor med bergsbas"},"content":{"rendered":"<p>F\u00f6r varum\u00e4rken och grossister som s\u00f6ker unika parfymflaskor grossistf\u00f6rpackningar som blandar konstn\u00e4rskap med praktiska egenskaper, omdefinierar v\u00e5r Mountain Base Perfume Bottle Collection elegans. Dessa tomma parfymflaskor i glas \u00e4r utformade f\u00f6r premiumparfym och doftlinjer och erbjuder o\u00f6vertr\u00e4ffad m\u00e5ngsidighet f\u00f6r varum\u00e4rkes- och bulkanpassning.<\/p>\n<table style=\"border-collapse: collapse;margin-left: auto;margin-right: auto;width: 202.53pt\" border=\"0\" width=\"270\" cellspacing=\"0\" cellpadding=\"0\">\n<tbody>\n<tr style=\"height: 15.00pt\">\n<td style=\"height: 15.00pt;width: 67.50pt\" width=\"90\" height=\"20\">\n<p><figure id=\"attachment_2955\" aria-describedby=\"caption-attachment-2955\" style=\"width: 300px\" class=\"wp-caption aligncenter\"><img fetchpriority=\"high\" decoding=\"async\" class=\"size-medium wp-image-2955\" src=\"https:\/\/theperfumebottles.com\/wp-content\/uploads\/2025\/04\/unique-perfume-bottles-wholesale-HS0101-300x300.webp\" alt=\"unika parfymflaskor\" width=\"300\" height=\"300\" srcset=\"https:\/\/theperfumebottles.com\/wp-content\/uploads\/2025\/04\/unique-perfume-bottles-wholesale-HS0101-300x300.webp 300w, https:\/\/theperfumebottles.com\/wp-content\/uploads\/2025\/04\/unique-perfume-bottles-wholesale-HS0101-150x150.webp 150w, https:\/\/theperfumebottles.com\/wp-content\/uploads\/2025\/04\/unique-perfume-bottles-wholesale-HS0101-768x768.webp 768w, https:\/\/theperfumebottles.com\/wp-content\/uploads\/2025\/04\/unique-perfume-bottles-wholesale-HS0101-12x12.webp 12w, https:\/\/theperfumebottles.com\/wp-content\/uploads\/2025\/04\/unique-perfume-bottles-wholesale-HS0101-600x600.webp 600w, https:\/\/theperfumebottles.com\/wp-content\/uploads\/2025\/04\/unique-perfume-bottles-wholesale-HS0101-100x100.webp 100w, https:\/\/theperfumebottles.com\/wp-content\/uploads\/2025\/04\/unique-perfume-bottles-wholesale-HS0101.webp 1024w\" sizes=\"(max-width: 300px) 100vw, 300px\" \/><figcaption id=\"caption-attachment-2955\" class=\"wp-caption-text\">30 ml<\/figcaption><\/figure><\/td>\n<td style=\"width: 67.50pt\" width=\"90\">\n<p><figure id=\"attachment_2956\" aria-describedby=\"caption-attachment-2956\" style=\"width: 300px\" class=\"wp-caption aligncenter\"><img decoding=\"async\" class=\"size-medium wp-image-2956\" src=\"https:\/\/theperfumebottles.com\/wp-content\/uploads\/2025\/04\/unique-perfume-bottles-wholesale-HS0102-300x300.webp\" alt=\"unika parfymflaskor grossist\" width=\"300\" height=\"300\" srcset=\"https:\/\/theperfumebottles.com\/wp-content\/uploads\/2025\/04\/unique-perfume-bottles-wholesale-HS0102-300x300.webp 300w, https:\/\/theperfumebottles.com\/wp-content\/uploads\/2025\/04\/unique-perfume-bottles-wholesale-HS0102-150x150.webp 150w, https:\/\/theperfumebottles.com\/wp-content\/uploads\/2025\/04\/unique-perfume-bottles-wholesale-HS0102-768x768.webp 768w, https:\/\/theperfumebottles.com\/wp-content\/uploads\/2025\/04\/unique-perfume-bottles-wholesale-HS0102-12x12.webp 12w, https:\/\/theperfumebottles.com\/wp-content\/uploads\/2025\/04\/unique-perfume-bottles-wholesale-HS0102-600x600.webp 600w, https:\/\/theperfumebottles.com\/wp-content\/uploads\/2025\/04\/unique-perfume-bottles-wholesale-HS0102-100x100.webp 100w, https:\/\/theperfumebottles.com\/wp-content\/uploads\/2025\/04\/unique-perfume-bottles-wholesale-HS0102.webp 1024w\" sizes=\"(max-width: 300px) 100vw, 300px\" \/><figcaption id=\"caption-attachment-2956\" class=\"wp-caption-text\">50 ml<\/figcaption><\/figure><\/td>\n<td style=\"width: 67.50pt\" width=\"90\">\n<p><figure id=\"attachment_2951\" aria-describedby=\"caption-attachment-2951\" style=\"width: 300px\" class=\"wp-caption aligncenter\"><img decoding=\"async\" class=\"size-medium wp-image-2951\" src=\"https:\/\/theperfumebottles.com\/wp-content\/uploads\/2025\/04\/unique-perfume-bottles-wholesale-HS0103-300x300.webp\" alt=\"unika parfymflaskor grossist\" width=\"300\" height=\"300\" srcset=\"https:\/\/theperfumebottles.com\/wp-content\/uploads\/2025\/04\/unique-perfume-bottles-wholesale-HS0103-300x300.webp 300w, https:\/\/theperfumebottles.com\/wp-content\/uploads\/2025\/04\/unique-perfume-bottles-wholesale-HS0103-150x150.webp 150w, https:\/\/theperfumebottles.com\/wp-content\/uploads\/2025\/04\/unique-perfume-bottles-wholesale-HS0103-768x768.webp 768w, https:\/\/theperfumebottles.com\/wp-content\/uploads\/2025\/04\/unique-perfume-bottles-wholesale-HS0103-12x12.webp 12w, https:\/\/theperfumebottles.com\/wp-content\/uploads\/2025\/04\/unique-perfume-bottles-wholesale-HS0103-600x600.webp 600w, https:\/\/theperfumebottles.com\/wp-content\/uploads\/2025\/04\/unique-perfume-bottles-wholesale-HS0103-100x100.webp 100w, https:\/\/theperfumebottles.com\/wp-content\/uploads\/2025\/04\/unique-perfume-bottles-wholesale-HS0103.webp 1024w\" sizes=\"(max-width: 300px) 100vw, 300px\" \/><figcaption id=\"caption-attachment-2951\" class=\"wp-caption-text\">100 ml<\/figcaption><\/figure><\/td>\n<\/tr>\n<\/tbody>\n<\/table>\n<h2>Viktiga specifikationer f\u00f6r grossistk\u00f6pare<\/h2>\n<div class=\"hyc-common-markdown__table-wrapper\">\n<table>\n<thead>\n<tr>\n<th>Modell<\/th>\n<th>Kapacitet<\/th>\n<th>M\u00e5tt (H*\u00d8)<\/th>\n<th>Kaliber<\/th>\n<th>Glasets form<\/th>\n<\/tr>\n<\/thead>\n<tbody>\n<tr>\n<td>PB-HS0101<\/td>\n<td>30 ml<\/td>\n<td>45 * 73 mm<\/td>\n<td>15 mm<\/td>\n<td>Runda med bergsbas<\/td>\n<\/tr>\n<tr>\n<td>PB-HS0102<\/td>\n<td>50 ml<\/td>\n<td>51 * 80 mm<\/td>\n<td>15 mm<\/td>\n<td>Runda med bergsbas<\/td>\n<\/tr>\n<tr>\n<td>PB-HS0103<\/td>\n<td>100 ml<\/td>\n<td>59 * 94 mm<\/td>\n<td>15 mm<\/td>\n<td>Runda med bergsbas<\/td>\n<\/tr>\n<\/tbody>\n<\/table>\n<\/div>\n<h2>Varf\u00f6r v\u00e4lja den h\u00e4r flaskan som ditt varum\u00e4rkesval?<\/h2>\n<h3>F\u00f6r varum\u00e4rken:<\/h3>\n<ol>\n<li>Lyft fram lyxpositionering med elegansdriven design.<\/li>\n<li>Tomma flaskor redo f\u00f6r anpassad gravyr, frostad yta eller f\u00e4rgat glas.<\/li>\n<li>Kompatibel med sprayf\u00f6rst\u00e4rkare eller droppkorkar f\u00f6r olika doftformat.<\/li>\n<\/ol>\n<h3>F\u00f6r grossistpartners:<\/h3>\n<ol>\n<li>Kostnadseffektiva bulkbest\u00e4llningar f\u00f6r unik grossistdistribution av parfymflaskor.<\/li>\n<li>H\u00e5llbara glasbeh\u00e5llare garanterar s\u00e4ker global frakt.<\/li>\n<li>Str\u00f6mlinjeformad anpassning f\u00f6r att betj\u00e4na flera varum\u00e4rken under en order.<\/li>\n<\/ol>\n<h3>Anpassningsalternativ:<\/h3>\n<ul>\n<li><strong>Glas Finish:<\/strong> Klar, frostad eller gradientf\u00e4rgad.<\/li>\n<li><strong>Flaskkorkens design:<\/strong> mattsvart skruvlock (l\u00e5gm\u00e4ld elegans), metallutsmyckat lock (uts\u00f6kt glans) eller milj\u00f6v\u00e4nligt tr\u00e4kornslock (naturlig struktur) finns tillg\u00e4ngliga f\u00f6r att m\u00f6ta varum\u00e4rkets olika str\u00e4van efter stil och kvalitet.<\/li>\n<li><strong>Varum\u00e4rkesavtryck:<\/strong> st\u00f6der lasergravyr (k\u00e4nslig och h\u00e5llbar), screentryck (ljusa f\u00e4rger) eller pr\u00e4glad logotyp (tredimensionell struktur), s\u00e5 att din varum\u00e4rkessymbol kan presenteras i den mest r\u00f6rliga h\u00e5llningen.<\/li>\n<\/ul>\n<p>Valfria toppar:<\/p>\n<p><img loading=\"lazy\" decoding=\"async\" class=\"size-medium wp-image-2961 aligncenter\" src=\"https:\/\/theperfumebottles.com\/wp-content\/uploads\/2025\/04\/perfume-bottle-tops-3-300x164.webp\" alt=\"lock till parfymflaskor\" width=\"300\" height=\"164\" srcset=\"https:\/\/theperfumebottles.com\/wp-content\/uploads\/2025\/04\/perfume-bottle-tops-3-300x164.webp 300w, https:\/\/theperfumebottles.com\/wp-content\/uploads\/2025\/04\/perfume-bottle-tops-3-18x10.webp 18w, https:\/\/theperfumebottles.com\/wp-content\/uploads\/2025\/04\/perfume-bottle-tops-3-600x329.webp 600w, https:\/\/theperfumebottles.com\/wp-content\/uploads\/2025\/04\/perfume-bottle-tops-3.webp 750w\" sizes=\"(max-width: 300px) 100vw, 300px\" \/><br \/>\n<img loading=\"lazy\" decoding=\"async\" class=\"size-medium wp-image-2960 aligncenter\" src=\"https:\/\/theperfumebottles.com\/wp-content\/uploads\/2025\/04\/perfume-bottle-tops-2-300x145.webp\" alt=\"lock till parfymflaskor\" width=\"300\" height=\"145\" srcset=\"https:\/\/theperfumebottles.com\/wp-content\/uploads\/2025\/04\/perfume-bottle-tops-2-300x145.webp 300w, https:\/\/theperfumebottles.com\/wp-content\/uploads\/2025\/04\/perfume-bottle-tops-2-18x9.webp 18w, https:\/\/theperfumebottles.com\/wp-content\/uploads\/2025\/04\/perfume-bottle-tops-2-600x290.webp 600w, https:\/\/theperfumebottles.com\/wp-content\/uploads\/2025\/04\/perfume-bottle-tops-2.webp 750w\" sizes=\"(max-width: 300px) 100vw, 300px\" \/><br \/>\n<img loading=\"lazy\" decoding=\"async\" class=\"size-medium wp-image-2959 aligncenter\" src=\"https:\/\/theperfumebottles.com\/wp-content\/uploads\/2025\/04\/perfume-bottle-tops-1-300x224.webp\" alt=\"lock till parfymflaskor\" width=\"300\" height=\"224\" srcset=\"https:\/\/theperfumebottles.com\/wp-content\/uploads\/2025\/04\/perfume-bottle-tops-1-300x224.webp 300w, https:\/\/theperfumebottles.com\/wp-content\/uploads\/2025\/04\/perfume-bottle-tops-1-16x12.webp 16w, https:\/\/theperfumebottles.com\/wp-content\/uploads\/2025\/04\/perfume-bottle-tops-1-600x447.webp 600w, https:\/\/theperfumebottles.com\/wp-content\/uploads\/2025\/04\/perfume-bottle-tops-1.webp 746w\" sizes=\"(max-width: 300px) 100vw, 300px\" \/><\/p>\n<h2>Best\u00e4ll idag och f\u00f6r\u00e4ndra ditt doftsortiment<\/h2>\n<p>Oavsett om du \u00e4r en nischad parfymtillverkare eller en tillverkare som levererar till globala varum\u00e4rken, levererar v\u00e5r Mountain Base Collection unika parfymf\u00f6rpackningar som f\u00e4ngslar. Beg\u00e4r prover eller fr\u00e5ga om grossistpriser f\u00f6r att b\u00f6rja skapa of\u00f6rgl\u00f6mliga unboxing-upplevelser.<\/p>","protected":false},"excerpt":{"rendered":"<p>Uppt\u00e4ck uts\u00f6kta unika parfymflaskor grossist med bergsbasdesign. Lyft ditt varum\u00e4rke med anpassade kristallglasf\u00f6rpackningar f\u00f6r lyxiga dofter.<\/p>","protected":false},"featured_media":2956,"comment_status":"open","ping_status":"closed","template":"","meta":{"_acf_changed":false,"site-sidebar-layout":"default","site-content-layout":"","ast-site-content-layout":"default","site-content-style":"default","site-sidebar-style":"default","ast-global-header-display":"","ast-banner-title-visibility":"","ast-main-header-display":"","ast-hfb-above-header-display":"","ast-hfb-below-header-display":"","ast-hfb-mobile-header-display":"","site-post-title":"","ast-breadcrumbs-content":"","ast-featured-img":"","footer-sml-layout":"","ast-disable-related-posts":"","theme-transparent-header-meta":"default","adv-header-id-meta":"","stick-header-meta":"","header-above-stick-meta":"","header-main-stick-meta":"","header-below-stick-meta":"","astra-migrate-meta-layouts":"set","ast-page-background-enabled":"default","ast-page-background-meta":{"desktop":{"background-color":"var(--ast-global-color-5)","background-image":"","background-repeat":"repeat","background-position":"center center","background-size":"auto","background-attachment":"scroll","background-type":"","background-media":"","overlay-type":"","overlay-color":"","overlay-opacity":"","overlay-gradient":""},"tablet":{"background-color":"","background-image":"","background-repeat":"repeat","background-position":"center center","background-size":"auto","background-attachment":"scroll","background-type":"","background-media":"","overlay-type":"","overlay-color":"","overlay-opacity":"","overlay-gradient":""},"mobile":{"background-color":"","background-image":"","background-repeat":"repeat","background-position":"center center","background-size":"auto","background-attachment":"scroll","background-type":"","background-media":"","overlay-type":"","overlay-color":"","overlay-opacity":"","overlay-gradient":""}},"ast-content-background-meta":{"desktop":{"background-color":"var(--ast-global-color-4)","background-image":"","background-repeat":"repeat","background-position":"center center","background-size":"auto","background-attachment":"scroll","background-type":"","background-media":"","overlay-type":"","overlay-color":"","overlay-opacity":"","overlay-gradient":""},"tablet":{"background-color":"var(--ast-global-color-4)","background-image":"","background-repeat":"repeat","background-position":"center center","background-size":"auto","background-attachment":"scroll","background-type":"","background-media":"","overlay-type":"","overlay-color":"","overlay-opacity":"","overlay-gradient":""},"mobile":{"background-color":"var(--ast-global-color-4)","background-image":"","background-repeat":"repeat","background-position":"center center","background-size":"auto","background-attachment":"scroll","background-type":"","background-media":"","overlay-type":"","overlay-color":"","overlay-opacity":"","overlay-gradient":""}}},"product_brand":[],"product_cat":[41,72],"product_tag":[],"class_list":{"0":"post-2950","1":"product","2":"type-product","3":"status-publish","4":"has-post-thumbnail","6":"product_cat-perfume-bottles","7":"product_cat-cosmetic-packaging","8":"desktop-align-left","9":"tablet-align-left","10":"mobile-align-left","12":"first","13":"instock","14":"shipping-taxable","15":"product-type-simple"},"acf":[],"jetpack_sharing_enabled":true,"_links":{"self":[{"href":"https:\/\/theperfumebottles.com\/sv\/wp-json\/wp\/v2\/product\/2950","targetHints":{"allow":["GET"]}}],"collection":[{"href":"https:\/\/theperfumebottles.com\/sv\/wp-json\/wp\/v2\/product"}],"about":[{"href":"https:\/\/theperfumebottles.com\/sv\/wp-json\/wp\/v2\/types\/product"}],"replies":[{"embeddable":true,"href":"https:\/\/theperfumebottles.com\/sv\/wp-json\/wp\/v2\/comments?post=2950"}],"wp:featuredmedia":[{"embeddable":true,"href":"https:\/\/theperfumebottles.com\/sv\/wp-json\/wp\/v2\/media\/2956"}],"wp:attachment":[{"href":"https:\/\/theperfumebottles.com\/sv\/wp-json\/wp\/v2\/media?parent=2950"}],"wp:term":[{"taxonomy":"product_brand","embeddable":true,"href":"https:\/\/theperfumebottles.com\/sv\/wp-json\/wp\/v2\/product_brand?post=2950"},{"taxonomy":"product_cat","embeddable":true,"href":"https:\/\/theperfumebottles.com\/sv\/wp-json\/wp\/v2\/product_cat?post=2950"},{"taxonomy":"product_tag","embeddable":true,"href":"https:\/\/theperfumebottles.com\/sv\/wp-json\/wp\/v2\/product_tag?post=2950"}],"curies":[{"name":"wp","href":"https:\/\/api.w.org\/{rel}","templated":true}]}}