{"id":2963,"date":"2025-04-03T06:36:47","date_gmt":"2025-04-03T06:36:47","guid":{"rendered":"https:\/\/theperfumebottles.com\/?post_type=product&#038;p=2963"},"modified":"2025-05-30T10:52:58","modified_gmt":"2025-05-30T02:52:58","slug":"empty-refillable-perfume-bottles-leakproof-glass-perfume-refillable-bottles","status":"publish","type":"product","link":"https:\/\/theperfumebottles.com\/sv\/produkt\/empty-refillable-perfume-bottles-leakproof-glass-perfume-refillable-bottles\/","title":{"rendered":"2ml 3ml 5ml 10ml tomma \u00e5terfyllningsbara parfymflaskor i glas"},"content":{"rendered":"<p>Vi skapar eleganta, praktiska och milj\u00f6v\u00e4nliga p\u00e5fyllningsflaskor f\u00f6r varum\u00e4rken som \u00e4r engagerade i h\u00e5llbarhet. Oavsett om det \u00e4r en resestorlek, en provstorlek eller en co-brandad version, kommer denna parfymflaska i glas att f\u00e5 din doft att lysa samtidigt som den skyddar planeten.<\/p>\n<h2>Tekniska specifikationer<\/h2>\n<div class=\"hyc-common-markdown__table-wrapper\">\n<table>\n<thead>\n<tr>\n<th>Kapacitet<\/th>\n<th>Flaskans h\u00f6jd<\/th>\n<th>Innerdiameter<\/th>\n<th>F\u00f6rpackningens kvantitet<\/th>\n<th>Storlek p\u00e5 kartongen (cm)<\/th>\n<\/tr>\n<\/thead>\n<tbody>\n<tr>\n<td>2 ml<\/td>\n<td>30 mm<\/td>\n<td>6,5 mm<\/td>\n<td>4,830<\/td>\n<td>45,5x29x29<\/td>\n<\/tr>\n<tr>\n<td>3 ml<\/td>\n<td>40 mm<\/td>\n<td>6,5 mm<\/td>\n<td>3,450<\/td>\n<td>45,5x29x29<\/td>\n<\/tr>\n<tr>\n<td>5 ml<\/td>\n<td>55 mm<\/td>\n<td>6,5 mm<\/td>\n<td>2,760<\/td>\n<td>45,5x29x29<\/td>\n<\/tr>\n<tr>\n<td>10 ml<\/td>\n<td>100 mm<\/td>\n<td>6,5 mm<\/td>\n<td>2,277<\/td>\n<td>49x30x33,5<\/td>\n<\/tr>\n<\/tbody>\n<\/table>\n<\/div>\n<h2>Varf\u00f6r v\u00e4lja v\u00e5ra p\u00e5fyllningsbara flaskor f\u00f6r parfym i glas?<\/h2>\n<ul>\n<li><strong>En flaska f\u00f6r flera anv\u00e4ndningsomr\u00e5den:<\/strong> rymmer parfym\/parfym\/essentiell olja.<\/li>\n<li><strong>Milj\u00f6v\u00e4nliga och kostnadseffektiva:<\/strong> Milj\u00f6v\u00e4nlig kontobok: \u00e5teranv\u00e4ndning minskar 300% f\u00f6rpackningsavfallet.<\/li>\n<li><strong>Aff\u00e4rsm\u00e4ssiga f\u00f6rdelar:<\/strong> grossistpris + global s\u00e4ker leverans, ta hand om varje best\u00e4llning som ett konstverk.<\/li>\n<\/ul>\n<h2>F\u00f6rdelar med kundanpassning och bulkbest\u00e4llning<\/h2>\n<ul>\n<li><strong>Anpassningsalternativ:<\/strong> den delikata strukturen i screentryck, det uts\u00f6kta hantverket i lasergravyr eller den kreativa kreativiteten i klisterm\u00e4rken.<\/li>\n<li><strong>Bulkbest\u00e4llning f\u00f6r mer v\u00e4rde:<\/strong> samarbete i stora volymer, b\u00e4ttre priser - l\u00e5t varje investering f\u00f6rvandlas till ett spr\u00e5ng i varum\u00e4rkesv\u00e4rdet<\/li>\n<li><strong>Global frakt:<\/strong> S\u00e4ker, l\u00e4ckages\u00e4ker f\u00f6rpackning f\u00f6r s\u00e4ker transport.<\/li>\n<\/ul>\n<p>Letar du efter en p\u00e5litlig tillverkare? Kontakta oss f\u00f6r att best\u00e4lla tomma p\u00e5fyllningsbara parfymflaskor som \u00e4r skr\u00e4ddarsydda efter ditt varum\u00e4rkes vision!<\/p>","protected":false},"excerpt":{"rendered":"<p>Uppt\u00e4ck tomma p\u00e5fyllningsbara parfymflaskor i premiumkvalitet f\u00f6r resev\u00e4nliga best\u00e4llningar och bulkbest\u00e4llningar. P\u00e5fyllningsbara parfymflaskor i glas med tryck och l\u00e4ckages\u00e4ker design.<\/p>","protected":false},"featured_media":2966,"comment_status":"open","ping_status":"closed","template":"","meta":{"_acf_changed":false,"site-sidebar-layout":"default","site-content-layout":"","ast-site-content-layout":"default","site-content-style":"default","site-sidebar-style":"default","ast-global-header-display":"","ast-banner-title-visibility":"","ast-main-header-display":"","ast-hfb-above-header-display":"","ast-hfb-below-header-display":"","ast-hfb-mobile-header-display":"","site-post-title":"","ast-breadcrumbs-content":"","ast-featured-img":"","footer-sml-layout":"","ast-disable-related-posts":"","theme-transparent-header-meta":"default","adv-header-id-meta":"","stick-header-meta":"","header-above-stick-meta":"","header-main-stick-meta":"","header-below-stick-meta":"","astra-migrate-meta-layouts":"set","ast-page-background-enabled":"default","ast-page-background-meta":{"desktop":{"background-color":"var(--ast-global-color-5)","background-image":"","background-repeat":"repeat","background-position":"center center","background-size":"auto","background-attachment":"scroll","background-type":"","background-media":"","overlay-type":"","overlay-color":"","overlay-opacity":"","overlay-gradient":""},"tablet":{"background-color":"","background-image":"","background-repeat":"repeat","background-position":"center center","background-size":"auto","background-attachment":"scroll","background-type":"","background-media":"","overlay-type":"","overlay-color":"","overlay-opacity":"","overlay-gradient":""},"mobile":{"background-color":"","background-image":"","background-repeat":"repeat","background-position":"center center","background-size":"auto","background-attachment":"scroll","background-type":"","background-media":"","overlay-type":"","overlay-color":"","overlay-opacity":"","overlay-gradient":""}},"ast-content-background-meta":{"desktop":{"background-color":"var(--ast-global-color-4)","background-image":"","background-repeat":"repeat","background-position":"center center","background-size":"auto","background-attachment":"scroll","background-type":"","background-media":"","overlay-type":"","overlay-color":"","overlay-opacity":"","overlay-gradient":""},"tablet":{"background-color":"var(--ast-global-color-4)","background-image":"","background-repeat":"repeat","background-position":"center center","background-size":"auto","background-attachment":"scroll","background-type":"","background-media":"","overlay-type":"","overlay-color":"","overlay-opacity":"","overlay-gradient":""},"mobile":{"background-color":"var(--ast-global-color-4)","background-image":"","background-repeat":"repeat","background-position":"center center","background-size":"auto","background-attachment":"scroll","background-type":"","background-media":"","overlay-type":"","overlay-color":"","overlay-opacity":"","overlay-gradient":""}}},"product_brand":[],"product_cat":[72,91,74,41,90],"product_tag":[],"class_list":{"0":"post-2963","1":"product","2":"type-product","3":"status-publish","4":"has-post-thumbnail","6":"product_cat-cosmetic-packaging","7":"product_cat-custom-perfume-bottles","8":"product_cat-mini-perfume-bottles","9":"product_cat-perfume-bottles","10":"product_cat-refillable-perfume-bottles","11":"desktop-align-left","12":"tablet-align-left","13":"mobile-align-left","15":"first","16":"instock","17":"shipping-taxable","18":"product-type-simple"},"acf":[],"jetpack_sharing_enabled":true,"_links":{"self":[{"href":"https:\/\/theperfumebottles.com\/sv\/wp-json\/wp\/v2\/product\/2963","targetHints":{"allow":["GET"]}}],"collection":[{"href":"https:\/\/theperfumebottles.com\/sv\/wp-json\/wp\/v2\/product"}],"about":[{"href":"https:\/\/theperfumebottles.com\/sv\/wp-json\/wp\/v2\/types\/product"}],"replies":[{"embeddable":true,"href":"https:\/\/theperfumebottles.com\/sv\/wp-json\/wp\/v2\/comments?post=2963"}],"wp:featuredmedia":[{"embeddable":true,"href":"https:\/\/theperfumebottles.com\/sv\/wp-json\/wp\/v2\/media\/2966"}],"wp:attachment":[{"href":"https:\/\/theperfumebottles.com\/sv\/wp-json\/wp\/v2\/media?parent=2963"}],"wp:term":[{"taxonomy":"product_brand","embeddable":true,"href":"https:\/\/theperfumebottles.com\/sv\/wp-json\/wp\/v2\/product_brand?post=2963"},{"taxonomy":"product_cat","embeddable":true,"href":"https:\/\/theperfumebottles.com\/sv\/wp-json\/wp\/v2\/product_cat?post=2963"},{"taxonomy":"product_tag","embeddable":true,"href":"https:\/\/theperfumebottles.com\/sv\/wp-json\/wp\/v2\/product_tag?post=2963"}],"curies":[{"name":"wp","href":"https:\/\/api.w.org\/{rel}","templated":true}]}}