{"id":2983,"date":"2025-04-07T09:06:52","date_gmt":"2025-04-07T09:06:52","guid":{"rendered":"https:\/\/theperfumebottles.com\/?post_type=product&#038;p=2983"},"modified":"2025-05-29T10:05:41","modified_gmt":"2025-05-29T02:05:41","slug":"30ml-50ml-100ml-modern-perfume-bottles-with-silver-mountain-base","status":"publish","type":"product","link":"https:\/\/theperfumebottles.com\/sv\/produkt\/30ml-50ml-100ml-modern-perfume-bottles-with-silver-mountain-base\/","title":{"rendered":"30ml 50ml 100ml Moderna Parfymflaskor med Silver Mountain-bas"},"content":{"rendered":"<p>Denna moderna parfymflaska kombinerar charmen hos naturliga berg med modern design, och varje detalj avsl\u00f6jar elegans och stil. Varum\u00e4rkets grundare och aff\u00e4rspartners som \u00e4r noggranna med f\u00f6rpackningen kommer att bli f\u00f6rv\u00e5nade \u00f6ver dess unika konstn\u00e4rliga k\u00e4nsla \u2013 den \u00e4r inte bara en beh\u00e5llare, utan ocks\u00e5 en f\u00f6rl\u00e4ngning av varum\u00e4rkets ber\u00e4ttelse, vilket g\u00f6r din doft sv\u00e5r att ignorera b\u00e5de visuellt och taktilt. Designade f\u00f6r att blanda modern estetik med funktionell elegans, \u00e4r dessa glasparfymflaskor idealiska f\u00f6r lyxparfymer, nischparfymer och skr\u00e4ddarsydda dofter.<\/p>\n<table style=\"border-collapse: collapse;margin-left: auto;margin-right: auto;width: 162.03pt\" border=\"0\" width=\"216\" cellspacing=\"0\" cellpadding=\"0\">\n<tbody>\n<tr style=\"height: 13.50pt\">\n<td style=\"height: 13.50pt;width: 54.00pt\" width=\"72\" height=\"18\">\n<p><figure id=\"attachment_2988\" aria-describedby=\"caption-attachment-2988\" style=\"width: 300px\" class=\"wp-caption aligncenter\"><img fetchpriority=\"high\" decoding=\"async\" class=\"size-medium wp-image-2988\" src=\"https:\/\/theperfumebottles.com\/wp-content\/uploads\/2025\/04\/modern-perfume-bottles-hs0401-300x300.webp\" alt=\"moderna parfymflaskor\" width=\"300\" height=\"300\" srcset=\"https:\/\/theperfumebottles.com\/wp-content\/uploads\/2025\/04\/modern-perfume-bottles-hs0401-300x300.webp 300w, https:\/\/theperfumebottles.com\/wp-content\/uploads\/2025\/04\/modern-perfume-bottles-hs0401-150x150.webp 150w, https:\/\/theperfumebottles.com\/wp-content\/uploads\/2025\/04\/modern-perfume-bottles-hs0401-768x768.webp 768w, https:\/\/theperfumebottles.com\/wp-content\/uploads\/2025\/04\/modern-perfume-bottles-hs0401-12x12.webp 12w, https:\/\/theperfumebottles.com\/wp-content\/uploads\/2025\/04\/modern-perfume-bottles-hs0401-600x600.webp 600w, https:\/\/theperfumebottles.com\/wp-content\/uploads\/2025\/04\/modern-perfume-bottles-hs0401-100x100.webp 100w, https:\/\/theperfumebottles.com\/wp-content\/uploads\/2025\/04\/modern-perfume-bottles-hs0401.webp 1024w\" sizes=\"(max-width: 300px) 100vw, 300px\" \/><figcaption id=\"caption-attachment-2988\" class=\"wp-caption-text\">30 ml HS0401<\/figcaption><\/figure><\/td>\n<td style=\"width: 54.00pt\" width=\"72\">\n<p><figure id=\"attachment_2984\" aria-describedby=\"caption-attachment-2984\" style=\"width: 300px\" class=\"wp-caption aligncenter\"><img decoding=\"async\" class=\"size-medium wp-image-2984\" src=\"https:\/\/theperfumebottles.com\/wp-content\/uploads\/2025\/04\/custom-fragrance-bottles-HS0402-300x300.webp\" alt=\"specialdesignade doftflaskor\" width=\"300\" height=\"300\" srcset=\"https:\/\/theperfumebottles.com\/wp-content\/uploads\/2025\/04\/custom-fragrance-bottles-HS0402-300x300.webp 300w, https:\/\/theperfumebottles.com\/wp-content\/uploads\/2025\/04\/custom-fragrance-bottles-HS0402-150x150.webp 150w, https:\/\/theperfumebottles.com\/wp-content\/uploads\/2025\/04\/custom-fragrance-bottles-HS0402-768x768.webp 768w, https:\/\/theperfumebottles.com\/wp-content\/uploads\/2025\/04\/custom-fragrance-bottles-HS0402-12x12.webp 12w, https:\/\/theperfumebottles.com\/wp-content\/uploads\/2025\/04\/custom-fragrance-bottles-HS0402-600x600.webp 600w, https:\/\/theperfumebottles.com\/wp-content\/uploads\/2025\/04\/custom-fragrance-bottles-HS0402-100x100.webp 100w, https:\/\/theperfumebottles.com\/wp-content\/uploads\/2025\/04\/custom-fragrance-bottles-HS0402.webp 1024w\" sizes=\"(max-width: 300px) 100vw, 300px\" \/><figcaption id=\"caption-attachment-2984\" class=\"wp-caption-text\">50 ml HS0402<\/figcaption><\/figure><\/td>\n<td style=\"width: 54.00pt\" width=\"72\">\n<p><figure id=\"attachment_2985\" aria-describedby=\"caption-attachment-2985\" style=\"width: 300px\" class=\"wp-caption aligncenter\"><img decoding=\"async\" class=\"size-medium wp-image-2985\" src=\"https:\/\/theperfumebottles.com\/wp-content\/uploads\/2025\/04\/custom-fragrance-bottles-hs0403-300x300.webp\" alt=\"specialdesignade doftflaskor\" width=\"300\" height=\"300\" srcset=\"https:\/\/theperfumebottles.com\/wp-content\/uploads\/2025\/04\/custom-fragrance-bottles-hs0403-300x300.webp 300w, https:\/\/theperfumebottles.com\/wp-content\/uploads\/2025\/04\/custom-fragrance-bottles-hs0403-150x150.webp 150w, https:\/\/theperfumebottles.com\/wp-content\/uploads\/2025\/04\/custom-fragrance-bottles-hs0403-768x768.webp 768w, https:\/\/theperfumebottles.com\/wp-content\/uploads\/2025\/04\/custom-fragrance-bottles-hs0403-12x12.webp 12w, https:\/\/theperfumebottles.com\/wp-content\/uploads\/2025\/04\/custom-fragrance-bottles-hs0403-600x600.webp 600w, https:\/\/theperfumebottles.com\/wp-content\/uploads\/2025\/04\/custom-fragrance-bottles-hs0403-100x100.webp 100w, https:\/\/theperfumebottles.com\/wp-content\/uploads\/2025\/04\/custom-fragrance-bottles-hs0403.webp 1024w\" sizes=\"(max-width: 300px) 100vw, 300px\" \/><figcaption id=\"caption-attachment-2985\" class=\"wp-caption-text\">100 ml HS0403<\/figcaption><\/figure><\/td>\n<\/tr>\n<\/tbody>\n<\/table>\n<h2>Tabell f\u00f6r tekniska specifikationer<\/h2>\n<div class=\"hyc-common-markdown__table-wrapper\">\n<table>\n<thead>\n<tr>\n<th>Modell<\/th>\n<th>Kapacitet<\/th>\n<th>Storlek (H\u00d7D mm)<\/th>\n<th>Material<\/th>\n<th>F\u00e4rg<\/th>\n<th>Anv\u00e4ndningsfall<\/th>\n<\/tr>\n<\/thead>\n<tbody>\n<tr>\n<td>PB-HS0401<\/td>\n<td>30 ml<\/td>\n<td>73\u00d746<\/td>\n<td>Kristallglas<\/td>\n<td>Transparent + Silverbas<\/td>\n<td>Parfym, K\u00f6ln, Spray<\/td>\n<\/tr>\n<tr>\n<td>PB-HS0402<\/td>\n<td>50 ml<\/td>\n<td>80\u00d751<\/td>\n<td>Kristallglas<\/td>\n<td>Transparent + Silverbas<\/td>\n<td>Doft, kroppsspray<\/td>\n<\/tr>\n<tr>\n<td>PB-HS0403<\/td>\n<td>100 ml<\/td>\n<td>94\u00d759<\/td>\n<td>Kristallglas<\/td>\n<td>Transparent + Silverbas<\/td>\n<td>Lyxig parfymf\u00f6rpackning<\/td>\n<\/tr>\n<\/tbody>\n<\/table>\n<\/div>\n<h2>Varf\u00f6r v\u00e4lja dessa moderna parfymflaskor?<\/h2>\n<ul>\n<li><strong>Premiumkristallglas:<\/strong> Tjockt, h\u00f6gklart glas s\u00e4kerst\u00e4ller h\u00e5llbarhet och f\u00f6rb\u00e4ttrar doftens synlighet.<\/li>\n<li>\u200b<strong>M\u00e5ngsidiga storlekar:<\/strong> Fr\u00e5n kompakta 30 ml-f\u00f6rst\u00e4rkarflaskor till i\u00f6gonfallande 100 ml-tomma parfymflaskor, tillgodoser olika kundbehov.<\/li>\n<li><strong>Varum\u00e4rkescentrerad anpassning:<\/strong> Samarbeta med v\u00e5r tillverkare f\u00f6r att v\u00e4lja ytbehandlingar, gravera logotyper eller anpassa korkstilar f\u00f6r en unik, specialdesignad doftflaska.<\/li>\n<\/ul>\n<h2>Lyft ditt parfymm\u00e4rke idag<\/h2>\n<p>Oavsett om du lanserar en ny parfymlinje eller uppdaterar din parfymf\u00f6rpackning, erbjuder den h\u00e4r serien den perfekta blandningen av modern design och anpassning. Skapa en of\u00f6rgl\u00f6mlig uppackningsupplevelse med glasflaskor som \u00e5terspeglar ditt varum\u00e4rkes lyx och innovation. L\u00e5t v\u00e5rt professionella team bli din samarbetspartner i varum\u00e4rkesber\u00e4ttelsen. Oavsett om det handlar om att r\u00f6ra vid provet f\u00f6r att k\u00e4nna hantverkets sk\u00f6nhet, eller att vara med och skapa en unik design, kan du l\u00e5sa upp ditt exklusiva svar i bara ett steg. Kontakta oss, vi v\u00e4ntar h\u00e4r.<\/p>","protected":false},"excerpt":{"rendered":"<p>Lyft ditt varum\u00e4rke med moderna parfymflaskor och specialdesignade doftflaskor. Eleganta silverkorkar, skulpterade bergsbaser och premiumglas.<\/p>","protected":false},"featured_media":2988,"comment_status":"open","ping_status":"closed","template":"","meta":{"_acf_changed":false,"site-sidebar-layout":"default","site-content-layout":"","ast-site-content-layout":"default","site-content-style":"default","site-sidebar-style":"default","ast-global-header-display":"","ast-banner-title-visibility":"","ast-main-header-display":"","ast-hfb-above-header-display":"","ast-hfb-below-header-display":"","ast-hfb-mobile-header-display":"","site-post-title":"","ast-breadcrumbs-content":"","ast-featured-img":"","footer-sml-layout":"","ast-disable-related-posts":"","theme-transparent-header-meta":"default","adv-header-id-meta":"","stick-header-meta":"","header-above-stick-meta":"","header-main-stick-meta":"","header-below-stick-meta":"","astra-migrate-meta-layouts":"set","ast-page-background-enabled":"default","ast-page-background-meta":{"desktop":{"background-color":"var(--ast-global-color-5)","background-image":"","background-repeat":"repeat","background-position":"center center","background-size":"auto","background-attachment":"scroll","background-type":"","background-media":"","overlay-type":"","overlay-color":"","overlay-opacity":"","overlay-gradient":""},"tablet":{"background-color":"","background-image":"","background-repeat":"repeat","background-position":"center center","background-size":"auto","background-attachment":"scroll","background-type":"","background-media":"","overlay-type":"","overlay-color":"","overlay-opacity":"","overlay-gradient":""},"mobile":{"background-color":"","background-image":"","background-repeat":"repeat","background-position":"center center","background-size":"auto","background-attachment":"scroll","background-type":"","background-media":"","overlay-type":"","overlay-color":"","overlay-opacity":"","overlay-gradient":""}},"ast-content-background-meta":{"desktop":{"background-color":"var(--ast-global-color-4)","background-image":"","background-repeat":"repeat","background-position":"center center","background-size":"auto","background-attachment":"scroll","background-type":"","background-media":"","overlay-type":"","overlay-color":"","overlay-opacity":"","overlay-gradient":""},"tablet":{"background-color":"var(--ast-global-color-4)","background-image":"","background-repeat":"repeat","background-position":"center center","background-size":"auto","background-attachment":"scroll","background-type":"","background-media":"","overlay-type":"","overlay-color":"","overlay-opacity":"","overlay-gradient":""},"mobile":{"background-color":"var(--ast-global-color-4)","background-image":"","background-repeat":"repeat","background-position":"center center","background-size":"auto","background-attachment":"scroll","background-type":"","background-media":"","overlay-type":"","overlay-color":"","overlay-opacity":"","overlay-gradient":""}}},"product_brand":[],"product_cat":[72,41],"product_tag":[],"class_list":{"0":"post-2983","1":"product","2":"type-product","3":"status-publish","4":"has-post-thumbnail","6":"product_cat-cosmetic-packaging","7":"product_cat-perfume-bottles","8":"desktop-align-left","9":"tablet-align-left","10":"mobile-align-left","12":"first","13":"instock","14":"shipping-taxable","15":"product-type-simple"},"acf":[],"jetpack_sharing_enabled":true,"_links":{"self":[{"href":"https:\/\/theperfumebottles.com\/sv\/wp-json\/wp\/v2\/product\/2983","targetHints":{"allow":["GET"]}}],"collection":[{"href":"https:\/\/theperfumebottles.com\/sv\/wp-json\/wp\/v2\/product"}],"about":[{"href":"https:\/\/theperfumebottles.com\/sv\/wp-json\/wp\/v2\/types\/product"}],"replies":[{"embeddable":true,"href":"https:\/\/theperfumebottles.com\/sv\/wp-json\/wp\/v2\/comments?post=2983"}],"wp:featuredmedia":[{"embeddable":true,"href":"https:\/\/theperfumebottles.com\/sv\/wp-json\/wp\/v2\/media\/2988"}],"wp:attachment":[{"href":"https:\/\/theperfumebottles.com\/sv\/wp-json\/wp\/v2\/media?parent=2983"}],"wp:term":[{"taxonomy":"product_brand","embeddable":true,"href":"https:\/\/theperfumebottles.com\/sv\/wp-json\/wp\/v2\/product_brand?post=2983"},{"taxonomy":"product_cat","embeddable":true,"href":"https:\/\/theperfumebottles.com\/sv\/wp-json\/wp\/v2\/product_cat?post=2983"},{"taxonomy":"product_tag","embeddable":true,"href":"https:\/\/theperfumebottles.com\/sv\/wp-json\/wp\/v2\/product_tag?post=2983"}],"curies":[{"name":"wp","href":"https:\/\/api.w.org\/{rel}","templated":true}]}}