{"id":3000,"date":"2025-04-08T09:27:23","date_gmt":"2025-04-08T09:27:23","guid":{"rendered":"https:\/\/theperfumebottles.com\/?post_type=product&#038;p=3000"},"modified":"2025-05-29T10:10:19","modified_gmt":"2025-05-29T02:10:19","slug":"mountain-base-golden-perfume-bottles-most-unique-luxury-fragrance-packaging","status":"publish","type":"product","link":"https:\/\/theperfumebottles.com\/sv\/produkt\/mountain-base-golden-perfume-bottles-most-unique-luxury-fragrance-packaging\/","title":{"rendered":"Bergsbaserade gyllene parfymflaskor \u2013 Den mest unika lyxiga doftf\u00f6rpackningen"},"content":{"rendered":"<p>Den gyllene parfymflaskserien \u00e4r utformad f\u00f6r varum\u00e4rken som vill g\u00f6ra ett of\u00f6rgl\u00f6mligt intryck och kombinerar sl\u00e5ende estetik med premiumanpassning f\u00f6r att f\u00f6rst\u00e4rka ditt varum\u00e4rkes prestige.<\/p>\n<table style=\"border-collapse: collapse;margin-left: auto;margin-right: auto;width: 162.03pt\" border=\"0\" width=\"216\" cellspacing=\"0\" cellpadding=\"0\">\n<tbody>\n<tr style=\"height: 13.50pt\">\n<td style=\"height: 13.50pt;width: 54.00pt\" width=\"72\" height=\"18\">\n<p><figure id=\"attachment_3004\" aria-describedby=\"caption-attachment-3004\" style=\"width: 300px\" class=\"wp-caption aligncenter\"><img fetchpriority=\"high\" decoding=\"async\" class=\"size-medium wp-image-3004\" src=\"https:\/\/theperfumebottles.com\/wp-content\/uploads\/2025\/04\/golden-perfume-bottle-HS0501-300x300.webp\" alt=\"gyllene parfymflaska\" width=\"300\" height=\"300\" srcset=\"https:\/\/theperfumebottles.com\/wp-content\/uploads\/2025\/04\/golden-perfume-bottle-HS0501-300x300.webp 300w, https:\/\/theperfumebottles.com\/wp-content\/uploads\/2025\/04\/golden-perfume-bottle-HS0501-150x150.webp 150w, https:\/\/theperfumebottles.com\/wp-content\/uploads\/2025\/04\/golden-perfume-bottle-HS0501-768x768.webp 768w, https:\/\/theperfumebottles.com\/wp-content\/uploads\/2025\/04\/golden-perfume-bottle-HS0501-12x12.webp 12w, https:\/\/theperfumebottles.com\/wp-content\/uploads\/2025\/04\/golden-perfume-bottle-HS0501-600x600.webp 600w, https:\/\/theperfumebottles.com\/wp-content\/uploads\/2025\/04\/golden-perfume-bottle-HS0501-100x100.webp 100w, https:\/\/theperfumebottles.com\/wp-content\/uploads\/2025\/04\/golden-perfume-bottle-HS0501.webp 1000w\" sizes=\"(max-width: 300px) 100vw, 300px\" \/><figcaption id=\"caption-attachment-3004\" class=\"wp-caption-text\">30ml PB-HS0501<\/figcaption><\/figure><\/td>\n<td style=\"width: 54.00pt\" width=\"72\">\n<p><figure id=\"attachment_3005\" aria-describedby=\"caption-attachment-3005\" style=\"width: 300px\" class=\"wp-caption aligncenter\"><img decoding=\"async\" class=\"size-medium wp-image-3005\" src=\"https:\/\/theperfumebottles.com\/wp-content\/uploads\/2025\/04\/golden-perfume-bottle-HS0502-300x300.webp\" alt=\"gyllene parfymflaska\" width=\"300\" height=\"300\" srcset=\"https:\/\/theperfumebottles.com\/wp-content\/uploads\/2025\/04\/golden-perfume-bottle-HS0502-300x300.webp 300w, https:\/\/theperfumebottles.com\/wp-content\/uploads\/2025\/04\/golden-perfume-bottle-HS0502-150x150.webp 150w, https:\/\/theperfumebottles.com\/wp-content\/uploads\/2025\/04\/golden-perfume-bottle-HS0502-768x768.webp 768w, https:\/\/theperfumebottles.com\/wp-content\/uploads\/2025\/04\/golden-perfume-bottle-HS0502-12x12.webp 12w, https:\/\/theperfumebottles.com\/wp-content\/uploads\/2025\/04\/golden-perfume-bottle-HS0502-600x600.webp 600w, https:\/\/theperfumebottles.com\/wp-content\/uploads\/2025\/04\/golden-perfume-bottle-HS0502-100x100.webp 100w, https:\/\/theperfumebottles.com\/wp-content\/uploads\/2025\/04\/golden-perfume-bottle-HS0502.webp 1000w\" sizes=\"(max-width: 300px) 100vw, 300px\" \/><figcaption id=\"caption-attachment-3005\" class=\"wp-caption-text\">50ml PB-HS0502<\/figcaption><\/figure><\/td>\n<td style=\"width: 54.00pt\" width=\"72\">\n<p><figure id=\"attachment_3006\" aria-describedby=\"caption-attachment-3006\" style=\"width: 300px\" class=\"wp-caption aligncenter\"><img decoding=\"async\" class=\"size-medium wp-image-3006\" src=\"https:\/\/theperfumebottles.com\/wp-content\/uploads\/2025\/04\/golden-perfume-bottle-HS0503-300x300.webp\" alt=\"gyllene parfymflaska\" width=\"300\" height=\"300\" srcset=\"https:\/\/theperfumebottles.com\/wp-content\/uploads\/2025\/04\/golden-perfume-bottle-HS0503-300x300.webp 300w, https:\/\/theperfumebottles.com\/wp-content\/uploads\/2025\/04\/golden-perfume-bottle-HS0503-150x150.webp 150w, https:\/\/theperfumebottles.com\/wp-content\/uploads\/2025\/04\/golden-perfume-bottle-HS0503-768x768.webp 768w, https:\/\/theperfumebottles.com\/wp-content\/uploads\/2025\/04\/golden-perfume-bottle-HS0503-12x12.webp 12w, https:\/\/theperfumebottles.com\/wp-content\/uploads\/2025\/04\/golden-perfume-bottle-HS0503-600x600.webp 600w, https:\/\/theperfumebottles.com\/wp-content\/uploads\/2025\/04\/golden-perfume-bottle-HS0503-100x100.webp 100w, https:\/\/theperfumebottles.com\/wp-content\/uploads\/2025\/04\/golden-perfume-bottle-HS0503.webp 1000w\" sizes=\"(max-width: 300px) 100vw, 300px\" \/><figcaption id=\"caption-attachment-3006\" class=\"wp-caption-text\">100ml PB-HS0503<\/figcaption><\/figure><\/td>\n<\/tr>\n<\/tbody>\n<\/table>\n<h2>Viktiga specifikationer i korthet<\/h2>\n<div class=\"hyc-common-markdown__table-wrapper\">\n<table>\n<thead>\n<tr>\n<th>Modell<\/th>\n<th>Kapacitet<\/th>\n<th>Storlek (H*Dia)<\/th>\n<th>Material<\/th>\n<th>F\u00e4rgdesign<\/th>\n<\/tr>\n<\/thead>\n<tbody>\n<tr>\n<td>PB-HS0501<\/td>\n<td>30 ml<\/td>\n<td>46 * 73 mm<\/td>\n<td>Kristallglas<\/td>\n<td>Transparent + guldf\u00e4rgad bas\/kapsel<\/td>\n<\/tr>\n<tr>\n<td>PB-HS0502<\/td>\n<td>50 ml<\/td>\n<td>51 * 80 mm<\/td>\n<td>Kristallglas<\/td>\n<td>Transparent + guldf\u00e4rgad bas\/kapsel<\/td>\n<\/tr>\n<tr>\n<td>PB-HS0503<\/td>\n<td>100 ml<\/td>\n<td>59 * 94 mm<\/td>\n<td>Kristallglas<\/td>\n<td>Transparent + guldf\u00e4rgad bas\/kapsel<\/td>\n<\/tr>\n<\/tbody>\n<\/table>\n<\/div>\n<hr \/>\n<h2>Varf\u00f6r v\u00e4lja denna serie?<\/h2>\n<ul>\n<li><strong>Anpassa dig till olika scenarier och uppn\u00e5 ett exklusivt doftuttryck:<\/strong> Oavsett om du beh\u00f6ver en liten och b\u00e4rbar 30 ml (1 oz), eller en st\u00f6rre 50 ml (1,7 oz) eller 100 ml (3,4 oz), har vi v\u00e4l avv\u00e4gda storleksalternativ s\u00e5 att varje doft kan hitta sitt mest l\u00e4mpliga \"hem\".<\/li>\n<li><strong>Elegant beh\u00e5llare, svarar lugnt p\u00e5 olika behov:<\/strong> Fr\u00e5n klassisk parfym till fr\u00e4sch cologne, fr\u00e5n daglig kroppsspray till helande eterisk olja - den kan b\u00e4ra din dofthistoria p\u00e5 ett elegant s\u00e4tt, s\u00e5 att varje doft f\u00e5r sitt eget unika uttryck.<\/li>\n<li><strong>Service fr\u00e5n en enda kontaktpunkt:<\/strong> Fr\u00e5n anpassning av glasflaskor till presentf\u00f6rpackningar - skapa kompletta parfymf\u00f6rpackningar.<\/li>\n<\/ul>\n<h2>Frig\u00f6r ditt varum\u00e4rkes potential<\/h2>\n<p>Skapa en parfymserie med gr\u00f6na flaskor eller lansera en lyxig doft med guldaccenter - v\u00e5ra parfymf\u00f6rpackningar i glas anpassar sig till din vision. Med rabatter p\u00e5 bulkbest\u00e4llningar och dedikerad kontosupport \u00e4r vi din p\u00e5litliga tillverkare av framst\u00e5ende parfymflaskor.<\/p>\n<p><strong><a href=\"https:\/\/theperfumebottles.com\/sv\/contact\/\">Skapa din egen design nu<\/a><br \/>\n<\/strong><\/p>","protected":false},"excerpt":{"rendered":"<p>Gyllene parfymflaskor med bergsinspirerade baser - de mest unika f\u00f6rpackningarna f\u00f6r lyxdofter. Anpassningsbara kristallglasflaskor f\u00f6r premiumvarum\u00e4rken.<\/p>","protected":false},"featured_media":3006,"comment_status":"open","ping_status":"closed","template":"","meta":{"_acf_changed":false,"site-sidebar-layout":"default","site-content-layout":"","ast-site-content-layout":"default","site-content-style":"default","site-sidebar-style":"default","ast-global-header-display":"","ast-banner-title-visibility":"","ast-main-header-display":"","ast-hfb-above-header-display":"","ast-hfb-below-header-display":"","ast-hfb-mobile-header-display":"","site-post-title":"","ast-breadcrumbs-content":"","ast-featured-img":"","footer-sml-layout":"","ast-disable-related-posts":"","theme-transparent-header-meta":"default","adv-header-id-meta":"","stick-header-meta":"","header-above-stick-meta":"","header-main-stick-meta":"","header-below-stick-meta":"","astra-migrate-meta-layouts":"set","ast-page-background-enabled":"default","ast-page-background-meta":{"desktop":{"background-color":"var(--ast-global-color-5)","background-image":"","background-repeat":"repeat","background-position":"center center","background-size":"auto","background-attachment":"scroll","background-type":"","background-media":"","overlay-type":"","overlay-color":"","overlay-opacity":"","overlay-gradient":""},"tablet":{"background-color":"","background-image":"","background-repeat":"repeat","background-position":"center center","background-size":"auto","background-attachment":"scroll","background-type":"","background-media":"","overlay-type":"","overlay-color":"","overlay-opacity":"","overlay-gradient":""},"mobile":{"background-color":"","background-image":"","background-repeat":"repeat","background-position":"center center","background-size":"auto","background-attachment":"scroll","background-type":"","background-media":"","overlay-type":"","overlay-color":"","overlay-opacity":"","overlay-gradient":""}},"ast-content-background-meta":{"desktop":{"background-color":"var(--ast-global-color-4)","background-image":"","background-repeat":"repeat","background-position":"center center","background-size":"auto","background-attachment":"scroll","background-type":"","background-media":"","overlay-type":"","overlay-color":"","overlay-opacity":"","overlay-gradient":""},"tablet":{"background-color":"var(--ast-global-color-4)","background-image":"","background-repeat":"repeat","background-position":"center center","background-size":"auto","background-attachment":"scroll","background-type":"","background-media":"","overlay-type":"","overlay-color":"","overlay-opacity":"","overlay-gradient":""},"mobile":{"background-color":"var(--ast-global-color-4)","background-image":"","background-repeat":"repeat","background-position":"center center","background-size":"auto","background-attachment":"scroll","background-type":"","background-media":"","overlay-type":"","overlay-color":"","overlay-opacity":"","overlay-gradient":""}}},"product_brand":[],"product_cat":[72,91,41],"product_tag":[],"class_list":{"0":"post-3000","1":"product","2":"type-product","3":"status-publish","4":"has-post-thumbnail","6":"product_cat-cosmetic-packaging","7":"product_cat-custom-perfume-bottles","8":"product_cat-perfume-bottles","9":"desktop-align-left","10":"tablet-align-left","11":"mobile-align-left","13":"first","14":"instock","15":"shipping-taxable","16":"product-type-simple"},"acf":[],"jetpack_sharing_enabled":true,"_links":{"self":[{"href":"https:\/\/theperfumebottles.com\/sv\/wp-json\/wp\/v2\/product\/3000","targetHints":{"allow":["GET"]}}],"collection":[{"href":"https:\/\/theperfumebottles.com\/sv\/wp-json\/wp\/v2\/product"}],"about":[{"href":"https:\/\/theperfumebottles.com\/sv\/wp-json\/wp\/v2\/types\/product"}],"replies":[{"embeddable":true,"href":"https:\/\/theperfumebottles.com\/sv\/wp-json\/wp\/v2\/comments?post=3000"}],"wp:featuredmedia":[{"embeddable":true,"href":"https:\/\/theperfumebottles.com\/sv\/wp-json\/wp\/v2\/media\/3006"}],"wp:attachment":[{"href":"https:\/\/theperfumebottles.com\/sv\/wp-json\/wp\/v2\/media?parent=3000"}],"wp:term":[{"taxonomy":"product_brand","embeddable":true,"href":"https:\/\/theperfumebottles.com\/sv\/wp-json\/wp\/v2\/product_brand?post=3000"},{"taxonomy":"product_cat","embeddable":true,"href":"https:\/\/theperfumebottles.com\/sv\/wp-json\/wp\/v2\/product_cat?post=3000"},{"taxonomy":"product_tag","embeddable":true,"href":"https:\/\/theperfumebottles.com\/sv\/wp-json\/wp\/v2\/product_tag?post=3000"}],"curies":[{"name":"wp","href":"https:\/\/api.w.org\/{rel}","templated":true}]}}