{"id":3007,"date":"2025-04-09T04:02:22","date_gmt":"2025-04-09T04:02:22","guid":{"rendered":"https:\/\/theperfumebottles.com\/?post_type=product&#038;p=3007"},"modified":"2025-04-17T07:54:20","modified_gmt":"2025-04-17T07:54:20","slug":"30ml-50ml-100ml-red-round-perfume-bottles-with-lava-mountain-base","status":"publish","type":"product","link":"https:\/\/theperfumebottles.com\/sv\/produkt\/30ml-50ml-100ml-red-round-perfume-bottles-with-lava-mountain-base\/","title":{"rendered":"30ml 50ml 100ml r\u00f6da runda parfymflaskor med lavabergsbas"},"content":{"rendered":"<p>F\u00f6r varum\u00e4rken som \u00e4r tr\u00f6tta p\u00e5 tr\u00e5kiga parfymflaskor: M\u00f6t den skulpterade r\u00f6da lavabasen som viskar &#034;lyxig rebell&#034;. V\u00e4lj storlekarna 30 ml\/50 ml\/100 ml \u2013 alla med den d\u00e4r kontrasten mellan sm\u00e4lt sten och kristallglas. Du s\u00e4ljer inte bara doft; du s\u00e4ljer en k\u00e4nsla som ser grym ut p\u00e5 Instagram bredvid b\u00e4nkskivor i marmor.<\/p>\n<table style=\"border-collapse: collapse; margin-left: auto; margin-right: auto; width: 162.03pt;\" border=\"0\" width=\"216\" cellspacing=\"0\" cellpadding=\"0\">\n<tbody>\n<tr style=\"height: 13.50pt;\">\n<td style=\"height: 13.50pt; width: 54.00pt;\" width=\"72\" height=\"18\">\n<p><figure id=\"attachment_3011\" aria-describedby=\"caption-attachment-3011\" style=\"width: 300px\" class=\"wp-caption aligncenter\"><img fetchpriority=\"high\" decoding=\"async\" class=\"size-medium wp-image-3011\" src=\"https:\/\/theperfumebottles.com\/wp-content\/uploads\/2025\/04\/round-perfume-bottle-HS0601-300x300.webp\" alt=\"rund parfymflaska\" width=\"300\" height=\"300\" srcset=\"https:\/\/theperfumebottles.com\/wp-content\/uploads\/2025\/04\/round-perfume-bottle-HS0601-300x300.webp 300w, https:\/\/theperfumebottles.com\/wp-content\/uploads\/2025\/04\/round-perfume-bottle-HS0601-150x150.webp 150w, https:\/\/theperfumebottles.com\/wp-content\/uploads\/2025\/04\/round-perfume-bottle-HS0601-768x768.webp 768w, https:\/\/theperfumebottles.com\/wp-content\/uploads\/2025\/04\/round-perfume-bottle-HS0601-12x12.webp 12w, https:\/\/theperfumebottles.com\/wp-content\/uploads\/2025\/04\/round-perfume-bottle-HS0601-600x600.webp 600w, https:\/\/theperfumebottles.com\/wp-content\/uploads\/2025\/04\/round-perfume-bottle-HS0601-100x100.webp 100w, https:\/\/theperfumebottles.com\/wp-content\/uploads\/2025\/04\/round-perfume-bottle-HS0601.webp 1024w\" sizes=\"(max-width: 300px) 100vw, 300px\" \/><figcaption id=\"caption-attachment-3011\" class=\"wp-caption-text\">30 ml rund parfymflaska<\/figcaption><\/figure><\/td>\n<td style=\"width: 54.00pt;\" width=\"72\">\n<p><figure id=\"attachment_3012\" aria-describedby=\"caption-attachment-3012\" style=\"width: 300px\" class=\"wp-caption aligncenter\"><img decoding=\"async\" class=\"size-medium wp-image-3012\" src=\"https:\/\/theperfumebottles.com\/wp-content\/uploads\/2025\/04\/round-perfume-bottle-HS0602-300x300.webp\" alt=\"rund parfymflaska\" width=\"300\" height=\"300\" srcset=\"https:\/\/theperfumebottles.com\/wp-content\/uploads\/2025\/04\/round-perfume-bottle-HS0602-300x300.webp 300w, https:\/\/theperfumebottles.com\/wp-content\/uploads\/2025\/04\/round-perfume-bottle-HS0602-150x150.webp 150w, https:\/\/theperfumebottles.com\/wp-content\/uploads\/2025\/04\/round-perfume-bottle-HS0602-768x768.webp 768w, https:\/\/theperfumebottles.com\/wp-content\/uploads\/2025\/04\/round-perfume-bottle-HS0602-12x12.webp 12w, https:\/\/theperfumebottles.com\/wp-content\/uploads\/2025\/04\/round-perfume-bottle-HS0602-600x600.webp 600w, https:\/\/theperfumebottles.com\/wp-content\/uploads\/2025\/04\/round-perfume-bottle-HS0602-100x100.webp 100w, https:\/\/theperfumebottles.com\/wp-content\/uploads\/2025\/04\/round-perfume-bottle-HS0602.webp 1024w\" sizes=\"(max-width: 300px) 100vw, 300px\" \/><figcaption id=\"caption-attachment-3012\" class=\"wp-caption-text\">50 ml rund parfymflaska<\/figcaption><\/figure><\/td>\n<td style=\"width: 54.00pt;\" width=\"72\">\n<p><figure id=\"attachment_3013\" aria-describedby=\"caption-attachment-3013\" style=\"width: 300px\" class=\"wp-caption aligncenter\"><img decoding=\"async\" class=\"size-medium wp-image-3013\" src=\"https:\/\/theperfumebottles.com\/wp-content\/uploads\/2025\/04\/round-perfume-bottle-HS0603-300x300.webp\" alt=\"runda parfymflaskor\" width=\"300\" height=\"300\" srcset=\"https:\/\/theperfumebottles.com\/wp-content\/uploads\/2025\/04\/round-perfume-bottle-HS0603-300x300.webp 300w, https:\/\/theperfumebottles.com\/wp-content\/uploads\/2025\/04\/round-perfume-bottle-HS0603-150x150.webp 150w, https:\/\/theperfumebottles.com\/wp-content\/uploads\/2025\/04\/round-perfume-bottle-HS0603-768x768.webp 768w, https:\/\/theperfumebottles.com\/wp-content\/uploads\/2025\/04\/round-perfume-bottle-HS0603-12x12.webp 12w, https:\/\/theperfumebottles.com\/wp-content\/uploads\/2025\/04\/round-perfume-bottle-HS0603-600x600.webp 600w, https:\/\/theperfumebottles.com\/wp-content\/uploads\/2025\/04\/round-perfume-bottle-HS0603-100x100.webp 100w, https:\/\/theperfumebottles.com\/wp-content\/uploads\/2025\/04\/round-perfume-bottle-HS0603.webp 1024w\" sizes=\"(max-width: 300px) 100vw, 300px\" \/><figcaption id=\"caption-attachment-3013\" class=\"wp-caption-text\">100 ml runda parfymflaskor<\/figcaption><\/figure><\/td>\n<\/tr>\n<\/tbody>\n<\/table>\n<h2>Viktiga specifikationer i korthet<\/h2>\n<div class=\"hyc-common-markdown__table-wrapper\">\n<table>\n<thead>\n<tr>\n<th>Modell<\/th>\n<th>Kapacitet<\/th>\n<th>Storlek (H\u00d7Diameter)<\/th>\n<th>Material<\/th>\n<th>F\u00e4rgdesign<\/th>\n<\/tr>\n<\/thead>\n<tbody>\n<tr>\n<td>PB-HS0601<\/td>\n<td>30 ml\/1 oz<\/td>\n<td>73\u00d746 mm<\/td>\n<td>Kristallglas<\/td>\n<td>Transparent + R\u00f6d Lavabas<\/td>\n<\/tr>\n<tr>\n<td>PB-HS0602<\/td>\n<td>50 ml\/1,7 oz<\/td>\n<td>80\u00d751 mm<\/td>\n<td>Kristallglas<\/td>\n<td>Transparent + R\u00f6d Lavabas<\/td>\n<\/tr>\n<tr>\n<td>PB-HS0603<\/td>\n<td>100 ml\/3,4 oz<\/td>\n<td>94\u00d759 mm<\/td>\n<td>Kristallglas<\/td>\n<td>Transparent + R\u00f6d Lavabas<\/td>\n<\/tr>\n<\/tbody>\n<\/table>\n<\/div>\n<p><em>Alla modeller har ett r\u00f6tt metalllock och en standard spraypump. Kompatibel med de flesta krympsystem.<\/em><\/p>\n<h2>Varf\u00f6r v\u00e4lja Volcano-serien?<\/h2>\n<h3><strong>F\u00f6r varum\u00e4rkes\u00e4gare<\/strong><\/h3>\n<ul>\n<li>\u200b<strong>Framtr\u00e4da<\/strong>Den dj\u00e4rva r\u00f6da lavabasen kontrasterar vackert mot konkurrenternas gr\u00f6na flask-cologne eller minimalistiska designer.<\/li>\n<li>\u200b<strong>M\u00e5ngsidiga storlekar<\/strong>Lanseringsprover (30 ml), resestorlekar (50 ml) eller flaggskeppsprodukter (100 ml) med sammanh\u00e4ngande f\u00f6rpackningar.<\/li>\n<li>\u200b<strong>Lyxk\u00e4nsla<\/strong>Tjock glaskonstruktion och viktad bas f\u00f6rmedlar premiumkvalitet.<\/li>\n<\/ul>\n<h3><strong>F\u00f6r handlare<\/strong><\/h3>\n<ul>\n<li>\u200b<strong>H\u00f6g efterfr\u00e5gan<\/strong>R\u00f6da parfymflaskor \u00e4r trendiga f\u00f6r unisex- och s\u00e4songsbetonade dofter.<\/li>\n<li>\u200b<strong>Enkel anpassning<\/strong>Erbjud kunder UV-tryck, f\u00e4rgmatchning av kepsar (guld, silver, gr\u00f6nt) och bulkrabatter.<\/li>\n<li>\u200b<strong>Varaktighet<\/strong>Splitters\u00e4kra parfymflaskor i glas minskar transportriskerna.<\/li>\n<\/ul>\n<h2>Skapa din signaturdoft idag<\/h2>\n<p>Skapa ett konto f\u00f6r att f\u00e5 tillg\u00e5ng till grossistpriser, MOQ-information och 3D-designverktyg. Oavsett om du beh\u00f6ver en specialdesignad r\u00f6d parfymflaska f\u00f6r m\u00e4n eller kvinnor till Alla hj\u00e4rtans dag-kollektionerna, anpassar Volcano-serien sig efter din vision.<\/p>\n<p><a href=\"https:\/\/theperfumebottles.com\/sv\/contact\/\"><em>Kontakta v\u00e5rt tillverkarteam f\u00f6r att beg\u00e4ra prover eller utforska parfymf\u00f6rpackningsl\u00f6sningar med egna etiketter.<\/em><\/a><\/p>","protected":false},"excerpt":{"rendered":"<p>Lyft ditt parfymm\u00e4rke med runda parfymflaskor i Volcano-serien. Dj\u00e4rva r\u00f6da parfymflaskor f\u00f6r m\u00e4n och r\u00f6da parfymflaskor f\u00f6r kvinnor finns i storlekarna 28 ml, 47 ml och 99 ml.<\/p>","protected":false},"featured_media":3013,"comment_status":"open","ping_status":"closed","template":"","meta":{"_acf_changed":false,"site-sidebar-layout":"default","site-content-layout":"","ast-site-content-layout":"default","site-content-style":"default","site-sidebar-style":"default","ast-global-header-display":"","ast-banner-title-visibility":"","ast-main-header-display":"","ast-hfb-above-header-display":"","ast-hfb-below-header-display":"","ast-hfb-mobile-header-display":"","site-post-title":"","ast-breadcrumbs-content":"","ast-featured-img":"","footer-sml-layout":"","ast-disable-related-posts":"","theme-transparent-header-meta":"default","adv-header-id-meta":"","stick-header-meta":"","header-above-stick-meta":"","header-main-stick-meta":"","header-below-stick-meta":"","astra-migrate-meta-layouts":"set","ast-page-background-enabled":"default","ast-page-background-meta":{"desktop":{"background-color":"var(--ast-global-color-5)","background-image":"","background-repeat":"repeat","background-position":"center center","background-size":"auto","background-attachment":"scroll","background-type":"","background-media":"","overlay-type":"","overlay-color":"","overlay-opacity":"","overlay-gradient":""},"tablet":{"background-color":"","background-image":"","background-repeat":"repeat","background-position":"center center","background-size":"auto","background-attachment":"scroll","background-type":"","background-media":"","overlay-type":"","overlay-color":"","overlay-opacity":"","overlay-gradient":""},"mobile":{"background-color":"","background-image":"","background-repeat":"repeat","background-position":"center center","background-size":"auto","background-attachment":"scroll","background-type":"","background-media":"","overlay-type":"","overlay-color":"","overlay-opacity":"","overlay-gradient":""}},"ast-content-background-meta":{"desktop":{"background-color":"var(--ast-global-color-4)","background-image":"","background-repeat":"repeat","background-position":"center center","background-size":"auto","background-attachment":"scroll","background-type":"","background-media":"","overlay-type":"","overlay-color":"","overlay-opacity":"","overlay-gradient":""},"tablet":{"background-color":"var(--ast-global-color-4)","background-image":"","background-repeat":"repeat","background-position":"center center","background-size":"auto","background-attachment":"scroll","background-type":"","background-media":"","overlay-type":"","overlay-color":"","overlay-opacity":"","overlay-gradient":""},"mobile":{"background-color":"var(--ast-global-color-4)","background-image":"","background-repeat":"repeat","background-position":"center center","background-size":"auto","background-attachment":"scroll","background-type":"","background-media":"","overlay-type":"","overlay-color":"","overlay-opacity":"","overlay-gradient":""}}},"product_brand":[],"product_cat":[72,91,41],"product_tag":[],"class_list":{"0":"post-3007","1":"product","2":"type-product","3":"status-publish","4":"has-post-thumbnail","6":"product_cat-cosmetic-packaging","7":"product_cat-custom-perfume-bottles","8":"product_cat-perfume-bottles","9":"desktop-align-left","10":"tablet-align-left","11":"mobile-align-left","13":"first","14":"instock","15":"shipping-taxable","16":"product-type-simple"},"acf":[],"jetpack_sharing_enabled":true,"_links":{"self":[{"href":"https:\/\/theperfumebottles.com\/sv\/wp-json\/wp\/v2\/product\/3007","targetHints":{"allow":["GET"]}}],"collection":[{"href":"https:\/\/theperfumebottles.com\/sv\/wp-json\/wp\/v2\/product"}],"about":[{"href":"https:\/\/theperfumebottles.com\/sv\/wp-json\/wp\/v2\/types\/product"}],"replies":[{"embeddable":true,"href":"https:\/\/theperfumebottles.com\/sv\/wp-json\/wp\/v2\/comments?post=3007"}],"wp:featuredmedia":[{"embeddable":true,"href":"https:\/\/theperfumebottles.com\/sv\/wp-json\/wp\/v2\/media\/3013"}],"wp:attachment":[{"href":"https:\/\/theperfumebottles.com\/sv\/wp-json\/wp\/v2\/media?parent=3007"}],"wp:term":[{"taxonomy":"product_brand","embeddable":true,"href":"https:\/\/theperfumebottles.com\/sv\/wp-json\/wp\/v2\/product_brand?post=3007"},{"taxonomy":"product_cat","embeddable":true,"href":"https:\/\/theperfumebottles.com\/sv\/wp-json\/wp\/v2\/product_cat?post=3007"},{"taxonomy":"product_tag","embeddable":true,"href":"https:\/\/theperfumebottles.com\/sv\/wp-json\/wp\/v2\/product_tag?post=3007"}],"curies":[{"name":"wp","href":"https:\/\/api.w.org\/{rel}","templated":true}]}}