{"id":3070,"date":"2025-04-16T05:58:27","date_gmt":"2025-04-16T05:58:27","guid":{"rendered":"https:\/\/theperfumebottles.com\/?post_type=product&#038;p=3070"},"modified":"2025-05-28T19:27:39","modified_gmt":"2025-05-28T11:27:39","slug":"square-100-ml-empty-spray-bottles-custom-perfume-packaging","status":"publish","type":"product","link":"https:\/\/theperfumebottles.com\/sv\/produkt\/square-100-ml-empty-spray-bottles-custom-perfume-packaging\/","title":{"rendered":"Fyrkantiga 100 ml tomma sprayflaskor Anpassad parfymf\u00f6rpackning"},"content":{"rendered":"<p>V\u00e5r YX04-serie av parfymflaskor i glas kombinerar elegans och praktiskhet. V\u00e5ra 100 ml tomma sprayflaskor \u00e4r ett perfekt val f\u00f6r exklusiva varum\u00e4rken med sin stabila glasbas och lyxiga k\u00e4nsla som skyddar v\u00e4rdefulla dofter.<\/p>\n<h2><strong>Specifikationer<\/strong><\/h2>\n<div class=\"hyc-common-markdown__table-wrapper\">\n<table>\n<thead>\n<tr>\n<th>Attribut<\/th>\n<th>Detaljer<\/th>\n<\/tr>\n<\/thead>\n<tbody>\n<tr>\n<td>Modell<\/td>\n<td>MH-YX04<\/td>\n<\/tr>\n<tr>\n<td>Kapacitet<\/td>\n<td>100 ml (anpassade storlekar finns tillg\u00e4ngliga)<\/td>\n<\/tr>\n<tr>\n<td>Material<\/td>\n<td>Klart glas med tjock bas<\/td>\n<\/tr>\n<tr>\n<td>F\u00e4rgalternativ<\/td>\n<td>Transparent kropp, svart\/specialdesignat lock<\/td>\n<\/tr>\n<tr>\n<td>Certifieringar<\/td>\n<td>CE, ISO, REACH, BSCI, s\u00e4kerhetsdatablad<\/td>\n<\/tr>\n<tr>\n<td>Ledtid<\/td>\n<td>7\u201315 dagar (lager), 30\u201345 dagar (kundanpassad)<\/td>\n<\/tr>\n<\/tbody>\n<\/table>\n<\/div>\n<h2>F\u00f6rdelar:<\/h2>\n<p>Oavsett om du \u00e4r en startup eller ett etablerat varum\u00e4rke, l\u00f6ser dessa 100 ml tomma sprayflaskor tv\u00e5 viktiga behov: f\u00f6rpackning som imponerar p\u00e5 kunderna och logistik som sparar tid. Den konkava b\u00e4ltesdetaljen ger en touch av stil utan att \u00f6verbelasta din etikett, och den anpassningsbara korkf\u00e4rgen l\u00e5ter dig v\u00e4lja varum\u00e4rkesdetaljer som st\u00e4mmer \u00f6verens med din varum\u00e4rkesstil.<\/p>\n<h2>F\u00f6rslag:<\/h2>\n<p>Dekorera med tofsar eller gulddetaljer f\u00f6r en festlig present. Kontakta oss f\u00f6r att beg\u00e4ra ett prov, s\u00e5 hj\u00e4lper vi dig att skapa en of\u00f6rgl\u00f6mlig doftupplevelse.<\/p>","protected":false},"excerpt":{"rendered":"<p>Uppt\u00e4ck v\u00e5ra 100 ml tomma parfymsprayflaskor med anpassningsbara designer. Storbest\u00e4llningar, snabb leverans och p\u00e5litliga certifieringar f\u00f6r din parfymverksamhet.<\/p>","protected":false},"featured_media":3072,"comment_status":"open","ping_status":"closed","template":"","meta":{"_acf_changed":false,"site-sidebar-layout":"default","site-content-layout":"","ast-site-content-layout":"default","site-content-style":"default","site-sidebar-style":"default","ast-global-header-display":"","ast-banner-title-visibility":"","ast-main-header-display":"","ast-hfb-above-header-display":"","ast-hfb-below-header-display":"","ast-hfb-mobile-header-display":"","site-post-title":"","ast-breadcrumbs-content":"","ast-featured-img":"","footer-sml-layout":"","ast-disable-related-posts":"","theme-transparent-header-meta":"default","adv-header-id-meta":"","stick-header-meta":"","header-above-stick-meta":"","header-main-stick-meta":"","header-below-stick-meta":"","astra-migrate-meta-layouts":"set","ast-page-background-enabled":"default","ast-page-background-meta":{"desktop":{"background-color":"var(--ast-global-color-5)","background-image":"","background-repeat":"repeat","background-position":"center center","background-size":"auto","background-attachment":"scroll","background-type":"","background-media":"","overlay-type":"","overlay-color":"","overlay-opacity":"","overlay-gradient":""},"tablet":{"background-color":"","background-image":"","background-repeat":"repeat","background-position":"center center","background-size":"auto","background-attachment":"scroll","background-type":"","background-media":"","overlay-type":"","overlay-color":"","overlay-opacity":"","overlay-gradient":""},"mobile":{"background-color":"","background-image":"","background-repeat":"repeat","background-position":"center center","background-size":"auto","background-attachment":"scroll","background-type":"","background-media":"","overlay-type":"","overlay-color":"","overlay-opacity":"","overlay-gradient":""}},"ast-content-background-meta":{"desktop":{"background-color":"var(--ast-global-color-4)","background-image":"","background-repeat":"repeat","background-position":"center center","background-size":"auto","background-attachment":"scroll","background-type":"","background-media":"","overlay-type":"","overlay-color":"","overlay-opacity":"","overlay-gradient":""},"tablet":{"background-color":"var(--ast-global-color-4)","background-image":"","background-repeat":"repeat","background-position":"center center","background-size":"auto","background-attachment":"scroll","background-type":"","background-media":"","overlay-type":"","overlay-color":"","overlay-opacity":"","overlay-gradient":""},"mobile":{"background-color":"var(--ast-global-color-4)","background-image":"","background-repeat":"repeat","background-position":"center center","background-size":"auto","background-attachment":"scroll","background-type":"","background-media":"","overlay-type":"","overlay-color":"","overlay-opacity":"","overlay-gradient":""}}},"product_brand":[],"product_cat":[72,91,41],"product_tag":[],"class_list":{"0":"post-3070","1":"product","2":"type-product","3":"status-publish","4":"has-post-thumbnail","6":"product_cat-cosmetic-packaging","7":"product_cat-custom-perfume-bottles","8":"product_cat-perfume-bottles","9":"desktop-align-left","10":"tablet-align-left","11":"mobile-align-left","13":"first","14":"instock","15":"shipping-taxable","16":"product-type-simple"},"acf":[],"jetpack_sharing_enabled":true,"_links":{"self":[{"href":"https:\/\/theperfumebottles.com\/sv\/wp-json\/wp\/v2\/product\/3070","targetHints":{"allow":["GET"]}}],"collection":[{"href":"https:\/\/theperfumebottles.com\/sv\/wp-json\/wp\/v2\/product"}],"about":[{"href":"https:\/\/theperfumebottles.com\/sv\/wp-json\/wp\/v2\/types\/product"}],"replies":[{"embeddable":true,"href":"https:\/\/theperfumebottles.com\/sv\/wp-json\/wp\/v2\/comments?post=3070"}],"wp:featuredmedia":[{"embeddable":true,"href":"https:\/\/theperfumebottles.com\/sv\/wp-json\/wp\/v2\/media\/3072"}],"wp:attachment":[{"href":"https:\/\/theperfumebottles.com\/sv\/wp-json\/wp\/v2\/media?parent=3070"}],"wp:term":[{"taxonomy":"product_brand","embeddable":true,"href":"https:\/\/theperfumebottles.com\/sv\/wp-json\/wp\/v2\/product_brand?post=3070"},{"taxonomy":"product_cat","embeddable":true,"href":"https:\/\/theperfumebottles.com\/sv\/wp-json\/wp\/v2\/product_cat?post=3070"},{"taxonomy":"product_tag","embeddable":true,"href":"https:\/\/theperfumebottles.com\/sv\/wp-json\/wp\/v2\/product_tag?post=3070"}],"curies":[{"name":"wp","href":"https:\/\/api.w.org\/{rel}","templated":true}]}}