{"id":3081,"date":"2025-04-16T09:14:49","date_gmt":"2025-04-16T09:14:49","guid":{"rendered":"https:\/\/theperfumebottles.com\/?post_type=product&#038;p=3081"},"modified":"2026-04-07T15:47:10","modified_gmt":"2026-04-07T07:47:10","slug":"1-oz-30-ml-perfume-bottle-with-customizable-design","status":"publish","type":"product","link":"https:\/\/theperfumebottles.com\/sv\/produkt\/1-oz-30-ml-perfume-bottle-with-customizable-design\/","title":{"rendered":"30 ml parfymflaska med anpassningsbar design"},"content":{"rendered":"<p>Idag rekommenderar vi en utm\u00e4rkt YX06 30 ml parfymflaska i glas. 30 ml parfymflaskan har ett viktigt designelement som anv\u00e4nder ultraklart glas f\u00f6r sin rektangul\u00e4ra form och i kombination med ett silverf\u00f6rkromat spraymunstycke skapar en subtil lyxig effekt.<\/p>\n<h2>Viktiga specifikationer<\/h2>\n<div>\n<table class=\"aligncenter\" style=\"border-collapse: collapse; width: 524.27pt;\" border=\"0\" width=\"699\" cellspacing=\"0\" cellpadding=\"0\">\n<tbody>\n<tr style=\"height: 13.50pt;\">\n<td style=\"height: 13.50pt; width: 96.75pt;\" width=\"129\" height=\"18\">S\u00e4rdrag<\/td>\n<td style=\"width: 427.50pt;\" width=\"570\">Detaljer<\/td>\n<\/tr>\n<tr style=\"height: 13.50pt;\">\n<td style=\"height: 13.50pt;\" height=\"18\">Modell<\/td>\n<td>PB-YX06<\/td>\n<\/tr>\n<tr style=\"height: 13.50pt;\">\n<td style=\"height: 13.50pt;\" height=\"18\">Kapacitet<\/td>\n<td>30 ml (1 oz)<\/td>\n<\/tr>\n<tr style=\"height: 13.50pt;\">\n<td style=\"height: 13.50pt;\" height=\"18\">M\u00e5tt<\/td>\n<td>37 \u00d7 25 \u00d7 95 mm<\/td>\n<\/tr>\n<tr style=\"height: 13.50pt;\">\n<td style=\"height: 13.50pt;\" height=\"18\">Ytalternativ<\/td>\n<td>Frostat glas, silkscreentryck, varmst\u00e4mpling, anpassade f\u00e4rgdesigner<\/td>\n<\/tr>\n<tr style=\"height: 13.50pt;\">\n<td style=\"height: 13.50pt;\" height=\"18\">Certifieringar<\/td>\n<td>ISO, CE, REACH, BSCI, s\u00e4kerhetsdatablad<\/td>\n<\/tr>\n<tr style=\"height: 13.50pt;\">\n<td style=\"height: 13.50pt;\" height=\"18\">F\u00f6rpackning<\/td>\n<td>Anpassningsbara kartonger eller tr\u00e4pallar f\u00f6r bulkbest\u00e4llningar<\/td>\n<\/tr>\n<tr style=\"height: 13.50pt;\">\n<td style=\"height: 13.50pt;\" height=\"18\">Ledtid<\/td>\n<td>7\u201315 dagar (lager); 30\u201345 dagar (kundanpassad)<\/td>\n<\/tr>\n<\/tbody>\n<\/table>\n<\/div>\n<h2>Om bulkordrar<\/h2>\n<p>Oavsett om du beh\u00f6ver k\u00f6pa 500 eller 50 000 stycken kan vi erbjuda flexibla och varierade f\u00f6rpackningsalternativ och s\u00e4kerst\u00e4lla snabb leverans. Lagervaror kan skickas inom 1 till 2 veckor, och specialanpassade produkter levereras vanligtvis inom 30 till 45 dagar f\u00f6r att s\u00e4kerst\u00e4lla att best\u00e4llningen slutf\u00f6rs i tid.<\/p>\n<h2>F\u00f6rslag p\u00e5 anpassning av parfymflaskor p\u00e5 30 ml<\/h2>\n<ul>\n<li>Variationer i kvadratiska proportioner: Skapa nya produktdesigner genom att utveckla flaskformer som inkluderar h\u00f6ga smala och korta breda fyrkantiga beh\u00e5llare som bibeh\u00e5ller sitt estetiska v\u00e4rde genom hela produktlinjen.<\/li>\n<li>Magnetisk kapsyl: Kapsylen har en s\u00e4ker magnetisk f\u00f6rsegling som ger anv\u00e4ndarna en kontinuerlig yta, vilket f\u00f6rb\u00e4ttrar deras interaktion med produkten.<\/li>\n<li>Avancerad sprutanpassning: Sprutmunstycket g\u00f6r det m\u00f6jligt f\u00f6r anv\u00e4ndare att \u00e4ndra f\u00e4rg och form samt justera sprutm\u00f6nstret tills de uppn\u00e5r \u00f6nskat resultat.<\/li>\n<\/ul>","protected":false},"excerpt":{"rendered":"<p>Uppt\u00e4ck eleganta parfymflaskor p\u00e5 30 ml (28 g) med anpassningsbara designer, alternativ f\u00f6r bulkf\u00f6rs\u00e4ljning och snabb leverans. Perfekt f\u00f6r parfymm\u00e4rken och leverant\u00f6rer.<\/p>","protected":false},"featured_media":3082,"comment_status":"open","ping_status":"closed","template":"","meta":{"_acf_changed":false,"site-sidebar-layout":"default","site-content-layout":"","ast-site-content-layout":"default","site-content-style":"default","site-sidebar-style":"default","ast-global-header-display":"","ast-banner-title-visibility":"","ast-main-header-display":"","ast-hfb-above-header-display":"","ast-hfb-below-header-display":"","ast-hfb-mobile-header-display":"","site-post-title":"","ast-breadcrumbs-content":"","ast-featured-img":"","footer-sml-layout":"","ast-disable-related-posts":"","theme-transparent-header-meta":"default","adv-header-id-meta":"","stick-header-meta":"","header-above-stick-meta":"","header-main-stick-meta":"","header-below-stick-meta":"","astra-migrate-meta-layouts":"set","ast-page-background-enabled":"default","ast-page-background-meta":{"desktop":{"background-color":"var(--ast-global-color-5)","background-image":"","background-repeat":"repeat","background-position":"center center","background-size":"auto","background-attachment":"scroll","background-type":"","background-media":"","overlay-type":"","overlay-color":"","overlay-opacity":"","overlay-gradient":""},"tablet":{"background-color":"","background-image":"","background-repeat":"repeat","background-position":"center center","background-size":"auto","background-attachment":"scroll","background-type":"","background-media":"","overlay-type":"","overlay-color":"","overlay-opacity":"","overlay-gradient":""},"mobile":{"background-color":"","background-image":"","background-repeat":"repeat","background-position":"center center","background-size":"auto","background-attachment":"scroll","background-type":"","background-media":"","overlay-type":"","overlay-color":"","overlay-opacity":"","overlay-gradient":""}},"ast-content-background-meta":{"desktop":{"background-color":"var(--ast-global-color-4)","background-image":"","background-repeat":"repeat","background-position":"center center","background-size":"auto","background-attachment":"scroll","background-type":"","background-media":"","overlay-type":"","overlay-color":"","overlay-opacity":"","overlay-gradient":""},"tablet":{"background-color":"var(--ast-global-color-4)","background-image":"","background-repeat":"repeat","background-position":"center center","background-size":"auto","background-attachment":"scroll","background-type":"","background-media":"","overlay-type":"","overlay-color":"","overlay-opacity":"","overlay-gradient":""},"mobile":{"background-color":"var(--ast-global-color-4)","background-image":"","background-repeat":"repeat","background-position":"center center","background-size":"auto","background-attachment":"scroll","background-type":"","background-media":"","overlay-type":"","overlay-color":"","overlay-opacity":"","overlay-gradient":""}}},"product_brand":[],"product_cat":[91,72,41],"product_tag":[],"class_list":{"0":"post-3081","1":"product","2":"type-product","3":"status-publish","4":"has-post-thumbnail","6":"product_cat-custom-perfume-bottles","7":"product_cat-cosmetic-packaging","8":"product_cat-perfume-bottles","9":"desktop-align-left","10":"tablet-align-left","11":"mobile-align-left","13":"first","14":"instock","15":"shipping-taxable","16":"product-type-simple"},"acf":[],"jetpack_sharing_enabled":true,"_links":{"self":[{"href":"https:\/\/theperfumebottles.com\/sv\/wp-json\/wp\/v2\/product\/3081","targetHints":{"allow":["GET"]}}],"collection":[{"href":"https:\/\/theperfumebottles.com\/sv\/wp-json\/wp\/v2\/product"}],"about":[{"href":"https:\/\/theperfumebottles.com\/sv\/wp-json\/wp\/v2\/types\/product"}],"replies":[{"embeddable":true,"href":"https:\/\/theperfumebottles.com\/sv\/wp-json\/wp\/v2\/comments?post=3081"}],"wp:featuredmedia":[{"embeddable":true,"href":"https:\/\/theperfumebottles.com\/sv\/wp-json\/wp\/v2\/media\/3082"}],"wp:attachment":[{"href":"https:\/\/theperfumebottles.com\/sv\/wp-json\/wp\/v2\/media?parent=3081"}],"wp:term":[{"taxonomy":"product_brand","embeddable":true,"href":"https:\/\/theperfumebottles.com\/sv\/wp-json\/wp\/v2\/product_brand?post=3081"},{"taxonomy":"product_cat","embeddable":true,"href":"https:\/\/theperfumebottles.com\/sv\/wp-json\/wp\/v2\/product_cat?post=3081"},{"taxonomy":"product_tag","embeddable":true,"href":"https:\/\/theperfumebottles.com\/sv\/wp-json\/wp\/v2\/product_tag?post=3081"}],"curies":[{"name":"wp","href":"https:\/\/api.w.org\/{rel}","templated":true}]}}