{"id":3099,"date":"2025-04-18T07:05:07","date_gmt":"2025-04-18T07:05:07","guid":{"rendered":"https:\/\/theperfumebottles.com\/?post_type=product&#038;p=3099"},"modified":"2025-05-28T19:24:10","modified_gmt":"2025-05-28T11:24:10","slug":"custom-100ml-cool-perfume-bottles-aftershave-bottles-for-wholesale","status":"publish","type":"product","link":"https:\/\/theperfumebottles.com\/sv\/produkt\/custom-100ml-cool-perfume-bottles-aftershave-bottles-for-wholesale\/","title":{"rendered":"Anpassade 100ml coola parfymflaskor och aftershaveflaskor f\u00f6r grossistf\u00f6rs\u00e4ljning"},"content":{"rendered":"<p>V\u00e5ra rektangul\u00e4ra parfymflaskor blandar skarpa kanter med flytande metalliska accenter - gyllene spraymunstycken kontrasterar mot eleganta glashalsar, vilket skapar ljusbrytande drama som f\u00f6rkroppsligar banbrytande estetik.<\/p>\n<h2><strong>Specifikationer<\/strong><\/h2>\n<table>\n<thead>\n<tr>\n<th><strong>S\u00e4rdrag<\/strong><\/th>\n<th><strong>Detaljer<\/strong><\/th>\n<\/tr>\n<\/thead>\n<tbody>\n<tr>\n<td><strong>Modell<\/strong><\/td>\n<td>PB-YX08<\/td>\n<\/tr>\n<tr>\n<td><strong>Form<\/strong><\/td>\n<td>Rektangul\u00e4r<\/td>\n<\/tr>\n<tr>\n<td><strong>Kapacitet<\/strong><\/td>\n<td>100 ml (3,4 oz)<\/td>\n<\/tr>\n<tr>\n<td><strong>Topp<\/strong><\/td>\n<td>Sf\u00e4riskt lock med spraymunstycke<\/td>\n<\/tr>\n<tr>\n<td><strong>M\u00e5tt<\/strong><\/td>\n<td>55 mm (B) \u00d7 30 mm (D) \u00d7 118 mm (H)<\/td>\n<\/tr>\n<tr>\n<td><strong>Ytalternativ<\/strong><\/td>\n<td>Sandbl\u00e4string, screentryck, f\u00f6rgyllning, sprutning, pr\u00e4gling, polering, dekaler<\/td>\n<\/tr>\n<tr>\n<td><strong>Certifieringar<\/strong><\/td>\n<td>CE, ISO, BSCI, REACH<\/td>\n<\/tr>\n<tr>\n<td><strong>F\u00f6rpackningsalternativ<\/strong><\/td>\n<td>Tr\u00e4pall, kartonger eller anpassade f\u00f6rpackningar<\/td>\n<\/tr>\n<\/tbody>\n<\/table>\n<h2>Tips om f\u00f6rpackningar:<\/h2>\n<p>Ett varum\u00e4rke anv\u00e4nde den h\u00e4r flaskan som beh\u00e5llare f\u00f6r sin nya aftershave. Genom att l\u00e4gga till en mattsvart yta och guldpr\u00e4gling skapade de en elegant och nerv\u00f6s estetik, vilket \u00f6kade deras synlighet i online-s\u00f6kningar. Flaskornas h\u00e5llbarhet och CE-certifiering gjorde att de snabbt kunde ta sig in p\u00e5 den europeiska marknaden.<\/p>","protected":false},"excerpt":{"rendered":"<p>Uppt\u00e4ck 100ml coola parfymflaskor &amp; aftershaveflaskor f\u00f6r ditt parfymf\u00f6retag. Anpassa design, snabba grossistbest\u00e4llningar och globala certifieringar.<\/p>","protected":false},"featured_media":3101,"comment_status":"open","ping_status":"closed","template":"","meta":{"_acf_changed":false,"site-sidebar-layout":"default","site-content-layout":"","ast-site-content-layout":"default","site-content-style":"default","site-sidebar-style":"default","ast-global-header-display":"","ast-banner-title-visibility":"","ast-main-header-display":"","ast-hfb-above-header-display":"","ast-hfb-below-header-display":"","ast-hfb-mobile-header-display":"","site-post-title":"","ast-breadcrumbs-content":"","ast-featured-img":"","footer-sml-layout":"","ast-disable-related-posts":"","theme-transparent-header-meta":"default","adv-header-id-meta":"","stick-header-meta":"","header-above-stick-meta":"","header-main-stick-meta":"","header-below-stick-meta":"","astra-migrate-meta-layouts":"set","ast-page-background-enabled":"default","ast-page-background-meta":{"desktop":{"background-color":"var(--ast-global-color-5)","background-image":"","background-repeat":"repeat","background-position":"center center","background-size":"auto","background-attachment":"scroll","background-type":"","background-media":"","overlay-type":"","overlay-color":"","overlay-opacity":"","overlay-gradient":""},"tablet":{"background-color":"","background-image":"","background-repeat":"repeat","background-position":"center center","background-size":"auto","background-attachment":"scroll","background-type":"","background-media":"","overlay-type":"","overlay-color":"","overlay-opacity":"","overlay-gradient":""},"mobile":{"background-color":"","background-image":"","background-repeat":"repeat","background-position":"center center","background-size":"auto","background-attachment":"scroll","background-type":"","background-media":"","overlay-type":"","overlay-color":"","overlay-opacity":"","overlay-gradient":""}},"ast-content-background-meta":{"desktop":{"background-color":"var(--ast-global-color-4)","background-image":"","background-repeat":"repeat","background-position":"center center","background-size":"auto","background-attachment":"scroll","background-type":"","background-media":"","overlay-type":"","overlay-color":"","overlay-opacity":"","overlay-gradient":""},"tablet":{"background-color":"var(--ast-global-color-4)","background-image":"","background-repeat":"repeat","background-position":"center center","background-size":"auto","background-attachment":"scroll","background-type":"","background-media":"","overlay-type":"","overlay-color":"","overlay-opacity":"","overlay-gradient":""},"mobile":{"background-color":"var(--ast-global-color-4)","background-image":"","background-repeat":"repeat","background-position":"center center","background-size":"auto","background-attachment":"scroll","background-type":"","background-media":"","overlay-type":"","overlay-color":"","overlay-opacity":"","overlay-gradient":""}}},"product_brand":[],"product_cat":[72,91],"product_tag":[],"class_list":{"0":"post-3099","1":"product","2":"type-product","3":"status-publish","4":"has-post-thumbnail","6":"product_cat-cosmetic-packaging","7":"product_cat-custom-perfume-bottles","8":"desktop-align-left","9":"tablet-align-left","10":"mobile-align-left","12":"first","13":"instock","14":"shipping-taxable","15":"product-type-simple"},"acf":[],"jetpack_sharing_enabled":true,"_links":{"self":[{"href":"https:\/\/theperfumebottles.com\/sv\/wp-json\/wp\/v2\/product\/3099","targetHints":{"allow":["GET"]}}],"collection":[{"href":"https:\/\/theperfumebottles.com\/sv\/wp-json\/wp\/v2\/product"}],"about":[{"href":"https:\/\/theperfumebottles.com\/sv\/wp-json\/wp\/v2\/types\/product"}],"replies":[{"embeddable":true,"href":"https:\/\/theperfumebottles.com\/sv\/wp-json\/wp\/v2\/comments?post=3099"}],"wp:featuredmedia":[{"embeddable":true,"href":"https:\/\/theperfumebottles.com\/sv\/wp-json\/wp\/v2\/media\/3101"}],"wp:attachment":[{"href":"https:\/\/theperfumebottles.com\/sv\/wp-json\/wp\/v2\/media?parent=3099"}],"wp:term":[{"taxonomy":"product_brand","embeddable":true,"href":"https:\/\/theperfumebottles.com\/sv\/wp-json\/wp\/v2\/product_brand?post=3099"},{"taxonomy":"product_cat","embeddable":true,"href":"https:\/\/theperfumebottles.com\/sv\/wp-json\/wp\/v2\/product_cat?post=3099"},{"taxonomy":"product_tag","embeddable":true,"href":"https:\/\/theperfumebottles.com\/sv\/wp-json\/wp\/v2\/product_tag?post=3099"}],"curies":[{"name":"wp","href":"https:\/\/api.w.org\/{rel}","templated":true}]}}