{"id":3112,"date":"2025-04-21T07:10:15","date_gmt":"2025-04-21T07:10:15","guid":{"rendered":"https:\/\/theperfumebottles.com\/?post_type=product&#038;p=3112"},"modified":"2025-05-26T15:53:47","modified_gmt":"2025-05-26T07:53:47","slug":"customizable-50ml-100ml-big-flat-perfume-bottles","status":"publish","type":"product","link":"https:\/\/theperfumebottles.com\/sv\/produkt\/customizable-50ml-100ml-big-flat-perfume-bottles\/","title":{"rendered":"Anpassningsbara 50ml 100ml stora och platta parfymflaskor"},"content":{"rendered":"<p>V\u00e5r parfymflaska PB-YX11 \u00e4r elegant och enkel, med en vanlig rektangul\u00e4r form, rundade h\u00f6rn, tydliga konturer och mjuka \u00f6vergripande linjer. Det transparenta glaset har en sl\u00e4t yta och en transparent textur. Locket \u00e4r UV-pl\u00e4terat med guld och silver, och toppen \u00e4r dekorerad med en rund dekoration, vilket ger den \u00f6vergripande enkla och uts\u00f6kta moderna stilen.<\/p>\n<table style=\"border-collapse: collapse;margin-left: auto;margin-right: auto;width: 108.03pt\" border=\"0\" width=\"144\" cellspacing=\"0\" cellpadding=\"0\">\n<tbody>\n<tr style=\"height: 13.50pt\">\n<td style=\"height: 13.50pt;width: 54.00pt\" width=\"72\" height=\"18\">\n<p><figure id=\"attachment_3117\" aria-describedby=\"caption-attachment-3117\" style=\"width: 300px\" class=\"wp-caption aligncenter\"><img fetchpriority=\"high\" decoding=\"async\" class=\"wp-image-3117 size-medium\" src=\"https:\/\/theperfumebottles.com\/wp-content\/uploads\/2025\/04\/flat-perfume-bottle-YX1101-300x300.webp\" alt=\"platt parfymflaska\" width=\"300\" height=\"300\" srcset=\"https:\/\/theperfumebottles.com\/wp-content\/uploads\/2025\/04\/flat-perfume-bottle-YX1101-300x300.webp 300w, https:\/\/theperfumebottles.com\/wp-content\/uploads\/2025\/04\/flat-perfume-bottle-YX1101-150x150.webp 150w, https:\/\/theperfumebottles.com\/wp-content\/uploads\/2025\/04\/flat-perfume-bottle-YX1101-768x768.webp 768w, https:\/\/theperfumebottles.com\/wp-content\/uploads\/2025\/04\/flat-perfume-bottle-YX1101-12x12.webp 12w, https:\/\/theperfumebottles.com\/wp-content\/uploads\/2025\/04\/flat-perfume-bottle-YX1101-600x600.webp 600w, https:\/\/theperfumebottles.com\/wp-content\/uploads\/2025\/04\/flat-perfume-bottle-YX1101-100x100.webp 100w, https:\/\/theperfumebottles.com\/wp-content\/uploads\/2025\/04\/flat-perfume-bottle-YX1101.webp 1000w\" sizes=\"(max-width: 300px) 100vw, 300px\" \/><figcaption id=\"caption-attachment-3117\" class=\"wp-caption-text\">50 ml platt parfymflaska<\/figcaption><\/figure><\/td>\n<td style=\"width: 54.00pt\" width=\"72\">\n<p><figure id=\"attachment_3113\" aria-describedby=\"caption-attachment-3113\" style=\"width: 300px\" class=\"wp-caption aligncenter\"><img decoding=\"async\" class=\"size-medium wp-image-3113\" src=\"https:\/\/theperfumebottles.com\/wp-content\/uploads\/2025\/04\/flat-perfume-bottle-YX1102-300x300.webp\" alt=\"platt parfymflaska\" width=\"300\" height=\"300\" srcset=\"https:\/\/theperfumebottles.com\/wp-content\/uploads\/2025\/04\/flat-perfume-bottle-YX1102-300x300.webp 300w, https:\/\/theperfumebottles.com\/wp-content\/uploads\/2025\/04\/flat-perfume-bottle-YX1102-150x150.webp 150w, https:\/\/theperfumebottles.com\/wp-content\/uploads\/2025\/04\/flat-perfume-bottle-YX1102-768x768.webp 768w, https:\/\/theperfumebottles.com\/wp-content\/uploads\/2025\/04\/flat-perfume-bottle-YX1102-12x12.webp 12w, https:\/\/theperfumebottles.com\/wp-content\/uploads\/2025\/04\/flat-perfume-bottle-YX1102-600x600.webp 600w, https:\/\/theperfumebottles.com\/wp-content\/uploads\/2025\/04\/flat-perfume-bottle-YX1102-100x100.webp 100w, https:\/\/theperfumebottles.com\/wp-content\/uploads\/2025\/04\/flat-perfume-bottle-YX1102.webp 1000w\" sizes=\"(max-width: 300px) 100vw, 300px\" \/><figcaption id=\"caption-attachment-3113\" class=\"wp-caption-text\">100 ml platt parfymflaska<\/figcaption><\/figure><\/td>\n<\/tr>\n<\/tbody>\n<\/table>\n<h2>Specifikation<\/h2>\n<table width=\"80%\">\n<tbody>\n<tr>\n<td width=\"131\">Specifikation<\/td>\n<td width=\"249\">PB-YX1101<\/td>\n<td width=\"293\">PB-YX1102<\/td>\n<\/tr>\n<tr>\n<td>Kapacitet<\/td>\n<td>50 ml<\/td>\n<td>100 ml<\/td>\n<\/tr>\n<tr>\n<td>M\u00e5tt<\/td>\n<td>62mm * 22mm * 88mm, 15 mm<\/td>\n<td>74mm * 26mm * 110mm, kaliber 15 mm<\/td>\n<\/tr>\n<tr>\n<td>Kaliber<\/td>\n<td>15 mm<\/td>\n<td>15 mm<\/td>\n<\/tr>\n<tr>\n<td>Glasf\u00e4rg<\/td>\n<td>Transparent, anpassningsbar<\/td>\n<td>Transparent, anpassningsbar<\/td>\n<\/tr>\n<tr>\n<td>F\u00e4rger p\u00e5 kepsarna<\/td>\n<td>Guld, silver, anpassningsbar<\/td>\n<td>Guld, silver, anpassningsbar<\/td>\n<\/tr>\n<\/tbody>\n<\/table>\n<h2>Fallstudie<\/h2>\n<p>Ett v\u00e4lk\u00e4nt parfymm\u00e4rke valde v\u00e5r modell PB-YX1102 som f\u00f6rpackning f\u00f6r sin nya parfym. De anpassade f\u00e4rgen p\u00e5 flaskans lock och glaset med en elegant frostad yta, vilket g\u00f6r att parfymen sticker ut p\u00e5 hyllan och ger h\u00f6gre f\u00f6rs\u00e4ljning.<\/p>\n<h2>Tips om f\u00f6rpackningar<\/h2>\n<p>F\u00f6r b\u00e4sta resultat kan du \u00f6verv\u00e4ga att anv\u00e4nda v\u00e5rt tonade glas och h\u00f6gkvalitativa pappersl\u00e5dor med tryck av ditt f\u00f6retags logotyp. Det skyddar inte bara parfymen utan f\u00f6rh\u00f6jer ocks\u00e5 kundens upplevelse n\u00e4r de packar upp den.<\/p>","protected":false},"excerpt":{"rendered":"<p>Uppt\u00e4ck v\u00e5ra alternativ med platt parfymflaska och stor parfymflaska. Perfekt f\u00f6r ditt varum\u00e4rkes unika doft i elegant glas med olika anpassningsm\u00f6jligheter.<\/p>","protected":false},"featured_media":3113,"comment_status":"open","ping_status":"closed","template":"","meta":{"_acf_changed":false,"site-sidebar-layout":"default","site-content-layout":"","ast-site-content-layout":"default","site-content-style":"default","site-sidebar-style":"default","ast-global-header-display":"","ast-banner-title-visibility":"","ast-main-header-display":"","ast-hfb-above-header-display":"","ast-hfb-below-header-display":"","ast-hfb-mobile-header-display":"","site-post-title":"","ast-breadcrumbs-content":"","ast-featured-img":"","footer-sml-layout":"","ast-disable-related-posts":"","theme-transparent-header-meta":"default","adv-header-id-meta":"","stick-header-meta":"","header-above-stick-meta":"","header-main-stick-meta":"","header-below-stick-meta":"","astra-migrate-meta-layouts":"set","ast-page-background-enabled":"default","ast-page-background-meta":{"desktop":{"background-color":"var(--ast-global-color-5)","background-image":"","background-repeat":"repeat","background-position":"center center","background-size":"auto","background-attachment":"scroll","background-type":"","background-media":"","overlay-type":"","overlay-color":"","overlay-opacity":"","overlay-gradient":""},"tablet":{"background-color":"","background-image":"","background-repeat":"repeat","background-position":"center center","background-size":"auto","background-attachment":"scroll","background-type":"","background-media":"","overlay-type":"","overlay-color":"","overlay-opacity":"","overlay-gradient":""},"mobile":{"background-color":"","background-image":"","background-repeat":"repeat","background-position":"center center","background-size":"auto","background-attachment":"scroll","background-type":"","background-media":"","overlay-type":"","overlay-color":"","overlay-opacity":"","overlay-gradient":""}},"ast-content-background-meta":{"desktop":{"background-color":"var(--ast-global-color-4)","background-image":"","background-repeat":"repeat","background-position":"center center","background-size":"auto","background-attachment":"scroll","background-type":"","background-media":"","overlay-type":"","overlay-color":"","overlay-opacity":"","overlay-gradient":""},"tablet":{"background-color":"var(--ast-global-color-4)","background-image":"","background-repeat":"repeat","background-position":"center center","background-size":"auto","background-attachment":"scroll","background-type":"","background-media":"","overlay-type":"","overlay-color":"","overlay-opacity":"","overlay-gradient":""},"mobile":{"background-color":"var(--ast-global-color-4)","background-image":"","background-repeat":"repeat","background-position":"center center","background-size":"auto","background-attachment":"scroll","background-type":"","background-media":"","overlay-type":"","overlay-color":"","overlay-opacity":"","overlay-gradient":""}}},"product_brand":[],"product_cat":[91,41],"product_tag":[],"class_list":{"0":"post-3112","1":"product","2":"type-product","3":"status-publish","4":"has-post-thumbnail","6":"product_cat-custom-perfume-bottles","7":"product_cat-perfume-bottles","8":"desktop-align-left","9":"tablet-align-left","10":"mobile-align-left","12":"first","13":"instock","14":"shipping-taxable","15":"product-type-simple"},"acf":[],"jetpack_sharing_enabled":true,"_links":{"self":[{"href":"https:\/\/theperfumebottles.com\/sv\/wp-json\/wp\/v2\/product\/3112","targetHints":{"allow":["GET"]}}],"collection":[{"href":"https:\/\/theperfumebottles.com\/sv\/wp-json\/wp\/v2\/product"}],"about":[{"href":"https:\/\/theperfumebottles.com\/sv\/wp-json\/wp\/v2\/types\/product"}],"replies":[{"embeddable":true,"href":"https:\/\/theperfumebottles.com\/sv\/wp-json\/wp\/v2\/comments?post=3112"}],"wp:featuredmedia":[{"embeddable":true,"href":"https:\/\/theperfumebottles.com\/sv\/wp-json\/wp\/v2\/media\/3113"}],"wp:attachment":[{"href":"https:\/\/theperfumebottles.com\/sv\/wp-json\/wp\/v2\/media?parent=3112"}],"wp:term":[{"taxonomy":"product_brand","embeddable":true,"href":"https:\/\/theperfumebottles.com\/sv\/wp-json\/wp\/v2\/product_brand?post=3112"},{"taxonomy":"product_cat","embeddable":true,"href":"https:\/\/theperfumebottles.com\/sv\/wp-json\/wp\/v2\/product_cat?post=3112"},{"taxonomy":"product_tag","embeddable":true,"href":"https:\/\/theperfumebottles.com\/sv\/wp-json\/wp\/v2\/product_tag?post=3112"}],"curies":[{"name":"wp","href":"https:\/\/api.w.org\/{rel}","templated":true}]}}