{"id":3124,"date":"2025-04-22T04:03:56","date_gmt":"2025-04-22T04:03:56","guid":{"rendered":"https:\/\/theperfumebottles.com\/?post_type=product&#038;p=3124"},"modified":"2025-05-29T10:34:52","modified_gmt":"2025-05-29T02:34:52","slug":"customize-your-own-big-cologne-bottles-empty-perfume-bottles-100ml","status":"publish","type":"product","link":"https:\/\/theperfumebottles.com\/sv\/produkt\/customize-your-own-big-cologne-bottles-empty-perfume-bottles-100ml\/","title":{"rendered":"Anpassa dina egna stora parfymflaskor \u2013 Tomma parfymflaskor 100 ml"},"content":{"rendered":"<p>Oavsett om du \u00e4r varum\u00e4rkes\u00e4gare eller grossist kan v\u00e5r PB-YX13 100 ml stora flaska vara h\u00f6jdpunkten i ditt f\u00f6retag. Elegant design + praktisk kapacitet, en flaska uppfyller b\u00e5de avancerade och dagliga behov.<\/p>\n<h2>Specifikation<\/h2>\n<p><img fetchpriority=\"high\" decoding=\"async\" class=\"wp-image-3125 aligncenter\" src=\"https:\/\/theperfumebottles.com\/wp-content\/uploads\/2025\/04\/big-cologne-bottles-sizes-yx13.webp\" alt=\"stora cologneflaskor\" width=\"500\" height=\"500\" srcset=\"https:\/\/theperfumebottles.com\/wp-content\/uploads\/2025\/04\/big-cologne-bottles-sizes-yx13.webp 1000w, https:\/\/theperfumebottles.com\/wp-content\/uploads\/2025\/04\/big-cologne-bottles-sizes-yx13-300x300.webp 300w, https:\/\/theperfumebottles.com\/wp-content\/uploads\/2025\/04\/big-cologne-bottles-sizes-yx13-150x150.webp 150w, https:\/\/theperfumebottles.com\/wp-content\/uploads\/2025\/04\/big-cologne-bottles-sizes-yx13-768x768.webp 768w, https:\/\/theperfumebottles.com\/wp-content\/uploads\/2025\/04\/big-cologne-bottles-sizes-yx13-12x12.webp 12w, https:\/\/theperfumebottles.com\/wp-content\/uploads\/2025\/04\/big-cologne-bottles-sizes-yx13-600x600.webp 600w, https:\/\/theperfumebottles.com\/wp-content\/uploads\/2025\/04\/big-cologne-bottles-sizes-yx13-100x100.webp 100w\" sizes=\"(max-width: 500px) 100vw, 500px\" \/><\/p>\n<table style=\"border-collapse: collapse;border: 0;margin-left: auto;margin-right: auto;width: 366.77pt\" border=\"0\" width=\"489\" cellspacing=\"0\" cellpadding=\"0\">\n<tbody>\n<tr style=\"height: 15.00pt\">\n<td class=\"et1\" style=\"height: 15.00pt;width: 141.15pt\" width=\"188\" height=\"20\"><strong>Kapacitet<\/strong><\/td>\n<td class=\"et1\" style=\"width: 225.85pt\" width=\"301\">100 ml (3,4 oz)<\/td>\n<\/tr>\n<tr style=\"height: 15.00pt\">\n<td class=\"et1\" style=\"height: 15.00pt\" height=\"20\"><strong>Material<\/strong><\/td>\n<td class=\"et1\">Kristallglas<\/td>\n<\/tr>\n<tr style=\"height: 15.00pt\">\n<td class=\"et1\" style=\"height: 15.00pt\" height=\"20\"><strong>Spruttyp<\/strong><\/td>\n<td class=\"et1\">F\u00f6r\u00e5ngare<\/td>\n<\/tr>\n<tr style=\"height: 15.00pt\">\n<td class=\"et1\" style=\"height: 15.00pt\" height=\"20\"><strong>Tillg\u00e4ngliga f\u00e4rger<\/strong><\/td>\n<td class=\"et1\">Guld, Silver, Svart, Vit, Tr\u00e4<\/td>\n<\/tr>\n<\/tbody>\n<\/table>\n<h2>Till\u00e4mpliga scenarier fullst\u00e4ndig strategi<\/h2>\n<ul>\n<li><strong>Daglig anv\u00e4ndning:<\/strong> Kapaciteten p\u00e5 100 ml \u00e4r l\u00e4mplig att b\u00e4ra med sig och tillgodoser behovet av doftp\u00e5fyllning hela dagen.<\/li>\n<li><strong>Julklappar:<\/strong> uts\u00f6kt flaska + anpassad f\u00f6rpackning, \u00e4r ett kvalitetsval f\u00f6r presentgivande scener.<\/li>\n<li><strong>Anpassning till flera dofter:<\/strong> Eau de toilette, blommigt vatten, K\u00f6ln \u00e4r alla kompatibla.<\/li>\n<\/ul>\n<figure id=\"attachment_3128\" aria-describedby=\"caption-attachment-3128\" style=\"width: 500px\" class=\"wp-caption aligncenter\"><img decoding=\"async\" class=\"wp-image-3128\" src=\"https:\/\/theperfumebottles.com\/wp-content\/uploads\/2025\/04\/empty-perfume-bottles-100ml-yx13.webp\" alt=\"tomma parfymflaskor 100 ml\" width=\"500\" height=\"500\" srcset=\"https:\/\/theperfumebottles.com\/wp-content\/uploads\/2025\/04\/empty-perfume-bottles-100ml-yx13.webp 1000w, https:\/\/theperfumebottles.com\/wp-content\/uploads\/2025\/04\/empty-perfume-bottles-100ml-yx13-300x300.webp 300w, https:\/\/theperfumebottles.com\/wp-content\/uploads\/2025\/04\/empty-perfume-bottles-100ml-yx13-150x150.webp 150w, https:\/\/theperfumebottles.com\/wp-content\/uploads\/2025\/04\/empty-perfume-bottles-100ml-yx13-768x768.webp 768w, https:\/\/theperfumebottles.com\/wp-content\/uploads\/2025\/04\/empty-perfume-bottles-100ml-yx13-12x12.webp 12w, https:\/\/theperfumebottles.com\/wp-content\/uploads\/2025\/04\/empty-perfume-bottles-100ml-yx13-600x600.webp 600w, https:\/\/theperfumebottles.com\/wp-content\/uploads\/2025\/04\/empty-perfume-bottles-100ml-yx13-100x100.webp 100w\" sizes=\"(max-width: 500px) 100vw, 500px\" \/><figcaption id=\"caption-attachment-3128\" class=\"wp-caption-text\">tomma parfymflaskor 100 ml<\/figcaption><\/figure>\n<h2>F\u00f6rslag till f\u00f6rpackningar<\/h2>\n<p>Ett avancerat varum\u00e4rke anv\u00e4nde en g\u00e5ng v\u00e5r YX1301-modell (anpassad gravyrmodell) f\u00f6r att lansera en parfym i begr\u00e4nsad upplaga - inte bara \u00f6kad f\u00f6rs\u00e4ljning utan ocks\u00e5 orsakade heta diskussioner p\u00e5 sociala medier.<\/p>\n<h2>tips f\u00f6r anpassning:<\/h2>\n<ul>\n<li><strong>Gravyr av flaskor<\/strong>: varum\u00e4rkeslogotyp, exklusiv slogan, konstn\u00e4rligt m\u00f6nster.<\/li>\n<li><strong>Dekoration f\u00f6r flaskhals<\/strong>: metallring, band, naturmaterial utsmyckning.<\/li>\n<li><strong>Uppgradering av f\u00f6rpackningen<\/strong>: fr\u00e5n enkel pappersl\u00e5da till lyxig tr\u00e4l\u00e5da, uppfyller olika budgetar och scenbehov.<\/li>\n<\/ul>\n<p>Anpassa nu och g\u00f6r varje flaska till en b\u00e4rare av varum\u00e4rkets historia!<\/p>","protected":false},"excerpt":{"rendered":"<p>Uppt\u00e4ck v\u00e5ra stora parfymflaskor som kan anpassas, inklusive tomma parfymflaskor 100ml. Perfekt f\u00f6r dina aff\u00e4rsbehov med unik design och h\u00f6gsta kvalitet.<\/p>","protected":false},"featured_media":3127,"comment_status":"open","ping_status":"closed","template":"","meta":{"_acf_changed":false,"site-sidebar-layout":"default","site-content-layout":"","ast-site-content-layout":"default","site-content-style":"default","site-sidebar-style":"default","ast-global-header-display":"","ast-banner-title-visibility":"","ast-main-header-display":"","ast-hfb-above-header-display":"","ast-hfb-below-header-display":"","ast-hfb-mobile-header-display":"","site-post-title":"","ast-breadcrumbs-content":"","ast-featured-img":"","footer-sml-layout":"","ast-disable-related-posts":"","theme-transparent-header-meta":"default","adv-header-id-meta":"","stick-header-meta":"","header-above-stick-meta":"","header-main-stick-meta":"","header-below-stick-meta":"","astra-migrate-meta-layouts":"set","ast-page-background-enabled":"default","ast-page-background-meta":{"desktop":{"background-color":"var(--ast-global-color-5)","background-image":"","background-repeat":"repeat","background-position":"center center","background-size":"auto","background-attachment":"scroll","background-type":"","background-media":"","overlay-type":"","overlay-color":"","overlay-opacity":"","overlay-gradient":""},"tablet":{"background-color":"","background-image":"","background-repeat":"repeat","background-position":"center center","background-size":"auto","background-attachment":"scroll","background-type":"","background-media":"","overlay-type":"","overlay-color":"","overlay-opacity":"","overlay-gradient":""},"mobile":{"background-color":"","background-image":"","background-repeat":"repeat","background-position":"center center","background-size":"auto","background-attachment":"scroll","background-type":"","background-media":"","overlay-type":"","overlay-color":"","overlay-opacity":"","overlay-gradient":""}},"ast-content-background-meta":{"desktop":{"background-color":"var(--ast-global-color-4)","background-image":"","background-repeat":"repeat","background-position":"center center","background-size":"auto","background-attachment":"scroll","background-type":"","background-media":"","overlay-type":"","overlay-color":"","overlay-opacity":"","overlay-gradient":""},"tablet":{"background-color":"var(--ast-global-color-4)","background-image":"","background-repeat":"repeat","background-position":"center center","background-size":"auto","background-attachment":"scroll","background-type":"","background-media":"","overlay-type":"","overlay-color":"","overlay-opacity":"","overlay-gradient":""},"mobile":{"background-color":"var(--ast-global-color-4)","background-image":"","background-repeat":"repeat","background-position":"center center","background-size":"auto","background-attachment":"scroll","background-type":"","background-media":"","overlay-type":"","overlay-color":"","overlay-opacity":"","overlay-gradient":""}}},"product_brand":[],"product_cat":[72,91,41],"product_tag":[],"class_list":{"0":"post-3124","1":"product","2":"type-product","3":"status-publish","4":"has-post-thumbnail","6":"product_cat-cosmetic-packaging","7":"product_cat-custom-perfume-bottles","8":"product_cat-perfume-bottles","9":"desktop-align-left","10":"tablet-align-left","11":"mobile-align-left","13":"first","14":"instock","15":"shipping-taxable","16":"product-type-simple"},"acf":[],"jetpack_sharing_enabled":true,"_links":{"self":[{"href":"https:\/\/theperfumebottles.com\/sv\/wp-json\/wp\/v2\/product\/3124","targetHints":{"allow":["GET"]}}],"collection":[{"href":"https:\/\/theperfumebottles.com\/sv\/wp-json\/wp\/v2\/product"}],"about":[{"href":"https:\/\/theperfumebottles.com\/sv\/wp-json\/wp\/v2\/types\/product"}],"replies":[{"embeddable":true,"href":"https:\/\/theperfumebottles.com\/sv\/wp-json\/wp\/v2\/comments?post=3124"}],"wp:featuredmedia":[{"embeddable":true,"href":"https:\/\/theperfumebottles.com\/sv\/wp-json\/wp\/v2\/media\/3127"}],"wp:attachment":[{"href":"https:\/\/theperfumebottles.com\/sv\/wp-json\/wp\/v2\/media?parent=3124"}],"wp:term":[{"taxonomy":"product_brand","embeddable":true,"href":"https:\/\/theperfumebottles.com\/sv\/wp-json\/wp\/v2\/product_brand?post=3124"},{"taxonomy":"product_cat","embeddable":true,"href":"https:\/\/theperfumebottles.com\/sv\/wp-json\/wp\/v2\/product_cat?post=3124"},{"taxonomy":"product_tag","embeddable":true,"href":"https:\/\/theperfumebottles.com\/sv\/wp-json\/wp\/v2\/product_tag?post=3124"}],"curies":[{"name":"wp","href":"https:\/\/api.w.org\/{rel}","templated":true}]}}