{"id":3145,"date":"2025-04-24T05:57:06","date_gmt":"2025-04-24T05:57:06","guid":{"rendered":"https:\/\/theperfumebottles.com\/?post_type=product&#038;p=3145"},"modified":"2026-04-06T15:10:24","modified_gmt":"2026-04-06T07:10:24","slug":"crimped-fancy-perfume-bottles-wholesale","status":"publish","type":"product","link":"https:\/\/theperfumebottles.com\/sv\/produkt\/crimped-fancy-perfume-bottles-wholesale\/","title":{"rendered":"50ml 100ml krympta fancy parfymflaskor f\u00f6r grossist"},"content":{"rendered":"<p>Dessa eleganta parfymflaskor i grossistledet har en stark fyrkantig pelardesign som anv\u00e4nder transparent glas som konstruktionsmaterial. Sidorna \u00e4r prydda med vertikala sp\u00e5r och en djup U-formad panel, medan locken \u00e4r tillverkade av rund, h\u00f6gblank guld- eller silvermetall.<\/p>\n<figure id=\"attachment_3146\" aria-describedby=\"caption-attachment-3146\" style=\"width: 500px\" class=\"wp-caption aligncenter\"><img fetchpriority=\"high\" decoding=\"async\" class=\"wp-image-3146\" src=\"https:\/\/theperfumebottles.com\/wp-content\/uploads\/2025\/04\/crimp-perfume-bottles-yx16-pb.webp\" alt=\"krympa parfymflaskor\" width=\"500\" height=\"500\" srcset=\"https:\/\/theperfumebottles.com\/wp-content\/uploads\/2025\/04\/crimp-perfume-bottles-yx16-pb.webp 1000w, https:\/\/theperfumebottles.com\/wp-content\/uploads\/2025\/04\/crimp-perfume-bottles-yx16-pb-300x300.webp 300w, https:\/\/theperfumebottles.com\/wp-content\/uploads\/2025\/04\/crimp-perfume-bottles-yx16-pb-150x150.webp 150w, https:\/\/theperfumebottles.com\/wp-content\/uploads\/2025\/04\/crimp-perfume-bottles-yx16-pb-768x768.webp 768w, https:\/\/theperfumebottles.com\/wp-content\/uploads\/2025\/04\/crimp-perfume-bottles-yx16-pb-12x12.webp 12w, https:\/\/theperfumebottles.com\/wp-content\/uploads\/2025\/04\/crimp-perfume-bottles-yx16-pb-600x600.webp 600w, https:\/\/theperfumebottles.com\/wp-content\/uploads\/2025\/04\/crimp-perfume-bottles-yx16-pb-100x100.webp 100w\" sizes=\"(max-width: 500px) 100vw, 500px\" \/><figcaption id=\"caption-attachment-3146\" class=\"wp-caption-text\">snygga parfymflaskor grossist<\/figcaption><\/figure>\n<h2>Viktiga specifikationer<\/h2>\n<figure id=\"attachment_3148\" aria-describedby=\"caption-attachment-3148\" style=\"width: 500px\" class=\"wp-caption aligncenter\"><img decoding=\"async\" class=\"wp-image-3148\" src=\"https:\/\/theperfumebottles.com\/wp-content\/uploads\/2025\/04\/fancy-perfume-bottles-wholesale-yx16-shape.webp\" alt=\"snygga parfymflaskor grossist\" width=\"500\" height=\"500\" srcset=\"https:\/\/theperfumebottles.com\/wp-content\/uploads\/2025\/04\/fancy-perfume-bottles-wholesale-yx16-shape.webp 1000w, https:\/\/theperfumebottles.com\/wp-content\/uploads\/2025\/04\/fancy-perfume-bottles-wholesale-yx16-shape-300x300.webp 300w, https:\/\/theperfumebottles.com\/wp-content\/uploads\/2025\/04\/fancy-perfume-bottles-wholesale-yx16-shape-150x150.webp 150w, https:\/\/theperfumebottles.com\/wp-content\/uploads\/2025\/04\/fancy-perfume-bottles-wholesale-yx16-shape-768x768.webp 768w, https:\/\/theperfumebottles.com\/wp-content\/uploads\/2025\/04\/fancy-perfume-bottles-wholesale-yx16-shape-12x12.webp 12w, https:\/\/theperfumebottles.com\/wp-content\/uploads\/2025\/04\/fancy-perfume-bottles-wholesale-yx16-shape-600x600.webp 600w, https:\/\/theperfumebottles.com\/wp-content\/uploads\/2025\/04\/fancy-perfume-bottles-wholesale-yx16-shape-100x100.webp 100w\" sizes=\"(max-width: 500px) 100vw, 500px\" \/><figcaption id=\"caption-attachment-3148\" class=\"wp-caption-text\">parfymflaska med krymphals<\/figcaption><\/figure>\n<table>\n<thead>\n<tr>\n<th>Specifikation<\/th>\n<th>PB-YX1601<\/th>\n<th>PB-YX1602<\/th>\n<\/tr>\n<\/thead>\n<tbody>\n<tr>\n<td>Kapacitet<\/td>\n<td>50 ml<\/td>\n<td>100 ml<\/td>\n<\/tr>\n<tr>\n<td>Dimensionera<\/td>\n<td>38*38*80 mm<\/td>\n<td>38*38*116 mm<\/td>\n<\/tr>\n<tr>\n<td>Kaliber<\/td>\n<td>3,4 oz:n kaari-suorakulmion tuoksupullojen tukkumyynti<\/td>\n<td>3,4 oz:n kaari-suorakulmion tuoksupullojen tukkumyynti<\/td>\n<\/tr>\n<tr>\n<td>Glasf\u00e4rg<\/td>\n<td>Transparent<\/td>\n<td>Transparent<\/td>\n<\/tr>\n<tr>\n<td>Pump<\/td>\n<td>Guld, Silver, Svart<\/td>\n<td>Guld, Silver, Svart<\/td>\n<\/tr>\n<tr>\n<td>T\u00e4tningstyp<\/td>\n<td>Krymphals<\/td>\n<td>Krymphals<\/td>\n<\/tr>\n<\/tbody>\n<\/table>\n<h2>Framg\u00e5ngssaga: Specialbest\u00e4llning fr\u00e5n ett europeiskt lyxmodem\u00e4rke<\/h2>\n<p>Ett italienskt modehus valde v\u00e5ra fyrkantiga parfymflaskor med krympning tillsammans med sin speciella parfymkreation som hade en 18K guldpl\u00e4terad kork och en r\u00f6kgr\u00e5tt glaskropp. Den specialdesignade parfymflaskdesignen uppn\u00e5dde stor framg\u00e5ng eftersom dess exklusiva utseende gjorde att den s\u00e5lde f\u00f6r 40 % \u00f6ver tidigare produktlinjer, medan dess distinkta form blev ett viktigt designelement som skapade 300 % mer intresse p\u00e5 sociala medier innan produkten b\u00f6rjade s\u00e4ljas. Byggande p\u00e5 denna framg\u00e5ng lade varum\u00e4rket en ytterligare best\u00e4llning p\u00e5 250 000 flaskor f\u00f6r sin nya unisex-doftlinje och konstn\u00e4rssamarbeten i begr\u00e4nsad upplaga.<\/p>\n<h2>F\u00f6rslag p\u00e5 anpassning av parfymflaskor f\u00f6r krympning<\/h2>\n<ul>\n<li>Kapsylmaterial och finish: Vi erbjuder olika metallkapsylalternativ som kommer med fyra olika finishstilar, inklusive matt och glansigt samt hamrad och kristallinslagen design.<\/li>\n<li>Textur- och m\u00f6nstervariationer: Anv\u00e4ndare kan skapa olika sidopaneldesigner genom tre designalternativ som inkluderar avfasade m\u00f6nster och geometriska m\u00f6nster samt en kombination av sl\u00e4ta fram- och texturerade sidoelement.<\/li>\n<li>U-sp\u00e5rsm\u00f6nster: Anv\u00e4ndare kan skapa anpassade U-sp\u00e5rsdesigner genom tre tillg\u00e4ngliga designalternativ som inkluderar V-formade designer och v\u00e5giga former och specifika geometriska m\u00f6nster som anv\u00e4nds av deras varum\u00e4rke.<\/li>\n<\/ul>","protected":false},"excerpt":{"rendered":"<p>H\u00f6gkvalitativa, eleganta parfymflaskor i grossistledet med texturerad glasfinish. Krympta parfymflaskor garanterar s\u00e4ker f\u00f6rsegling. Priss\u00e4ttning direkt fr\u00e5n fabriken tillg\u00e4nglig.<\/p>","protected":false},"featured_media":3147,"comment_status":"open","ping_status":"closed","template":"","meta":{"_acf_changed":false,"site-sidebar-layout":"default","site-content-layout":"","ast-site-content-layout":"default","site-content-style":"default","site-sidebar-style":"default","ast-global-header-display":"","ast-banner-title-visibility":"","ast-main-header-display":"","ast-hfb-above-header-display":"","ast-hfb-below-header-display":"","ast-hfb-mobile-header-display":"","site-post-title":"","ast-breadcrumbs-content":"","ast-featured-img":"","footer-sml-layout":"","ast-disable-related-posts":"","theme-transparent-header-meta":"default","adv-header-id-meta":"","stick-header-meta":"","header-above-stick-meta":"","header-main-stick-meta":"","header-below-stick-meta":"","astra-migrate-meta-layouts":"set","ast-page-background-enabled":"default","ast-page-background-meta":{"desktop":{"background-color":"var(--ast-global-color-5)","background-image":"","background-repeat":"repeat","background-position":"center center","background-size":"auto","background-attachment":"scroll","background-type":"","background-media":"","overlay-type":"","overlay-color":"","overlay-opacity":"","overlay-gradient":""},"tablet":{"background-color":"","background-image":"","background-repeat":"repeat","background-position":"center center","background-size":"auto","background-attachment":"scroll","background-type":"","background-media":"","overlay-type":"","overlay-color":"","overlay-opacity":"","overlay-gradient":""},"mobile":{"background-color":"","background-image":"","background-repeat":"repeat","background-position":"center center","background-size":"auto","background-attachment":"scroll","background-type":"","background-media":"","overlay-type":"","overlay-color":"","overlay-opacity":"","overlay-gradient":""}},"ast-content-background-meta":{"desktop":{"background-color":"var(--ast-global-color-4)","background-image":"","background-repeat":"repeat","background-position":"center center","background-size":"auto","background-attachment":"scroll","background-type":"","background-media":"","overlay-type":"","overlay-color":"","overlay-opacity":"","overlay-gradient":""},"tablet":{"background-color":"var(--ast-global-color-4)","background-image":"","background-repeat":"repeat","background-position":"center center","background-size":"auto","background-attachment":"scroll","background-type":"","background-media":"","overlay-type":"","overlay-color":"","overlay-opacity":"","overlay-gradient":""},"mobile":{"background-color":"var(--ast-global-color-4)","background-image":"","background-repeat":"repeat","background-position":"center center","background-size":"auto","background-attachment":"scroll","background-type":"","background-media":"","overlay-type":"","overlay-color":"","overlay-opacity":"","overlay-gradient":""}}},"product_brand":[],"product_cat":[91,72,41],"product_tag":[],"class_list":{"0":"post-3145","1":"product","2":"type-product","3":"status-publish","4":"has-post-thumbnail","6":"product_cat-custom-perfume-bottles","7":"product_cat-cosmetic-packaging","8":"product_cat-perfume-bottles","9":"desktop-align-left","10":"tablet-align-left","11":"mobile-align-left","13":"first","14":"instock","15":"shipping-taxable","16":"product-type-simple"},"acf":[],"jetpack_sharing_enabled":true,"_links":{"self":[{"href":"https:\/\/theperfumebottles.com\/sv\/wp-json\/wp\/v2\/product\/3145","targetHints":{"allow":["GET"]}}],"collection":[{"href":"https:\/\/theperfumebottles.com\/sv\/wp-json\/wp\/v2\/product"}],"about":[{"href":"https:\/\/theperfumebottles.com\/sv\/wp-json\/wp\/v2\/types\/product"}],"replies":[{"embeddable":true,"href":"https:\/\/theperfumebottles.com\/sv\/wp-json\/wp\/v2\/comments?post=3145"}],"wp:featuredmedia":[{"embeddable":true,"href":"https:\/\/theperfumebottles.com\/sv\/wp-json\/wp\/v2\/media\/3147"}],"wp:attachment":[{"href":"https:\/\/theperfumebottles.com\/sv\/wp-json\/wp\/v2\/media?parent=3145"}],"wp:term":[{"taxonomy":"product_brand","embeddable":true,"href":"https:\/\/theperfumebottles.com\/sv\/wp-json\/wp\/v2\/product_brand?post=3145"},{"taxonomy":"product_cat","embeddable":true,"href":"https:\/\/theperfumebottles.com\/sv\/wp-json\/wp\/v2\/product_cat?post=3145"},{"taxonomy":"product_tag","embeddable":true,"href":"https:\/\/theperfumebottles.com\/sv\/wp-json\/wp\/v2\/product_tag?post=3145"}],"curies":[{"name":"wp","href":"https:\/\/api.w.org\/{rel}","templated":true}]}}