{"id":3206,"date":"2025-04-25T07:43:22","date_gmt":"2025-04-25T07:43:22","guid":{"rendered":"https:\/\/theperfumebottles.com\/?post_type=product&#038;p=3206"},"modified":"2025-04-25T07:51:56","modified_gmt":"2025-04-25T07:51:56","slug":"3-oz-perfume-bottles-glass-cologne-bottles-for-bulk-orders","status":"publish","type":"product","link":"https:\/\/theperfumebottles.com\/sv\/produkt\/3-oz-perfume-bottles-glass-cologne-bottles-for-bulk-orders\/","title":{"rendered":"85 g parfymflaskor | Glasflaskor med parfym f\u00f6r stora best\u00e4llningar"},"content":{"rendered":"<p>V\u00e5r parfymflaska PB-YX1702 3oz har en rundad, n\u00e4stan cylindrisk rektangul\u00e4r design, med ett lock i klarglas och en tjock glasbotten f\u00f6r ett lyxigt utseende.<\/p>\n<p><img fetchpriority=\"high\" decoding=\"async\" class=\"wp-image-3209 aligncenter\" src=\"https:\/\/theperfumebottles.com\/wp-content\/uploads\/2025\/04\/3-oz-cologne-bottle-sizes-yx1702.webp\" alt=\"85 g cologneflaska\" width=\"500\" height=\"500\" srcset=\"https:\/\/theperfumebottles.com\/wp-content\/uploads\/2025\/04\/3-oz-cologne-bottle-sizes-yx1702.webp 1000w, https:\/\/theperfumebottles.com\/wp-content\/uploads\/2025\/04\/3-oz-cologne-bottle-sizes-yx1702-300x300.webp 300w, https:\/\/theperfumebottles.com\/wp-content\/uploads\/2025\/04\/3-oz-cologne-bottle-sizes-yx1702-150x150.webp 150w, https:\/\/theperfumebottles.com\/wp-content\/uploads\/2025\/04\/3-oz-cologne-bottle-sizes-yx1702-768x768.webp 768w, https:\/\/theperfumebottles.com\/wp-content\/uploads\/2025\/04\/3-oz-cologne-bottle-sizes-yx1702-12x12.webp 12w, https:\/\/theperfumebottles.com\/wp-content\/uploads\/2025\/04\/3-oz-cologne-bottle-sizes-yx1702-600x600.webp 600w, https:\/\/theperfumebottles.com\/wp-content\/uploads\/2025\/04\/3-oz-cologne-bottle-sizes-yx1702-100x100.webp 100w\" sizes=\"(max-width: 500px) 100vw, 500px\" \/><\/p>\n<h2>Viktiga kommentarer<\/h2>\n<table>\n<thead>\n<tr>\n<th style=\"text-align: left;\"><strong>Modell<\/strong><\/th>\n<th style=\"text-align: left;\">PB-YX1702<\/th>\n<\/tr>\n<\/thead>\n<tbody>\n<tr>\n<td><strong>Kapacitet<\/strong><\/td>\n<td>90 ml (3 oz)<\/td>\n<\/tr>\n<tr>\n<td><strong>M\u00e5tt<\/strong><\/td>\n<td>55\u00d755\u00d788 mm<\/td>\n<\/tr>\n<tr>\n<td><strong>Munstycksf\u00e4rger<\/strong><\/td>\n<td>Silver\/Guld-f\u00f6r\u00e5ngare<\/td>\n<\/tr>\n<tr>\n<td><strong>T\u00e4tningstyp<\/strong><\/td>\n<td>Presspassad hals f\u00f6r l\u00e4ckages\u00e4ker t\u00e4tning<\/td>\n<\/tr>\n<\/tbody>\n<\/table>\n<h2>Anpassningstips<\/h2>\n<p>En parfymgrossist anv\u00e4nde v\u00e5r 3 oz cologne-flaska f\u00f6r att omm\u00e4rka sin 3 oz cologne-linje. Genom att anpassa sin varum\u00e4rkeslogotyp med varmst\u00e4mpling och anv\u00e4nda milj\u00f6v\u00e4nliga f\u00f6rpackningar fick de en bulkbest\u00e4llning p\u00e5 \u00f6ver $50,000 XNUMX fr\u00e5n en lyxhandlare.<\/p>\n<ol>\n<li>Du kan gravera text p\u00e5 glasflaskan f\u00f6r f\u00f6retagspresenter eller br\u00f6llopsfavoriter.<\/li>\n<li>Alternativt kan du v\u00e4lja en matt eller blank yta f\u00f6r tomma flaskor.<\/li>\n<li>Kombinera med displayst\u00e4ll i tr\u00e4 f\u00f6r kampanjer p\u00e5 m\u00e4ssor.<\/li>\n<\/ol>","protected":false},"excerpt":{"rendered":"<p>Descover 3 oz parfymflaska (90 ml) med rund rektangul\u00e4r glasdesign, l\u00e4mplig f\u00f6r bulkbest\u00e4llning. Anpassa f\u00e4rg, storlek, yta och tillbeh\u00f6r f\u00f6r ditt parfymm\u00e4rke.<\/p>","protected":false},"featured_media":3211,"comment_status":"open","ping_status":"closed","template":"","meta":{"_acf_changed":false,"site-sidebar-layout":"default","site-content-layout":"","ast-site-content-layout":"default","site-content-style":"default","site-sidebar-style":"default","ast-global-header-display":"","ast-banner-title-visibility":"","ast-main-header-display":"","ast-hfb-above-header-display":"","ast-hfb-below-header-display":"","ast-hfb-mobile-header-display":"","site-post-title":"","ast-breadcrumbs-content":"","ast-featured-img":"","footer-sml-layout":"","ast-disable-related-posts":"","theme-transparent-header-meta":"default","adv-header-id-meta":"","stick-header-meta":"","header-above-stick-meta":"","header-main-stick-meta":"","header-below-stick-meta":"","astra-migrate-meta-layouts":"set","ast-page-background-enabled":"default","ast-page-background-meta":{"desktop":{"background-color":"var(--ast-global-color-5)","background-image":"","background-repeat":"repeat","background-position":"center center","background-size":"auto","background-attachment":"scroll","background-type":"","background-media":"","overlay-type":"","overlay-color":"","overlay-opacity":"","overlay-gradient":""},"tablet":{"background-color":"","background-image":"","background-repeat":"repeat","background-position":"center center","background-size":"auto","background-attachment":"scroll","background-type":"","background-media":"","overlay-type":"","overlay-color":"","overlay-opacity":"","overlay-gradient":""},"mobile":{"background-color":"","background-image":"","background-repeat":"repeat","background-position":"center center","background-size":"auto","background-attachment":"scroll","background-type":"","background-media":"","overlay-type":"","overlay-color":"","overlay-opacity":"","overlay-gradient":""}},"ast-content-background-meta":{"desktop":{"background-color":"var(--ast-global-color-4)","background-image":"","background-repeat":"repeat","background-position":"center center","background-size":"auto","background-attachment":"scroll","background-type":"","background-media":"","overlay-type":"","overlay-color":"","overlay-opacity":"","overlay-gradient":""},"tablet":{"background-color":"var(--ast-global-color-4)","background-image":"","background-repeat":"repeat","background-position":"center center","background-size":"auto","background-attachment":"scroll","background-type":"","background-media":"","overlay-type":"","overlay-color":"","overlay-opacity":"","overlay-gradient":""},"mobile":{"background-color":"var(--ast-global-color-4)","background-image":"","background-repeat":"repeat","background-position":"center center","background-size":"auto","background-attachment":"scroll","background-type":"","background-media":"","overlay-type":"","overlay-color":"","overlay-opacity":"","overlay-gradient":""}}},"product_brand":[],"product_cat":[72,91,41],"product_tag":[],"class_list":{"0":"post-3206","1":"product","2":"type-product","3":"status-publish","4":"has-post-thumbnail","6":"product_cat-cosmetic-packaging","7":"product_cat-custom-perfume-bottles","8":"product_cat-perfume-bottles","9":"desktop-align-left","10":"tablet-align-left","11":"mobile-align-left","13":"first","14":"instock","15":"shipping-taxable","16":"product-type-simple"},"acf":[],"jetpack_sharing_enabled":true,"_links":{"self":[{"href":"https:\/\/theperfumebottles.com\/sv\/wp-json\/wp\/v2\/product\/3206","targetHints":{"allow":["GET"]}}],"collection":[{"href":"https:\/\/theperfumebottles.com\/sv\/wp-json\/wp\/v2\/product"}],"about":[{"href":"https:\/\/theperfumebottles.com\/sv\/wp-json\/wp\/v2\/types\/product"}],"replies":[{"embeddable":true,"href":"https:\/\/theperfumebottles.com\/sv\/wp-json\/wp\/v2\/comments?post=3206"}],"wp:featuredmedia":[{"embeddable":true,"href":"https:\/\/theperfumebottles.com\/sv\/wp-json\/wp\/v2\/media\/3211"}],"wp:attachment":[{"href":"https:\/\/theperfumebottles.com\/sv\/wp-json\/wp\/v2\/media?parent=3206"}],"wp:term":[{"taxonomy":"product_brand","embeddable":true,"href":"https:\/\/theperfumebottles.com\/sv\/wp-json\/wp\/v2\/product_brand?post=3206"},{"taxonomy":"product_cat","embeddable":true,"href":"https:\/\/theperfumebottles.com\/sv\/wp-json\/wp\/v2\/product_cat?post=3206"},{"taxonomy":"product_tag","embeddable":true,"href":"https:\/\/theperfumebottles.com\/sv\/wp-json\/wp\/v2\/product_tag?post=3206"}],"curies":[{"name":"wp","href":"https:\/\/api.w.org\/{rel}","templated":true}]}}