{"id":3235,"date":"2025-04-28T08:04:02","date_gmt":"2025-04-28T08:04:02","guid":{"rendered":"https:\/\/theperfumebottles.com\/?post_type=product&#038;p=3235"},"modified":"2026-04-07T14:19:18","modified_gmt":"2026-04-07T06:19:18","slug":"25ml-stylish-small-empty-perfume-bottles-for-wholesale","status":"publish","type":"product","link":"https:\/\/theperfumebottles.com\/sv\/produkt\/25ml-stylish-small-empty-perfume-bottles-for-wholesale\/","title":{"rendered":"25 ml snygga sm\u00e5 tomma parfymflaskor f\u00f6r grossistf\u00f6rs\u00e4ljning"},"content":{"rendered":"<p>De rektangul\u00e4ra sm\u00e5 tomma parfymflaskorna med sl\u00e4ta kanter skapar ett modernt utseende genom sin symmetriska design. Flaskans kropp visar upp doftf\u00e4rgen tack vare den klara glaskroppen i kombination med den tjocka basen, vilket f\u00f6rb\u00e4ttrar stabiliteten. Produkten kombinerar ett str\u00f6mlinjeformat cylindriskt lock med en delikat dimspray, vilket g\u00f6r den l\u00e4mplig f\u00f6r vardagsbruk och kompakta resor.<\/p>\n<h2>Viktiga specifikationer<\/h2>\n<p>&nbsp;<\/p>\n<table style=\"border-collapse: collapse; margin-left: auto; margin-right: auto; width: 80%;\" border=\"0\" width=\"80%\" cellspacing=\"0\" cellpadding=\"0\">\n<tbody>\n<tr style=\"height: 13.50pt;\">\n<td style=\"height: 13.5pt; width: 132pt; text-align: center;\" width=\"176\" height=\"18\"><strong>Modell<\/strong><\/td>\n<td style=\"width: 195pt; text-align: center;\" width=\"260\">PB-YX2001<\/td>\n<\/tr>\n<tr style=\"height: 13.50pt;\">\n<td style=\"height: 13.5pt; text-align: center;\" height=\"18\"><strong>Dimensionera<\/strong><\/td>\n<td style=\"text-align: center;\">25 ml<\/td>\n<\/tr>\n<tr style=\"height: 13.50pt;\">\n<td style=\"height: 13.5pt; text-align: center;\" height=\"18\"><strong>Storlek<\/strong><\/td>\n<td style=\"text-align: center;\">32\u00d720\u00d775 mm<\/td>\n<\/tr>\n<tr style=\"height: 13.50pt;\">\n<td style=\"height: 13.5pt; text-align: center;\" height=\"18\"><strong>Kaliber<\/strong><\/td>\n<td style=\"text-align: center;\">15 mm<\/td>\n<\/tr>\n<tr style=\"height: 13.50pt;\">\n<td style=\"height: 13.5pt; text-align: center;\" height=\"18\"><strong>Tillg\u00e4ngliga pumpf\u00e4rger<\/strong><\/td>\n<td style=\"text-align: center;\">Silver, Guld, Svart<\/td>\n<\/tr>\n<tr style=\"height: 13.50pt;\">\n<td style=\"height: 13.5pt; text-align: center;\" height=\"18\"><strong>T\u00e4tningstyp<\/strong><\/td>\n<td style=\"text-align: center;\">Krymphals<\/td>\n<\/tr>\n<\/tbody>\n<\/table>\n<h2>Framg\u00e5ngsfall<\/h2>\n<p>Ett oberoende parfymm\u00e4rke kontaktade oss och valde v\u00e5r rektangul\u00e4ra parfymflaska p\u00e5 25 ml. Flaskans anpassningsprocessen innebar att man applicerade en mjuk gradientbel\u00e4ggning p\u00e5 insidan, vilket skapade en speciell effekt som framh\u00e4vde doftv\u00e4tskans naturliga f\u00e4rg. Kapsylerna specialbehandlades i tv\u00e5 distinkta stilar \u2013 borstat guld och glansigt svart \u2013 f\u00f6r att skilja mellan de olika doftkategorierna. Varum\u00e4rkeslogotypen applicerades med en exakt screentrycksmetod som gav \u00f6verl\u00e4gsen vidh\u00e4ftning till ytan.<\/p>\n<p>Kunden best\u00e4llde ytterligare produkter efter att ha observerat en \u00f6kning med 35 % i f\u00f6rs\u00e4ljningen av presentset i provstorlek under de tv\u00e5 m\u00e5naderna efter deras officiella lansering.<\/p>\n<h2>Anpassningsf\u00f6rslag<\/h2>\n<p>En av v\u00e5ra kunder \u00e4r ett nischf\u00f6retag inom parfym, som specialanpassade dessa flaskor f\u00f6r att best\u00e4lla prover. De anpassade ytan genom varmst\u00e4mplingsprocessen och dekorationen p\u00e5 halsen. Den eleganta f\u00f6rpackningen f\u00f6rst\u00e4rkte deras varum\u00e4rkesimage, vilket \u00f6kade antalet grossistf\u00f6rfr\u00e5gningar.<\/p>\n<p>Fr\u00e5n att v\u00e4lja spraypump och kapsyl till att v\u00e4lja kartong eller l\u00e5da kan v\u00e5rt team utforma en f\u00f6rpackningsl\u00f6sning som passar dina aff\u00e4rsbehov.<\/p>","protected":false},"excerpt":{"rendered":"<p>H\u00f6gkvalitativa sm\u00e5 tomma parfymflaskor f\u00f6r grossister, direktleverans fr\u00e5n fabriken, anpassningsbar design och snabb leverans. Mini parfymflaskor tomma i bulk.<\/p>","protected":false},"featured_media":3238,"comment_status":"open","ping_status":"closed","template":"","meta":{"_acf_changed":false,"site-sidebar-layout":"default","site-content-layout":"","ast-site-content-layout":"default","site-content-style":"default","site-sidebar-style":"default","ast-global-header-display":"","ast-banner-title-visibility":"","ast-main-header-display":"","ast-hfb-above-header-display":"","ast-hfb-below-header-display":"","ast-hfb-mobile-header-display":"","site-post-title":"","ast-breadcrumbs-content":"","ast-featured-img":"","footer-sml-layout":"","ast-disable-related-posts":"","theme-transparent-header-meta":"default","adv-header-id-meta":"","stick-header-meta":"","header-above-stick-meta":"","header-main-stick-meta":"","header-below-stick-meta":"","astra-migrate-meta-layouts":"set","ast-page-background-enabled":"default","ast-page-background-meta":{"desktop":{"background-color":"var(--ast-global-color-5)","background-image":"","background-repeat":"repeat","background-position":"center center","background-size":"auto","background-attachment":"scroll","background-type":"","background-media":"","overlay-type":"","overlay-color":"","overlay-opacity":"","overlay-gradient":""},"tablet":{"background-color":"","background-image":"","background-repeat":"repeat","background-position":"center center","background-size":"auto","background-attachment":"scroll","background-type":"","background-media":"","overlay-type":"","overlay-color":"","overlay-opacity":"","overlay-gradient":""},"mobile":{"background-color":"","background-image":"","background-repeat":"repeat","background-position":"center center","background-size":"auto","background-attachment":"scroll","background-type":"","background-media":"","overlay-type":"","overlay-color":"","overlay-opacity":"","overlay-gradient":""}},"ast-content-background-meta":{"desktop":{"background-color":"var(--ast-global-color-4)","background-image":"","background-repeat":"repeat","background-position":"center center","background-size":"auto","background-attachment":"scroll","background-type":"","background-media":"","overlay-type":"","overlay-color":"","overlay-opacity":"","overlay-gradient":""},"tablet":{"background-color":"var(--ast-global-color-4)","background-image":"","background-repeat":"repeat","background-position":"center center","background-size":"auto","background-attachment":"scroll","background-type":"","background-media":"","overlay-type":"","overlay-color":"","overlay-opacity":"","overlay-gradient":""},"mobile":{"background-color":"var(--ast-global-color-4)","background-image":"","background-repeat":"repeat","background-position":"center center","background-size":"auto","background-attachment":"scroll","background-type":"","background-media":"","overlay-type":"","overlay-color":"","overlay-opacity":"","overlay-gradient":""}}},"product_brand":[],"product_cat":[74,72,41],"product_tag":[],"class_list":{"0":"post-3235","1":"product","2":"type-product","3":"status-publish","4":"has-post-thumbnail","6":"product_cat-mini-perfume-bottles","7":"product_cat-cosmetic-packaging","8":"product_cat-perfume-bottles","9":"desktop-align-left","10":"tablet-align-left","11":"mobile-align-left","13":"first","14":"instock","15":"shipping-taxable","16":"product-type-simple"},"acf":[],"jetpack_sharing_enabled":true,"_links":{"self":[{"href":"https:\/\/theperfumebottles.com\/sv\/wp-json\/wp\/v2\/product\/3235","targetHints":{"allow":["GET"]}}],"collection":[{"href":"https:\/\/theperfumebottles.com\/sv\/wp-json\/wp\/v2\/product"}],"about":[{"href":"https:\/\/theperfumebottles.com\/sv\/wp-json\/wp\/v2\/types\/product"}],"replies":[{"embeddable":true,"href":"https:\/\/theperfumebottles.com\/sv\/wp-json\/wp\/v2\/comments?post=3235"}],"wp:featuredmedia":[{"embeddable":true,"href":"https:\/\/theperfumebottles.com\/sv\/wp-json\/wp\/v2\/media\/3238"}],"wp:attachment":[{"href":"https:\/\/theperfumebottles.com\/sv\/wp-json\/wp\/v2\/media?parent=3235"}],"wp:term":[{"taxonomy":"product_brand","embeddable":true,"href":"https:\/\/theperfumebottles.com\/sv\/wp-json\/wp\/v2\/product_brand?post=3235"},{"taxonomy":"product_cat","embeddable":true,"href":"https:\/\/theperfumebottles.com\/sv\/wp-json\/wp\/v2\/product_cat?post=3235"},{"taxonomy":"product_tag","embeddable":true,"href":"https:\/\/theperfumebottles.com\/sv\/wp-json\/wp\/v2\/product_tag?post=3235"}],"curies":[{"name":"wp","href":"https:\/\/api.w.org\/{rel}","templated":true}]}}