{"id":3240,"date":"2025-04-28T08:53:56","date_gmt":"2025-04-28T08:53:56","guid":{"rendered":"https:\/\/theperfumebottles.com\/?post_type=product&#038;p=3240"},"modified":"2025-05-23T14:29:50","modified_gmt":"2025-05-23T06:29:50","slug":"personalized-perfume-bottle-with-sprayer","status":"publish","type":"product","link":"https:\/\/theperfumebottles.com\/sv\/produkt\/personalized-perfume-bottle-with-sprayer\/","title":{"rendered":"50ml 100ml personlig parfymflaska med sprayflaska"},"content":{"rendered":"<h2>Viktiga specifikationer<\/h2>\n<table style=\"border-collapse: collapse; margin-left: auto; margin-right: auto; width: 80%;\" border=\"0\" width=\"80%\" cellspacing=\"0\" cellpadding=\"0\">\n<tbody>\n<tr style=\"height: 13.50pt;\">\n<td style=\"height: 13.50pt; width: 148.50pt;\" width=\"198\" height=\"18\"><strong>Modell<\/strong><\/td>\n<td style=\"width: 154.50pt;\" width=\"206\">PB-YX2002<\/td>\n<td style=\"width: 154.50pt;\" width=\"206\">PB-YX2003<\/td>\n<\/tr>\n<tr style=\"height: 13.50pt;\">\n<td style=\"height: 13.50pt;\" height=\"18\"><strong>Kapacitet<\/strong><\/td>\n<td>50 ml<\/td>\n<td>100 ml<\/td>\n<\/tr>\n<tr style=\"height: 13.50pt;\">\n<td style=\"height: 13.50pt;\" height=\"18\"><strong>M\u00e5tt<\/strong><\/td>\n<td>42*25*92 mm<\/td>\n<td>53*31*114 mm<\/td>\n<\/tr>\n<tr style=\"height: 13.50pt;\">\n<td style=\"height: 13.50pt;\" height=\"18\"><strong>Halsdiameter<\/strong><\/td>\n<td>15 mm<\/td>\n<td>15 mm<\/td>\n<\/tr>\n<tr style=\"height: 13.50pt;\">\n<td style=\"height: 13.50pt;\" height=\"18\"><strong>F\u00e4rgalternativ f\u00f6r pump<\/strong><\/td>\n<td>Silver, Guld, Svart<\/td>\n<td>Silver, Guld, Svart<\/td>\n<\/tr>\n<tr style=\"height: 13.50pt;\">\n<td style=\"height: 13.50pt;\" height=\"18\"><strong>T\u00e4tningstyp<\/strong><\/td>\n<td>Krymphals<\/td>\n<td>Krymphals<\/td>\n<\/tr>\n<\/tbody>\n<\/table>\n<h2>Glasf\u00f6rpackningar Id\u00e9er<\/h2>\n<p>Ett v\u00e4lk\u00e4nt parfymm\u00e4rke valde v\u00e5ra skr\u00e4ddarsydda parfymflaskor f\u00f6r lanseringen av sin helt nya produkt. Genom att personifiera PB-YX2002 50 ml parfymbeh\u00e5llare med varum\u00e4rkets logotypdesign och unika f\u00e4rgm\u00f6nster \u00f6kade de sin f\u00f6rs\u00e4ljning avsev\u00e4rt.<\/p>\n<p>F\u00f6r din parfymorganisation kan du \u00f6verv\u00e4ga att l\u00e4gga till din varum\u00e4rkeslogotypdesign till glasparfymflaskan via gravyr eller anpassade etiketter och dessutom skr\u00e4ddarsy dekorationen p\u00e5 nacken. Detta kommer inte bara att \u00f6ka lockelsen f\u00f6r din artikel, men ocks\u00e5 g\u00f6ra varje parfymbeh\u00e5llare helt distinkt f\u00f6r ditt varum\u00e4rke.<\/p>\n<p>&nbsp;<\/p>","protected":false},"excerpt":{"rendered":"<p>F\u00f6rst\u00e4rk ditt varum\u00e4rke med PB-YX20 parfymflaska i glas med spruta. Personliga alternativ f\u00f6r anpassning av parfymflaskan f\u00f6r ditt f\u00f6retag. Perfekt f\u00f6r bulkbest\u00e4llningar.<\/p>","protected":false},"featured_media":3241,"comment_status":"open","ping_status":"closed","template":"","meta":{"_acf_changed":false,"site-sidebar-layout":"default","site-content-layout":"","ast-site-content-layout":"default","site-content-style":"default","site-sidebar-style":"default","ast-global-header-display":"","ast-banner-title-visibility":"","ast-main-header-display":"","ast-hfb-above-header-display":"","ast-hfb-below-header-display":"","ast-hfb-mobile-header-display":"","site-post-title":"","ast-breadcrumbs-content":"","ast-featured-img":"","footer-sml-layout":"","ast-disable-related-posts":"","theme-transparent-header-meta":"default","adv-header-id-meta":"","stick-header-meta":"","header-above-stick-meta":"","header-main-stick-meta":"","header-below-stick-meta":"","astra-migrate-meta-layouts":"set","ast-page-background-enabled":"default","ast-page-background-meta":{"desktop":{"background-color":"var(--ast-global-color-5)","background-image":"","background-repeat":"repeat","background-position":"center center","background-size":"auto","background-attachment":"scroll","background-type":"","background-media":"","overlay-type":"","overlay-color":"","overlay-opacity":"","overlay-gradient":""},"tablet":{"background-color":"","background-image":"","background-repeat":"repeat","background-position":"center center","background-size":"auto","background-attachment":"scroll","background-type":"","background-media":"","overlay-type":"","overlay-color":"","overlay-opacity":"","overlay-gradient":""},"mobile":{"background-color":"","background-image":"","background-repeat":"repeat","background-position":"center center","background-size":"auto","background-attachment":"scroll","background-type":"","background-media":"","overlay-type":"","overlay-color":"","overlay-opacity":"","overlay-gradient":""}},"ast-content-background-meta":{"desktop":{"background-color":"var(--ast-global-color-4)","background-image":"","background-repeat":"repeat","background-position":"center center","background-size":"auto","background-attachment":"scroll","background-type":"","background-media":"","overlay-type":"","overlay-color":"","overlay-opacity":"","overlay-gradient":""},"tablet":{"background-color":"var(--ast-global-color-4)","background-image":"","background-repeat":"repeat","background-position":"center center","background-size":"auto","background-attachment":"scroll","background-type":"","background-media":"","overlay-type":"","overlay-color":"","overlay-opacity":"","overlay-gradient":""},"mobile":{"background-color":"var(--ast-global-color-4)","background-image":"","background-repeat":"repeat","background-position":"center center","background-size":"auto","background-attachment":"scroll","background-type":"","background-media":"","overlay-type":"","overlay-color":"","overlay-opacity":"","overlay-gradient":""}}},"product_brand":[],"product_cat":[72,91,41],"product_tag":[],"class_list":{"0":"post-3240","1":"product","2":"type-product","3":"status-publish","4":"has-post-thumbnail","6":"product_cat-cosmetic-packaging","7":"product_cat-custom-perfume-bottles","8":"product_cat-perfume-bottles","9":"desktop-align-left","10":"tablet-align-left","11":"mobile-align-left","13":"first","14":"instock","15":"shipping-taxable","16":"product-type-simple"},"acf":[],"jetpack_sharing_enabled":true,"_links":{"self":[{"href":"https:\/\/theperfumebottles.com\/sv\/wp-json\/wp\/v2\/product\/3240","targetHints":{"allow":["GET"]}}],"collection":[{"href":"https:\/\/theperfumebottles.com\/sv\/wp-json\/wp\/v2\/product"}],"about":[{"href":"https:\/\/theperfumebottles.com\/sv\/wp-json\/wp\/v2\/types\/product"}],"replies":[{"embeddable":true,"href":"https:\/\/theperfumebottles.com\/sv\/wp-json\/wp\/v2\/comments?post=3240"}],"wp:featuredmedia":[{"embeddable":true,"href":"https:\/\/theperfumebottles.com\/sv\/wp-json\/wp\/v2\/media\/3241"}],"wp:attachment":[{"href":"https:\/\/theperfumebottles.com\/sv\/wp-json\/wp\/v2\/media?parent=3240"}],"wp:term":[{"taxonomy":"product_brand","embeddable":true,"href":"https:\/\/theperfumebottles.com\/sv\/wp-json\/wp\/v2\/product_brand?post=3240"},{"taxonomy":"product_cat","embeddable":true,"href":"https:\/\/theperfumebottles.com\/sv\/wp-json\/wp\/v2\/product_cat?post=3240"},{"taxonomy":"product_tag","embeddable":true,"href":"https:\/\/theperfumebottles.com\/sv\/wp-json\/wp\/v2\/product_tag?post=3240"}],"curies":[{"name":"wp","href":"https:\/\/api.w.org\/{rel}","templated":true}]}}