{"id":3264,"date":"2025-05-06T06:06:27","date_gmt":"2025-05-06T06:06:27","guid":{"rendered":"https:\/\/theperfumebottles.com\/?post_type=product&#038;p=3264"},"modified":"2025-05-23T13:10:13","modified_gmt":"2025-05-23T05:10:13","slug":"diamond-perfume-bottle-crystal-perfume-atomisers-for-custom-fragrance-brands","status":"publish","type":"product","link":"https:\/\/theperfumebottles.com\/sv\/produkt\/diamond-perfume-bottle-crystal-perfume-atomisers-for-custom-fragrance-brands\/","title":{"rendered":"Diamantparfymflaska \u2013 Kristallparfymf\u00f6rst\u00e4rkare f\u00f6r anpassade doftm\u00e4rken"},"content":{"rendered":"<p>V\u00e5r PB-YX24-serie med diamantparfymflaskor \u00e4r utformad f\u00f6r parfymvarum\u00e4rkes\u00e4gare och grossister som vill g\u00f6ra ett uttalande.<\/p>\n<table style=\"border-collapse: collapse; margin-left: auto; margin-right: auto; width: 162.03pt;\" border=\"0\" width=\"216\" cellspacing=\"0\" cellpadding=\"0\">\n<tbody>\n<tr style=\"height: 13.50pt;\">\n<td style=\"height: 13.50pt; width: 54.00pt;\" width=\"72\" height=\"18\">\n<p><figure id=\"attachment_3268\" aria-describedby=\"caption-attachment-3268\" style=\"width: 300px\" class=\"wp-caption aligncenter\"><img fetchpriority=\"high\" decoding=\"async\" class=\"wp-image-3268 size-medium\" src=\"https:\/\/theperfumebottles.com\/wp-content\/uploads\/2025\/05\/perfume-diamond-bottle-yx2401-300x300.webp\" alt=\"parfym diamantflaska\" width=\"300\" height=\"300\" srcset=\"https:\/\/theperfumebottles.com\/wp-content\/uploads\/2025\/05\/perfume-diamond-bottle-yx2401-300x300.webp 300w, https:\/\/theperfumebottles.com\/wp-content\/uploads\/2025\/05\/perfume-diamond-bottle-yx2401-150x150.webp 150w, https:\/\/theperfumebottles.com\/wp-content\/uploads\/2025\/05\/perfume-diamond-bottle-yx2401-768x768.webp 768w, https:\/\/theperfumebottles.com\/wp-content\/uploads\/2025\/05\/perfume-diamond-bottle-yx2401-12x12.webp 12w, https:\/\/theperfumebottles.com\/wp-content\/uploads\/2025\/05\/perfume-diamond-bottle-yx2401-600x600.webp 600w, https:\/\/theperfumebottles.com\/wp-content\/uploads\/2025\/05\/perfume-diamond-bottle-yx2401-100x100.webp 100w, https:\/\/theperfumebottles.com\/wp-content\/uploads\/2025\/05\/perfume-diamond-bottle-yx2401.webp 1000w\" sizes=\"(max-width: 300px) 100vw, 300px\" \/><figcaption id=\"caption-attachment-3268\" class=\"wp-caption-text\">30 ml PB-YX2401<\/figcaption><\/figure><\/td>\n<td style=\"width: 54.00pt;\" width=\"72\">\n<p><figure id=\"attachment_3269\" aria-describedby=\"caption-attachment-3269\" style=\"width: 300px\" class=\"wp-caption aligncenter\"><img decoding=\"async\" class=\"wp-image-3269 size-medium\" src=\"https:\/\/theperfumebottles.com\/wp-content\/uploads\/2025\/05\/perfume-diamond-bottle-yx2402-300x300.webp\" alt=\"parfym diamantflaska\" width=\"300\" height=\"300\" srcset=\"https:\/\/theperfumebottles.com\/wp-content\/uploads\/2025\/05\/perfume-diamond-bottle-yx2402-300x300.webp 300w, https:\/\/theperfumebottles.com\/wp-content\/uploads\/2025\/05\/perfume-diamond-bottle-yx2402-150x150.webp 150w, https:\/\/theperfumebottles.com\/wp-content\/uploads\/2025\/05\/perfume-diamond-bottle-yx2402-768x768.webp 768w, https:\/\/theperfumebottles.com\/wp-content\/uploads\/2025\/05\/perfume-diamond-bottle-yx2402-12x12.webp 12w, https:\/\/theperfumebottles.com\/wp-content\/uploads\/2025\/05\/perfume-diamond-bottle-yx2402-600x600.webp 600w, https:\/\/theperfumebottles.com\/wp-content\/uploads\/2025\/05\/perfume-diamond-bottle-yx2402-100x100.webp 100w, https:\/\/theperfumebottles.com\/wp-content\/uploads\/2025\/05\/perfume-diamond-bottle-yx2402.webp 1000w\" sizes=\"(max-width: 300px) 100vw, 300px\" \/><figcaption id=\"caption-attachment-3269\" class=\"wp-caption-text\">50ml PB-YX2402<\/figcaption><\/figure><\/td>\n<td style=\"width: 54.00pt;\" width=\"72\">\n<p><figure id=\"attachment_3271\" aria-describedby=\"caption-attachment-3271\" style=\"width: 300px\" class=\"wp-caption aligncenter\"><img decoding=\"async\" class=\"wp-image-3271 size-medium\" src=\"https:\/\/theperfumebottles.com\/wp-content\/uploads\/2025\/05\/crystal-perfume-atomiser-yx2403-300x300.webp\" alt=\"parfymdoftare i kristall\" width=\"300\" height=\"300\" srcset=\"https:\/\/theperfumebottles.com\/wp-content\/uploads\/2025\/05\/crystal-perfume-atomiser-yx2403-300x300.webp 300w, https:\/\/theperfumebottles.com\/wp-content\/uploads\/2025\/05\/crystal-perfume-atomiser-yx2403-150x150.webp 150w, https:\/\/theperfumebottles.com\/wp-content\/uploads\/2025\/05\/crystal-perfume-atomiser-yx2403-768x768.webp 768w, https:\/\/theperfumebottles.com\/wp-content\/uploads\/2025\/05\/crystal-perfume-atomiser-yx2403-12x12.webp 12w, https:\/\/theperfumebottles.com\/wp-content\/uploads\/2025\/05\/crystal-perfume-atomiser-yx2403-600x600.webp 600w, https:\/\/theperfumebottles.com\/wp-content\/uploads\/2025\/05\/crystal-perfume-atomiser-yx2403-100x100.webp 100w, https:\/\/theperfumebottles.com\/wp-content\/uploads\/2025\/05\/crystal-perfume-atomiser-yx2403.webp 1000w\" sizes=\"(max-width: 300px) 100vw, 300px\" \/><figcaption id=\"caption-attachment-3271\" class=\"wp-caption-text\">100ml PB-YX2403<\/figcaption><\/figure><\/td>\n<\/tr>\n<\/tbody>\n<\/table>\n<h2>Viktiga specifikationer<\/h2>\n<table style=\"border-collapse: collapse; margin-left: auto; margin-right: auto; width: 80%;\" border=\"0\" width=\"80%\" cellspacing=\"0\" cellpadding=\"0\">\n<tbody>\n<tr style=\"height: 13.50pt;\">\n<td style=\"height: 13.50pt; width: 82.50pt;\" width=\"110\" height=\"18\"><strong>Modell<\/strong><\/td>\n<td style=\"width: 71.25pt;\" width=\"95\"><strong>Kaliber<\/strong><\/td>\n<td style=\"width: 68.25pt;\" width=\"91\"><strong>Kapacitet<\/strong><\/td>\n<td style=\"width: 149.25pt;\" width=\"199\"><strong>M\u00e5tt (B x D x H)<\/strong><\/td>\n<td style=\"width: 87.00pt;\" width=\"116\"><strong>Typ av hals<\/strong><\/td>\n<\/tr>\n<tr style=\"height: 13.50pt;\">\n<td style=\"height: 13.50pt;\" height=\"18\"><strong>PB-YX2401<\/strong><\/td>\n<td>3,4 oz:n kaari-suorakulmion tuoksupullojen tukkumyynti<\/td>\n<td>30 ml<\/td>\n<td>44 x 34 x 77 mm<\/td>\n<td>Krymphals<\/td>\n<\/tr>\n<tr style=\"height: 13.50pt;\">\n<td style=\"height: 13.50pt;\" height=\"18\"><strong>PB-YX2402<\/strong><\/td>\n<td>3,4 oz:n kaari-suorakulmion tuoksupullojen tukkumyynti<\/td>\n<td>50 ml<\/td>\n<td>50 x 39 x 87 mm<\/td>\n<td>Krymphals<\/td>\n<\/tr>\n<tr style=\"height: 13.50pt;\">\n<td style=\"height: 13.50pt;\" height=\"18\"><strong>PB-YX2403<\/strong><\/td>\n<td>3,4 oz:n kaari-suorakulmion tuoksupullojen tukkumyynti<\/td>\n<td>100 ml<\/td>\n<td>60 x 47 x 110 mm<\/td>\n<td>Krymphals<\/td>\n<\/tr>\n<\/tbody>\n<\/table>\n<h2>F\u00f6rslag till f\u00f6rpackning<\/h2>\n<p>Ett parfymm\u00e4rke fr\u00e5n Paris ville hitta en lyxig f\u00f6rpackningsl\u00f6sning. De valde v\u00e5r PB-YX2403-modell, tillverkad i klarglas, med ett anpassat guldlock och varmst\u00e4mplad logotyp. Deras parfymf\u00f6rs\u00e4ljning \u00f6kade med 25% p\u00e5 tv\u00e5 m\u00e5nader och gav en \u00e5terk\u00f6psfrekvens p\u00e5 10%.<\/p>\n<p>Vi tillhandah\u00e5ller tre specifikationer p\u00e5 30 ml, 50 ml och 100 ml f\u00f6r att tillgodose olika aff\u00e4rsbehov. Vi st\u00f6der bulkbest\u00e4llningar och kan flexibelt anpassa f\u00f6rpackningsl\u00f6sningar f\u00f6r att hj\u00e4lpa ditt varum\u00e4rke att fungera effektivt och i stor skala.<\/p>\n<p>&nbsp;<\/p>\n<h2>Anpassningstips<\/h2>\n<p>V\u00e4lj din favoritglasf\u00e4rg (klar, b\u00e4rnsten, rosa, bl\u00e5 etc.)<\/p>\n<p>Anpassa lockets form och ytbehandling<\/p>\n<p>L\u00e4gg till lasergravyr eller logotyptryck<\/p>\n<p>&nbsp;<\/p>","protected":false},"excerpt":{"rendered":"<p>V\u00e5r PB-YX24-serie med diamantparfymflaskor \u00e4r utformad f\u00f6r parfymvarum\u00e4rkes\u00e4gare och grossister som vill g\u00f6ra ett uttalande.<\/p>","protected":false},"featured_media":3269,"comment_status":"open","ping_status":"closed","template":"","meta":{"_acf_changed":false,"site-sidebar-layout":"default","site-content-layout":"","ast-site-content-layout":"default","site-content-style":"default","site-sidebar-style":"default","ast-global-header-display":"","ast-banner-title-visibility":"","ast-main-header-display":"","ast-hfb-above-header-display":"","ast-hfb-below-header-display":"","ast-hfb-mobile-header-display":"","site-post-title":"","ast-breadcrumbs-content":"","ast-featured-img":"","footer-sml-layout":"","ast-disable-related-posts":"","theme-transparent-header-meta":"default","adv-header-id-meta":"","stick-header-meta":"","header-above-stick-meta":"","header-main-stick-meta":"","header-below-stick-meta":"","astra-migrate-meta-layouts":"set","ast-page-background-enabled":"default","ast-page-background-meta":{"desktop":{"background-color":"var(--ast-global-color-5)","background-image":"","background-repeat":"repeat","background-position":"center center","background-size":"auto","background-attachment":"scroll","background-type":"","background-media":"","overlay-type":"","overlay-color":"","overlay-opacity":"","overlay-gradient":""},"tablet":{"background-color":"","background-image":"","background-repeat":"repeat","background-position":"center center","background-size":"auto","background-attachment":"scroll","background-type":"","background-media":"","overlay-type":"","overlay-color":"","overlay-opacity":"","overlay-gradient":""},"mobile":{"background-color":"","background-image":"","background-repeat":"repeat","background-position":"center center","background-size":"auto","background-attachment":"scroll","background-type":"","background-media":"","overlay-type":"","overlay-color":"","overlay-opacity":"","overlay-gradient":""}},"ast-content-background-meta":{"desktop":{"background-color":"var(--ast-global-color-4)","background-image":"","background-repeat":"repeat","background-position":"center center","background-size":"auto","background-attachment":"scroll","background-type":"","background-media":"","overlay-type":"","overlay-color":"","overlay-opacity":"","overlay-gradient":""},"tablet":{"background-color":"var(--ast-global-color-4)","background-image":"","background-repeat":"repeat","background-position":"center center","background-size":"auto","background-attachment":"scroll","background-type":"","background-media":"","overlay-type":"","overlay-color":"","overlay-opacity":"","overlay-gradient":""},"mobile":{"background-color":"var(--ast-global-color-4)","background-image":"","background-repeat":"repeat","background-position":"center center","background-size":"auto","background-attachment":"scroll","background-type":"","background-media":"","overlay-type":"","overlay-color":"","overlay-opacity":"","overlay-gradient":""}}},"product_brand":[],"product_cat":[72,91,41],"product_tag":[],"class_list":{"0":"post-3264","1":"product","2":"type-product","3":"status-publish","4":"has-post-thumbnail","6":"product_cat-cosmetic-packaging","7":"product_cat-custom-perfume-bottles","8":"product_cat-perfume-bottles","9":"desktop-align-left","10":"tablet-align-left","11":"mobile-align-left","13":"first","14":"instock","15":"shipping-taxable","16":"product-type-simple"},"acf":[],"jetpack_sharing_enabled":true,"_links":{"self":[{"href":"https:\/\/theperfumebottles.com\/sv\/wp-json\/wp\/v2\/product\/3264","targetHints":{"allow":["GET"]}}],"collection":[{"href":"https:\/\/theperfumebottles.com\/sv\/wp-json\/wp\/v2\/product"}],"about":[{"href":"https:\/\/theperfumebottles.com\/sv\/wp-json\/wp\/v2\/types\/product"}],"replies":[{"embeddable":true,"href":"https:\/\/theperfumebottles.com\/sv\/wp-json\/wp\/v2\/comments?post=3264"}],"wp:featuredmedia":[{"embeddable":true,"href":"https:\/\/theperfumebottles.com\/sv\/wp-json\/wp\/v2\/media\/3269"}],"wp:attachment":[{"href":"https:\/\/theperfumebottles.com\/sv\/wp-json\/wp\/v2\/media?parent=3264"}],"wp:term":[{"taxonomy":"product_brand","embeddable":true,"href":"https:\/\/theperfumebottles.com\/sv\/wp-json\/wp\/v2\/product_brand?post=3264"},{"taxonomy":"product_cat","embeddable":true,"href":"https:\/\/theperfumebottles.com\/sv\/wp-json\/wp\/v2\/product_cat?post=3264"},{"taxonomy":"product_tag","embeddable":true,"href":"https:\/\/theperfumebottles.com\/sv\/wp-json\/wp\/v2\/product_tag?post=3264"}],"curies":[{"name":"wp","href":"https:\/\/api.w.org\/{rel}","templated":true}]}}