{"id":3272,"date":"2025-05-07T08:01:39","date_gmt":"2025-05-07T08:01:39","guid":{"rendered":"https:\/\/theperfumebottles.com\/?post_type=product&#038;p=3272"},"modified":"2025-05-12T05:20:09","modified_gmt":"2025-05-12T05:20:09","slug":"tall-100ml-perfume-glass-bottle-custom-scent-containers","status":"publish","type":"product","link":"https:\/\/theperfumebottles.com\/sv\/produkt\/tall-100ml-perfume-glass-bottle-custom-scent-containers\/","title":{"rendered":"H\u00f6g 100 ml parfymflaska i glas | Anpassade doftbeh\u00e5llare"},"content":{"rendered":"<p>V\u00e5r PB-YZ01 3,4 oz\/100 ml parfymglasflaska med rundad design maximerar exponeringen p\u00e5 hyllan, medan spraymekanismen s\u00e4kerst\u00e4ller en exakt spray. Oavsett om du beh\u00f6ver en elegant doftbeh\u00e5llare f\u00f6r dina doftoljor eller en stor glasflaska f\u00f6r din vanliga doftkollektion, har PB-YX2401 allt du beh\u00f6ver.<\/p>\n<h2>Viktiga specifikationer<\/h2>\n<table style=\"border-collapse: collapse; margin-left: auto; margin-right: auto; width: 80%;\" border=\"0\" width=\"80%\" cellspacing=\"0\" cellpadding=\"0\">\n<tbody>\n<tr style=\"height: 13.50pt;\">\n<td style=\"height: 13.50pt; width: 126.00pt;\" width=\"168\" height=\"18\"><strong>Modell<\/strong><\/td>\n<td style=\"width: 326.25pt;\" width=\"435\">PB-YZ01<\/td>\n<\/tr>\n<tr style=\"height: 13.50pt;\">\n<td style=\"height: 13.50pt;\" height=\"18\"><strong>Kapacitet<\/strong><\/td>\n<td>100 ml<\/td>\n<\/tr>\n<tr style=\"height: 13.50pt;\">\n<td style=\"height: 13.50pt;\" height=\"18\"><strong>M\u00e5tt och dimensioner<\/strong><\/td>\n<td>55 x 114 mm<\/td>\n<\/tr>\n<tr style=\"height: 13.50pt;\">\n<td style=\"height: 13.50pt;\" height=\"18\"><strong>Kaliber<\/strong><\/td>\n<td>15 mm<\/td>\n<\/tr>\n<tr style=\"height: 13.50pt;\">\n<td style=\"height: 13.50pt;\" height=\"18\"><strong>Material<\/strong><\/td>\n<td>Kristallglas, lock i akryl<\/td>\n<\/tr>\n<tr style=\"height: 13.50pt;\">\n<td style=\"height: 13.50pt;\" height=\"18\"><strong>Typ av t\u00e4tning<\/strong><\/td>\n<td>Crimphals med sprutpump<\/td>\n<\/tr>\n<tr style=\"height: 13.50pt;\">\n<td style=\"height: 13.50pt;\" height=\"18\"><strong>Material<\/strong><\/td>\n<td>Kristallglas, lock i akryl, pump i metall\/plast<\/td>\n<\/tr>\n<\/tbody>\n<\/table>\n<h2>F\u00f6rslag till f\u00f6rpackningar<\/h2>\n<p>Ett franskt parfymm\u00e4rke \u00f6kade f\u00f6rs\u00e4ljningen av sin nya Jasmine-kollektion med 27% med hj\u00e4lp av v\u00e5ra 100 ml parfymflaskor i glas. Det speglade guldlocket kompletterar varum\u00e4rkets positionering \"prisv\u00e4rd lyx\" och bevisar att \u00e4ven blomvatten kan k\u00e4nnas lyxigt.<\/p>\n<h3>Anpassningstips<\/h3>\n<p>F\u00e4rgmatchning: V\u00e4lj en mjuk nyans som matt vit f\u00f6r en enkel estetik, eller en dj\u00e4rv b\u00e4rnsten f\u00f6r en nischad doft.<\/p>\n<p>Dekoration av kapsyl: L\u00e4gg till en matt yta som kontrast till den blanka flaskan, eller pr\u00e4glingen av en egen logotyp.<\/p>\n<p>Val av pumphuvud: V\u00e4lj metallf\u00f6rst\u00e4rkare f\u00f6r exklusiva cologner eller plastpumphuvud f\u00f6r bulkbest\u00e4llningar till ett \u00f6verkomligt pris.<\/p>","protected":false},"excerpt":{"rendered":"<p>Uppt\u00e4ck premium 100 ml parfymglasflaskor tillverkade f\u00f6r lyxiga parfymdoftflaskf\u00f6rpackningar. Anpassningsbara, l\u00e4ckages\u00e4kra och bulkbest\u00e4llningsalternativ tillg\u00e4ngliga.<\/p>","protected":false},"featured_media":3274,"comment_status":"open","ping_status":"closed","template":"","meta":{"_acf_changed":false,"site-sidebar-layout":"default","site-content-layout":"","ast-site-content-layout":"default","site-content-style":"default","site-sidebar-style":"default","ast-global-header-display":"","ast-banner-title-visibility":"","ast-main-header-display":"","ast-hfb-above-header-display":"","ast-hfb-below-header-display":"","ast-hfb-mobile-header-display":"","site-post-title":"","ast-breadcrumbs-content":"","ast-featured-img":"","footer-sml-layout":"","ast-disable-related-posts":"","theme-transparent-header-meta":"default","adv-header-id-meta":"","stick-header-meta":"","header-above-stick-meta":"","header-main-stick-meta":"","header-below-stick-meta":"","astra-migrate-meta-layouts":"set","ast-page-background-enabled":"default","ast-page-background-meta":{"desktop":{"background-color":"var(--ast-global-color-5)","background-image":"","background-repeat":"repeat","background-position":"center center","background-size":"auto","background-attachment":"scroll","background-type":"","background-media":"","overlay-type":"","overlay-color":"","overlay-opacity":"","overlay-gradient":""},"tablet":{"background-color":"","background-image":"","background-repeat":"repeat","background-position":"center center","background-size":"auto","background-attachment":"scroll","background-type":"","background-media":"","overlay-type":"","overlay-color":"","overlay-opacity":"","overlay-gradient":""},"mobile":{"background-color":"","background-image":"","background-repeat":"repeat","background-position":"center center","background-size":"auto","background-attachment":"scroll","background-type":"","background-media":"","overlay-type":"","overlay-color":"","overlay-opacity":"","overlay-gradient":""}},"ast-content-background-meta":{"desktop":{"background-color":"var(--ast-global-color-4)","background-image":"","background-repeat":"repeat","background-position":"center center","background-size":"auto","background-attachment":"scroll","background-type":"","background-media":"","overlay-type":"","overlay-color":"","overlay-opacity":"","overlay-gradient":""},"tablet":{"background-color":"var(--ast-global-color-4)","background-image":"","background-repeat":"repeat","background-position":"center center","background-size":"auto","background-attachment":"scroll","background-type":"","background-media":"","overlay-type":"","overlay-color":"","overlay-opacity":"","overlay-gradient":""},"mobile":{"background-color":"var(--ast-global-color-4)","background-image":"","background-repeat":"repeat","background-position":"center center","background-size":"auto","background-attachment":"scroll","background-type":"","background-media":"","overlay-type":"","overlay-color":"","overlay-opacity":"","overlay-gradient":""}}},"product_brand":[],"product_cat":[72,91,41],"product_tag":[],"class_list":{"0":"post-3272","1":"product","2":"type-product","3":"status-publish","4":"has-post-thumbnail","6":"product_cat-cosmetic-packaging","7":"product_cat-custom-perfume-bottles","8":"product_cat-perfume-bottles","9":"desktop-align-left","10":"tablet-align-left","11":"mobile-align-left","13":"first","14":"instock","15":"shipping-taxable","16":"product-type-simple"},"acf":[],"jetpack_sharing_enabled":true,"_links":{"self":[{"href":"https:\/\/theperfumebottles.com\/sv\/wp-json\/wp\/v2\/product\/3272","targetHints":{"allow":["GET"]}}],"collection":[{"href":"https:\/\/theperfumebottles.com\/sv\/wp-json\/wp\/v2\/product"}],"about":[{"href":"https:\/\/theperfumebottles.com\/sv\/wp-json\/wp\/v2\/types\/product"}],"replies":[{"embeddable":true,"href":"https:\/\/theperfumebottles.com\/sv\/wp-json\/wp\/v2\/comments?post=3272"}],"wp:featuredmedia":[{"embeddable":true,"href":"https:\/\/theperfumebottles.com\/sv\/wp-json\/wp\/v2\/media\/3274"}],"wp:attachment":[{"href":"https:\/\/theperfumebottles.com\/sv\/wp-json\/wp\/v2\/media?parent=3272"}],"wp:term":[{"taxonomy":"product_brand","embeddable":true,"href":"https:\/\/theperfumebottles.com\/sv\/wp-json\/wp\/v2\/product_brand?post=3272"},{"taxonomy":"product_cat","embeddable":true,"href":"https:\/\/theperfumebottles.com\/sv\/wp-json\/wp\/v2\/product_cat?post=3272"},{"taxonomy":"product_tag","embeddable":true,"href":"https:\/\/theperfumebottles.com\/sv\/wp-json\/wp\/v2\/product_tag?post=3272"}],"curies":[{"name":"wp","href":"https:\/\/api.w.org\/{rel}","templated":true}]}}