{"id":3325,"date":"2025-05-14T03:26:10","date_gmt":"2025-05-14T03:26:10","guid":{"rendered":"https:\/\/theperfumebottles.com\/?post_type=product&#038;p=3325"},"modified":"2025-05-23T10:54:00","modified_gmt":"2025-05-23T02:54:00","slug":"premium-perfume-bottles-recyclable-modern-fragrance-bottle-set","status":"publish","type":"product","link":"https:\/\/theperfumebottles.com\/sv\/produkt\/premium-perfume-bottles-recyclable-modern-fragrance-bottle-set\/","title":{"rendered":"50ml 100ml \u00e5tervinningsbar parfymflaska f\u00f6r doftm\u00e4rken"},"content":{"rendered":"<p>V\u00e5r parfymflaskupps\u00e4ttning PB-YZ06 \u00e4r en perfekt kombination av h\u00e5llbarhet, stil och funktionalitet. V\u00e5r parfymflaskupps\u00e4ttning PB-YZ06 kombinerar h\u00e5llbarhet, mode och praktiska egenskaper. L\u00e4mplig f\u00f6r buteljering av parfym, cologne, blomvatten eller eteriska oljor etc. Dessutom kan v\u00e5ra fullst\u00e4ndiga anpassade alternativ uttrycka din kreativitet fullt ut.<\/p>\n<figure id=\"attachment_3330\" aria-describedby=\"caption-attachment-3330\" style=\"width: 500px\" class=\"wp-caption aligncenter\"><img fetchpriority=\"high\" decoding=\"async\" class=\"wp-image-3330\" src=\"https:\/\/theperfumebottles.com\/wp-content\/uploads\/2025\/05\/perfume-bottles-recyclable-pbyz06.webp\" alt=\"Premium parfymflaskor \u00c5tervinningsbara | Modern doftflaskupps\u00e4ttning\" width=\"500\" height=\"500\" srcset=\"https:\/\/theperfumebottles.com\/wp-content\/uploads\/2025\/05\/perfume-bottles-recyclable-pbyz06.webp 1000w, https:\/\/theperfumebottles.com\/wp-content\/uploads\/2025\/05\/perfume-bottles-recyclable-pbyz06-300x300.webp 300w, https:\/\/theperfumebottles.com\/wp-content\/uploads\/2025\/05\/perfume-bottles-recyclable-pbyz06-150x150.webp 150w, https:\/\/theperfumebottles.com\/wp-content\/uploads\/2025\/05\/perfume-bottles-recyclable-pbyz06-768x768.webp 768w, https:\/\/theperfumebottles.com\/wp-content\/uploads\/2025\/05\/perfume-bottles-recyclable-pbyz06-12x12.webp 12w, https:\/\/theperfumebottles.com\/wp-content\/uploads\/2025\/05\/perfume-bottles-recyclable-pbyz06-600x600.webp 600w, https:\/\/theperfumebottles.com\/wp-content\/uploads\/2025\/05\/perfume-bottles-recyclable-pbyz06-100x100.webp 100w\" sizes=\"(max-width: 500px) 100vw, 500px\" \/><figcaption id=\"caption-attachment-3330\" class=\"wp-caption-text\">Premium parfymflaskupps\u00e4ttning<\/figcaption><\/figure>\n<h2>Viktiga specifikationer<\/h2>\n<table border=\"0\" width=\"80%\" cellspacing=\"0\" cellpadding=\"0\">\n<tbody>\n<tr>\n<td width=\"96\" height=\"18\">Modell<\/td>\n<td width=\"93\">Kapacitet<\/td>\n<td width=\"104\">Glasstorlek<\/td>\n<td width=\"128\">Material<\/td>\n<td width=\"211\">T\u00e4tningstyp<\/td>\n<td width=\"225\">F\u00e4rgalternativ<\/td>\n<\/tr>\n<tr>\n<td height=\"18\">PB-YZ0601<\/td>\n<td>50 ml<\/td>\n<td>47 * 81 mm<\/td>\n<td>Kristallglas<\/td>\n<td>15 mm krymphals + spruta<\/td>\n<td>Transparent + Silver\/Rosa<\/td>\n<\/tr>\n<tr>\n<td height=\"18\">PB-YZ0602<\/td>\n<td>100 ml<\/td>\n<td>59 * 103 mm<\/td>\n<td>Kristallglas<\/td>\n<td>15 mm krymphals + spruta<\/td>\n<td>Transparent + Silver\/Svart<\/td>\n<\/tr>\n<\/tbody>\n<\/table>\n<h2>F\u00f6rslag till f\u00f6rpackningar<\/h2>\n<p>Indievarum\u00e4rket Bloom &amp; Mist lanserade sin unisexdoftkollektion med v\u00e5r PB-YZ0601 parfymflaska (50 ml). De anpassade kapsylerna med en finish i ros\u00e9guld och lade till en minimalistisk etikett, vilket bidrog till att \u00f6ka f\u00f6rs\u00e4ljningen med 27% under f\u00f6rsta kvartalet.<\/p>\n<h2>Anpassningstips:<\/h2>\n<p>Matcha f\u00e4rgerna i ditt varum\u00e4rke: N\u00e4r du best\u00e4ller i bulk b\u00f6r kepsens f\u00e4rger matcha din varum\u00e4rkesidentitet.<\/p>\n<p>Kapsyler: Dessa parfymflaskor kan kombineras med metalliska spraylock f\u00f6r en lyxig look<\/p>\n<p>Ytbehandlingar: V\u00e4lj en matt yta f\u00f6r ett minimalistiskt utseende.<\/p>\n<h2>Varf\u00f6r v\u00e4lja v\u00e5ra parfymflaskor?<\/h2>\n<p>Oavsett om du beh\u00f6ver tomma parfymflaskor f\u00f6r en liten upplaga eller anpassade kosmetikaf\u00f6rpackningar i bulk, s\u00e5 har v\u00e5ra m\u00e5ngsidiga parfymflaskupps\u00e4ttningar allt du beh\u00f6ver med snabb leverans, h\u00e5llbarhet och mycket mer.<\/p>\n<p>Beh\u00f6ver du hj\u00e4lp? Vi guidar dig fr\u00e5n design till leverans! Best\u00e4ll din returupps\u00e4ttning parfymflaskor idag - f\u00e5 grossistrabatter p\u00e5 kommersiella bulkbest\u00e4llningar!<\/p>","protected":false},"excerpt":{"rendered":"<p>Lyft ditt doftvarum\u00e4rke med v\u00e5r upps\u00e4ttning parfymflaskor. Snygga, anpassningsbara parfymflaskor som \u00e4r \u00e5tervinningsbara f\u00f6r damparfym, herrparfym och aromatiska oljor.<\/p>","protected":false},"featured_media":3333,"comment_status":"open","ping_status":"closed","template":"","meta":{"_acf_changed":false,"site-sidebar-layout":"default","site-content-layout":"","ast-site-content-layout":"default","site-content-style":"default","site-sidebar-style":"default","ast-global-header-display":"","ast-banner-title-visibility":"","ast-main-header-display":"","ast-hfb-above-header-display":"","ast-hfb-below-header-display":"","ast-hfb-mobile-header-display":"","site-post-title":"","ast-breadcrumbs-content":"","ast-featured-img":"","footer-sml-layout":"","ast-disable-related-posts":"","theme-transparent-header-meta":"default","adv-header-id-meta":"","stick-header-meta":"","header-above-stick-meta":"","header-main-stick-meta":"","header-below-stick-meta":"","astra-migrate-meta-layouts":"set","ast-page-background-enabled":"default","ast-page-background-meta":{"desktop":{"background-color":"var(--ast-global-color-5)","background-image":"","background-repeat":"repeat","background-position":"center center","background-size":"auto","background-attachment":"scroll","background-type":"","background-media":"","overlay-type":"","overlay-color":"","overlay-opacity":"","overlay-gradient":""},"tablet":{"background-color":"","background-image":"","background-repeat":"repeat","background-position":"center center","background-size":"auto","background-attachment":"scroll","background-type":"","background-media":"","overlay-type":"","overlay-color":"","overlay-opacity":"","overlay-gradient":""},"mobile":{"background-color":"","background-image":"","background-repeat":"repeat","background-position":"center center","background-size":"auto","background-attachment":"scroll","background-type":"","background-media":"","overlay-type":"","overlay-color":"","overlay-opacity":"","overlay-gradient":""}},"ast-content-background-meta":{"desktop":{"background-color":"var(--ast-global-color-4)","background-image":"","background-repeat":"repeat","background-position":"center center","background-size":"auto","background-attachment":"scroll","background-type":"","background-media":"","overlay-type":"","overlay-color":"","overlay-opacity":"","overlay-gradient":""},"tablet":{"background-color":"var(--ast-global-color-4)","background-image":"","background-repeat":"repeat","background-position":"center center","background-size":"auto","background-attachment":"scroll","background-type":"","background-media":"","overlay-type":"","overlay-color":"","overlay-opacity":"","overlay-gradient":""},"mobile":{"background-color":"var(--ast-global-color-4)","background-image":"","background-repeat":"repeat","background-position":"center center","background-size":"auto","background-attachment":"scroll","background-type":"","background-media":"","overlay-type":"","overlay-color":"","overlay-opacity":"","overlay-gradient":""}}},"product_brand":[],"product_cat":[72,91,37,41],"product_tag":[],"class_list":{"0":"post-3325","1":"product","2":"type-product","3":"status-publish","4":"has-post-thumbnail","6":"product_cat-cosmetic-packaging","7":"product_cat-custom-perfume-bottles","8":"product_cat-uncategorized","9":"product_cat-perfume-bottles","10":"desktop-align-left","11":"tablet-align-left","12":"mobile-align-left","14":"first","15":"instock","16":"shipping-taxable","17":"product-type-simple"},"acf":[],"jetpack_sharing_enabled":true,"_links":{"self":[{"href":"https:\/\/theperfumebottles.com\/sv\/wp-json\/wp\/v2\/product\/3325","targetHints":{"allow":["GET"]}}],"collection":[{"href":"https:\/\/theperfumebottles.com\/sv\/wp-json\/wp\/v2\/product"}],"about":[{"href":"https:\/\/theperfumebottles.com\/sv\/wp-json\/wp\/v2\/types\/product"}],"replies":[{"embeddable":true,"href":"https:\/\/theperfumebottles.com\/sv\/wp-json\/wp\/v2\/comments?post=3325"}],"wp:featuredmedia":[{"embeddable":true,"href":"https:\/\/theperfumebottles.com\/sv\/wp-json\/wp\/v2\/media\/3333"}],"wp:attachment":[{"href":"https:\/\/theperfumebottles.com\/sv\/wp-json\/wp\/v2\/media?parent=3325"}],"wp:term":[{"taxonomy":"product_brand","embeddable":true,"href":"https:\/\/theperfumebottles.com\/sv\/wp-json\/wp\/v2\/product_brand?post=3325"},{"taxonomy":"product_cat","embeddable":true,"href":"https:\/\/theperfumebottles.com\/sv\/wp-json\/wp\/v2\/product_cat?post=3325"},{"taxonomy":"product_tag","embeddable":true,"href":"https:\/\/theperfumebottles.com\/sv\/wp-json\/wp\/v2\/product_tag?post=3325"}],"curies":[{"name":"wp","href":"https:\/\/api.w.org\/{rel}","templated":true}]}}