{"id":3334,"date":"2025-05-15T04:03:28","date_gmt":"2025-05-15T04:03:28","guid":{"rendered":"https:\/\/theperfumebottles.com\/?post_type=product&#038;p=3334"},"modified":"2025-05-23T10:38:52","modified_gmt":"2025-05-23T02:38:52","slug":"100ml-spray-bottles-bulk-cylinder-perfume-empty-glass-bottles","status":"publish","type":"product","link":"https:\/\/theperfumebottles.com\/sv\/produkt\/100ml-spray-bottles-bulk-cylinder-perfume-empty-glass-bottles\/","title":{"rendered":"100ml sprayflaskor i bulk \u2013 cylinderformade parfymflaskor i glas"},"content":{"rendered":"<p>Oavsett om du lanserar en uppfriskande citrusspray eller en neutral tr\u00e4parfym kan v\u00e5ra cylindriska parfymflaskor i glas tillgodose en m\u00e4ngd olika behov. Det \u00e5tervinningsbara materialet f\u00f6redras av milj\u00f6v\u00e4nliga konsumenter, och den tomma ytan kan visa ditt varum\u00e4rkes personlighet. Beh\u00f6ver du testa en liten sats? Vi accepterar best\u00e4llningar p\u00e5 500 stycken f\u00f6r att hj\u00e4lpa nystartade f\u00f6retag att minska riskerna.<\/p>\n<figure id=\"attachment_3336\" aria-describedby=\"caption-attachment-3336\" style=\"width: 500px\" class=\"wp-caption aligncenter\"><img fetchpriority=\"high\" decoding=\"async\" class=\"wp-image-3336\" src=\"https:\/\/theperfumebottles.com\/wp-content\/uploads\/2025\/05\/100ml-spray-bottles-bulk-yz07.webp\" alt=\"100ml Sprayflaskor Bulk - Cylinder Parfym Tomma Glasflaskor\" width=\"500\" height=\"500\" srcset=\"https:\/\/theperfumebottles.com\/wp-content\/uploads\/2025\/05\/100ml-spray-bottles-bulk-yz07.webp 1000w, https:\/\/theperfumebottles.com\/wp-content\/uploads\/2025\/05\/100ml-spray-bottles-bulk-yz07-300x300.webp 300w, https:\/\/theperfumebottles.com\/wp-content\/uploads\/2025\/05\/100ml-spray-bottles-bulk-yz07-150x150.webp 150w, https:\/\/theperfumebottles.com\/wp-content\/uploads\/2025\/05\/100ml-spray-bottles-bulk-yz07-768x768.webp 768w, https:\/\/theperfumebottles.com\/wp-content\/uploads\/2025\/05\/100ml-spray-bottles-bulk-yz07-12x12.webp 12w, https:\/\/theperfumebottles.com\/wp-content\/uploads\/2025\/05\/100ml-spray-bottles-bulk-yz07-600x600.webp 600w, https:\/\/theperfumebottles.com\/wp-content\/uploads\/2025\/05\/100ml-spray-bottles-bulk-yz07-100x100.webp 100w\" sizes=\"(max-width: 500px) 100vw, 500px\" \/><figcaption id=\"caption-attachment-3336\" class=\"wp-caption-text\">100ml sprayflaskor i bulk \u2013 cylinderformade parfymflaskor i glas<\/figcaption><\/figure>\n<h2>Viktiga specifikationer<\/h2>\n<table style=\"border-collapse: collapse; margin-left: auto; magrin-right: auto; width: 80%;\" border=\"0\" width=\"80%\" cellspacing=\"0\" cellpadding=\"0\">\n<tbody>\n<tr style=\"height: 13.50pt;\">\n<td style=\"height: 13.50pt; width: 93.00pt;\" width=\"124\" height=\"18\"><strong>Modell<\/strong><\/td>\n<td style=\"width: 258.00pt;\" width=\"344\">PB-YZ07<\/td>\n<\/tr>\n<tr style=\"height: 13.50pt;\">\n<td style=\"height: 13.50pt;\" height=\"18\"><strong>Kapacitet<\/strong><\/td>\n<td>100 ml<\/td>\n<\/tr>\n<tr style=\"height: 13.50pt;\">\n<td style=\"height: 13.50pt;\" height=\"18\"><strong>M\u00e5tt<\/strong><\/td>\n<td>52 mm (dia) x 98 mm (h\u00f6jd)<\/td>\n<\/tr>\n<tr style=\"height: 13.50pt;\">\n<td style=\"height: 13.50pt;\" height=\"18\"><strong>Kaliber<\/strong><\/td>\n<td>3,4 oz:n kaari-suorakulmion tuoksupullojen tukkumyynti<\/td>\n<\/tr>\n<tr style=\"height: 13.50pt;\">\n<td style=\"height: 13.50pt;\" height=\"18\"><strong>Form<\/strong><\/td>\n<td>Cylindrisk<\/td>\n<\/tr>\n<tr style=\"height: 13.50pt;\">\n<td style=\"height: 13.50pt;\" height=\"18\"><strong>Material<\/strong><\/td>\n<td>Kristallglas (\u00e5tervinningsbart)<\/td>\n<\/tr>\n<tr style=\"height: 13.50pt;\">\n<td style=\"height: 13.50pt;\" height=\"18\"><strong>T\u00e4tningstyp<\/strong><\/td>\n<td>Crimphals + spruta<\/td>\n<\/tr>\n<tr style=\"height: 13.50pt;\">\n<td style=\"height: 13.50pt;\" height=\"18\"><strong>F\u00e4rgalternativ<\/strong><\/td>\n<td>Transparent glas, svart lock, anpassningsbar<\/td>\n<\/tr>\n<\/tbody>\n<\/table>\n<h2>F\u00f6rslag till f\u00f6rpackningar<\/h2>\n<p>Ett nytt nischvarum\u00e4rke valde v\u00e5ra cylindriska parfymflaskor f\u00f6r sin unisexserie med vattenbaserad eau de cologne. Den transparenta designen framh\u00e4ver doftens f\u00e4rg, medan den viktade basen f\u00f6rmedlar en lyxig k\u00e4nsla. Resultatet blev en f\u00f6rs\u00e4ljnings\u00f6kning med 35% under f\u00f6rsta kvartalet och f\u00f6rv\u00e4rv av 8 grossistpartners.<\/p>\n<h2>Anpassningstips f\u00f6r dina varum\u00e4rken:<\/h2>\n<ol>\n<li>Byt ut den svarta kepsen mot en metallisk finish f\u00f6r att matcha ditt varum\u00e4rkes f\u00e4rgpalett<\/li>\n<li>L\u00e4gg till subtil pr\u00e4gling p\u00e5 glaset f\u00f6r en taktil varum\u00e4rkesprofilering<\/li>\n<li>Bulkbest\u00e4llningar av 100 ml sprayflaskor s\u00e4nker enhetskostnaderna<\/li>\n<li>Kombinera med anpassade ytterl\u00e5dor f\u00f6r en mer f\u00f6rstklassig unboxing-upplevelse<\/li>\n<li>Kombinera med matta etiketter f\u00f6r en modern kontrast till det klara glaset.<\/li>\n<\/ol>\n<p>F\u00f6r bulkbest\u00e4llningar av v\u00e5ra 100 ml tomma parfymflaskor i glas, fr\u00e5ga om anpassade lockf\u00e4rger och sprutuppgraderingar f\u00f6r att f\u00e5 din parfym att verkligen sticka ut. F\u00f6rvandla din parfymf\u00f6rpackning idag - l\u00e5t oss skapa en design som verkligen f\u00e5ngar k\u00e4rnan i ditt varum\u00e4rke!<\/p>","protected":false},"excerpt":{"rendered":"<p>Anpassningsbara cylinder parfym tomma glasflaskor f\u00f6r grossist. Transparenta 100 ml sprayflaskor bulkbest\u00e4llningar, \u00e5tervinningsbar och snygg design f\u00f6r doftm\u00e4rken.<\/p>","protected":false},"featured_media":3338,"comment_status":"open","ping_status":"closed","template":"","meta":{"_acf_changed":false,"site-sidebar-layout":"default","site-content-layout":"","ast-site-content-layout":"default","site-content-style":"default","site-sidebar-style":"default","ast-global-header-display":"","ast-banner-title-visibility":"","ast-main-header-display":"","ast-hfb-above-header-display":"","ast-hfb-below-header-display":"","ast-hfb-mobile-header-display":"","site-post-title":"","ast-breadcrumbs-content":"","ast-featured-img":"","footer-sml-layout":"","ast-disable-related-posts":"","theme-transparent-header-meta":"default","adv-header-id-meta":"","stick-header-meta":"","header-above-stick-meta":"","header-main-stick-meta":"","header-below-stick-meta":"","astra-migrate-meta-layouts":"set","ast-page-background-enabled":"default","ast-page-background-meta":{"desktop":{"background-color":"var(--ast-global-color-5)","background-image":"","background-repeat":"repeat","background-position":"center center","background-size":"auto","background-attachment":"scroll","background-type":"","background-media":"","overlay-type":"","overlay-color":"","overlay-opacity":"","overlay-gradient":""},"tablet":{"background-color":"","background-image":"","background-repeat":"repeat","background-position":"center center","background-size":"auto","background-attachment":"scroll","background-type":"","background-media":"","overlay-type":"","overlay-color":"","overlay-opacity":"","overlay-gradient":""},"mobile":{"background-color":"","background-image":"","background-repeat":"repeat","background-position":"center center","background-size":"auto","background-attachment":"scroll","background-type":"","background-media":"","overlay-type":"","overlay-color":"","overlay-opacity":"","overlay-gradient":""}},"ast-content-background-meta":{"desktop":{"background-color":"var(--ast-global-color-4)","background-image":"","background-repeat":"repeat","background-position":"center center","background-size":"auto","background-attachment":"scroll","background-type":"","background-media":"","overlay-type":"","overlay-color":"","overlay-opacity":"","overlay-gradient":""},"tablet":{"background-color":"var(--ast-global-color-4)","background-image":"","background-repeat":"repeat","background-position":"center center","background-size":"auto","background-attachment":"scroll","background-type":"","background-media":"","overlay-type":"","overlay-color":"","overlay-opacity":"","overlay-gradient":""},"mobile":{"background-color":"var(--ast-global-color-4)","background-image":"","background-repeat":"repeat","background-position":"center center","background-size":"auto","background-attachment":"scroll","background-type":"","background-media":"","overlay-type":"","overlay-color":"","overlay-opacity":"","overlay-gradient":""}}},"product_brand":[],"product_cat":[72,91,41],"product_tag":[],"class_list":{"0":"post-3334","1":"product","2":"type-product","3":"status-publish","4":"has-post-thumbnail","6":"product_cat-cosmetic-packaging","7":"product_cat-custom-perfume-bottles","8":"product_cat-perfume-bottles","9":"desktop-align-left","10":"tablet-align-left","11":"mobile-align-left","13":"first","14":"instock","15":"shipping-taxable","16":"product-type-simple"},"acf":[],"jetpack_sharing_enabled":true,"_links":{"self":[{"href":"https:\/\/theperfumebottles.com\/sv\/wp-json\/wp\/v2\/product\/3334","targetHints":{"allow":["GET"]}}],"collection":[{"href":"https:\/\/theperfumebottles.com\/sv\/wp-json\/wp\/v2\/product"}],"about":[{"href":"https:\/\/theperfumebottles.com\/sv\/wp-json\/wp\/v2\/types\/product"}],"replies":[{"embeddable":true,"href":"https:\/\/theperfumebottles.com\/sv\/wp-json\/wp\/v2\/comments?post=3334"}],"wp:featuredmedia":[{"embeddable":true,"href":"https:\/\/theperfumebottles.com\/sv\/wp-json\/wp\/v2\/media\/3338"}],"wp:attachment":[{"href":"https:\/\/theperfumebottles.com\/sv\/wp-json\/wp\/v2\/media?parent=3334"}],"wp:term":[{"taxonomy":"product_brand","embeddable":true,"href":"https:\/\/theperfumebottles.com\/sv\/wp-json\/wp\/v2\/product_brand?post=3334"},{"taxonomy":"product_cat","embeddable":true,"href":"https:\/\/theperfumebottles.com\/sv\/wp-json\/wp\/v2\/product_cat?post=3334"},{"taxonomy":"product_tag","embeddable":true,"href":"https:\/\/theperfumebottles.com\/sv\/wp-json\/wp\/v2\/product_tag?post=3334"}],"curies":[{"name":"wp","href":"https:\/\/api.w.org\/{rel}","templated":true}]}}