{"id":3430,"date":"2025-05-26T14:39:30","date_gmt":"2025-05-26T06:39:30","guid":{"rendered":"https:\/\/theperfumebottles.com\/?post_type=product&#038;p=3430"},"modified":"2026-03-30T09:49:23","modified_gmt":"2026-03-30T01:49:23","slug":"50ml-1-7oz-perfume-bottle-for-custom-brand-packaging","status":"publish","type":"product","link":"https:\/\/theperfumebottles.com\/sv\/produkt\/50ml-1-7oz-perfume-bottle-for-custom-brand-packaging\/","title":{"rendered":"50 ml\/1,7 oz parfymflaska f\u00f6r anpassad m\u00e4rkesf\u00f6rpackning"},"content":{"rendered":"<p>F\u00f6rest\u00e4ll dig en parfymflaska som inte bara inneh\u00e5ller din signaturdoft utan som f\u00f6rkroppsligar ditt varum\u00e4rkes essens. V\u00e5r PB-YZ0801 modell 1,7 oz parfymflaska (50 ml cologne-flaska) \u00e4r konstruerad f\u00f6r varum\u00e4rken som kr\u00e4ver b\u00e5de sofistikering och funktionalitet. Oavsett om du lanserar en lyxlinje eller beh\u00f6ver kosmetikaf\u00f6rpackningar f\u00f6r grossistledet, \u00e4r den h\u00e4r flaskan din canvas.<\/p>\n<h2>Viktiga specifikationer<\/h2>\n<table style=\"border-collapse: collapse; margin-left: auto; margin-right: auto; width: 80%;\" border=\"0\" width=\"80%\" cellspacing=\"0\" cellpadding=\"0\">\n<tbody>\n<tr style=\"height: 13.50pt;\">\n<td style=\"height: 13.50pt; width: 93.75pt;\" width=\"125\" height=\"18\"><strong>Modell<\/strong><\/td>\n<td style=\"width: 222.00pt;\" width=\"296\">PB-YZ0801<\/td>\n<\/tr>\n<tr style=\"height: 13.50pt;\">\n<td style=\"height: 13.50pt;\" height=\"18\"><strong>Kapacitet<\/strong><\/td>\n<td style=\"width: 222.00pt;\" width=\"296\">50 ml \/ 1,7 oz<\/td>\n<\/tr>\n<tr style=\"height: 13.50pt;\">\n<td style=\"height: 13.50pt;\" height=\"18\"><strong>M\u00e5tt<\/strong><\/td>\n<td>43 x 96 mm<\/td>\n<\/tr>\n<tr style=\"height: 13.50pt;\">\n<td style=\"height: 13.50pt;\" height=\"18\"><strong>Halsdiameter<\/strong><\/td>\n<td>3,4 oz:n kaari-suorakulmion tuoksupullojen tukkumyynti<\/td>\n<\/tr>\n<tr style=\"height: 13.50pt;\">\n<td style=\"height: 13.50pt;\" height=\"18\"><strong>Form<\/strong><\/td>\n<td>Cylindrisk med sluttande axel<\/td>\n<\/tr>\n<tr style=\"height: 13.50pt;\">\n<td style=\"height: 13.50pt;\" height=\"18\"><strong>St\u00e4ngning<\/strong><\/td>\n<td>Spray + doppr\u00f6r med skjutbar topp<\/td>\n<\/tr>\n<tr style=\"height: 13.50pt;\">\n<td style=\"height: 13.50pt;\" height=\"18\"><strong>Material<\/strong><\/td>\n<td>H\u00f6gvit soda-limeglas<\/td>\n<\/tr>\n<tr style=\"height: 13.50pt;\">\n<td style=\"height: 13.50pt;\" height=\"18\"><strong>F\u00e4rgalternativ<\/strong><\/td>\n<td>Helt anpassningsbar<\/td>\n<\/tr>\n<\/tbody>\n<\/table>\n<h2>F\u00f6rpackningsv\u00e4ska<\/h2>\n<p>Ett v\u00e4xande doftvarum\u00e4rke beh\u00f6vde en dj\u00e4rv men minimalistisk parfymflaska i glas f\u00f6r sin parfym \"Midnight Bloom\". Genom att v\u00e4lja v\u00e5r 50 ml parfymflaska med en djup violett nyans och ros\u00e9guldlock s\u00e5g de en 40% \u00f6kning av kundf\u00f6rfr\u00e5gningar. \"Glasflaskorna k\u00e4ndes som smycken\", s\u00e4ger deras chefsdesigner. \"Det fick v\u00e5r doft att k\u00e4nnas som en arvegods.\"<\/p>\n<h2>Anpassade tips<\/h2>\n<ul>\n<li><strong>Anpassad f\u00e4rg<\/strong>: V\u00e4lj en f\u00e4rg som \u00e5terspeglar ditt varum\u00e4rkes atmosf\u00e4r (t.ex. koboltbl\u00e5 f\u00f6r lugn, rubin f\u00f6r passion, r\u00f6d, vit, svart, vad som helst).<\/li>\n<li><strong>Anpassad finish<\/strong>: Skapa en personlig touch - som lasergravyr, klisterm\u00e4rken eller dekorationer p\u00e5 flaskhalsen.<\/li>\n<li><strong>Best\u00e4ll i bulk<\/strong>: Beh\u00f6ver du provflaskor f\u00f6r att testa utseendet innan du f\u00f6rbinder dig? Vi erbjuder grossistpriser f\u00f6r bulkbest\u00e4llningar.<\/li>\n<\/ul>\n<p>Redo att best\u00e4lla? L\u00e5t oss designa en flaska som f\u00e5r folk att tappa hakan och som skapar lojalitet.<\/p>\n<p>P.S. Ta inte bara v\u00e5rt ord f\u00f6r det. Prova en provflaska idag och se varf\u00f6r smarta f\u00f6retagare skr\u00e4ddarsyr sina egna parfymflaskor i glas. Din n\u00e4sta stora id\u00e9 f\u00f6rtj\u00e4nar en beh\u00e5llare som matchar dess ambition.<\/p>","protected":false},"excerpt":{"rendered":"<p data-spm-anchor-id=\"5176.28103460.0.i4.59d21db8X86Wee\">Uppt\u00e4ck v\u00e5r 1,7 oz parfymflaska (50 ml cologne-flaska) - premiumglasdesign f\u00f6r varum\u00e4rken. Anpassade f\u00e4rger, grossistalternativ och resev\u00e4nliga f\u00f6rpackningar.<\/p>","protected":false},"featured_media":3433,"comment_status":"open","ping_status":"closed","template":"","meta":{"_acf_changed":false,"site-sidebar-layout":"default","site-content-layout":"","ast-site-content-layout":"default","site-content-style":"default","site-sidebar-style":"default","ast-global-header-display":"","ast-banner-title-visibility":"","ast-main-header-display":"","ast-hfb-above-header-display":"","ast-hfb-below-header-display":"","ast-hfb-mobile-header-display":"","site-post-title":"","ast-breadcrumbs-content":"","ast-featured-img":"","footer-sml-layout":"","ast-disable-related-posts":"","theme-transparent-header-meta":"default","adv-header-id-meta":"","stick-header-meta":"","header-above-stick-meta":"","header-main-stick-meta":"","header-below-stick-meta":"","astra-migrate-meta-layouts":"set","ast-page-background-enabled":"default","ast-page-background-meta":{"desktop":{"background-color":"var(--ast-global-color-5)","background-image":"","background-repeat":"repeat","background-position":"center center","background-size":"auto","background-attachment":"scroll","background-type":"","background-media":"","overlay-type":"","overlay-color":"","overlay-opacity":"","overlay-gradient":""},"tablet":{"background-color":"","background-image":"","background-repeat":"repeat","background-position":"center center","background-size":"auto","background-attachment":"scroll","background-type":"","background-media":"","overlay-type":"","overlay-color":"","overlay-opacity":"","overlay-gradient":""},"mobile":{"background-color":"","background-image":"","background-repeat":"repeat","background-position":"center center","background-size":"auto","background-attachment":"scroll","background-type":"","background-media":"","overlay-type":"","overlay-color":"","overlay-opacity":"","overlay-gradient":""}},"ast-content-background-meta":{"desktop":{"background-color":"var(--ast-global-color-4)","background-image":"","background-repeat":"repeat","background-position":"center center","background-size":"auto","background-attachment":"scroll","background-type":"","background-media":"","overlay-type":"","overlay-color":"","overlay-opacity":"","overlay-gradient":""},"tablet":{"background-color":"var(--ast-global-color-4)","background-image":"","background-repeat":"repeat","background-position":"center center","background-size":"auto","background-attachment":"scroll","background-type":"","background-media":"","overlay-type":"","overlay-color":"","overlay-opacity":"","overlay-gradient":""},"mobile":{"background-color":"var(--ast-global-color-4)","background-image":"","background-repeat":"repeat","background-position":"center center","background-size":"auto","background-attachment":"scroll","background-type":"","background-media":"","overlay-type":"","overlay-color":"","overlay-opacity":"","overlay-gradient":""}}},"product_brand":[],"product_cat":[91,72,41],"product_tag":[],"class_list":{"0":"post-3430","1":"product","2":"type-product","3":"status-publish","4":"has-post-thumbnail","6":"product_cat-custom-perfume-bottles","7":"product_cat-cosmetic-packaging","8":"product_cat-perfume-bottles","9":"desktop-align-left","10":"tablet-align-left","11":"mobile-align-left","13":"first","14":"instock","15":"shipping-taxable","16":"product-type-simple"},"acf":[],"jetpack_sharing_enabled":true,"_links":{"self":[{"href":"https:\/\/theperfumebottles.com\/sv\/wp-json\/wp\/v2\/product\/3430","targetHints":{"allow":["GET"]}}],"collection":[{"href":"https:\/\/theperfumebottles.com\/sv\/wp-json\/wp\/v2\/product"}],"about":[{"href":"https:\/\/theperfumebottles.com\/sv\/wp-json\/wp\/v2\/types\/product"}],"replies":[{"embeddable":true,"href":"https:\/\/theperfumebottles.com\/sv\/wp-json\/wp\/v2\/comments?post=3430"}],"wp:featuredmedia":[{"embeddable":true,"href":"https:\/\/theperfumebottles.com\/sv\/wp-json\/wp\/v2\/media\/3433"}],"wp:attachment":[{"href":"https:\/\/theperfumebottles.com\/sv\/wp-json\/wp\/v2\/media?parent=3430"}],"wp:term":[{"taxonomy":"product_brand","embeddable":true,"href":"https:\/\/theperfumebottles.com\/sv\/wp-json\/wp\/v2\/product_brand?post=3430"},{"taxonomy":"product_cat","embeddable":true,"href":"https:\/\/theperfumebottles.com\/sv\/wp-json\/wp\/v2\/product_cat?post=3430"},{"taxonomy":"product_tag","embeddable":true,"href":"https:\/\/theperfumebottles.com\/sv\/wp-json\/wp\/v2\/product_tag?post=3430"}],"curies":[{"name":"wp","href":"https:\/\/api.w.org\/{rel}","templated":true}]}}