{"id":3581,"date":"2025-06-02T12:00:15","date_gmt":"2025-06-02T04:00:15","guid":{"rendered":"https:\/\/theperfumebottles.com\/?post_type=product&#038;p=3581"},"modified":"2025-06-11T18:36:26","modified_gmt":"2025-06-11T10:36:26","slug":"50ml-100ml-luxury-glass-perfume-decanters-with-gold-lids","status":"publish","type":"product","link":"https:\/\/theperfumebottles.com\/sv\/produkt\/50ml-100ml-luxury-glass-perfume-decanters-with-gold-lids\/","title":{"rendered":"50ml 100ml lyxiga parfymkaraffer i glas med guldlock"},"content":{"rendered":"<p>Om du letar efter en parfymkaraff som f\u00e5r ditt varum\u00e4rkes doft att dr\u00f6ja sig kvar l\u00e4nge i kundernas medvetande ska du ta en titt p\u00e5 v\u00e5ra PB-YZ0901 och PB-YZ0902. De kombinerar p\u00e5 ett smart s\u00e4tt klassisk sk\u00f6nhet med modern funktionalitet och \u00e4r speciellt utformade f\u00f6r varum\u00e4rken som vill l\u00e4mna ett djupt intryck.<\/p>\n<h2>Viktiga specifikationer<\/h2>\n<table style=\"border-collapse: collapse;margin-left: auto;margin-right: auto;width: 90%\" border=\"0\" width=\"90%\" cellspacing=\"0\" cellpadding=\"0\">\n<tbody>\n<tr style=\"height: 13.50pt\">\n<td style=\"height: 13.50pt;width: 96.00pt\" width=\"128\" height=\"18\"><strong>Modell<\/strong><\/td>\n<td style=\"width: 75.75pt\" width=\"101\"><strong>Kapacitet<\/strong><\/td>\n<td style=\"width: 99.00pt\" width=\"132\">M\u00e5tt (mm)<\/td>\n<td style=\"width: 95.25pt\" width=\"127\">Halsdiameter<\/td>\n<td style=\"width: 160.50pt\" width=\"214\">T\u00e4tningsmetod<\/td>\n<td style=\"width: 90.75pt\" width=\"121\">Material<\/td>\n<td style=\"width: 90.75pt\" width=\"121\">F\u00e4rgalternativ<\/td>\n<\/tr>\n<tr style=\"height: 13.50pt\">\n<td style=\"height: 13.50pt\" height=\"18\">PB-YZ0901<\/td>\n<td>50 ml<\/td>\n<td>43 x 77<\/td>\n<td>15 mm<\/td>\n<td>Presspassad hals + finf\u00f6rdelare<\/td>\n<td>Kristallglas<\/td>\n<td>Anpassningsbar<\/td>\n<\/tr>\n<tr style=\"height: 13.50pt\">\n<td style=\"height: 13.50pt\" height=\"18\">PB-YZ0902<\/td>\n<td>100 ml<\/td>\n<td>52 x 93<\/td>\n<td>15 mm<\/td>\n<td>Presspassad hals + finf\u00f6rdelare<\/td>\n<td>Kristallglas<\/td>\n<td>Anpassningsbar<\/td>\n<\/tr>\n<\/tbody>\n<\/table>\n<h2>Framg\u00e5ngsber\u00e4ttelse: Ett varum\u00e4rkes spr\u00e5ng till lyx<\/h2>\n<p>Ett europeiskt parfymvarum\u00e4rke valde v\u00e5r PB-YZ0901 f\u00f6r sin kollektion i begr\u00e4nsad upplaga. Genom att byta ut sina gamla plastflaskor mot parfymkaraffer i glas med graverade lock s\u00e5g de en \u00f6kning av f\u00f6rs\u00e4ljningen av presentf\u00f6rpackningar med 40%. Varf\u00f6r var det s\u00e5? F\u00f6rpackningen inneh\u00f6ll inte bara parfym - den ber\u00e4ttade en historia om hantverksskicklighet.<\/p>\n<h2>Proffstips f\u00f6r anpassning:<\/h2>\n<ul>\n<li><strong>F\u00f6r herrdofter<\/strong>: V\u00e4lj djupa marinbl\u00e5 kepsar och minimalistiska logotyper.<\/li>\n<li><strong>F\u00f6r damkollektioner<\/strong>: Kombinera mjuka rosa kepsar med accenter i bladguld.<\/li>\n<li><strong>F\u00f6r g\u00e5vor<\/strong>: L\u00e4gg till en sidenp\u00e5se till din parfymflaskf\u00f6rpackning - f\u00f6rvandlar en produkt till en present.<\/li>\n<\/ul>\n<h2>Varf\u00f6r detta fungerar f\u00f6r dig<\/h2>\n<p>Du s\u00e4ljer mer \u00e4n bara parfym, du s\u00e4ljer en of\u00f6rgl\u00f6mlig upplevelse. Dessa glasflaskor \u00e4r inte bara beh\u00e5llare f\u00f6r f\u00f6rvaring av dofter, utan ocks\u00e5 medier f\u00f6r att f\u00f6rst\u00e4rka deras charm, vilket g\u00f6r att varje droppe parfym utstr\u00e5lar mer charmig glans. F\u00f6rest\u00e4ll dig att en kund \u00f6ppnar en mattsvart l\u00e5da och ser en kristallklar karaff som f\u00e5ngar ljuset. Det \u00e4r inte bara en f\u00f6rpackning, det \u00e4r ett \u00f6gonblick.<\/p>\n<p>Beh\u00f6ver du hj\u00e4lp med att best\u00e4mma dig? L\u00e5t oss skapa n\u00e5got of\u00f6rgl\u00f6mligt tillsammans.<\/p>\n<p>P.S. L\u00e5t inte konkurrenterna stj\u00e4la rampljuset. Din parfym beh\u00f6ver en toppflaska som skriker: \"Det h\u00e4r \u00e4r lyx.\" L\u00e5t oss g\u00f6ra den till din.<\/p>","protected":false},"excerpt":{"rendered":"<p>Lyft ditt varum\u00e4rke med eleganta parfymkaraffer i glas och premiumf\u00f6rpackningar f\u00f6r flaskor. V\u00e4lj fr\u00e5n tillverkaren f\u00f6r doftl\u00f6sningar i toppklass.<\/p>","protected":false},"featured_media":3585,"comment_status":"open","ping_status":"closed","template":"","meta":{"_acf_changed":false,"site-sidebar-layout":"default","site-content-layout":"","ast-site-content-layout":"default","site-content-style":"default","site-sidebar-style":"default","ast-global-header-display":"","ast-banner-title-visibility":"","ast-main-header-display":"","ast-hfb-above-header-display":"","ast-hfb-below-header-display":"","ast-hfb-mobile-header-display":"","site-post-title":"","ast-breadcrumbs-content":"","ast-featured-img":"","footer-sml-layout":"","ast-disable-related-posts":"","theme-transparent-header-meta":"default","adv-header-id-meta":"","stick-header-meta":"","header-above-stick-meta":"","header-main-stick-meta":"","header-below-stick-meta":"","astra-migrate-meta-layouts":"set","ast-page-background-enabled":"default","ast-page-background-meta":{"desktop":{"background-color":"var(--ast-global-color-5)","background-image":"","background-repeat":"repeat","background-position":"center center","background-size":"auto","background-attachment":"scroll","background-type":"","background-media":"","overlay-type":"","overlay-color":"","overlay-opacity":"","overlay-gradient":""},"tablet":{"background-color":"","background-image":"","background-repeat":"repeat","background-position":"center center","background-size":"auto","background-attachment":"scroll","background-type":"","background-media":"","overlay-type":"","overlay-color":"","overlay-opacity":"","overlay-gradient":""},"mobile":{"background-color":"","background-image":"","background-repeat":"repeat","background-position":"center center","background-size":"auto","background-attachment":"scroll","background-type":"","background-media":"","overlay-type":"","overlay-color":"","overlay-opacity":"","overlay-gradient":""}},"ast-content-background-meta":{"desktop":{"background-color":"var(--ast-global-color-4)","background-image":"","background-repeat":"repeat","background-position":"center center","background-size":"auto","background-attachment":"scroll","background-type":"","background-media":"","overlay-type":"","overlay-color":"","overlay-opacity":"","overlay-gradient":""},"tablet":{"background-color":"var(--ast-global-color-4)","background-image":"","background-repeat":"repeat","background-position":"center center","background-size":"auto","background-attachment":"scroll","background-type":"","background-media":"","overlay-type":"","overlay-color":"","overlay-opacity":"","overlay-gradient":""},"mobile":{"background-color":"var(--ast-global-color-4)","background-image":"","background-repeat":"repeat","background-position":"center center","background-size":"auto","background-attachment":"scroll","background-type":"","background-media":"","overlay-type":"","overlay-color":"","overlay-opacity":"","overlay-gradient":""}}},"product_brand":[],"product_cat":[72,91,41,37],"product_tag":[89],"class_list":{"0":"post-3581","1":"product","2":"type-product","3":"status-publish","4":"has-post-thumbnail","6":"product_cat-cosmetic-packaging","7":"product_cat-custom-perfume-bottles","8":"product_cat-perfume-bottles","9":"product_cat-uncategorized","10":"product_tag-perfume-bottle","11":"desktop-align-left","12":"tablet-align-left","13":"mobile-align-left","15":"first","16":"instock","17":"shipping-taxable","18":"product-type-simple"},"acf":[],"jetpack_sharing_enabled":true,"_links":{"self":[{"href":"https:\/\/theperfumebottles.com\/sv\/wp-json\/wp\/v2\/product\/3581","targetHints":{"allow":["GET"]}}],"collection":[{"href":"https:\/\/theperfumebottles.com\/sv\/wp-json\/wp\/v2\/product"}],"about":[{"href":"https:\/\/theperfumebottles.com\/sv\/wp-json\/wp\/v2\/types\/product"}],"replies":[{"embeddable":true,"href":"https:\/\/theperfumebottles.com\/sv\/wp-json\/wp\/v2\/comments?post=3581"}],"wp:featuredmedia":[{"embeddable":true,"href":"https:\/\/theperfumebottles.com\/sv\/wp-json\/wp\/v2\/media\/3585"}],"wp:attachment":[{"href":"https:\/\/theperfumebottles.com\/sv\/wp-json\/wp\/v2\/media?parent=3581"}],"wp:term":[{"taxonomy":"product_brand","embeddable":true,"href":"https:\/\/theperfumebottles.com\/sv\/wp-json\/wp\/v2\/product_brand?post=3581"},{"taxonomy":"product_cat","embeddable":true,"href":"https:\/\/theperfumebottles.com\/sv\/wp-json\/wp\/v2\/product_cat?post=3581"},{"taxonomy":"product_tag","embeddable":true,"href":"https:\/\/theperfumebottles.com\/sv\/wp-json\/wp\/v2\/product_tag?post=3581"}],"curies":[{"name":"wp","href":"https:\/\/api.w.org\/{rel}","templated":true}]}}