{"id":3589,"date":"2025-06-03T09:31:45","date_gmt":"2025-06-03T01:31:45","guid":{"rendered":"https:\/\/theperfumebottles.com\/?post_type=product&#038;p=3589"},"modified":"2025-06-11T18:35:36","modified_gmt":"2025-06-11T10:35:36","slug":"30ml-50ml-100ml-custom-empty-glass-perfume-bottles","status":"publish","type":"product","link":"https:\/\/theperfumebottles.com\/sv\/produkt\/30ml-50ml-100ml-custom-empty-glass-perfume-bottles\/","title":{"rendered":"30ml 50ml 100ml anpassade tomma parfymflaskor i glas"},"content":{"rendered":"<p>Letar du efter en parfymflaska som sticker ut p\u00e5 hyllan och utstr\u00e5lar lyx? Vi erbjuder tomma parfymflaskor i glas i anpassade f\u00e4rger och storlekar f\u00f6r att f\u00f6rb\u00e4ttra din varum\u00e4rkesimage. L\u00e5t oss analysera varf\u00f6r v\u00e5ra PB-YZ1001 till PB-YZ1003-serier kan f\u00f6r\u00e4ndra din parfymverksamhet. Hitta den perfekta beh\u00e5llaren f\u00f6r din unika doft!<\/p>\n<h2>Nyckelspecifikation<\/h2>\n<table style=\"border-collapse: collapse;margin-left: auto;margin-right: auto;width: 80%\" border=\"0\" width=\"80%\" cellspacing=\"0\" cellpadding=\"0\">\n<tbody>\n<tr style=\"height: 13.50pt\">\n<td style=\"height: 13.50pt;width: 74.25pt\" width=\"99\" height=\"18\">Modell<\/td>\n<td style=\"width: 63.00pt\" width=\"84\">Kapacitet<\/td>\n<td style=\"width: 104.25pt\" width=\"139\">M\u00e5tt (mm)<\/td>\n<td style=\"width: 93.00pt\" width=\"124\">Halsdiameter<\/td>\n<td style=\"width: 129.75pt\" width=\"173\">F\u00e4rgalternativ<\/td>\n<\/tr>\n<tr style=\"height: 13.50pt\">\n<td style=\"height: 13.50pt\" height=\"18\">PB-YZ1001<\/td>\n<td>30 ml<\/td>\n<td>45 x 56<\/td>\n<td>3,4 oz:n kaari-suorakulmion tuoksupullojen tukkumyynti<\/td>\n<td>Anpassad (endast glas)<\/td>\n<\/tr>\n<tr style=\"height: 13.50pt\">\n<td style=\"height: 13.50pt\" height=\"18\">PB-YZ1002<\/td>\n<td>50 ml<\/td>\n<td>51 x 72<\/td>\n<td>3,4 oz:n kaari-suorakulmion tuoksupullojen tukkumyynti<\/td>\n<td>Anpassad (glas + lock)<\/td>\n<\/tr>\n<tr style=\"height: 13.50pt\">\n<td style=\"height: 13.50pt\" height=\"18\">PB-YZ1003<\/td>\n<td>100 ml<\/td>\n<td>57 x 84<\/td>\n<td>3,4 oz:n kaari-suorakulmion tuoksupullojen tukkumyynti<\/td>\n<td>Anpassad (glas + lock)<\/td>\n<\/tr>\n<\/tbody>\n<\/table>\n<h2>Framg\u00e5ngshistoria fr\u00e5n verkligheten<\/h2>\n<p>Ett lyxigt parfymm\u00e4rke i Paris bytte till v\u00e5ra PB-YZ1002-flaskor f\u00f6rra \u00e5ret. De parade ihop 50 ml-storleken med djupbruna tr\u00e4lock och en matt svart glasfinish. Resultatet? 30% h\u00f6gre synlighet p\u00e5 hyllorna i butikerna och 20% fler best\u00e4llningar fr\u00e5n kunder som sa att f\u00f6rpackningen k\u00e4ndes \"som att \u00f6ppna en skattkista\".<\/p>\n<h2>Proffstips f\u00f6r anpassning:<\/h2>\n<p>Vill du sticka ut? Testa att kombinera ett ljust tr\u00e4lock med en flaska i klarglas och ett spraymunstycke i guld. Det \u00e4r som att ge din doft ett diamanthalsband - gnistrande men tidl\u00f6st.<\/p>\n<h2>Varf\u00f6r kommer du att \u00e4lska att arbeta med oss?<\/h2>\n<ul>\n<li>Vill du ha en 100 ml avancerad parfymflaska? Kom till oss direkt!<\/li>\n<li>Vill du v\u00e4lja milj\u00f6v\u00e4nliga f\u00f6rpackningar? V\u00e5ra glasflaskor \u00e4r 100% \u00e5tervinningsbara, h\u00e5llbara och s\u00e4kra.<\/li>\n<li>Feedback fr\u00e5n kunder? En handelskund var entusiastisk: \"De h\u00e4r flaskorna f\u00e5r v\u00e5r parfym att k\u00e4nnas som en spadag i en flaska.\"<\/li>\n<\/ul>\n<h2>Slutlig tanke<\/h2>\n<p>Parfym \u00e4r inte bara en produkt, det \u00e4r en upplevelse. V\u00e5ra flaskor l\u00e5ter varje droppe doft ha sin egen historia. Starta ditt unika minne nu!<br \/>\nP.S. Har du inte en design \u00e4n? V\u00e5rt team hj\u00e4lper dig att slutf\u00f6ra f\u00e4rg- och storlekskombinationer p\u00e5 under 48 timmar. Ingen press, bara resultat.<\/p>","protected":false},"excerpt":{"rendered":"<p>Eleganta tomma parfymflaskor i glas med tr\u00e4korkar, perfekta f\u00f6r lyxiga doftf\u00f6rpackningar. H\u00e5llbar, milj\u00f6v\u00e4nlig och perfekt f\u00f6r eget varum\u00e4rke.<\/p>","protected":false},"featured_media":3591,"comment_status":"open","ping_status":"closed","template":"","meta":{"_acf_changed":false,"site-sidebar-layout":"default","site-content-layout":"","ast-site-content-layout":"default","site-content-style":"default","site-sidebar-style":"default","ast-global-header-display":"","ast-banner-title-visibility":"","ast-main-header-display":"","ast-hfb-above-header-display":"","ast-hfb-below-header-display":"","ast-hfb-mobile-header-display":"","site-post-title":"","ast-breadcrumbs-content":"","ast-featured-img":"","footer-sml-layout":"","ast-disable-related-posts":"","theme-transparent-header-meta":"default","adv-header-id-meta":"","stick-header-meta":"","header-above-stick-meta":"","header-main-stick-meta":"","header-below-stick-meta":"","astra-migrate-meta-layouts":"set","ast-page-background-enabled":"default","ast-page-background-meta":{"desktop":{"background-color":"var(--ast-global-color-5)","background-image":"","background-repeat":"repeat","background-position":"center center","background-size":"auto","background-attachment":"scroll","background-type":"","background-media":"","overlay-type":"","overlay-color":"","overlay-opacity":"","overlay-gradient":""},"tablet":{"background-color":"","background-image":"","background-repeat":"repeat","background-position":"center center","background-size":"auto","background-attachment":"scroll","background-type":"","background-media":"","overlay-type":"","overlay-color":"","overlay-opacity":"","overlay-gradient":""},"mobile":{"background-color":"","background-image":"","background-repeat":"repeat","background-position":"center center","background-size":"auto","background-attachment":"scroll","background-type":"","background-media":"","overlay-type":"","overlay-color":"","overlay-opacity":"","overlay-gradient":""}},"ast-content-background-meta":{"desktop":{"background-color":"var(--ast-global-color-4)","background-image":"","background-repeat":"repeat","background-position":"center center","background-size":"auto","background-attachment":"scroll","background-type":"","background-media":"","overlay-type":"","overlay-color":"","overlay-opacity":"","overlay-gradient":""},"tablet":{"background-color":"var(--ast-global-color-4)","background-image":"","background-repeat":"repeat","background-position":"center center","background-size":"auto","background-attachment":"scroll","background-type":"","background-media":"","overlay-type":"","overlay-color":"","overlay-opacity":"","overlay-gradient":""},"mobile":{"background-color":"var(--ast-global-color-4)","background-image":"","background-repeat":"repeat","background-position":"center center","background-size":"auto","background-attachment":"scroll","background-type":"","background-media":"","overlay-type":"","overlay-color":"","overlay-opacity":"","overlay-gradient":""}}},"product_brand":[],"product_cat":[72,91,41],"product_tag":[49],"class_list":{"0":"post-3589","1":"product","2":"type-product","3":"status-publish","4":"has-post-thumbnail","6":"product_cat-cosmetic-packaging","7":"product_cat-custom-perfume-bottles","8":"product_cat-perfume-bottles","9":"product_tag-perfume-bottles","10":"desktop-align-left","11":"tablet-align-left","12":"mobile-align-left","14":"first","15":"instock","16":"shipping-taxable","17":"product-type-simple"},"acf":[],"jetpack_sharing_enabled":true,"_links":{"self":[{"href":"https:\/\/theperfumebottles.com\/sv\/wp-json\/wp\/v2\/product\/3589","targetHints":{"allow":["GET"]}}],"collection":[{"href":"https:\/\/theperfumebottles.com\/sv\/wp-json\/wp\/v2\/product"}],"about":[{"href":"https:\/\/theperfumebottles.com\/sv\/wp-json\/wp\/v2\/types\/product"}],"replies":[{"embeddable":true,"href":"https:\/\/theperfumebottles.com\/sv\/wp-json\/wp\/v2\/comments?post=3589"}],"wp:featuredmedia":[{"embeddable":true,"href":"https:\/\/theperfumebottles.com\/sv\/wp-json\/wp\/v2\/media\/3591"}],"wp:attachment":[{"href":"https:\/\/theperfumebottles.com\/sv\/wp-json\/wp\/v2\/media?parent=3589"}],"wp:term":[{"taxonomy":"product_brand","embeddable":true,"href":"https:\/\/theperfumebottles.com\/sv\/wp-json\/wp\/v2\/product_brand?post=3589"},{"taxonomy":"product_cat","embeddable":true,"href":"https:\/\/theperfumebottles.com\/sv\/wp-json\/wp\/v2\/product_cat?post=3589"},{"taxonomy":"product_tag","embeddable":true,"href":"https:\/\/theperfumebottles.com\/sv\/wp-json\/wp\/v2\/product_tag?post=3589"}],"curies":[{"name":"wp","href":"https:\/\/api.w.org\/{rel}","templated":true}]}}