{"id":3850,"date":"2025-06-11T18:38:00","date_gmt":"2025-06-11T10:38:00","guid":{"rendered":"https:\/\/theperfumebottles.com\/?post_type=product&#038;p=3850"},"modified":"2025-06-17T09:24:16","modified_gmt":"2025-06-17T01:24:16","slug":"elegant-bottle-perfume-glass-for-wholesale","status":"publish","type":"product","link":"https:\/\/theperfumebottles.com\/sv\/produkt\/elegant-bottle-perfume-glass-for-wholesale\/","title":{"rendered":"30ml 50ml 100ml elegant flaska parfymglas f\u00f6r grossist"},"content":{"rendered":"<p>Letar du efter grossist parfymflaskor bulk? Utforska v\u00e5r premiumkollektion av parfymglasflaskor - eleganta, anpassningsbara och perfekta f\u00f6r varum\u00e4rken. Finns i storlekarna 30 ml, 50 ml och 100 ml med s\u00e4kra spraypumpar. H\u00e5llbara, eleganta och perfekta f\u00f6r parfymer, cologner eller eteriska oljor. Perfekt f\u00f6r sm\u00e5 partier eller storskaliga best\u00e4llningar.<\/p>\n<h2>Viktiga specifikationer<\/h2>\n<table style=\"border-collapse: collapse;margin-left: auto;margin-right: auto;width: 80%\" border=\"0\" width=\"80%\" cellspacing=\"0\" cellpadding=\"0\">\n<tbody>\n<tr style=\"height: 13.50pt\">\n<td style=\"height: 13.50pt;width: 101.25pt\" width=\"135\" height=\"18\">Modell<\/td>\n<td style=\"width: 77.25pt\" width=\"103\">Kapacitet<\/td>\n<td style=\"width: 114.75pt\" width=\"153\">M\u00e5tt (mm)<\/td>\n<td style=\"width: 161.25pt\" width=\"215\">St\u00e4ngningstyp<\/td>\n<td style=\"width: 98.25pt\" width=\"131\">Material<\/td>\n<td style=\"width: 99.00pt\" width=\"132\">F\u00e4rgalternativ<\/td>\n<\/tr>\n<tr style=\"height: 13.50pt\">\n<td style=\"height: 13.50pt\" height=\"18\">PB-YZ1501<\/td>\n<td>30 ml<\/td>\n<td>36 x 72<\/td>\n<td>Krymphals + spruta<\/td>\n<td>Kristallglas<\/td>\n<td>Anpassningsbar<\/td>\n<\/tr>\n<tr style=\"height: 13.50pt\">\n<td style=\"height: 13.50pt\" height=\"18\">PB-YZ1502<\/td>\n<td>50 ml<\/td>\n<td>43.5 x 85<\/td>\n<td>Krymphals + spruta<\/td>\n<td>Kristallglas<\/td>\n<td>Anpassningsbar<\/td>\n<\/tr>\n<tr style=\"height: 13.50pt\">\n<td style=\"height: 13.50pt\" height=\"18\">PB-YZ1503<\/td>\n<td>100 ml<\/td>\n<td>51.4 x 100<\/td>\n<td>Krymphals + spruta<\/td>\n<td>Kristallglas<\/td>\n<td>Anpassningsbar<\/td>\n<\/tr>\n<\/tbody>\n<\/table>\n<h2>Verklig framg\u00e5ngshistoria<\/h2>\n<p>Ett parfymm\u00e4rke i Frankrike f\u00f6rberedde lanseringen av sin f\u00f6rsta unisexdoft. De ville ha en minimalistisk men \u00e4nd\u00e5 lyxig look som skulle sticka ut p\u00e5 hyllorna. De valde v\u00e5r 50 ml parfymflaska i glas med en djup marinbl\u00e5 finish och guldf\u00f6rst\u00e4rkare. Resultatet? Produkten hamnade p\u00e5 flera \"Topp 10\"-listor inom n\u00e5gra veckor och kunderna lovordade den eleganta designen och anv\u00e4ndarv\u00e4nligheten.\"Vi letade med ljus och lykta efter r\u00e4tt parfymf\u00f6rpackning\", s\u00e4ger grundaren. \"Den h\u00e4r parfymglasflaskan gav oss precis det vi letade efter - stil, kvalitet och v\u00e4rde.\"<\/p>\n<h2>Anpassningstips f\u00f6r ditt varum\u00e4rke<\/h2>\n<p>Vill du att din parfym ska v\u00e4cka uppm\u00e4rksamhet och k\u00e4nnas exklusiv? S\u00e5 h\u00e4r g\u00f6r du f\u00f6r att f\u00e5 ut det mesta av v\u00e5ra flaskor:<\/p>\n<ul>\n<li><strong>Varum\u00e4rkesmatchning:<\/strong> Anpassa f\u00e4rgen s\u00e5 att den \u00e5terspeglar ditt varum\u00e4rkes ton - t\u00e4nk mjuka pasteller f\u00f6r naturliga linjer eller dj\u00e4rva nyanser f\u00f6r nerv\u00f6sa dofter.<\/li>\n<li><strong>Etikettv\u00e4nlig form:<\/strong> Den cylindriska designen fungerar utm\u00e4rkt med omslutande etiketter eller vertikala placeringar - h\u00e5ll det rent och elegant.<\/li>\n<li><strong>R\u00e4tt storlek:<\/strong> Anv\u00e4nd 50 ml-alternativet f\u00f6r resev\u00e4nliga kollektioner och 100 ml-versionen f\u00f6r premiumpresentset.<\/li>\n<li><strong>Kombination av f\u00f6rpackningar:<\/strong> Kombinera med magnetl\u00e5dor eller anpassade insatser f\u00f6r att f\u00f6rh\u00f6ja unboxing-upplevelsen.<\/li>\n<\/ul>\n<h2>Din idealiska partner f\u00f6r parfymf\u00f6rpackningar<\/h2>\n<p>Oavsett om du lanserar en nischad handgjord doftserie eller planerar en storskalig lansering, har vi tillr\u00e4ckligt med erfarenhet, professionell teknik och full av entusiasm f\u00f6r att hj\u00e4lpa dig att g\u00f6ra dina id\u00e9er till verklighet.<\/p>\n<p>L\u00e5t oss skapa en imponerande parfymupplevelse tillsammans. N\u00e4r allt kommer omkring ber\u00e4ttar varje parfymflaska en historia, och en bra f\u00f6rpackning \u00e4r dess mest r\u00f6rande omslag.<\/p>","protected":false},"excerpt":{"rendered":"<p>Flaskparfymglas av h\u00f6g kvalitet som finns i grossistparfymflaskor i bulk. Perfekt f\u00f6r varum\u00e4rken, \u00e5terf\u00f6rs\u00e4ljare och anpassade doftf\u00f6rpackningar.<\/p>","protected":false},"featured_media":3981,"comment_status":"open","ping_status":"closed","template":"","meta":{"_acf_changed":false,"site-sidebar-layout":"default","site-content-layout":"","ast-site-content-layout":"default","site-content-style":"default","site-sidebar-style":"default","ast-global-header-display":"","ast-banner-title-visibility":"","ast-main-header-display":"","ast-hfb-above-header-display":"","ast-hfb-below-header-display":"","ast-hfb-mobile-header-display":"","site-post-title":"","ast-breadcrumbs-content":"","ast-featured-img":"","footer-sml-layout":"","ast-disable-related-posts":"","theme-transparent-header-meta":"default","adv-header-id-meta":"","stick-header-meta":"","header-above-stick-meta":"","header-main-stick-meta":"","header-below-stick-meta":"","astra-migrate-meta-layouts":"set","ast-page-background-enabled":"default","ast-page-background-meta":{"desktop":{"background-color":"var(--ast-global-color-5)","background-image":"","background-repeat":"repeat","background-position":"center center","background-size":"auto","background-attachment":"scroll","background-type":"","background-media":"","overlay-type":"","overlay-color":"","overlay-opacity":"","overlay-gradient":""},"tablet":{"background-color":"","background-image":"","background-repeat":"repeat","background-position":"center center","background-size":"auto","background-attachment":"scroll","background-type":"","background-media":"","overlay-type":"","overlay-color":"","overlay-opacity":"","overlay-gradient":""},"mobile":{"background-color":"","background-image":"","background-repeat":"repeat","background-position":"center center","background-size":"auto","background-attachment":"scroll","background-type":"","background-media":"","overlay-type":"","overlay-color":"","overlay-opacity":"","overlay-gradient":""}},"ast-content-background-meta":{"desktop":{"background-color":"var(--ast-global-color-4)","background-image":"","background-repeat":"repeat","background-position":"center center","background-size":"auto","background-attachment":"scroll","background-type":"","background-media":"","overlay-type":"","overlay-color":"","overlay-opacity":"","overlay-gradient":""},"tablet":{"background-color":"var(--ast-global-color-4)","background-image":"","background-repeat":"repeat","background-position":"center center","background-size":"auto","background-attachment":"scroll","background-type":"","background-media":"","overlay-type":"","overlay-color":"","overlay-opacity":"","overlay-gradient":""},"mobile":{"background-color":"var(--ast-global-color-4)","background-image":"","background-repeat":"repeat","background-position":"center center","background-size":"auto","background-attachment":"scroll","background-type":"","background-media":"","overlay-type":"","overlay-color":"","overlay-opacity":"","overlay-gradient":""}}},"product_brand":[],"product_cat":[72,91,41],"product_tag":[89],"class_list":{"0":"post-3850","1":"product","2":"type-product","3":"status-publish","4":"has-post-thumbnail","6":"product_cat-cosmetic-packaging","7":"product_cat-custom-perfume-bottles","8":"product_cat-perfume-bottles","9":"product_tag-perfume-bottle","10":"desktop-align-left","11":"tablet-align-left","12":"mobile-align-left","14":"first","15":"instock","16":"shipping-taxable","17":"product-type-simple"},"acf":[],"jetpack_sharing_enabled":true,"_links":{"self":[{"href":"https:\/\/theperfumebottles.com\/sv\/wp-json\/wp\/v2\/product\/3850","targetHints":{"allow":["GET"]}}],"collection":[{"href":"https:\/\/theperfumebottles.com\/sv\/wp-json\/wp\/v2\/product"}],"about":[{"href":"https:\/\/theperfumebottles.com\/sv\/wp-json\/wp\/v2\/types\/product"}],"replies":[{"embeddable":true,"href":"https:\/\/theperfumebottles.com\/sv\/wp-json\/wp\/v2\/comments?post=3850"}],"wp:featuredmedia":[{"embeddable":true,"href":"https:\/\/theperfumebottles.com\/sv\/wp-json\/wp\/v2\/media\/3981"}],"wp:attachment":[{"href":"https:\/\/theperfumebottles.com\/sv\/wp-json\/wp\/v2\/media?parent=3850"}],"wp:term":[{"taxonomy":"product_brand","embeddable":true,"href":"https:\/\/theperfumebottles.com\/sv\/wp-json\/wp\/v2\/product_brand?post=3850"},{"taxonomy":"product_cat","embeddable":true,"href":"https:\/\/theperfumebottles.com\/sv\/wp-json\/wp\/v2\/product_cat?post=3850"},{"taxonomy":"product_tag","embeddable":true,"href":"https:\/\/theperfumebottles.com\/sv\/wp-json\/wp\/v2\/product_tag?post=3850"}],"curies":[{"name":"wp","href":"https:\/\/api.w.org\/{rel}","templated":true}]}}