{"id":3897,"date":"2025-06-13T17:04:32","date_gmt":"2025-06-13T09:04:32","guid":{"rendered":"https:\/\/theperfumebottles.com\/?post_type=product&#038;p=3897"},"modified":"2025-06-17T09:38:58","modified_gmt":"2025-06-17T01:38:58","slug":"elegant-perfume-beautiful-bottle-with-glass-design","status":"publish","type":"product","link":"https:\/\/theperfumebottles.com\/sv\/produkt\/elegant-perfume-beautiful-bottle-with-glass-design\/","title":{"rendered":"50ml 100ml Elegant Parfym Vacker Flaska med Glasdesign"},"content":{"rendered":"<p>Om du letar efter en vacker parfymflaska som blandar tidl\u00f6s elegans med modern funktionalitet, \u00e4r dessa parfymflaskor av glas precis vad du beh\u00f6ver. Oavsett om du lanserar en ny doftlinje eller uppgraderar din nuvarande f\u00f6rpackning kan dessa flaskor f\u00f6rb\u00e4ttra din varum\u00e4rkesimage.<\/p>\n<h2>Viktiga specifikationer<\/h2>\n<table style=\"border-collapse: collapse;margin-left: auto;margin-right: auto;width: 80%\" border=\"0\" width=\"80%\" cellspacing=\"0\" cellpadding=\"0\">\n<tbody>\n<tr style=\"height: 13.50pt\">\n<td style=\"height: 13.50pt;width: 81.00pt\" width=\"108\" height=\"18\">Modell<\/td>\n<td style=\"width: 70.50pt\" width=\"94\">Kapacitet<\/td>\n<td style=\"width: 93.00pt\" width=\"124\">Form<\/td>\n<td style=\"width: 102.00pt\" width=\"136\">M\u00e5tt (mm)<\/td>\n<td style=\"width: 102.75pt\" width=\"137\">Halsdiameter<\/td>\n<td style=\"width: 193.50pt\" width=\"258\">T\u00e4tningsmetod<\/td>\n<td style=\"width: 105.75pt\" width=\"141\">Material<\/td>\n<td style=\"width: 104.25pt\" width=\"139\">F\u00e4rg<\/td>\n<\/tr>\n<tr style=\"height: 13.50pt\">\n<td style=\"height: 13.50pt\" height=\"18\">PB-YZ1604<\/td>\n<td>50 ml<\/td>\n<td>Cylindrisk<\/td>\n<td>37 \u00d7 98<\/td>\n<td>15 mm<\/td>\n<td>Krymphals + spruta<\/td>\n<td>Kristallglas<\/td>\n<td>Anpassningsbar<\/td>\n<\/tr>\n<tr style=\"height: 13.50pt\">\n<td style=\"height: 13.50pt\" height=\"18\">PB-YZ1605<\/td>\n<td>50 ml<\/td>\n<td>Cylindrisk<\/td>\n<td>32 \u00d7 137<\/td>\n<td>15 mm<\/td>\n<td>Krymphals + spruta<\/td>\n<td>Kristallglas<\/td>\n<td>Anpassningsbar<\/td>\n<\/tr>\n<tr style=\"height: 13.50pt\">\n<td style=\"height: 13.50pt\" height=\"18\">PB-YZ1606<\/td>\n<td>100 ml<\/td>\n<td>Cylindrisk<\/td>\n<td>39 \u00d7 159<\/td>\n<td>15 mm<\/td>\n<td>Krymphals + spruta<\/td>\n<td>Kristallglas<\/td>\n<td>Anpassningsbar<\/td>\n<\/tr>\n<\/tbody>\n<\/table>\n<h2>Verklig fallstudie<\/h2>\n<p>Ett parfymm\u00e4rke i Paris lanserade sin unisexdoft med den h\u00e4r vackra flaskan. De valde en mjuk lavendelf\u00e4rg tillsammans med ett sprayflasklock i borstat silver och en minimal varum\u00e4rkeslogotyp. Resultatet? Deras produkt stod ut p\u00e5 hyllan, genererade uppm\u00e4rksamhet p\u00e5 n\u00e4tet och s\u00e5g en \u00f6kning av grossistorder med 40% p\u00e5 bara n\u00e5gra m\u00e5nader.<\/p>\n<h2>Tips f\u00f6r att skapa din egen parfymflaska<\/h2>\n<ul>\n<li><strong>Anpassning av f\u00e4rg:<\/strong> V\u00e4lj flaskans f\u00e4rg efter doften (t.ex. mjukt rosa f\u00f6r blommig doft och m\u00f6rkbrun f\u00f6r tr\u00e4ig doft) f\u00f6r att g\u00f6ra utseendet och doften mer matchande.<\/li>\n<li><strong>Varum\u00e4rkeslogotyp:<\/strong> Du kan screentrycka LOGOTYPEN eller lasergravera den p\u00e5 flaskan f\u00f6r att \u00f6ka varum\u00e4rkesigenk\u00e4nningen.<\/li>\n<li><strong>Materialdetaljer:<\/strong> V\u00e4lj matta\/elektropl\u00e4terade kapsyler och etiketter med metallstruktur f\u00f6r att f\u00f6rst\u00e4rka k\u00e4nslan av lyx.<\/li>\n<li><strong>Milj\u00f6v\u00e4nlig f\u00f6rpackning:<\/strong> Matcha \u00e5tervinningsbara pappersl\u00e5dor + anpassat foder f\u00f6r att skapa en gr\u00f6n varum\u00e4rkesimage.<\/li>\n<li><strong>St\u00f6d f\u00f6r massanpassning:<\/strong> St\u00f6d f\u00f6r stora best\u00e4llningar och OEM-tj\u00e4nster, b\u00e4ttre priser och stabil leverans.<\/li>\n<\/ul>\n<h2>Varf\u00f6r v\u00e4lja Minghang som din parfymtillverkare?<\/h2>\n<p>Att v\u00e4lja Minghang inneb\u00e4r att v\u00e4lja en one-stop parfymtillverkare som kombinerar professionell styrka, kvalitetss\u00e4kring och flexibel anpassning. Vi f\u00f6rst\u00e5r varum\u00e4rkenas behov och marknadens rytm. Vi tillhandah\u00e5ller inte bara fullst\u00e4ndiga processtj\u00e4nster fr\u00e5n design till produktion, utan anv\u00e4nder ocks\u00e5 milj\u00f6v\u00e4nliga material, strikt kvalitetskontroll och konkurrenskraftiga grossistpriser f\u00f6r att hj\u00e4lpa dig att effektivt skapa unika doftprodukter och f\u00e5 ditt varum\u00e4rke att sticka ut p\u00e5 marknaden.<\/p>","protected":false},"excerpt":{"rendered":"<p>Parfym vacker flaska tillverkad av premiumflaska glasparfym. Snygg 100 ml design, g\u00e5va eller grossistf\u00f6rpackning f\u00f6r doft.<\/p>","protected":false},"featured_media":3903,"comment_status":"open","ping_status":"closed","template":"","meta":{"_acf_changed":false,"site-sidebar-layout":"default","site-content-layout":"","ast-site-content-layout":"default","site-content-style":"default","site-sidebar-style":"default","ast-global-header-display":"","ast-banner-title-visibility":"","ast-main-header-display":"","ast-hfb-above-header-display":"","ast-hfb-below-header-display":"","ast-hfb-mobile-header-display":"","site-post-title":"","ast-breadcrumbs-content":"","ast-featured-img":"","footer-sml-layout":"","ast-disable-related-posts":"","theme-transparent-header-meta":"default","adv-header-id-meta":"","stick-header-meta":"","header-above-stick-meta":"","header-main-stick-meta":"","header-below-stick-meta":"","astra-migrate-meta-layouts":"set","ast-page-background-enabled":"default","ast-page-background-meta":{"desktop":{"background-color":"var(--ast-global-color-5)","background-image":"","background-repeat":"repeat","background-position":"center center","background-size":"auto","background-attachment":"scroll","background-type":"","background-media":"","overlay-type":"","overlay-color":"","overlay-opacity":"","overlay-gradient":""},"tablet":{"background-color":"","background-image":"","background-repeat":"repeat","background-position":"center center","background-size":"auto","background-attachment":"scroll","background-type":"","background-media":"","overlay-type":"","overlay-color":"","overlay-opacity":"","overlay-gradient":""},"mobile":{"background-color":"","background-image":"","background-repeat":"repeat","background-position":"center center","background-size":"auto","background-attachment":"scroll","background-type":"","background-media":"","overlay-type":"","overlay-color":"","overlay-opacity":"","overlay-gradient":""}},"ast-content-background-meta":{"desktop":{"background-color":"var(--ast-global-color-4)","background-image":"","background-repeat":"repeat","background-position":"center center","background-size":"auto","background-attachment":"scroll","background-type":"","background-media":"","overlay-type":"","overlay-color":"","overlay-opacity":"","overlay-gradient":""},"tablet":{"background-color":"var(--ast-global-color-4)","background-image":"","background-repeat":"repeat","background-position":"center center","background-size":"auto","background-attachment":"scroll","background-type":"","background-media":"","overlay-type":"","overlay-color":"","overlay-opacity":"","overlay-gradient":""},"mobile":{"background-color":"var(--ast-global-color-4)","background-image":"","background-repeat":"repeat","background-position":"center center","background-size":"auto","background-attachment":"scroll","background-type":"","background-media":"","overlay-type":"","overlay-color":"","overlay-opacity":"","overlay-gradient":""}}},"product_brand":[],"product_cat":[72,91,41],"product_tag":[49],"class_list":{"0":"post-3897","1":"product","2":"type-product","3":"status-publish","4":"has-post-thumbnail","6":"product_cat-cosmetic-packaging","7":"product_cat-custom-perfume-bottles","8":"product_cat-perfume-bottles","9":"product_tag-perfume-bottles","10":"desktop-align-left","11":"tablet-align-left","12":"mobile-align-left","14":"first","15":"instock","16":"shipping-taxable","17":"product-type-simple"},"acf":[],"jetpack_sharing_enabled":true,"_links":{"self":[{"href":"https:\/\/theperfumebottles.com\/sv\/wp-json\/wp\/v2\/product\/3897","targetHints":{"allow":["GET"]}}],"collection":[{"href":"https:\/\/theperfumebottles.com\/sv\/wp-json\/wp\/v2\/product"}],"about":[{"href":"https:\/\/theperfumebottles.com\/sv\/wp-json\/wp\/v2\/types\/product"}],"replies":[{"embeddable":true,"href":"https:\/\/theperfumebottles.com\/sv\/wp-json\/wp\/v2\/comments?post=3897"}],"wp:featuredmedia":[{"embeddable":true,"href":"https:\/\/theperfumebottles.com\/sv\/wp-json\/wp\/v2\/media\/3903"}],"wp:attachment":[{"href":"https:\/\/theperfumebottles.com\/sv\/wp-json\/wp\/v2\/media?parent=3897"}],"wp:term":[{"taxonomy":"product_brand","embeddable":true,"href":"https:\/\/theperfumebottles.com\/sv\/wp-json\/wp\/v2\/product_brand?post=3897"},{"taxonomy":"product_cat","embeddable":true,"href":"https:\/\/theperfumebottles.com\/sv\/wp-json\/wp\/v2\/product_cat?post=3897"},{"taxonomy":"product_tag","embeddable":true,"href":"https:\/\/theperfumebottles.com\/sv\/wp-json\/wp\/v2\/product_tag?post=3897"}],"curies":[{"name":"wp","href":"https:\/\/api.w.org\/{rel}","templated":true}]}}