{"id":3939,"date":"2025-06-16T18:01:47","date_gmt":"2025-06-16T10:01:47","guid":{"rendered":"https:\/\/theperfumebottles.com\/?post_type=product&#038;p=3939"},"modified":"2025-06-16T18:01:48","modified_gmt":"2025-06-16T10:01:48","slug":"wholesale-miniature-perfume-bottles-custom-perfume-bottle-mini","status":"publish","type":"product","link":"https:\/\/theperfumebottles.com\/sv\/produkt\/wholesale-miniature-perfume-bottles-custom-perfume-bottle-mini\/","title":{"rendered":"15ml 20ml 30ml Miniatyrparfymflaskor | Anpassad Mini Parfymflaska"},"content":{"rendered":"<p>Vill du ge dina kunder en lyxig och portabel doftupplevelse? V\u00e5ra miniatyrparfymflaskor \u00e4r perfekta! Mini-parfymflaskan \u00e4r b\u00e5de elegant och praktisk och ger en modern touch till varum\u00e4rkets f\u00f6rpackning.<\/p>\n<h2>Viktiga specifikationer<\/h2>\n<table style=\"border-collapse: collapse; margin-left: auto; margin-right: auto; width: 80%;\" border=\"0\" width=\"80%\" cellspacing=\"0\" cellpadding=\"0\">\n<tbody>\n<tr style=\"height: 13.50pt;\">\n<td style=\"height: 13.50pt; width: 99.75pt;\" width=\"133\" height=\"18\">S\u00e4rdrag<\/td>\n<td style=\"width: 262.50pt;\" width=\"350\">Beskrivning<\/td>\n<\/tr>\n<tr style=\"height: 13.50pt;\">\n<td style=\"height: 13.50pt;\" height=\"18\">Modeller<\/td>\n<td>PB-YZ1601 \/ PB-YZ1602 \/ PB-YZ1603<\/td>\n<\/tr>\n<tr style=\"height: 13.50pt;\">\n<td style=\"height: 13.50pt;\" height=\"18\">Kapacitet<\/td>\n<td>15 ml \/ 20 ml \/ 30 ml<\/td>\n<\/tr>\n<tr style=\"height: 13.50pt;\">\n<td style=\"height: 13.50pt;\" height=\"18\">Form<\/td>\n<td>Cylindrisk<\/td>\n<\/tr>\n<tr style=\"height: 13.50pt;\">\n<td style=\"height: 13.50pt;\" height=\"18\">M\u00e5tt<\/td>\n<td>25x84mm \/ 29x67mm \/ 33x98mm<\/td>\n<\/tr>\n<tr style=\"height: 13.50pt;\">\n<td style=\"height: 13.50pt;\" height=\"18\">Halsdiameter<\/td>\n<td>3,4 oz:n kaari-suorakulmion tuoksupullojen tukkumyynti<\/td>\n<\/tr>\n<tr style=\"height: 13.50pt;\">\n<td style=\"height: 13.50pt;\" height=\"18\">St\u00e4ngningstyp<\/td>\n<td>Krymphals + spraypump<\/td>\n<\/tr>\n<tr style=\"height: 13.50pt;\">\n<td style=\"height: 13.50pt;\" height=\"18\">Material<\/td>\n<td>Kristallglas<\/td>\n<\/tr>\n<tr style=\"height: 13.50pt;\">\n<td style=\"height: 13.50pt;\" height=\"18\">F\u00e4rg p\u00e5 kepsen<\/td>\n<td>Matt svart, silver, guld, klar akryl<\/td>\n<\/tr>\n<tr style=\"height: 13.50pt;\">\n<td style=\"height: 13.50pt;\" height=\"18\">Idealisk f\u00f6r<\/td>\n<td>Doftprover, parfymer i resestorlek<\/td>\n<\/tr>\n<\/tbody>\n<\/table>\n<h2><strong>Det verkliga fallet \u00e4r super\u00f6vertygande:<\/strong><\/h2>\n<p>Ett parfymm\u00e4rke i boutiquestil anv\u00e4nde v\u00e5r djupkoboltbl\u00e5 30 ml PB-YZ1603, med guldf\u00e4rgad kapsyl och logotyp, f\u00f6r att g\u00f6ra presentset till influencers och VIP-personer, och influencer-marknadsf\u00f6ringen blev en succ\u00e9! Alla ber\u00f6mmer den f\u00f6r att den \u00e4r snygg och l\u00e4tt att b\u00e4ra med sig~<\/p>\n<h2>Anpassningstips f\u00f6r ditt varum\u00e4rke<\/h2>\n<p>Om du vill att din doft ska sticka ut beh\u00f6ver din f\u00f6rpackning g\u00f6ra mer \u00e4n att bara h\u00e5lla doften \u2013 den beh\u00f6ver ber\u00e4tta en historia, f\u00e5nga \u00f6gat och g\u00f6ra m\u00e4nniskor nyfikna.<\/p>\n<ul>\n<li><strong>S\u00e4tt ditt varum\u00e4rke i centrum:<\/strong> L\u00e4gg till din logotyp eller ditt namn med lasergravyr eller silkscreentryck. Det \u00e4r inte bara en dekoration \u2013 det \u00e4r ditt varum\u00e4rke. T\u00e4nk p\u00e5 det som att skriva ditt namn p\u00e5 ett m\u00e4sterverk.<\/li>\n<li><strong>Krydda upp saker med lockf\u00e4rger:<\/strong> Vem s\u00e4ger att lock m\u00e5ste vara tr\u00e5kiga? V\u00e4lj mattsvart om du \u00e4lskar den d\u00e4r eleganta, minimalistiska looken \u2013 eller v\u00e4lj ros\u00e9guld f\u00f6r den d\u00e4r &#034;jag menar lyx&#034;-k\u00e4nslan. En f\u00e4rgklick kan helt f\u00f6r\u00e4ndra k\u00e4nslan hos din flaska.<\/li>\n<li><strong>T\u00e4nk bortom en storlek:<\/strong> Blanda 15 ml, 20 ml och 30 ml i en presentklar kollektion. Den \u00e4r perfekt f\u00f6r provtagningar, resor, julklappar eller influencer-paket. Och \u00e4rligt talat? Folk \u00e4lskar alternativ.<\/li>\n<\/ul>\n<h2>Slutsats<\/h2>\n<p>Att v\u00e4lja en parfymflaska \u00e4r inte s\u00e5 enkelt som att v\u00e4lja en beh\u00e5llare. Det \u00e4r helt klart att &#034;kl\u00e4 upp&#034; varum\u00e4rket. Oavsett om det \u00e4r en provflaska p\u00e5 15 ml eller en 30 ml-version i butik, d\u00f6ljer varje detalj varum\u00e4rkets sm\u00e5 tankar. V\u00e5r mini-parfymflaska \u00e4r tillverkad av slitstarkt glasmaterial och har en snygg design, helt enkelt f\u00f6r att g\u00f6ra din parfym till den mest i\u00f6gonfallande i m\u00e4ngden. Med s\u00e5 m\u00e5nga anpassningsm\u00f6jligheter kan du inte bara v\u00e4lja r\u00e4tt flaska, utan ocks\u00e5 f\u00e5 parfymen att verkligen &#034;v\u00e4xa&#034; till hur varum\u00e4rket ska se ut. L\u00e5t oss prata om hur du f\u00f6rvandlar dina id\u00e9er till verklighet \u2013 b\u00f6rja med en skr\u00e4ddarsydd parfymflaska i glas och polera l\u00e5ngsamt ut din egen varum\u00e4rkescharm.<\/p>","protected":false},"excerpt":{"rendered":"<p>Uppt\u00e4ck h\u00f6gkvalitativa miniatyrparfymflaskor och specialdesignade mini-parfymflaskor \u2013 perfekta f\u00f6r resor, provsmakning eller lyxiga doftf\u00f6rpackningar.<\/p>","protected":false},"featured_media":3901,"comment_status":"open","ping_status":"closed","template":"","meta":{"_acf_changed":false,"site-sidebar-layout":"default","site-content-layout":"","ast-site-content-layout":"default","site-content-style":"default","site-sidebar-style":"default","ast-global-header-display":"","ast-banner-title-visibility":"","ast-main-header-display":"","ast-hfb-above-header-display":"","ast-hfb-below-header-display":"","ast-hfb-mobile-header-display":"","site-post-title":"","ast-breadcrumbs-content":"","ast-featured-img":"","footer-sml-layout":"","ast-disable-related-posts":"","theme-transparent-header-meta":"default","adv-header-id-meta":"","stick-header-meta":"","header-above-stick-meta":"","header-main-stick-meta":"","header-below-stick-meta":"","astra-migrate-meta-layouts":"set","ast-page-background-enabled":"default","ast-page-background-meta":{"desktop":{"background-color":"var(--ast-global-color-5)","background-image":"","background-repeat":"repeat","background-position":"center center","background-size":"auto","background-attachment":"scroll","background-type":"","background-media":"","overlay-type":"","overlay-color":"","overlay-opacity":"","overlay-gradient":""},"tablet":{"background-color":"","background-image":"","background-repeat":"repeat","background-position":"center center","background-size":"auto","background-attachment":"scroll","background-type":"","background-media":"","overlay-type":"","overlay-color":"","overlay-opacity":"","overlay-gradient":""},"mobile":{"background-color":"","background-image":"","background-repeat":"repeat","background-position":"center center","background-size":"auto","background-attachment":"scroll","background-type":"","background-media":"","overlay-type":"","overlay-color":"","overlay-opacity":"","overlay-gradient":""}},"ast-content-background-meta":{"desktop":{"background-color":"var(--ast-global-color-4)","background-image":"","background-repeat":"repeat","background-position":"center center","background-size":"auto","background-attachment":"scroll","background-type":"","background-media":"","overlay-type":"","overlay-color":"","overlay-opacity":"","overlay-gradient":""},"tablet":{"background-color":"var(--ast-global-color-4)","background-image":"","background-repeat":"repeat","background-position":"center center","background-size":"auto","background-attachment":"scroll","background-type":"","background-media":"","overlay-type":"","overlay-color":"","overlay-opacity":"","overlay-gradient":""},"mobile":{"background-color":"var(--ast-global-color-4)","background-image":"","background-repeat":"repeat","background-position":"center center","background-size":"auto","background-attachment":"scroll","background-type":"","background-media":"","overlay-type":"","overlay-color":"","overlay-opacity":"","overlay-gradient":""}}},"product_brand":[],"product_cat":[72,91,74,41],"product_tag":[49],"class_list":{"0":"post-3939","1":"product","2":"type-product","3":"status-publish","4":"has-post-thumbnail","6":"product_cat-cosmetic-packaging","7":"product_cat-custom-perfume-bottles","8":"product_cat-mini-perfume-bottles","9":"product_cat-perfume-bottles","10":"product_tag-perfume-bottles","11":"desktop-align-left","12":"tablet-align-left","13":"mobile-align-left","15":"first","16":"instock","17":"shipping-taxable","18":"product-type-simple"},"acf":[],"jetpack_sharing_enabled":true,"_links":{"self":[{"href":"https:\/\/theperfumebottles.com\/sv\/wp-json\/wp\/v2\/product\/3939","targetHints":{"allow":["GET"]}}],"collection":[{"href":"https:\/\/theperfumebottles.com\/sv\/wp-json\/wp\/v2\/product"}],"about":[{"href":"https:\/\/theperfumebottles.com\/sv\/wp-json\/wp\/v2\/types\/product"}],"replies":[{"embeddable":true,"href":"https:\/\/theperfumebottles.com\/sv\/wp-json\/wp\/v2\/comments?post=3939"}],"wp:featuredmedia":[{"embeddable":true,"href":"https:\/\/theperfumebottles.com\/sv\/wp-json\/wp\/v2\/media\/3901"}],"wp:attachment":[{"href":"https:\/\/theperfumebottles.com\/sv\/wp-json\/wp\/v2\/media?parent=3939"}],"wp:term":[{"taxonomy":"product_brand","embeddable":true,"href":"https:\/\/theperfumebottles.com\/sv\/wp-json\/wp\/v2\/product_brand?post=3939"},{"taxonomy":"product_cat","embeddable":true,"href":"https:\/\/theperfumebottles.com\/sv\/wp-json\/wp\/v2\/product_cat?post=3939"},{"taxonomy":"product_tag","embeddable":true,"href":"https:\/\/theperfumebottles.com\/sv\/wp-json\/wp\/v2\/product_tag?post=3939"}],"curies":[{"name":"wp","href":"https:\/\/api.w.org\/{rel}","templated":true}]}}