{"id":4002,"date":"2025-06-17T18:06:19","date_gmt":"2025-06-17T10:06:19","guid":{"rendered":"https:\/\/theperfumebottles.com\/?post_type=product&#038;p=4002"},"modified":"2025-06-17T18:06:21","modified_gmt":"2025-06-17T10:06:21","slug":"wholesale-perfume-bottles-bulk-perfume-bottles-supplier","status":"publish","type":"product","link":"https:\/\/theperfumebottles.com\/sv\/produkt\/wholesale-perfume-bottles-bulk-perfume-bottles-supplier\/","title":{"rendered":"100ml Parfymflaskor i Partihandel | Graverade Parfymflaskor i Storformat"},"content":{"rendered":"<p>Letar du efter fantastiska parfymflaskor i grossistledet nyligen? Kristallglaset \u00e4r s\u00e5 transparent att du kan se din egen reflektion, och ytan \u00e4r graverad med eleganta X-m\u00f6nster, vilket utstr\u00e5lar en k\u00e4nsla av lyx. Oavsett om du \u00e4r en varum\u00e4rkeschef som just har kl\u00e4ckt en ny doft, eller en distribut\u00f6r som vill uppgradera &#034;lyxf\u00f6rpackningen&#034; hos en klassisk modell, kan den h\u00e4r flaskan inte bara bevara parfymens sj\u00e4l, utan ocks\u00e5 hj\u00e4lpa dig att minska kostnaderna och f\u00f6rb\u00e4ttra kvaliteten. Varf\u00f6r inte l\u00e4gga till den i din &#034;skattleverant\u00f6rslista&#034;?<\/p>\n<h2>Viktiga specifikationer<\/h2>\n<table style=\"border-collapse: collapse; margin-left: auto; margin-right: auto; width: 80%;\" border=\"0\" width=\"80%\" cellspacing=\"0\" cellpadding=\"0\">\n<tbody>\n<tr style=\"height: 13.50pt;\">\n<td style=\"height: 13.50pt; width: 61.50pt;\" width=\"82\" height=\"18\">S\u00e4rdrag<\/td>\n<td style=\"width: 175.50pt;\" width=\"234\">Detalj<\/td>\n<\/tr>\n<tr style=\"height: 13.50pt;\">\n<td style=\"height: 13.50pt;\" height=\"18\">Kapacitet<\/td>\n<td>100 ml<\/td>\n<\/tr>\n<tr style=\"height: 13.50pt;\">\n<td style=\"height: 13.50pt;\" height=\"18\">Form<\/td>\n<td>Rektangul\u00e4r<\/td>\n<\/tr>\n<tr style=\"height: 13.50pt;\">\n<td style=\"height: 13.50pt;\" height=\"18\">M\u00e5tt<\/td>\n<td>55,5 x 36,5 x 102 mm<\/td>\n<\/tr>\n<tr style=\"height: 13.50pt;\">\n<td style=\"height: 13.50pt;\" height=\"18\">Material<\/td>\n<td>Kristallglas<\/td>\n<\/tr>\n<tr style=\"height: 13.50pt;\">\n<td style=\"height: 13.50pt;\" height=\"18\">F\u00e4rg<\/td>\n<td>Helt anpassningsbar<\/td>\n<\/tr>\n<tr style=\"height: 13.50pt;\">\n<td style=\"height: 13.50pt;\" height=\"18\">T\u00e4tningstyp<\/td>\n<td>Krymphals + spruta<\/td>\n<\/tr>\n<tr style=\"height: 13.50pt;\">\n<td style=\"height: 13.50pt;\" height=\"18\">Idealisk anv\u00e4ndning<\/td>\n<td>Doft, cologne<\/td>\n<\/tr>\n<\/tbody>\n<\/table>\n<h2>Verkligt framg\u00e5ngsfall<\/h2>\n<p>En av v\u00e5ra kunder, ett nischm\u00e4rke inom parfym, ville sticka ut p\u00e5 en stor sk\u00f6nhetsm\u00e4ssa. De valde v\u00e5r specialdesignade parfymflaska i frostat glas och graverade in varum\u00e4rkets logotyp. Slutprodukten gjorde ett fantastiskt intryck i displayen och hj\u00e4lpte dem att n\u00e5 flera best\u00e4llningar. Kunderna ber\u00f6mde den h\u00f6gkvalitativa texturen och de milj\u00f6v\u00e4nliga materialen, vilket bevisade att h\u00f6gkvalitativa kosmetikaf\u00f6rpackningar verkligen kan ge betydande f\u00f6rb\u00e4ttringar.<\/p>\n<h2>Anpassningstips f\u00f6r att g\u00f6ra den till din egen<\/h2>\n<p>Vill du att ditt varum\u00e4rke ska lysa i f\u00f6rpackningen? S\u00e5 h\u00e4r f\u00e5r du ut det mesta av det:<\/p>\n<ul>\n<li>V\u00e4lj en enf\u00e4rgad eller tonad f\u00e4rg som matchar ditt varum\u00e4rkes huvudf\u00e4rg f\u00f6r att g\u00f6ra flaskan omedelbart igenk\u00e4nnbar och lysa som en &#034;varum\u00e4rkestalesperson&#034; ~<\/li>\n<li>Anv\u00e4nd lasergravyr eller UV-utskrift f\u00f6r att frysa ditt varum\u00e4rkesavtryck och ta din sofistikering till det yttersta!<\/li>\n<li>Prova matta ytor eller m\u00f6nstervariationer f\u00f6r att skapa en signaturlook f\u00f6r din parfym.<\/li>\n<li>Kombinera det med milj\u00f6v\u00e4nliga f\u00f6rpackningar f\u00f6r att f\u00f6rst\u00e4rka din gr\u00f6na image.<\/li>\n<\/ul>\n<h2 data-start=\"132\" data-end=\"398\"><strong data-start=\"132\" data-end=\"189\">Redo att ta ditt parfymm\u00e4rke till n\u00e4sta niv\u00e5?<\/strong><\/h2>\n<p data-start=\"132\" data-end=\"398\">R\u00e4tt flaska g\u00f6r mer \u00e4n att bara h\u00e5lla din produkt \u2013 den ger liv \u00e5t ditt varum\u00e4rke. V\u00e5ra grossistparfymflaskor kombinerar elegant design med p\u00e5litlig kvalitet, vilket g\u00f6r att din doft sticker ut p\u00e5 varje hylla.<\/p>\n<p data-start=\"400\" data-end=\"573\">S\u00e4g adj\u00f6 till generiska f\u00f6rpackningar. Med v\u00e5ra grossistalternativ f\u00f6r parfymflaskor i bulk kan du skapa skr\u00e4ddarsydda designer som \u00e5terspeglar din unika vision, dina v\u00e4rderingar och din kreativitet. L\u00e5t oss skapa f\u00f6rpackningar som ber\u00e4ttar din historia.<\/p>","protected":false},"excerpt":{"rendered":"<p>H\u00f6gkvalitativa parfymflaskor i grossistledet, tillg\u00e4ngliga i bulk. Perfekt f\u00f6r varum\u00e4rken och distribut\u00f6rer. Anpassade alternativ, snabb leverans och direkta priser fr\u00e5n fabriken.<\/p>","protected":false},"featured_media":4007,"comment_status":"open","ping_status":"closed","template":"","meta":{"_acf_changed":false,"site-sidebar-layout":"default","site-content-layout":"","ast-site-content-layout":"default","site-content-style":"default","site-sidebar-style":"default","ast-global-header-display":"","ast-banner-title-visibility":"","ast-main-header-display":"","ast-hfb-above-header-display":"","ast-hfb-below-header-display":"","ast-hfb-mobile-header-display":"","site-post-title":"","ast-breadcrumbs-content":"","ast-featured-img":"","footer-sml-layout":"","ast-disable-related-posts":"","theme-transparent-header-meta":"default","adv-header-id-meta":"","stick-header-meta":"","header-above-stick-meta":"","header-main-stick-meta":"","header-below-stick-meta":"","astra-migrate-meta-layouts":"set","ast-page-background-enabled":"default","ast-page-background-meta":{"desktop":{"background-color":"var(--ast-global-color-5)","background-image":"","background-repeat":"repeat","background-position":"center center","background-size":"auto","background-attachment":"scroll","background-type":"","background-media":"","overlay-type":"","overlay-color":"","overlay-opacity":"","overlay-gradient":""},"tablet":{"background-color":"","background-image":"","background-repeat":"repeat","background-position":"center center","background-size":"auto","background-attachment":"scroll","background-type":"","background-media":"","overlay-type":"","overlay-color":"","overlay-opacity":"","overlay-gradient":""},"mobile":{"background-color":"","background-image":"","background-repeat":"repeat","background-position":"center center","background-size":"auto","background-attachment":"scroll","background-type":"","background-media":"","overlay-type":"","overlay-color":"","overlay-opacity":"","overlay-gradient":""}},"ast-content-background-meta":{"desktop":{"background-color":"var(--ast-global-color-4)","background-image":"","background-repeat":"repeat","background-position":"center center","background-size":"auto","background-attachment":"scroll","background-type":"","background-media":"","overlay-type":"","overlay-color":"","overlay-opacity":"","overlay-gradient":""},"tablet":{"background-color":"var(--ast-global-color-4)","background-image":"","background-repeat":"repeat","background-position":"center center","background-size":"auto","background-attachment":"scroll","background-type":"","background-media":"","overlay-type":"","overlay-color":"","overlay-opacity":"","overlay-gradient":""},"mobile":{"background-color":"var(--ast-global-color-4)","background-image":"","background-repeat":"repeat","background-position":"center center","background-size":"auto","background-attachment":"scroll","background-type":"","background-media":"","overlay-type":"","overlay-color":"","overlay-opacity":"","overlay-gradient":""}}},"product_brand":[],"product_cat":[72,91,41],"product_tag":[49],"class_list":{"0":"post-4002","1":"product","2":"type-product","3":"status-publish","4":"has-post-thumbnail","6":"product_cat-cosmetic-packaging","7":"product_cat-custom-perfume-bottles","8":"product_cat-perfume-bottles","9":"product_tag-perfume-bottles","10":"desktop-align-left","11":"tablet-align-left","12":"mobile-align-left","14":"first","15":"instock","16":"shipping-taxable","17":"product-type-simple"},"acf":[],"jetpack_sharing_enabled":true,"_links":{"self":[{"href":"https:\/\/theperfumebottles.com\/sv\/wp-json\/wp\/v2\/product\/4002","targetHints":{"allow":["GET"]}}],"collection":[{"href":"https:\/\/theperfumebottles.com\/sv\/wp-json\/wp\/v2\/product"}],"about":[{"href":"https:\/\/theperfumebottles.com\/sv\/wp-json\/wp\/v2\/types\/product"}],"replies":[{"embeddable":true,"href":"https:\/\/theperfumebottles.com\/sv\/wp-json\/wp\/v2\/comments?post=4002"}],"wp:featuredmedia":[{"embeddable":true,"href":"https:\/\/theperfumebottles.com\/sv\/wp-json\/wp\/v2\/media\/4007"}],"wp:attachment":[{"href":"https:\/\/theperfumebottles.com\/sv\/wp-json\/wp\/v2\/media?parent=4002"}],"wp:term":[{"taxonomy":"product_brand","embeddable":true,"href":"https:\/\/theperfumebottles.com\/sv\/wp-json\/wp\/v2\/product_brand?post=4002"},{"taxonomy":"product_cat","embeddable":true,"href":"https:\/\/theperfumebottles.com\/sv\/wp-json\/wp\/v2\/product_cat?post=4002"},{"taxonomy":"product_tag","embeddable":true,"href":"https:\/\/theperfumebottles.com\/sv\/wp-json\/wp\/v2\/product_tag?post=4002"}],"curies":[{"name":"wp","href":"https:\/\/api.w.org\/{rel}","templated":true}]}}