{"id":4018,"date":"2025-06-19T18:09:53","date_gmt":"2025-06-19T10:09:53","guid":{"rendered":"https:\/\/theperfumebottles.com\/?post_type=product&#038;p=4018"},"modified":"2025-06-19T18:09:55","modified_gmt":"2025-06-19T10:09:55","slug":"empty-amber-essential-oil-bottles-wholesale","status":"publish","type":"product","link":"https:\/\/theperfumebottles.com\/sv\/produkt\/empty-amber-essential-oil-bottles-wholesale\/","title":{"rendered":"50ml 100ml Amber Tom Eterisk Olja Flaskor Partihandel"},"content":{"rendered":"<p>V\u00e4lj oss f\u00f6r grossistf\u00f6rs\u00e4ljning av flaskor f\u00f6r eteriska oljor! Tomma flaskor f\u00f6r eteriska oljor \u00e4r tillverkade av UV-best\u00e4ndigt b\u00e4rnstensf\u00e4rgat glas f\u00f6r att skydda de eteriska oljorna fr\u00e5n nedbrytning av ljus. Den eleganta flaskan passar f\u00f6r varum\u00e4rkesf\u00f6rpackningar och st\u00f6der anpassning. Stora kvantiteter f\u00f6redras f\u00f6r att m\u00f6ta dina behov av bulkink\u00f6p!<\/p>\n<h2>Viktiga specifikationer<\/h2>\n<table style=\"border-collapse: collapse; margin-left: auto; margin-right: auto; width: 80%;\" border=\"0\" width=\"80%\" cellspacing=\"0\" cellpadding=\"0\">\n<tbody>\n<tr style=\"height: 13.50pt;\">\n<td style=\"height: 13.50pt; width: 122.25pt;\" width=\"163\" height=\"18\">Specifikation<\/td>\n<td style=\"width: 259.50pt;\" width=\"346\">Detaljer<\/td>\n<\/tr>\n<tr style=\"height: 13.50pt;\">\n<td style=\"height: 13.50pt;\" height=\"18\">Material<\/td>\n<td>Glas (B\u00e4rnstensf\u00e4rgat)<\/td>\n<\/tr>\n<tr style=\"height: 13.50pt;\">\n<td style=\"height: 13.50pt;\" height=\"18\">Kapacitetsalternativ<\/td>\n<td>50ml \/ 100ml<\/td>\n<\/tr>\n<tr style=\"height: 13.50pt;\">\n<td style=\"height: 13.50pt;\" height=\"18\">Typ av lock<\/td>\n<td>Skruvkork \/ Dropppipett \/ Spray<\/td>\n<\/tr>\n<tr style=\"height: 13.50pt;\">\n<td style=\"height: 13.50pt;\" height=\"18\">Flaskform<\/td>\n<td>Cylindrisk \/ Rund \/ Kvadratisk (tillval)<\/td>\n<\/tr>\n<tr style=\"height: 13.50pt;\">\n<td style=\"height: 13.50pt;\" height=\"18\">Anv\u00e4ndande<\/td>\n<td>Eteriska oljor, parfymoljor, blandningar<\/td>\n<\/tr>\n<tr style=\"height: 13.50pt;\">\n<td style=\"height: 13.50pt;\" height=\"18\">Ytbehandling<\/td>\n<td>Sl\u00e4t, etikettv\u00e4nlig<\/td>\n<\/tr>\n<tr style=\"height: 13.50pt;\">\n<td style=\"height: 13.50pt;\" height=\"18\">Anpassning<\/td>\n<td>Logoprint, f\u00e4rg, korkmodell<\/td>\n<\/tr>\n<\/tbody>\n<\/table>\n<h2>Verklig fallstudie<\/h2>\n<p>En av v\u00e5ra \u00e5terkommande kunder \u00e4r ett litet naturh\u00e4lsom\u00e4rke i Australien som ville lansera en ny serie aromaterapisprayer. De valde v\u00e5ra 50 ml grossistflaskor f\u00f6r eteriska oljor med specialanpassade koboltbl\u00e5 korkar och pr\u00e4glade logotyper.<\/p>\n<p>Inom sex veckor \u00f6kade deras f\u00f6rs\u00e4ljning med 20%. De sa till oss: \u201dFlaskorna f\u00e5r v\u00e5ra produkter att k\u00e4nnas exklusiva utan att spr\u00e4cka v\u00e5r budget.\u201d<\/p>\n<p>Det \u00e4r det vackra med smart f\u00f6rpackning \u2013 och det b\u00f6rjar allt med r\u00e4tt flaska.\u3001<\/p>\n<h2>F\u00f6rslag p\u00e5 f\u00f6rpackningar<\/h2>\n<p>Vill du g\u00f6ra den h\u00e4r flaskan helt din egen? Vi f\u00f6rst\u00e5r din investering i ditt varum\u00e4rke, s\u00e5 vi erbjuder dig omfattande anpassningstj\u00e4nster f\u00f6r att hj\u00e4lpa dig skapa det b\u00e4sta f\u00f6rpackningsutseendet och visa ditt varum\u00e4rkes charm!<\/p>\n<ul>\n<li><strong>V\u00e4lj din f\u00e4rg:<\/strong> klassisk b\u00e4rnsten, visar exklusiv textur. Om du vill ha en annan stil kan du v\u00e4lja gr\u00f6n, bl\u00e5, rosa och genomskinliga ytbehandlingar. Var och en kan komplettera ditt varum\u00e4rkes temperament!<\/li>\n<li><strong>Flaskkork med m\u00f6nster:<\/strong> Vill du ha en sl\u00e4t yta kan du v\u00e4lja en sl\u00e4t metallflaskkork; om du f\u00f6redrar enkelhet och diskret design \u00e4r en matt plastflaskkork ett bra val; om du vill g\u00e5 den naturliga och milj\u00f6v\u00e4nliga v\u00e4gen \u00e4r en milj\u00f6v\u00e4nlig kork med tr\u00e4struktur perfekt!<\/li>\n<li><strong>Varum\u00e4rkeslogotyp:<\/strong> Vill du g\u00f6ra din varum\u00e4rkeslogotyp extra i\u00f6gonfallande?  Tryck, pr\u00e4gling och klisterm\u00e4rken finns alla tillg\u00e4ngliga. Oavsett vilken process, din logotyp kan fast \u201cv\u00e4xa\u201d p\u00e5 flaskan, vilket g\u00f6r att folk kommer ih\u00e5g den vid f\u00f6rsta anblicken!<\/li>\n<\/ul>\n<h2>Sammanfattning<\/h2>\n<p>Oavsett om du vill grossistink\u00f6pa en sats kostnadseffektiva eteriska oljeflaskor f\u00f6r att snabbt starta din produktlinje, eller vill anpassa en upps\u00e4ttning \u201dof\u00f6rgl\u00f6mliga\u201d tomma flaskor f\u00f6r en befintlig serie eteriska oljor, \u00e4r vi villiga att vara din \u201dbakom kulisserna-partner\u201d. Fr\u00e5n att v\u00e4lja storlek till att v\u00e4lja design, fr\u00e5n materialf\u00f6rslag till processjusteringar, om du har n\u00e5gra funderingar eller id\u00e9er, meddela oss bara \u2013 v\u00e5rt team \u00e4r alltid redo att hj\u00e4lpa dig att f\u00f6rvandla den \u201dideala formen\u201d i ditt sinne till en \u201d\u00f6verraskning\u201d som kunderna kan ta p\u00e5.<\/p>","protected":false},"excerpt":{"rendered":"<p>H\u00f6gkvalitativa tomma flaskor f\u00f6r eteriska oljor, tillg\u00e4ngliga till grossistpris. Perfekta f\u00f6r aromaterapi, eteriska oljor och privat m\u00e4rkning.<\/p>","protected":false},"featured_media":4038,"comment_status":"open","ping_status":"closed","template":"","meta":{"_acf_changed":false,"site-sidebar-layout":"default","site-content-layout":"","ast-site-content-layout":"default","site-content-style":"default","site-sidebar-style":"default","ast-global-header-display":"","ast-banner-title-visibility":"","ast-main-header-display":"","ast-hfb-above-header-display":"","ast-hfb-below-header-display":"","ast-hfb-mobile-header-display":"","site-post-title":"","ast-breadcrumbs-content":"","ast-featured-img":"","footer-sml-layout":"","ast-disable-related-posts":"","theme-transparent-header-meta":"default","adv-header-id-meta":"","stick-header-meta":"","header-above-stick-meta":"","header-main-stick-meta":"","header-below-stick-meta":"","astra-migrate-meta-layouts":"set","ast-page-background-enabled":"default","ast-page-background-meta":{"desktop":{"background-color":"var(--ast-global-color-5)","background-image":"","background-repeat":"repeat","background-position":"center center","background-size":"auto","background-attachment":"scroll","background-type":"","background-media":"","overlay-type":"","overlay-color":"","overlay-opacity":"","overlay-gradient":""},"tablet":{"background-color":"","background-image":"","background-repeat":"repeat","background-position":"center center","background-size":"auto","background-attachment":"scroll","background-type":"","background-media":"","overlay-type":"","overlay-color":"","overlay-opacity":"","overlay-gradient":""},"mobile":{"background-color":"","background-image":"","background-repeat":"repeat","background-position":"center center","background-size":"auto","background-attachment":"scroll","background-type":"","background-media":"","overlay-type":"","overlay-color":"","overlay-opacity":"","overlay-gradient":""}},"ast-content-background-meta":{"desktop":{"background-color":"var(--ast-global-color-4)","background-image":"","background-repeat":"repeat","background-position":"center center","background-size":"auto","background-attachment":"scroll","background-type":"","background-media":"","overlay-type":"","overlay-color":"","overlay-opacity":"","overlay-gradient":""},"tablet":{"background-color":"var(--ast-global-color-4)","background-image":"","background-repeat":"repeat","background-position":"center center","background-size":"auto","background-attachment":"scroll","background-type":"","background-media":"","overlay-type":"","overlay-color":"","overlay-opacity":"","overlay-gradient":""},"mobile":{"background-color":"var(--ast-global-color-4)","background-image":"","background-repeat":"repeat","background-position":"center center","background-size":"auto","background-attachment":"scroll","background-type":"","background-media":"","overlay-type":"","overlay-color":"","overlay-opacity":"","overlay-gradient":""}}},"product_brand":[],"product_cat":[57,72,62],"product_tag":[],"class_list":{"0":"post-4018","1":"product","2":"type-product","3":"status-publish","4":"has-post-thumbnail","6":"product_cat-essential-oil-bottles","7":"product_cat-cosmetic-packaging","8":"product_cat-cosmetic-containers","9":"desktop-align-left","10":"tablet-align-left","11":"mobile-align-left","13":"first","14":"instock","15":"shipping-taxable","16":"product-type-simple"},"acf":[],"jetpack_sharing_enabled":true,"_links":{"self":[{"href":"https:\/\/theperfumebottles.com\/sv\/wp-json\/wp\/v2\/product\/4018","targetHints":{"allow":["GET"]}}],"collection":[{"href":"https:\/\/theperfumebottles.com\/sv\/wp-json\/wp\/v2\/product"}],"about":[{"href":"https:\/\/theperfumebottles.com\/sv\/wp-json\/wp\/v2\/types\/product"}],"replies":[{"embeddable":true,"href":"https:\/\/theperfumebottles.com\/sv\/wp-json\/wp\/v2\/comments?post=4018"}],"wp:featuredmedia":[{"embeddable":true,"href":"https:\/\/theperfumebottles.com\/sv\/wp-json\/wp\/v2\/media\/4038"}],"wp:attachment":[{"href":"https:\/\/theperfumebottles.com\/sv\/wp-json\/wp\/v2\/media?parent=4018"}],"wp:term":[{"taxonomy":"product_brand","embeddable":true,"href":"https:\/\/theperfumebottles.com\/sv\/wp-json\/wp\/v2\/product_brand?post=4018"},{"taxonomy":"product_cat","embeddable":true,"href":"https:\/\/theperfumebottles.com\/sv\/wp-json\/wp\/v2\/product_cat?post=4018"},{"taxonomy":"product_tag","embeddable":true,"href":"https:\/\/theperfumebottles.com\/sv\/wp-json\/wp\/v2\/product_tag?post=4018"}],"curies":[{"name":"wp","href":"https:\/\/api.w.org\/{rel}","templated":true}]}}