{"id":4274,"date":"2025-06-27T09:35:18","date_gmt":"2025-06-27T01:35:18","guid":{"rendered":"https:\/\/theperfumebottles.com\/?post_type=product&#038;p=4274"},"modified":"2025-06-27T09:35:20","modified_gmt":"2025-06-27T01:35:20","slug":"custom-bulk-perfume-bottles-glass-packaging-deals","status":"publish","type":"product","link":"https:\/\/theperfumebottles.com\/sv\/produkt\/custom-bulk-perfume-bottles-glass-packaging-deals\/","title":{"rendered":"30ml 50ml 100ml Anpassade Parfymflaskor i Bulk \u2013 Erbjudanden p\u00e5 Glasf\u00f6rpackningar"},"content":{"rendered":"<p>Vill du best\u00e4lla parfymflaskor i bulk? Med v\u00e5ra tomma parfymflaskor kan du inte g\u00e5 fel! Utm\u00e4rkt kvalitet, enkel och elegant design, bara en etikett och lite dekoration g\u00f6r att det ser speciellt ut. Nya produktlanseringar eller p\u00e5fyllning av lager, allt g\u00f6rs enkelt!<\/p>\n<h2>Viktiga specifikationer<\/h2>\n<table style=\"border-collapse: collapse;margin-left: auto;margin-right: auto;width: 80%\" border=\"0\" width=\"80%\" cellspacing=\"0\" cellpadding=\"0\">\n<tbody>\n<tr style=\"height: 13.50pt\">\n<td style=\"height: 13.50pt;width: 103.50pt\" width=\"138\" height=\"18\">S\u00e4rdrag<\/td>\n<td style=\"width: 186.75pt\" width=\"249\">Detaljer<\/td>\n<\/tr>\n<tr style=\"height: 13.50pt\">\n<td style=\"height: 13.50pt\" height=\"18\">Material<\/td>\n<td>Kristallglas<\/td>\n<\/tr>\n<tr style=\"height: 13.50pt\">\n<td style=\"height: 13.50pt\" height=\"18\">Form<\/td>\n<td>Rektangul\u00e4r<\/td>\n<\/tr>\n<tr style=\"height: 13.50pt\">\n<td style=\"height: 13.50pt\" height=\"18\">Kapacitet<\/td>\n<td>30 ml\/50 ml\/100 ml<\/td>\n<\/tr>\n<tr style=\"height: 13.50pt\">\n<td style=\"height: 13.50pt\" height=\"18\">St\u00e4ngningstyp<\/td>\n<td>\n<article class=\"4ever-article\" data-clipboard-cangjie=\"[&quot;root&quot;,{&quot;copyFrom&quot;:&quot;im-native&quot;},[&quot;p&quot;,{},[&quot;span&quot;,{&quot;data-type&quot;:&quot;text&quot;},[&quot;span&quot;,{&quot;data-type&quot;:&quot;leaf&quot;},&quot;Screw neck&quot;]]]]\">Skruvhals + spruta<\/article>\n<\/td>\n<\/tr>\n<tr style=\"height: 13.50pt\">\n<td style=\"height: 13.50pt\" height=\"18\">Anpassning<\/td>\n<td>Fullf\u00e4rgsalternativ tillg\u00e4ngliga<\/td>\n<\/tr>\n<\/tbody>\n<\/table>\n<h2>Verklig framg\u00e5ngssaga<\/h2>\n<p>Det finns ett parfymm\u00e4rke i boutiquestil som tar den uts\u00f6kta v\u00e4gen och vill skapa en minimalistisk och elegant doft. De valde v\u00e5ra tomma parfymflaskor som &#034;duk&#034; och best\u00e4llde ett parti med 50 ml parfymflaskor i bulk, vilka ocks\u00e5 dekorerades med ros\u00e9gulddetaljer och mjuka lavendeltoner, vilket fick dem att se v\u00e4ldigt exklusiva ut! Resultatet? Denna limiterade parfym s\u00e5lde slut bara n\u00e5gra veckor efter att den lades ut p\u00e5 hyllorna, och sociala plattformar var fulla av lysande recensioner f\u00f6r den~<\/p>\n<h2>Professionella tips<\/h2>\n<p>Om dina m\u00e5lkunder \u00e4lskar den enkla sk\u00f6nheten i &#034;less is more&#034; kan du v\u00e4lja en flaska med matt textur och l\u00e5ga m\u00e4ttnadsniv\u00e5er; om du riktar dig till lyxmarknaden kan du l\u00e4gga till ett metalllock p\u00e5 flaskan och l\u00e4gga till en djup \u00e4delstensf\u00e4rg f\u00f6r att g\u00f6ra den visuella effekten komplett, och kunderna kommer aldrig att gl\u00f6mma det vid f\u00f6rsta anblicken!<\/p>\n<h2>Vill du skapa din egen parfymflaska?<\/h2>\n<p>Oavsett om du lanserar en ny parfymserie eller uppdaterar en befintlig produktlinje, kan v\u00e5ra parfymflaskor i glas inte bara bibeh\u00e5lla stilen, utan ocks\u00e5 &#034;flexibelt expandera&#034; med din f\u00f6rs\u00e4ljning. Fr\u00e5n flaskans f\u00e4rg till flaskans korks stil kan du anpassa det efter behag! N\u00e4r ditt f\u00f6retag v\u00e4xer och st\u00f6rre och du vill ut\u00f6ka din produktionsskala, kan vi ocks\u00e5 hj\u00e4lpa dig att enkelt hitta de mest l\u00e4mpliga parfymflaskorna i bulk (batch-parfymflaskor) som perfekt passar din varum\u00e4rkesvision.<\/p>\n<p>Kom och f\u00f6lj med oss \u200b\u200bp\u00e5 ett of\u00f6rgl\u00f6mligt &#034;parfymflaskprojekt&#034; f\u00f6r att g\u00f6ra din parfym minnesv\u00e4rd direkt fr\u00e5n flaskan!<\/p>\n<p>&nbsp;<\/p>","protected":false},"excerpt":{"rendered":"<p>H\u00f6gkvalitativa parfymflaskor i bulk med eleganta guldlock. Perfekta f\u00f6r parfymm\u00e4rken, g\u00f6r-det-sj\u00e4lv-projekt eller grossistf\u00f6rpackningsl\u00f6sningar.<\/p>","protected":false},"featured_media":4277,"comment_status":"open","ping_status":"closed","template":"","meta":{"_acf_changed":false,"site-sidebar-layout":"default","site-content-layout":"","ast-site-content-layout":"default","site-content-style":"default","site-sidebar-style":"default","ast-global-header-display":"","ast-banner-title-visibility":"","ast-main-header-display":"","ast-hfb-above-header-display":"","ast-hfb-below-header-display":"","ast-hfb-mobile-header-display":"","site-post-title":"","ast-breadcrumbs-content":"","ast-featured-img":"","footer-sml-layout":"","ast-disable-related-posts":"","theme-transparent-header-meta":"default","adv-header-id-meta":"","stick-header-meta":"","header-above-stick-meta":"","header-main-stick-meta":"","header-below-stick-meta":"","astra-migrate-meta-layouts":"set","ast-page-background-enabled":"default","ast-page-background-meta":{"desktop":{"background-color":"var(--ast-global-color-5)","background-image":"","background-repeat":"repeat","background-position":"center center","background-size":"auto","background-attachment":"scroll","background-type":"","background-media":"","overlay-type":"","overlay-color":"","overlay-opacity":"","overlay-gradient":""},"tablet":{"background-color":"","background-image":"","background-repeat":"repeat","background-position":"center center","background-size":"auto","background-attachment":"scroll","background-type":"","background-media":"","overlay-type":"","overlay-color":"","overlay-opacity":"","overlay-gradient":""},"mobile":{"background-color":"","background-image":"","background-repeat":"repeat","background-position":"center center","background-size":"auto","background-attachment":"scroll","background-type":"","background-media":"","overlay-type":"","overlay-color":"","overlay-opacity":"","overlay-gradient":""}},"ast-content-background-meta":{"desktop":{"background-color":"var(--ast-global-color-4)","background-image":"","background-repeat":"repeat","background-position":"center center","background-size":"auto","background-attachment":"scroll","background-type":"","background-media":"","overlay-type":"","overlay-color":"","overlay-opacity":"","overlay-gradient":""},"tablet":{"background-color":"var(--ast-global-color-4)","background-image":"","background-repeat":"repeat","background-position":"center center","background-size":"auto","background-attachment":"scroll","background-type":"","background-media":"","overlay-type":"","overlay-color":"","overlay-opacity":"","overlay-gradient":""},"mobile":{"background-color":"var(--ast-global-color-4)","background-image":"","background-repeat":"repeat","background-position":"center center","background-size":"auto","background-attachment":"scroll","background-type":"","background-media":"","overlay-type":"","overlay-color":"","overlay-opacity":"","overlay-gradient":""}}},"product_brand":[],"product_cat":[72,91,41],"product_tag":[],"class_list":{"0":"post-4274","1":"product","2":"type-product","3":"status-publish","4":"has-post-thumbnail","6":"product_cat-cosmetic-packaging","7":"product_cat-custom-perfume-bottles","8":"product_cat-perfume-bottles","9":"desktop-align-left","10":"tablet-align-left","11":"mobile-align-left","13":"first","14":"instock","15":"shipping-taxable","16":"product-type-simple"},"acf":[],"jetpack_sharing_enabled":true,"_links":{"self":[{"href":"https:\/\/theperfumebottles.com\/sv\/wp-json\/wp\/v2\/product\/4274","targetHints":{"allow":["GET"]}}],"collection":[{"href":"https:\/\/theperfumebottles.com\/sv\/wp-json\/wp\/v2\/product"}],"about":[{"href":"https:\/\/theperfumebottles.com\/sv\/wp-json\/wp\/v2\/types\/product"}],"replies":[{"embeddable":true,"href":"https:\/\/theperfumebottles.com\/sv\/wp-json\/wp\/v2\/comments?post=4274"}],"wp:featuredmedia":[{"embeddable":true,"href":"https:\/\/theperfumebottles.com\/sv\/wp-json\/wp\/v2\/media\/4277"}],"wp:attachment":[{"href":"https:\/\/theperfumebottles.com\/sv\/wp-json\/wp\/v2\/media?parent=4274"}],"wp:term":[{"taxonomy":"product_brand","embeddable":true,"href":"https:\/\/theperfumebottles.com\/sv\/wp-json\/wp\/v2\/product_brand?post=4274"},{"taxonomy":"product_cat","embeddable":true,"href":"https:\/\/theperfumebottles.com\/sv\/wp-json\/wp\/v2\/product_cat?post=4274"},{"taxonomy":"product_tag","embeddable":true,"href":"https:\/\/theperfumebottles.com\/sv\/wp-json\/wp\/v2\/product_tag?post=4274"}],"curies":[{"name":"wp","href":"https:\/\/api.w.org\/{rel}","templated":true}]}}