{"id":4474,"date":"2025-07-15T17:44:31","date_gmt":"2025-07-15T09:44:31","guid":{"rendered":"https:\/\/theperfumebottles.com\/?post_type=product&#038;p=4474"},"modified":"2026-03-30T17:09:12","modified_gmt":"2026-03-30T09:09:12","slug":"cylindrical-skincare-containers-wholesale","status":"publish","type":"product","link":"https:\/\/theperfumebottles.com\/sv\/produkt\/cylindrical-skincare-containers-wholesale\/","title":{"rendered":"4oz 8oz cylindriska hudv\u00e5rdsbeh\u00e5llare grossist"},"content":{"rendered":"<p>Dessa hudv\u00e5rdsbeh\u00e5llare i grossistledet finns i b\u00e4rnstensf\u00e4rgade ljusblockerande burkar, mattsvarta displayburkar och genomskinliga displayburkar. Burkarna har en ren, str\u00f6mlinjeformad cylindrisk form och har ett lock som passar.<\/p>\n<h2 data-spm-anchor-id=\"5176.28103460.0.i24.29ab1db83FoVh8\"><strong>Viktiga specifikationer<\/strong><\/h2>\n<table style=\"border-collapse: collapse; width: 906px; height: 373px; margin-left: 240px;\" border=\"0\" width=\"144\" cellspacing=\"0\" cellpadding=\"0\">\n<tbody>\n<tr style=\"height: 13.50pt;\">\n<td style=\"height: 13.50pt; width: 54.00pt;\" width=\"72\" height=\"18\">S\u00e4rdrag<\/td>\n<td style=\"width: 54.00pt;\" width=\"72\">Detaljer<\/td>\n<\/tr>\n<tr style=\"height: 13.50pt;\">\n<td style=\"height: 13.50pt;\" height=\"18\">Kapacitet<\/td>\n<td>110 g \/ 230 g<\/td>\n<\/tr>\n<tr style=\"height: 13.50pt;\">\n<td style=\"height: 13.50pt;\" height=\"18\">Form<\/td>\n<td>Raksidig<\/td>\n<\/tr>\n<tr style=\"height: 13.50pt;\">\n<td style=\"height: 13.50pt;\" height=\"18\">T\u00e4tningsmetod<\/td>\n<td>G\u00e4ngat lock (plast\/metall\/tr\u00e4)<\/td>\n<\/tr>\n<tr style=\"height: 13.50pt;\">\n<td style=\"height: 13.50pt;\" height=\"18\">Material<\/td>\n<td>Kristallglas<\/td>\n<\/tr>\n<tr style=\"height: 13.50pt;\">\n<td style=\"height: 13.50pt;\" height=\"18\">F\u00e4rger<\/td>\n<td>B\u00e4rnstensf\u00e4rgad, svart, klar, gr\u00f6n, bl\u00e5 (anpassningsbar)\u2026<\/td>\n<\/tr>\n<tr style=\"height: 13.50pt;\">\n<td style=\"height: 13.50pt;\" height=\"18\">Anv\u00e4ndningsfall<\/td>\n<td>Ansiktskr\u00e4m, bodylotion, \u00f6gonkr\u00e4m<\/td>\n<\/tr>\n<\/tbody>\n<\/table>\n<h2><span class=\"highlights\" data-v-df95d256=\"\">Framg\u00e5ngssaga<\/span><\/h2>\n<p>V\u00e5ra kosmetiska kr\u00e4mburkar, en b\u00e4rnstensf\u00e4rgad retinol-nattkr\u00e4m och en mattsvart bambu-kolmask, har valts ut av ett varum\u00e4rke f\u00f6r hela wellnessbranschen. Burkarna har individuellt screentryckta \u00f6rtdesigner. De b\u00e4rnstensf\u00e4rgade glasbeh\u00e5llare som anv\u00e4nds i retinolprodukterna ledde till en 40-procentig \u00f6kning av produktens stabilitet och de mattsvarta glasbeh\u00e5llare som anv\u00e4nds i nattkr\u00e4men fick ett 25% h\u00f6gre pris. Varum\u00e4rket hade blivit mycket framg\u00e5ngsrikt och hade sedan best\u00e4llt ytterligare 300 000 burkar av en ny bodylotion och h\u00e5rbottenv\u00e5rdslinje.<\/p>\n<h2><span class=\"highlights\" data-v-df95d256=\"\">Anpassningsf\u00f6rslag<\/span><\/h2>\n<ul>\n<li><strong>Glas- och etikettstyling:<\/strong> V\u00e4lj rent glas med enkla, minimala etiketter f\u00f6r en modern estetik, eller satsa p\u00e5 svart glas och metall f\u00f6r ett exklusivt och dyrt utseende.<\/li>\n<li><strong>Lockval:<\/strong> Matcha med plastlock eller metallkapsyler f\u00f6r ett sofistikerat och professionellt utseende.<\/li>\n<li><strong>F\u00f6rdelar med grossistf\u00f6rs\u00e4ljning:<\/strong> F\u00e5 l\u00f6s leverans av hudv\u00e5rdsprodukter i stora m\u00e4ngder p\u00e5 500 enheter eller fler.<\/li>\n<\/ul>","protected":false},"excerpt":{"rendered":"<p>Premium hudv\u00e5rdsbeh\u00e5llare i grossistledet med flera olika ytbehandlingar och s\u00e4kra lock. Kr\u00e4mburkar, kosmetiska f\u00f6rpackningar f\u00f6r varum\u00e4rken. Snabb leverans garanterar snabb leverans.<\/p>","protected":false},"featured_media":4479,"comment_status":"open","ping_status":"closed","template":"","meta":{"_acf_changed":false,"site-sidebar-layout":"default","site-content-layout":"","ast-site-content-layout":"default","site-content-style":"default","site-sidebar-style":"default","ast-global-header-display":"","ast-banner-title-visibility":"","ast-main-header-display":"","ast-hfb-above-header-display":"","ast-hfb-below-header-display":"","ast-hfb-mobile-header-display":"","site-post-title":"","ast-breadcrumbs-content":"","ast-featured-img":"","footer-sml-layout":"","ast-disable-related-posts":"","theme-transparent-header-meta":"default","adv-header-id-meta":"","stick-header-meta":"","header-above-stick-meta":"","header-main-stick-meta":"","header-below-stick-meta":"","astra-migrate-meta-layouts":"set","ast-page-background-enabled":"default","ast-page-background-meta":{"desktop":{"background-color":"var(--ast-global-color-5)","background-image":"","background-repeat":"repeat","background-position":"center center","background-size":"auto","background-attachment":"scroll","background-type":"","background-media":"","overlay-type":"","overlay-color":"","overlay-opacity":"","overlay-gradient":""},"tablet":{"background-color":"","background-image":"","background-repeat":"repeat","background-position":"center center","background-size":"auto","background-attachment":"scroll","background-type":"","background-media":"","overlay-type":"","overlay-color":"","overlay-opacity":"","overlay-gradient":""},"mobile":{"background-color":"","background-image":"","background-repeat":"repeat","background-position":"center center","background-size":"auto","background-attachment":"scroll","background-type":"","background-media":"","overlay-type":"","overlay-color":"","overlay-opacity":"","overlay-gradient":""}},"ast-content-background-meta":{"desktop":{"background-color":"var(--ast-global-color-4)","background-image":"","background-repeat":"repeat","background-position":"center center","background-size":"auto","background-attachment":"scroll","background-type":"","background-media":"","overlay-type":"","overlay-color":"","overlay-opacity":"","overlay-gradient":""},"tablet":{"background-color":"var(--ast-global-color-4)","background-image":"","background-repeat":"repeat","background-position":"center center","background-size":"auto","background-attachment":"scroll","background-type":"","background-media":"","overlay-type":"","overlay-color":"","overlay-opacity":"","overlay-gradient":""},"mobile":{"background-color":"var(--ast-global-color-4)","background-image":"","background-repeat":"repeat","background-position":"center center","background-size":"auto","background-attachment":"scroll","background-type":"","background-media":"","overlay-type":"","overlay-color":"","overlay-opacity":"","overlay-gradient":""}}},"product_brand":[],"product_cat":[56,62,72],"product_tag":[114,113],"class_list":{"0":"post-4474","1":"product","2":"type-product","3":"status-publish","4":"has-post-thumbnail","6":"product_cat-cosmetic-jars","7":"product_cat-cosmetic-containers","8":"product_cat-cosmetic-packaging","9":"product_tag-cream-jars-cosmetic-packaging","10":"product_tag-skincare-containers-wholesale","11":"desktop-align-left","12":"tablet-align-left","13":"mobile-align-left","15":"first","16":"instock","17":"shipping-taxable","18":"product-type-simple"},"acf":[],"jetpack_sharing_enabled":true,"_links":{"self":[{"href":"https:\/\/theperfumebottles.com\/sv\/wp-json\/wp\/v2\/product\/4474","targetHints":{"allow":["GET"]}}],"collection":[{"href":"https:\/\/theperfumebottles.com\/sv\/wp-json\/wp\/v2\/product"}],"about":[{"href":"https:\/\/theperfumebottles.com\/sv\/wp-json\/wp\/v2\/types\/product"}],"replies":[{"embeddable":true,"href":"https:\/\/theperfumebottles.com\/sv\/wp-json\/wp\/v2\/comments?post=4474"}],"wp:featuredmedia":[{"embeddable":true,"href":"https:\/\/theperfumebottles.com\/sv\/wp-json\/wp\/v2\/media\/4479"}],"wp:attachment":[{"href":"https:\/\/theperfumebottles.com\/sv\/wp-json\/wp\/v2\/media?parent=4474"}],"wp:term":[{"taxonomy":"product_brand","embeddable":true,"href":"https:\/\/theperfumebottles.com\/sv\/wp-json\/wp\/v2\/product_brand?post=4474"},{"taxonomy":"product_cat","embeddable":true,"href":"https:\/\/theperfumebottles.com\/sv\/wp-json\/wp\/v2\/product_cat?post=4474"},{"taxonomy":"product_tag","embeddable":true,"href":"https:\/\/theperfumebottles.com\/sv\/wp-json\/wp\/v2\/product_tag?post=4474"}],"curies":[{"name":"wp","href":"https:\/\/api.w.org\/{rel}","templated":true}]}}