{"id":4500,"date":"2025-07-15T17:43:26","date_gmt":"2025-07-15T09:43:26","guid":{"rendered":"https:\/\/theperfumebottles.com\/?post_type=product&#038;p=4500"},"modified":"2026-04-02T17:10:35","modified_gmt":"2026-04-02T09:10:35","slug":"glass-cosmetic-bottles-for-luxury-skincare-packaging","status":"publish","type":"product","link":"https:\/\/theperfumebottles.com\/sv\/produkt\/glass-cosmetic-bottles-for-luxury-skincare-packaging\/","title":{"rendered":"30ml 50ml 100ml 120ml kosmetiska glasflaskor f\u00f6r lyxig hudv\u00e5rdsf\u00f6rpackning"},"content":{"rendered":"<p>Lyft din sk\u00f6nhetslogotyp med v\u00e5ra premiumglasflaskor f\u00f6r kosmetika, noggrant tillverkade f\u00f6r hudv\u00e5rd och sk\u00f6nhetsf\u00f6rpackningar. Det h\u00f6gkvalitativa glaset \u00e4r utformat f\u00f6r att skydda och bevara dina produkters integritet och erbjuder utm\u00e4rkt motst\u00e5ndskraft mot milj\u00f6faktorer, vilket s\u00e4kerst\u00e4ller att dina formuleringar f\u00f6rblir fr\u00e4scha och effektiva. Dessa beh\u00e5llare ger en lyxig touch till din produktlinje, f\u00f6rst\u00e4rker ditt varum\u00e4rkes image och skapar en f\u00f6rfinad och minnesv\u00e4rd upplevelse f\u00f6r dina kunder.<\/p>\n<h2><span class=\"highlights\" data-v-df95d256=\"\">Viktiga specifikationer<\/span><\/h2>\n<table style=\"border-collapse: collapse; width: 80%; height: 287px; margin-left: auto; margin-right: auto;\" border=\"0\" width=\"144\" cellspacing=\"0\" cellpadding=\"0\">\n<tbody>\n<tr style=\"height: 13.50pt;\">\n<td style=\"height: 13.50pt; width: 54.00pt;\" width=\"72\" height=\"18\">S\u00e4rdrag<\/td>\n<td style=\"width: 54.00pt;\" width=\"72\">Detaljer<\/td>\n<\/tr>\n<tr style=\"height: 13.50pt;\">\n<td style=\"height: 13.50pt;\" height=\"18\">Kapacitet<\/td>\n<td>30 ml, 50 ml, 100 ml, 120 ml<\/td>\n<\/tr>\n<tr style=\"height: 13.50pt;\">\n<td style=\"height: 13.50pt;\" height=\"18\">Form<\/td>\n<td>Runda<\/td>\n<\/tr>\n<tr style=\"height: 13.50pt;\">\n<td style=\"height: 13.50pt;\" height=\"18\">T\u00e4tningsmetod<\/td>\n<td>Skruvlock (plast-\/metalllock)<\/td>\n<\/tr>\n<tr style=\"height: 13.50pt;\">\n<td style=\"height: 13.50pt;\" height=\"18\">Material<\/td>\n<td>Kristallglas<\/td>\n<\/tr>\n<tr style=\"height: 13.50pt;\">\n<td style=\"height: 13.50pt;\" height=\"18\">F\u00e4rgalternativ<\/td>\n<td>Svart (anpassningsbar)<\/td>\n<\/tr>\n<tr style=\"height: 13.50pt;\">\n<td style=\"height: 13.50pt;\" height=\"18\">Anv\u00e4ndande<\/td>\n<td>Ansiktslotion, kosmetisk olja\u2026<\/td>\n<\/tr>\n<\/tbody>\n<\/table>\n<h2><span class=\"highlights\" data-v-df95d256=\"\">Framg\u00e5ngssaga<\/span><\/h2>\n<p><span class=\"highlights\" data-v-df95d256=\"\">Ett lyxigt hudv\u00e5rdsm\u00e4rke anammade dessa flaskor f\u00f6r sin anti-aging serumserie. Kosmetikflaskornas glas h\u00f6jde omedelbart produktens upplevda v\u00e4rde, vilket ledde till en f\u00f6rs\u00e4ljnings\u00f6kning p\u00e5 40 % inom tre m\u00e5nader. <\/span><\/p>\n<h2><span class=\"highlights\" data-v-df95d256=\"\">Anpassningsf\u00f6rslag<\/span><\/h2>\n<ul>\n<li><strong>F\u00e4rganpassning:<\/strong> Medan svart \u00e4r samma gamla val, finns anpassade ytbehandlingar som mattvitt eller metalliskt silver tillg\u00e4ngliga f\u00f6r att f\u00f6rb\u00e4ttra din logotyps estetik.<\/li>\n<li><strong>Etikettdesigntj\u00e4nster:<\/strong> Anv\u00e4nd v\u00e5r f\u00f6rpackningsb\u00e4rare f\u00f6r att skapa glansiga, minimalistiska etiketter som \u00e5terspeglar din logotyp och s\u00e4kerst\u00e4ller ett enhetligt och professionellt utseende.<\/li>\n<li><strong>Storleksalternativ:<\/strong> Kombinera 30 ml reseflaskor med 120 ml beh\u00e5llare f\u00f6r att hantera b\u00e5de portabilitet och daglig anv\u00e4ndning, och uppfylla m\u00e5nga kundbehov.<\/li>\n<\/ul>","protected":false},"excerpt":{"rendered":"<p>Uppt\u00e4ck lyxiga hudv\u00e5rdsf\u00f6rpackningar med v\u00e5ra kosmetikaflaskor i glas. Anpassningsbara, l\u00e4ckages\u00e4kra och eleganta \u2013 perfekta f\u00f6r sk\u00f6nhetsf\u00f6rpackningar och grossistbest\u00e4llningar.<\/p>","protected":false},"featured_media":4502,"comment_status":"open","ping_status":"closed","template":"","meta":{"_acf_changed":false,"site-sidebar-layout":"default","site-content-layout":"","ast-site-content-layout":"default","site-content-style":"default","site-sidebar-style":"default","ast-global-header-display":"","ast-banner-title-visibility":"","ast-main-header-display":"","ast-hfb-above-header-display":"","ast-hfb-below-header-display":"","ast-hfb-mobile-header-display":"","site-post-title":"","ast-breadcrumbs-content":"","ast-featured-img":"","footer-sml-layout":"","ast-disable-related-posts":"","theme-transparent-header-meta":"default","adv-header-id-meta":"","stick-header-meta":"","header-above-stick-meta":"","header-main-stick-meta":"","header-below-stick-meta":"","astra-migrate-meta-layouts":"set","ast-page-background-enabled":"default","ast-page-background-meta":{"desktop":{"background-color":"var(--ast-global-color-5)","background-image":"","background-repeat":"repeat","background-position":"center center","background-size":"auto","background-attachment":"scroll","background-type":"","background-media":"","overlay-type":"","overlay-color":"","overlay-opacity":"","overlay-gradient":""},"tablet":{"background-color":"","background-image":"","background-repeat":"repeat","background-position":"center center","background-size":"auto","background-attachment":"scroll","background-type":"","background-media":"","overlay-type":"","overlay-color":"","overlay-opacity":"","overlay-gradient":""},"mobile":{"background-color":"","background-image":"","background-repeat":"repeat","background-position":"center center","background-size":"auto","background-attachment":"scroll","background-type":"","background-media":"","overlay-type":"","overlay-color":"","overlay-opacity":"","overlay-gradient":""}},"ast-content-background-meta":{"desktop":{"background-color":"var(--ast-global-color-4)","background-image":"","background-repeat":"repeat","background-position":"center center","background-size":"auto","background-attachment":"scroll","background-type":"","background-media":"","overlay-type":"","overlay-color":"","overlay-opacity":"","overlay-gradient":""},"tablet":{"background-color":"var(--ast-global-color-4)","background-image":"","background-repeat":"repeat","background-position":"center center","background-size":"auto","background-attachment":"scroll","background-type":"","background-media":"","overlay-type":"","overlay-color":"","overlay-opacity":"","overlay-gradient":""},"mobile":{"background-color":"var(--ast-global-color-4)","background-image":"","background-repeat":"repeat","background-position":"center center","background-size":"auto","background-attachment":"scroll","background-type":"","background-media":"","overlay-type":"","overlay-color":"","overlay-opacity":"","overlay-gradient":""}}},"product_brand":[],"product_cat":[236,72,62],"product_tag":[],"class_list":{"0":"post-4500","1":"product","2":"type-product","3":"status-publish","4":"has-post-thumbnail","6":"product_cat-cosmetic-container-set","7":"product_cat-cosmetic-packaging","8":"product_cat-cosmetic-containers","9":"desktop-align-left","10":"tablet-align-left","11":"mobile-align-left","13":"first","14":"instock","15":"shipping-taxable","16":"product-type-simple"},"acf":[],"jetpack_sharing_enabled":true,"_links":{"self":[{"href":"https:\/\/theperfumebottles.com\/sv\/wp-json\/wp\/v2\/product\/4500","targetHints":{"allow":["GET"]}}],"collection":[{"href":"https:\/\/theperfumebottles.com\/sv\/wp-json\/wp\/v2\/product"}],"about":[{"href":"https:\/\/theperfumebottles.com\/sv\/wp-json\/wp\/v2\/types\/product"}],"replies":[{"embeddable":true,"href":"https:\/\/theperfumebottles.com\/sv\/wp-json\/wp\/v2\/comments?post=4500"}],"wp:featuredmedia":[{"embeddable":true,"href":"https:\/\/theperfumebottles.com\/sv\/wp-json\/wp\/v2\/media\/4502"}],"wp:attachment":[{"href":"https:\/\/theperfumebottles.com\/sv\/wp-json\/wp\/v2\/media?parent=4500"}],"wp:term":[{"taxonomy":"product_brand","embeddable":true,"href":"https:\/\/theperfumebottles.com\/sv\/wp-json\/wp\/v2\/product_brand?post=4500"},{"taxonomy":"product_cat","embeddable":true,"href":"https:\/\/theperfumebottles.com\/sv\/wp-json\/wp\/v2\/product_cat?post=4500"},{"taxonomy":"product_tag","embeddable":true,"href":"https:\/\/theperfumebottles.com\/sv\/wp-json\/wp\/v2\/product_tag?post=4500"}],"curies":[{"name":"wp","href":"https:\/\/api.w.org\/{rel}","templated":true}]}}