{"id":4565,"date":"2025-07-16T17:26:21","date_gmt":"2025-07-16T09:26:21","guid":{"rendered":"https:\/\/theperfumebottles.com\/?post_type=product&#038;p=4565"},"modified":"2025-07-31T11:22:01","modified_gmt":"2025-07-31T03:22:01","slug":"5g-10g-20g-30g-cosmetic-jars-with-lids-custom-empty-cosmetic-containers-wholesale","status":"publish","type":"product","link":"https:\/\/theperfumebottles.com\/sv\/produkt\/5g-10g-20g-30g-cosmetic-jars-with-lids-custom-empty-cosmetic-containers-wholesale\/","title":{"rendered":"5g 10g 20g 30g Kosmetikburkar med lock \u2013 Anpassade tomma kosmetikbeh\u00e5llare grossist"},"content":{"rendered":"<p><span class=\"highlights\" data-v-df95d256=\"\">Beh\u00f6ver du kosmetikburkar med lock som balanserar h\u00e5llbarhet och elegans? Dessa glasburkar med lock \u00e4r l\u00f6sningen f\u00f6r dig. De \u00e4r designade f\u00f6r hudv\u00e5rdsprodukter som ansiktskr\u00e4mer och \u00f6gonkr\u00e4mer och kombinerar kapacitet med en elegant och modern finish. Perfekta f\u00f6r grossistbest\u00e4llningar, dessa kosmetikburkar \u00e4r b\u00e4st l\u00e4mpade f\u00f6r varum\u00e4rken som vill h\u00f6ja sin lyxf\u00f6rpackning samtidigt som de levererar f\u00f6rpackningar i bulk till konkurrenskraftiga priser.<\/span><\/p>\n<h2><span class=\"highlights\" data-v-df95d256=\"\">Viktiga specifikationer<\/span><\/h2>\n<table style=\"border-collapse: collapse;width: 80%;height: 120px;margin-left: auto;margin-right: auto\" border=\"0\" width=\"432\" cellspacing=\"0\" cellpadding=\"0\">\n<tbody>\n<tr>\n<td width=\"72\">Kapacitet<\/td>\n<td width=\"72\">Material<\/td>\n<td width=\"72\">Ytbehandling<\/td>\n<td width=\"72\">F\u00e4rgalternativ<\/td>\n<td width=\"72\">Anv\u00e4ndande<\/td>\n<\/tr>\n<tr>\n<td>5g<\/td>\n<td rowspan=\"6\">Kristallglas<\/td>\n<td rowspan=\"6\">Belagd, frostad, etikett, silkscreentryck, varmst\u00e4mpling<\/td>\n<td rowspan=\"6\">B\u00e4rnsten<\/td>\n<td rowspan=\"6\">Ansiktskr\u00e4m, Kroppskr\u00e4m, \u00d6gonkr\u00e4m, L\u00e4ppkr\u00e4m<\/td>\n<\/tr>\n<tr>\n<td>10 g<\/td>\n<\/tr>\n<tr>\n<td>15 g (0,5 oz)<\/td>\n<\/tr>\n<tr>\n<td>30 g (1 oz)<\/td>\n<\/tr>\n<tr>\n<td>50 g<\/td>\n<\/tr>\n<tr>\n<td>60 g (2 oz)<\/td>\n<\/tr>\n<\/tbody>\n<\/table>\n<h2><span class=\"highlights\" data-v-df95d256=\"\">Framg\u00e5ngsfall: Lyxigt hudv\u00e5rdsm\u00e4rkes f\u00f6rpackningsrenovering <\/span><\/h2>\n<p><span class=\"highlights\" data-v-df95d256=\"\">Ett framv\u00e4xande hudv\u00e5rdsm\u00e4rke beh\u00f6vde kosmetikaburkar med lock som matchade deras &#034;rena lyx&#034;-k\u00e4nsla. Vi specialanpassade 30 g b\u00e4rnstensf\u00e4rgade glasburkar med mattsvarta tr\u00e4lock och lasergraverade logotyper. Resultat? En \u00f6kning med 200 % i kundrecensioner och en \u00f6kning med 50 % i \u00e5terkommande best\u00e4llningar. Proffstips: N\u00e4r dina tomma kosmetikabeh\u00e5llare ser lika bra ut som de presterar kan kunderna inte l\u00e5ta bli att l\u00e4gga m\u00e4rke till det.<\/span><\/p>\n<h2><span class=\"highlights\" data-v-df95d256=\"\">Anpassningstips f\u00f6r ditt varum\u00e4rke <\/span><\/h2>\n<ul>\n<li><strong>Lockalternativ:<\/strong> V\u00e4lj ett bambulock f\u00f6r en \u00f6rtbaserad, rustik eller minimalistisk look; eller kombinera det med lack, m\u00e5lade eller metalliska ytor f\u00f6r en raffinerad och modern synlig effekt.<\/li>\n<li><strong>Etikettalternativ:<\/strong> F\u00f6rb\u00e4ttra f\u00f6rpackningarna med manipuleringss\u00e4kra f\u00f6rseglingar och QR-koder f\u00f6r att s\u00e4kerst\u00e4lla produktskydd och m\u00f6jligg\u00f6ra tydlig sp\u00e5rbarhet.<\/li>\n<li><strong>Storbest\u00e4llning:<\/strong> Att k\u00f6pa f\u00f6rpackningar i stora m\u00e4ngder minskar kostnader och f\u00f6rkortar ledtider, vilket ger en gr\u00f6n l\u00f6sning f\u00f6r dina behov av kosmetiska f\u00f6rpackningar.<\/li>\n<\/ul>","protected":false},"excerpt":{"rendered":"<p>H\u00e5llbara kosmetikaburkar med lock f\u00f6r hudv\u00e5rdsf\u00f6rpackningar. Anpassningsbara, luftt\u00e4ta och redo att skickas. Perfekta f\u00f6r grossistf\u00f6rpackningar f\u00f6r sk\u00f6nhetsprodukter.<\/p>","protected":false},"featured_media":4566,"comment_status":"open","ping_status":"closed","template":"","meta":{"_acf_changed":false,"site-sidebar-layout":"default","site-content-layout":"","ast-site-content-layout":"default","site-content-style":"default","site-sidebar-style":"default","ast-global-header-display":"","ast-banner-title-visibility":"","ast-main-header-display":"","ast-hfb-above-header-display":"","ast-hfb-below-header-display":"","ast-hfb-mobile-header-display":"","site-post-title":"","ast-breadcrumbs-content":"","ast-featured-img":"","footer-sml-layout":"","ast-disable-related-posts":"","theme-transparent-header-meta":"default","adv-header-id-meta":"","stick-header-meta":"","header-above-stick-meta":"","header-main-stick-meta":"","header-below-stick-meta":"","astra-migrate-meta-layouts":"set","ast-page-background-enabled":"default","ast-page-background-meta":{"desktop":{"background-color":"var(--ast-global-color-5)","background-image":"","background-repeat":"repeat","background-position":"center center","background-size":"auto","background-attachment":"scroll","background-type":"","background-media":"","overlay-type":"","overlay-color":"","overlay-opacity":"","overlay-gradient":""},"tablet":{"background-color":"","background-image":"","background-repeat":"repeat","background-position":"center center","background-size":"auto","background-attachment":"scroll","background-type":"","background-media":"","overlay-type":"","overlay-color":"","overlay-opacity":"","overlay-gradient":""},"mobile":{"background-color":"","background-image":"","background-repeat":"repeat","background-position":"center center","background-size":"auto","background-attachment":"scroll","background-type":"","background-media":"","overlay-type":"","overlay-color":"","overlay-opacity":"","overlay-gradient":""}},"ast-content-background-meta":{"desktop":{"background-color":"var(--ast-global-color-4)","background-image":"","background-repeat":"repeat","background-position":"center center","background-size":"auto","background-attachment":"scroll","background-type":"","background-media":"","overlay-type":"","overlay-color":"","overlay-opacity":"","overlay-gradient":""},"tablet":{"background-color":"var(--ast-global-color-4)","background-image":"","background-repeat":"repeat","background-position":"center center","background-size":"auto","background-attachment":"scroll","background-type":"","background-media":"","overlay-type":"","overlay-color":"","overlay-opacity":"","overlay-gradient":""},"mobile":{"background-color":"var(--ast-global-color-4)","background-image":"","background-repeat":"repeat","background-position":"center center","background-size":"auto","background-attachment":"scroll","background-type":"","background-media":"","overlay-type":"","overlay-color":"","overlay-opacity":"","overlay-gradient":""}}},"product_brand":[],"product_cat":[72,62,56],"product_tag":[117,118],"class_list":{"0":"post-4565","1":"product","2":"type-product","3":"status-publish","4":"has-post-thumbnail","6":"product_cat-cosmetic-packaging","7":"product_cat-cosmetic-containers","8":"product_cat-cosmetic-jars","9":"product_tag-cosmetic-jars-with-lids","10":"product_tag-empty-cosmetic-containers","11":"desktop-align-left","12":"tablet-align-left","13":"mobile-align-left","15":"first","16":"instock","17":"shipping-taxable","18":"product-type-simple"},"acf":[],"jetpack_sharing_enabled":true,"_links":{"self":[{"href":"https:\/\/theperfumebottles.com\/sv\/wp-json\/wp\/v2\/product\/4565","targetHints":{"allow":["GET"]}}],"collection":[{"href":"https:\/\/theperfumebottles.com\/sv\/wp-json\/wp\/v2\/product"}],"about":[{"href":"https:\/\/theperfumebottles.com\/sv\/wp-json\/wp\/v2\/types\/product"}],"replies":[{"embeddable":true,"href":"https:\/\/theperfumebottles.com\/sv\/wp-json\/wp\/v2\/comments?post=4565"}],"wp:featuredmedia":[{"embeddable":true,"href":"https:\/\/theperfumebottles.com\/sv\/wp-json\/wp\/v2\/media\/4566"}],"wp:attachment":[{"href":"https:\/\/theperfumebottles.com\/sv\/wp-json\/wp\/v2\/media?parent=4565"}],"wp:term":[{"taxonomy":"product_brand","embeddable":true,"href":"https:\/\/theperfumebottles.com\/sv\/wp-json\/wp\/v2\/product_brand?post=4565"},{"taxonomy":"product_cat","embeddable":true,"href":"https:\/\/theperfumebottles.com\/sv\/wp-json\/wp\/v2\/product_cat?post=4565"},{"taxonomy":"product_tag","embeddable":true,"href":"https:\/\/theperfumebottles.com\/sv\/wp-json\/wp\/v2\/product_tag?post=4565"}],"curies":[{"name":"wp","href":"https:\/\/api.w.org\/{rel}","templated":true}]}}