{"id":4605,"date":"2025-07-17T18:01:05","date_gmt":"2025-07-17T10:01:05","guid":{"rendered":"https:\/\/theperfumebottles.com\/?post_type=product&#038;p=4605"},"modified":"2025-08-01T09:28:18","modified_gmt":"2025-08-01T01:28:18","slug":"custom-glass-makeup-jars-for-skincare-wholesale","status":"publish","type":"product","link":"https:\/\/theperfumebottles.com\/sv\/produkt\/custom-glass-makeup-jars-for-skincare-wholesale\/","title":{"rendered":"5g 15g 20g 30g 50g 60g 100g Anpassade Glas Makeup Burkar f\u00f6r Hudv\u00e5rd Partihandel"},"content":{"rendered":"<p><span class=\"highlights\" data-v-df95d256=\"\">Letar du efter kosmetikaf\u00f6rpackningar som kombinerar funktionalitet med sk\u00f6nhet? V\u00e5ra gr\u00f6na glasburkar f\u00f6r lotion \u00e4r utformade f\u00f6r att framh\u00e4va din hudv\u00e5rdslogotyps attraktionskraft samtidigt som de s\u00e4kerst\u00e4ller produktens integritet. Perfekta f\u00f6r ansiktskr\u00e4mer, lotioner f\u00f6r \u00f6gonbryn och \u00f6gonserum, dessa sk\u00f6nhetsburkar kombinerar praktiskhet med en elegant estetik.<\/span><\/p>\n<h2><span class=\"highlights\" data-v-df95d256=\"\">Viktiga specifikationer<\/span><\/h2>\n<p>&nbsp;<\/p>\n<table style=\"border-collapse: collapse;width: 80%;height: 123px;margin-left: auto;margin-right: auto\" border=\"0\" width=\"144\" cellspacing=\"0\" cellpadding=\"0\">\n<tbody>\n<tr style=\"height: 13.50pt\">\n<td style=\"height: 13.50pt;width: 54.00pt\" width=\"72\" height=\"18\">S\u00e4rdrag<\/td>\n<td style=\"width: 54.00pt\" width=\"72\">Detaljer<\/td>\n<\/tr>\n<tr style=\"height: 13.50pt\">\n<td style=\"height: 13.50pt\" height=\"18\">Kapacitet<\/td>\n<td>5 g, 15 g, 20 g, 30 g, 50 g, 60 g, 100 g<\/td>\n<\/tr>\n<tr style=\"height: 13.50pt\">\n<td style=\"height: 13.50pt\" height=\"18\">Form<\/td>\n<td>R\u00e4tkantad cylinder<\/td>\n<\/tr>\n<tr style=\"height: 13.50pt\">\n<td style=\"height: 13.50pt\" height=\"18\">T\u00e4tning<\/td>\n<td>Skruvkork (metall\/plast\/tr\u00e4)<\/td>\n<\/tr>\n<tr style=\"height: 13.50pt\">\n<td style=\"height: 13.50pt\" height=\"18\">Material<\/td>\n<td>Tjockt glas<\/td>\n<\/tr>\n<tr style=\"height: 13.50pt\">\n<td style=\"height: 13.50pt\" height=\"18\">F\u00e4rg<\/td>\n<td>Klar, b\u00e4rnstensf\u00e4rgad, svart, gr\u00f6n (anpassningsbar)<\/td>\n<\/tr>\n<tr style=\"height: 13.50pt\">\n<td style=\"height: 13.50pt\" height=\"18\">Anv\u00e4ndningsfall<\/td>\n<td>Ansiktskr\u00e4m, bodylotion, \u00f6gonserum<\/td>\n<\/tr>\n<\/tbody>\n<\/table>\n<h2><span class=\"highlights\" data-v-df95d256=\"\">Framg\u00e5ngssaga <\/span><\/h2>\n<p><span class=\"highlights\" data-v-df95d256=\"\">En hudv\u00e5rdsstartup \u00f6kade int\u00e4kterna med 40 % efter att ha bytt till v\u00e5ra gr\u00f6na glasburkar. Deras minimalistiska varum\u00e4rke i kombination med burkarnas \u00f6rtbaserade finish skapade en f\u00f6rstklassig upplevelse som tilltalade milj\u00f6medvetna kunder.<\/span><\/p>\n<h2><span class=\"highlights\" data-v-df95d256=\"\">Anpassa din best\u00e4llning:<\/span><\/h2>\n<ul>\n<li><span class=\"highlights\" data-v-df95d256=\"\"><strong>F\u00e4rgmatchning:<\/strong> Beh\u00f6ver du en specifik nyans? Vi modifierar glasf\u00e4rgen s\u00e5 att den passar din emblemspalett. <\/span><\/li>\n<li><span class=\"highlights\" data-v-df95d256=\"\"><strong>Etikettdesign:<\/strong> L\u00e4gg till pr\u00e4glade emblem eller QR-koder f\u00f6r interaktiv paketber\u00e4ttelse. <\/span><\/li>\n<li><strong><span class=\"highlights\" data-v-df95d256=\"\">T<\/span><\/strong><span class=\"highlights\" data-v-df95d256=\"\"><strong>Extern- och finishalternativ:<\/strong> L\u00e4gg till en frostad, etsad eller matt finish p\u00e5 glasgolvet f\u00f6r en unik taktil upplevelse.<\/span><\/li>\n<\/ul>","protected":false},"excerpt":{"rendered":"<p>Uppt\u00e4ck sminkburkar och lotionburkar i grossistledet f\u00f6r ditt hudv\u00e5rdsm\u00e4rke. Premium kosmetikaf\u00f6rpackningar i glas med anpassningsbara ytbehandlingar och s\u00e4kra f\u00f6rslutningar.<\/p>","protected":false},"featured_media":4606,"comment_status":"open","ping_status":"closed","template":"","meta":{"_acf_changed":false,"site-sidebar-layout":"default","site-content-layout":"","ast-site-content-layout":"default","site-content-style":"default","site-sidebar-style":"default","ast-global-header-display":"","ast-banner-title-visibility":"","ast-main-header-display":"","ast-hfb-above-header-display":"","ast-hfb-below-header-display":"","ast-hfb-mobile-header-display":"","site-post-title":"","ast-breadcrumbs-content":"","ast-featured-img":"","footer-sml-layout":"","ast-disable-related-posts":"","theme-transparent-header-meta":"default","adv-header-id-meta":"","stick-header-meta":"","header-above-stick-meta":"","header-main-stick-meta":"","header-below-stick-meta":"","astra-migrate-meta-layouts":"set","ast-page-background-enabled":"default","ast-page-background-meta":{"desktop":{"background-color":"var(--ast-global-color-5)","background-image":"","background-repeat":"repeat","background-position":"center center","background-size":"auto","background-attachment":"scroll","background-type":"","background-media":"","overlay-type":"","overlay-color":"","overlay-opacity":"","overlay-gradient":""},"tablet":{"background-color":"","background-image":"","background-repeat":"repeat","background-position":"center center","background-size":"auto","background-attachment":"scroll","background-type":"","background-media":"","overlay-type":"","overlay-color":"","overlay-opacity":"","overlay-gradient":""},"mobile":{"background-color":"","background-image":"","background-repeat":"repeat","background-position":"center center","background-size":"auto","background-attachment":"scroll","background-type":"","background-media":"","overlay-type":"","overlay-color":"","overlay-opacity":"","overlay-gradient":""}},"ast-content-background-meta":{"desktop":{"background-color":"var(--ast-global-color-4)","background-image":"","background-repeat":"repeat","background-position":"center center","background-size":"auto","background-attachment":"scroll","background-type":"","background-media":"","overlay-type":"","overlay-color":"","overlay-opacity":"","overlay-gradient":""},"tablet":{"background-color":"var(--ast-global-color-4)","background-image":"","background-repeat":"repeat","background-position":"center center","background-size":"auto","background-attachment":"scroll","background-type":"","background-media":"","overlay-type":"","overlay-color":"","overlay-opacity":"","overlay-gradient":""},"mobile":{"background-color":"var(--ast-global-color-4)","background-image":"","background-repeat":"repeat","background-position":"center center","background-size":"auto","background-attachment":"scroll","background-type":"","background-media":"","overlay-type":"","overlay-color":"","overlay-opacity":"","overlay-gradient":""}}},"product_brand":[],"product_cat":[72,62,56],"product_tag":[126,125],"class_list":{"0":"post-4605","1":"product","2":"type-product","3":"status-publish","4":"has-post-thumbnail","6":"product_cat-cosmetic-packaging","7":"product_cat-cosmetic-containers","8":"product_cat-cosmetic-jars","9":"product_tag-lotion-jars-wholesale","10":"product_tag-makeup-jars","11":"desktop-align-left","12":"tablet-align-left","13":"mobile-align-left","15":"first","16":"instock","17":"shipping-taxable","18":"product-type-simple"},"acf":[],"jetpack_sharing_enabled":true,"_links":{"self":[{"href":"https:\/\/theperfumebottles.com\/sv\/wp-json\/wp\/v2\/product\/4605","targetHints":{"allow":["GET"]}}],"collection":[{"href":"https:\/\/theperfumebottles.com\/sv\/wp-json\/wp\/v2\/product"}],"about":[{"href":"https:\/\/theperfumebottles.com\/sv\/wp-json\/wp\/v2\/types\/product"}],"replies":[{"embeddable":true,"href":"https:\/\/theperfumebottles.com\/sv\/wp-json\/wp\/v2\/comments?post=4605"}],"wp:featuredmedia":[{"embeddable":true,"href":"https:\/\/theperfumebottles.com\/sv\/wp-json\/wp\/v2\/media\/4606"}],"wp:attachment":[{"href":"https:\/\/theperfumebottles.com\/sv\/wp-json\/wp\/v2\/media?parent=4605"}],"wp:term":[{"taxonomy":"product_brand","embeddable":true,"href":"https:\/\/theperfumebottles.com\/sv\/wp-json\/wp\/v2\/product_brand?post=4605"},{"taxonomy":"product_cat","embeddable":true,"href":"https:\/\/theperfumebottles.com\/sv\/wp-json\/wp\/v2\/product_cat?post=4605"},{"taxonomy":"product_tag","embeddable":true,"href":"https:\/\/theperfumebottles.com\/sv\/wp-json\/wp\/v2\/product_tag?post=4605"}],"curies":[{"name":"wp","href":"https:\/\/api.w.org\/{rel}","templated":true}]}}