{"id":4610,"date":"2025-07-17T17:59:27","date_gmt":"2025-07-17T09:59:27","guid":{"rendered":"https:\/\/theperfumebottles.com\/?post_type=product&#038;p=4610"},"modified":"2025-07-18T09:48:04","modified_gmt":"2025-07-18T01:48:04","slug":"amber-glass-cosmetic-containers-wholesale","status":"publish","type":"product","link":"https:\/\/theperfumebottles.com\/sv\/produkt\/amber-glass-cosmetic-containers-wholesale\/","title":{"rendered":"5g 10g 15g 20g 30g 50g Amber Glass Cosmetic Containers f\u00f6r hudv\u00e5rd grossist"},"content":{"rendered":"<p><span class=\"highlights\" data-v-df95d256=\"\">Beh\u00f6ver du glasbeh\u00e5llare f\u00f6r sk\u00f6nhetsprodukter som skyddar dina varor och lyfter ditt varum\u00e4rke? V\u00e5ra b\u00e4rnstensf\u00e4rgade glasburkar \u00e4r konstruerade f\u00f6r hudv\u00e5rdstillverkare som s\u00f6ker h\u00e5llbarhet, estetik och UV-skydd. Med en elegant layout och anpassningsbara alternativ \u00e4r dessa kosmetiska f\u00f6rpackningsl\u00f6sningar idealiska f\u00f6r ansiktskr\u00e4mer, lotioner och serum.<\/span><\/p>\n<h2><span class=\"highlights\" data-v-df95d256=\"\">Viktiga specifikationer<\/span><\/h2>\n<table style=\"border-collapse: collapse;width: 738px;height: 382px;margin-left: 280px\" border=\"0\" width=\"144\" cellspacing=\"0\" cellpadding=\"0\">\n<tbody>\n<tr style=\"height: 13.50pt\">\n<td style=\"height: 13.50pt;width: 54.00pt\" width=\"72\" height=\"18\">S\u00e4rdrag<\/td>\n<td style=\"width: 54.00pt\" width=\"72\">Detaljer<\/td>\n<\/tr>\n<tr style=\"height: 13.50pt\">\n<td style=\"height: 13.50pt\" height=\"18\">Kapacitet<\/td>\n<td>5 g, 10 g, 15 g, 20 g, 30 g, 50 g<\/td>\n<\/tr>\n<tr style=\"height: 13.50pt\">\n<td style=\"height: 13.50pt\" height=\"18\">Form<\/td>\n<td>R\u00e4tkantad cylinder<\/td>\n<\/tr>\n<tr style=\"height: 13.50pt\">\n<td style=\"height: 13.50pt\" height=\"18\">T\u00e4tning<\/td>\n<td>Skruvkork (plast\/metall, specialtillval)<\/td>\n<\/tr>\n<tr style=\"height: 13.50pt\">\n<td style=\"height: 13.50pt\" height=\"18\">Material<\/td>\n<td>Tjockt b\u00e4rnstensf\u00e4rgat glas<\/td>\n<\/tr>\n<tr style=\"height: 13.50pt\">\n<td style=\"height: 13.50pt\" height=\"18\">F\u00e4rg<\/td>\n<td>Amber (anpassade f\u00e4rger finns tillg\u00e4ngliga)<\/td>\n<\/tr>\n<tr style=\"height: 13.50pt\">\n<td style=\"height: 13.50pt\" height=\"18\">Anv\u00e4ndningsfall<\/td>\n<td>Ansiktskr\u00e4m, bodylotion, \u00f6gonserum<\/td>\n<\/tr>\n<\/tbody>\n<\/table>\n<h2><span class=\"highlights\" data-v-df95d256=\"\">Framg\u00e5ngssaga\u00a0 <\/span><\/h2>\n<p><span class=\"highlights\" data-v-df95d256=\"\">Ett rent sk\u00f6nhetsm\u00e4rke \u00f6kade sin f\u00f6rs\u00e4ljning p\u00e5 hemsidan med 35 % efter att ha bytt till v\u00e5ra b\u00e4rnstensf\u00e4rgade burkar. Deras milj\u00f6medvetna kunder \u00e4lskade den naturliga finishen, och UV-skyddet h\u00f6ll deras ekologiska formler fr\u00e4scha i m\u00e5nader. <\/span><\/p>\n<h2>Anpassa din best\u00e4llning<\/h2>\n<ul>\n<li><strong>F\u00e4rg och textur:<\/strong> Vill du ha en frostad burk f\u00f6r en lyxig k\u00e4nsla? Eller en texturerad flaska f\u00f6r b\u00e4ttre grepp? Vi modifierar finishen s\u00e5 att den passar ditt varum\u00e4rkes DNA.<\/li>\n<li><strong>Etikettintegration:<\/strong> L\u00e4gg till din unika etikett f\u00f6r att f\u00e5 din f\u00f6rpackning att sticka ut p\u00e5 hyllan.<\/li>\n<li><strong>Milj\u00f6v\u00e4nliga till\u00e4gg:<\/strong> V\u00e4lj biologiskt nedbrytbara eller \u00e5tervinningsbara etiketter och kombinera sk\u00f6nhetsaskar i glas med \u00e5teranv\u00e4ndbara burkfodral.<\/li>\n<\/ul>","protected":false},"excerpt":{"rendered":"<p>Handla kosmetikabeh\u00e5llare och sminkburkar i glas i grossistledet f\u00f6r din hudv\u00e5rdslinje. UV-skyddande b\u00e4rnstensf\u00e4rgade burkar med s\u00e4kra f\u00f6rslutningar och anpassade f\u00f6rpackningsalternativ.<\/p>","protected":false},"featured_media":4611,"comment_status":"open","ping_status":"closed","template":"","meta":{"_acf_changed":false,"site-sidebar-layout":"default","site-content-layout":"","ast-site-content-layout":"default","site-content-style":"default","site-sidebar-style":"default","ast-global-header-display":"","ast-banner-title-visibility":"","ast-main-header-display":"","ast-hfb-above-header-display":"","ast-hfb-below-header-display":"","ast-hfb-mobile-header-display":"","site-post-title":"","ast-breadcrumbs-content":"","ast-featured-img":"","footer-sml-layout":"","ast-disable-related-posts":"","theme-transparent-header-meta":"default","adv-header-id-meta":"","stick-header-meta":"","header-above-stick-meta":"","header-main-stick-meta":"","header-below-stick-meta":"","astra-migrate-meta-layouts":"set","ast-page-background-enabled":"default","ast-page-background-meta":{"desktop":{"background-color":"var(--ast-global-color-5)","background-image":"","background-repeat":"repeat","background-position":"center center","background-size":"auto","background-attachment":"scroll","background-type":"","background-media":"","overlay-type":"","overlay-color":"","overlay-opacity":"","overlay-gradient":""},"tablet":{"background-color":"","background-image":"","background-repeat":"repeat","background-position":"center center","background-size":"auto","background-attachment":"scroll","background-type":"","background-media":"","overlay-type":"","overlay-color":"","overlay-opacity":"","overlay-gradient":""},"mobile":{"background-color":"","background-image":"","background-repeat":"repeat","background-position":"center center","background-size":"auto","background-attachment":"scroll","background-type":"","background-media":"","overlay-type":"","overlay-color":"","overlay-opacity":"","overlay-gradient":""}},"ast-content-background-meta":{"desktop":{"background-color":"var(--ast-global-color-4)","background-image":"","background-repeat":"repeat","background-position":"center center","background-size":"auto","background-attachment":"scroll","background-type":"","background-media":"","overlay-type":"","overlay-color":"","overlay-opacity":"","overlay-gradient":""},"tablet":{"background-color":"var(--ast-global-color-4)","background-image":"","background-repeat":"repeat","background-position":"center center","background-size":"auto","background-attachment":"scroll","background-type":"","background-media":"","overlay-type":"","overlay-color":"","overlay-opacity":"","overlay-gradient":""},"mobile":{"background-color":"var(--ast-global-color-4)","background-image":"","background-repeat":"repeat","background-position":"center center","background-size":"auto","background-attachment":"scroll","background-type":"","background-media":"","overlay-type":"","overlay-color":"","overlay-opacity":"","overlay-gradient":""}}},"product_brand":[],"product_cat":[72,62,56],"product_tag":[127,128],"class_list":{"0":"post-4610","1":"product","2":"type-product","3":"status-publish","4":"has-post-thumbnail","6":"product_cat-cosmetic-packaging","7":"product_cat-cosmetic-containers","8":"product_cat-cosmetic-jars","9":"product_tag-glass-cosmetic-containers","10":"product_tag-makeup-jars-wholesale","11":"desktop-align-left","12":"tablet-align-left","13":"mobile-align-left","15":"first","16":"instock","17":"shipping-taxable","18":"product-type-simple"},"acf":[],"jetpack_sharing_enabled":true,"_links":{"self":[{"href":"https:\/\/theperfumebottles.com\/sv\/wp-json\/wp\/v2\/product\/4610","targetHints":{"allow":["GET"]}}],"collection":[{"href":"https:\/\/theperfumebottles.com\/sv\/wp-json\/wp\/v2\/product"}],"about":[{"href":"https:\/\/theperfumebottles.com\/sv\/wp-json\/wp\/v2\/types\/product"}],"replies":[{"embeddable":true,"href":"https:\/\/theperfumebottles.com\/sv\/wp-json\/wp\/v2\/comments?post=4610"}],"wp:featuredmedia":[{"embeddable":true,"href":"https:\/\/theperfumebottles.com\/sv\/wp-json\/wp\/v2\/media\/4611"}],"wp:attachment":[{"href":"https:\/\/theperfumebottles.com\/sv\/wp-json\/wp\/v2\/media?parent=4610"}],"wp:term":[{"taxonomy":"product_brand","embeddable":true,"href":"https:\/\/theperfumebottles.com\/sv\/wp-json\/wp\/v2\/product_brand?post=4610"},{"taxonomy":"product_cat","embeddable":true,"href":"https:\/\/theperfumebottles.com\/sv\/wp-json\/wp\/v2\/product_cat?post=4610"},{"taxonomy":"product_tag","embeddable":true,"href":"https:\/\/theperfumebottles.com\/sv\/wp-json\/wp\/v2\/product_tag?post=4610"}],"curies":[{"name":"wp","href":"https:\/\/api.w.org\/{rel}","templated":true}]}}