{"id":4615,"date":"2025-07-17T18:00:44","date_gmt":"2025-07-17T10:00:44","guid":{"rendered":"https:\/\/theperfumebottles.com\/?post_type=product&#038;p=4615"},"modified":"2026-04-02T17:11:30","modified_gmt":"2026-04-02T09:11:30","slug":"lotion-glass-jar-set-cosmetic-bottle-with-pump-wholesale","status":"publish","type":"product","link":"https:\/\/theperfumebottles.com\/sv\/produkt\/lotion-glass-jar-set-cosmetic-bottle-with-pump-wholesale\/","title":{"rendered":"40ml 120ml lotionglasburkset \u2013 Kosmetikflaska med pump grossist"},"content":{"rendered":"<p><span class=\"highlights\" data-v-df95d256=\"\">Beh\u00f6ver du kosmetikaf\u00f6rpackningar som f\u00e5r folk att v\u00e4nda blickar? V\u00e5rt set med sk\u00f6nhetsflaskor i glas med pump och lotion \u00e4r banbrytande f\u00f6r hudv\u00e5rdsm\u00e4rken. Den gradienterade glasdesignen \u2013 b\u00e4rnstensf\u00e4rgad i botten, turkos i toppen \u2013 skapar ett f\u00e4rgglatt och elegant utseende, medan det mattsvarta locket ger en elegant och modern finish. Perfekt f\u00f6r serum, oljor eller kr\u00e4mer, denna sk\u00f6nhetsf\u00f6rpackningsblandning kombinerar UV-skydd, balans och personlig f\u00f6rm\u00e5ga.<\/span><\/p>\n<h2>Viktiga specifikationer<\/h2>\n<table style=\"border-collapse: collapse; width: 784px; height: 114px; margin-left: 280px;\" border=\"0\" width=\"144\" cellspacing=\"0\" cellpadding=\"0\">\n<tbody>\n<tr style=\"height: 13.50pt;\">\n<td style=\"height: 13.50pt; width: 54.00pt;\" width=\"72\" height=\"18\">S\u00e4rdrag<\/td>\n<td style=\"width: 54.00pt;\" width=\"72\">Detaljer<\/td>\n<\/tr>\n<tr style=\"height: 13.50pt;\">\n<td style=\"height: 13.50pt;\" height=\"18\">Kapacitet<\/td>\n<td>40 ml, 120 ml<\/td>\n<\/tr>\n<tr style=\"height: 13.50pt;\">\n<td style=\"height: 13.50pt;\" height=\"18\">Form<\/td>\n<td>Raksidig<\/td>\n<\/tr>\n<tr style=\"height: 13.50pt;\">\n<td style=\"height: 13.50pt;\" height=\"18\">T\u00e4tning<\/td>\n<td>Pump eller skruvkork (anpassningsbar)<\/td>\n<\/tr>\n<tr style=\"height: 13.50pt;\">\n<td style=\"height: 13.50pt;\" height=\"18\">Material<\/td>\n<td>Kristall glsaa<\/td>\n<\/tr>\n<tr style=\"height: 13.50pt;\">\n<td style=\"height: 13.50pt;\" height=\"18\">F\u00e4rg<\/td>\n<td>Gr\u00f6n toning (anpassade f\u00e4rger tillg\u00e4ngliga)<\/td>\n<\/tr>\n<tr style=\"height: 13.50pt;\">\n<td style=\"height: 13.50pt;\" height=\"18\">Anv\u00e4ndningsfall<\/td>\n<td>Serum, ansiktsolja, bodylotion\u2026<\/td>\n<\/tr>\n<\/tbody>\n<\/table>\n<h2><span class=\"highlights\" data-v-df95d256=\"\">Framg\u00e5ngssaga<\/span><\/h2>\n<p><span class=\"highlights\" data-v-df95d256=\"\">Ett lyxigt hudv\u00e5rdsm\u00e4rke \u00f6kade grossistbest\u00e4llningarna med 50 % efter att ha visat upp detta toningsset p\u00e5 sin hemsida. Den dj\u00e4rva f\u00e4rgkontrasten och leveransklara leveransl\u00f6sningen hj\u00e4lpte dem att s\u00e4kra bulkbest\u00e4llningar fr\u00e5n fler \u00e4n 15 \u00e5terf\u00f6rs\u00e4ljare p\u00e5 3 m\u00e5nader.<\/span><\/p>\n<h2><span class=\"highlights\" data-v-df95d256=\"\">Anpassa din best\u00e4llning<\/span><\/h2>\n<ul>\n<li>\n<div class=\"lRu31\" dir=\"ltr\"><span class=\"HwtZe\" lang=\"en\"><span class=\"jCAhz ChMk0b\"><span class=\"ryNqvb\"><strong>Anpassningsbar gradientf\u00e4rgdesign:<\/strong> En m\u00e4ngd olika f\u00e4rggradientalternativ finns tillg\u00e4ngliga f\u00f6r att matcha ditt varum\u00e4rkes visuella stil.<\/span><\/span><\/span><\/div>\n<\/li>\n<li>\n<div class=\"lRu31\" dir=\"ltr\"><span class=\"HwtZe\" lang=\"en\"><span class=\"jCAhz\"><span class=\"ryNqvb\"><strong>Olika pumpalternativ:<\/strong> Utbytbara pumpar med fin dimma eller flip-top-lock \u00f6kar bekv\u00e4mligheten med lotionflaskor.<\/span><\/span> <\/span><\/div>\n<\/li>\n<li>\n<div class=\"lRu31\" dir=\"ltr\">\n<p><span class=\"HwtZe\" lang=\"en\"><span class=\"jCAhz ChMk0b\"><span class=\"ryNqvb\"><strong>Smart f\u00f6rpackningsinteraktion:<\/strong> Anpassningsbara QR-koder m\u00f6jligg\u00f6r interaktiva upplevelser som kopplar samman f\u00f6rpackningen med din varum\u00e4rkesber\u00e4ttelse.<\/span><\/span><\/span><\/p>\n<div class=\"OvtS8d\"><\/div>\n<div id=\"ow35\"><\/div>\n<\/div>\n<div class=\"UdTY9 WdefRb\" aria-hidden=\"true\" data-location=\"2\">\n<div class=\"kO6q6e\"><\/div>\n<\/div>\n<\/li>\n<\/ul>","protected":false},"excerpt":{"rendered":"<p>K\u00f6p kosmetikaflaskor i glas med pump och lotion f\u00f6r ditt hudv\u00e5rdsm\u00e4rke. UV-skyddande gradientglas med anpassade f\u00f6rpackningsalternativ.<\/p>","protected":false},"featured_media":4616,"comment_status":"open","ping_status":"closed","template":"","meta":{"_acf_changed":false,"site-sidebar-layout":"default","site-content-layout":"","ast-site-content-layout":"default","site-content-style":"default","site-sidebar-style":"default","ast-global-header-display":"","ast-banner-title-visibility":"","ast-main-header-display":"","ast-hfb-above-header-display":"","ast-hfb-below-header-display":"","ast-hfb-mobile-header-display":"","site-post-title":"","ast-breadcrumbs-content":"","ast-featured-img":"","footer-sml-layout":"","ast-disable-related-posts":"","theme-transparent-header-meta":"default","adv-header-id-meta":"","stick-header-meta":"","header-above-stick-meta":"","header-main-stick-meta":"","header-below-stick-meta":"","astra-migrate-meta-layouts":"set","ast-page-background-enabled":"default","ast-page-background-meta":{"desktop":{"background-color":"var(--ast-global-color-5)","background-image":"","background-repeat":"repeat","background-position":"center center","background-size":"auto","background-attachment":"scroll","background-type":"","background-media":"","overlay-type":"","overlay-color":"","overlay-opacity":"","overlay-gradient":""},"tablet":{"background-color":"","background-image":"","background-repeat":"repeat","background-position":"center center","background-size":"auto","background-attachment":"scroll","background-type":"","background-media":"","overlay-type":"","overlay-color":"","overlay-opacity":"","overlay-gradient":""},"mobile":{"background-color":"","background-image":"","background-repeat":"repeat","background-position":"center center","background-size":"auto","background-attachment":"scroll","background-type":"","background-media":"","overlay-type":"","overlay-color":"","overlay-opacity":"","overlay-gradient":""}},"ast-content-background-meta":{"desktop":{"background-color":"var(--ast-global-color-4)","background-image":"","background-repeat":"repeat","background-position":"center center","background-size":"auto","background-attachment":"scroll","background-type":"","background-media":"","overlay-type":"","overlay-color":"","overlay-opacity":"","overlay-gradient":""},"tablet":{"background-color":"var(--ast-global-color-4)","background-image":"","background-repeat":"repeat","background-position":"center center","background-size":"auto","background-attachment":"scroll","background-type":"","background-media":"","overlay-type":"","overlay-color":"","overlay-opacity":"","overlay-gradient":""},"mobile":{"background-color":"var(--ast-global-color-4)","background-image":"","background-repeat":"repeat","background-position":"center center","background-size":"auto","background-attachment":"scroll","background-type":"","background-media":"","overlay-type":"","overlay-color":"","overlay-opacity":"","overlay-gradient":""}}},"product_brand":[],"product_cat":[236,62,72],"product_tag":[129,120],"class_list":{"0":"post-4615","1":"product","2":"type-product","3":"status-publish","4":"has-post-thumbnail","6":"product_cat-cosmetic-container-set","7":"product_cat-cosmetic-containers","8":"product_cat-cosmetic-packaging","9":"product_tag-cosmetic-bottle-with-pump","10":"product_tag-lotion-glass-jar","11":"desktop-align-left","12":"tablet-align-left","13":"mobile-align-left","15":"first","16":"instock","17":"shipping-taxable","18":"product-type-simple"},"acf":[],"jetpack_sharing_enabled":true,"_links":{"self":[{"href":"https:\/\/theperfumebottles.com\/sv\/wp-json\/wp\/v2\/product\/4615","targetHints":{"allow":["GET"]}}],"collection":[{"href":"https:\/\/theperfumebottles.com\/sv\/wp-json\/wp\/v2\/product"}],"about":[{"href":"https:\/\/theperfumebottles.com\/sv\/wp-json\/wp\/v2\/types\/product"}],"replies":[{"embeddable":true,"href":"https:\/\/theperfumebottles.com\/sv\/wp-json\/wp\/v2\/comments?post=4615"}],"wp:featuredmedia":[{"embeddable":true,"href":"https:\/\/theperfumebottles.com\/sv\/wp-json\/wp\/v2\/media\/4616"}],"wp:attachment":[{"href":"https:\/\/theperfumebottles.com\/sv\/wp-json\/wp\/v2\/media?parent=4615"}],"wp:term":[{"taxonomy":"product_brand","embeddable":true,"href":"https:\/\/theperfumebottles.com\/sv\/wp-json\/wp\/v2\/product_brand?post=4615"},{"taxonomy":"product_cat","embeddable":true,"href":"https:\/\/theperfumebottles.com\/sv\/wp-json\/wp\/v2\/product_cat?post=4615"},{"taxonomy":"product_tag","embeddable":true,"href":"https:\/\/theperfumebottles.com\/sv\/wp-json\/wp\/v2\/product_tag?post=4615"}],"curies":[{"name":"wp","href":"https:\/\/api.w.org\/{rel}","templated":true}]}}