{"id":4644,"date":"2025-07-18T17:49:18","date_gmt":"2025-07-18T09:49:18","guid":{"rendered":"https:\/\/theperfumebottles.com\/?post_type=product&#038;p=4644"},"modified":"2026-03-27T14:30:08","modified_gmt":"2026-03-27T06:30:08","slug":"empty-glass-cosmetic-containers-with-lids-wholesale","status":"publish","type":"product","link":"https:\/\/theperfumebottles.com\/sv\/produkt\/empty-glass-cosmetic-containers-with-lids-wholesale\/","title":{"rendered":"30g 50g tomma kosmetiska glasbeh\u00e5llare med lock grossist"},"content":{"rendered":"<p>Denna avancerade utbud av kosmetikaburkar med lock har en modern cylindrisk profil med en klar glasbotten, ett sm\u00f6rigt band av guldf\u00e4rgad accent med en fin guldkant och ett urval av frostade vita eller transparenta lock.<\/p>\n<h2><span class=\"highlights\" data-v-df95d256=\"\">Viktiga specifikationer<\/span><\/h2>\n<table style=\"border-collapse: collapse; width: 80%; height: 123px; margin-left: auto; margin-right: auto;\" border=\"0\" width=\"144\" cellspacing=\"0\" cellpadding=\"0\">\n<tbody>\n<tr>\n<td width=\"72\">Kapacitet<\/td>\n<td width=\"72\">Form<\/td>\n<td width=\"72\">T\u00e4tningsmetod<\/td>\n<td width=\"72\">Material<\/td>\n<td width=\"72\">F\u00e4rg<\/td>\n<td width=\"72\">Anv\u00e4ndande<\/td>\n<\/tr>\n<tr>\n<td>30 g<\/td>\n<td rowspan=\"2\">Raksidig<\/td>\n<td rowspan=\"2\">Tappad (plast\/metall)<\/td>\n<td rowspan=\"2\">Kristallglas<\/td>\n<td rowspan=\"2\">Frostad (anpassad)<\/td>\n<td rowspan=\"2\">\u00d6gonkr\u00e4m, lotion\u2026<\/td>\n<\/tr>\n<tr>\n<td>50 g<\/td>\n<\/tr>\n<\/tbody>\n<\/table>\n<h2><span class=\"highlights\" data-v-df95d256=\"\">Framg\u00e5ngsfall<\/span><\/h2>\n<p>Ett av de parisiska lyxm\u00e4rkena valde v\u00e5ra 50 ml kosmetikabeh\u00e5llare med lock och l\u00e4t specialanpassa sitt frostade vita lock och sin skr\u00e4ddarsydda ros\u00e9guldpl\u00e4terade dekorativa ring. De personliga lotionburkarna blev en enorm succ\u00e9: deras speciella skiktade design blev en distinkt del av varum\u00e4rket, och marknadsunders\u00f6kningar visade att k\u00e4nnedomen om varum\u00e4rket \u00f6kade med 25 procent. Kvaliteten p\u00e5 dess textur och material var ocks\u00e5 premium, vilket genererade en pris\u00f6kning p\u00e5 50 procent f\u00f6r deras reparerande kr\u00e4m. Det \u00e4r baserat p\u00e5 denna framg\u00e5ng som varum\u00e4rket har best\u00e4llt ytterligare 250 000 burkar lotioner till sin nya serie av CBD-ansiktsolja och nattkr\u00e4m.<\/p>\n<h2><span class=\"highlights\" data-v-df95d256=\"\">Anpassningstips f\u00f6r sminkbeh\u00e5llare i grossistledet<\/span><\/h2>\n<ul>\n<li><strong>Olika utseendealternativ:<\/strong> V\u00e4lj mellan klart eller frostat glas, med gradientnyanser f\u00f6r f\u00f6rb\u00e4ttrad synlig effekt.<\/li>\n<li><strong>Flexibelt m\u00f6sstyg:<\/strong> Finns i plast eller metall, en balanserad kostnadskontroll med premiumk\u00e4nsla.<\/li>\n<li><strong>Varum\u00e4rkesanpassning:<\/strong> Pr\u00e4glade emblem eller QR-koder st\u00f6ds f\u00f6r att hj\u00e4lpa till att ber\u00e4tta din logotyps historia.<\/li>\n<\/ul>","protected":false},"excerpt":{"rendered":"<p>Premium sminkburkar i grossistledet med klarglasbas och lyxig guldring. Kosmetikburkar med lock garanterar fr\u00e4sch\u00f6r. Snabb leverans.<\/p>","protected":false},"featured_media":4645,"comment_status":"open","ping_status":"closed","template":"","meta":{"_acf_changed":false,"site-sidebar-layout":"default","site-content-layout":"","ast-site-content-layout":"default","site-content-style":"default","site-sidebar-style":"default","ast-global-header-display":"","ast-banner-title-visibility":"","ast-main-header-display":"","ast-hfb-above-header-display":"","ast-hfb-below-header-display":"","ast-hfb-mobile-header-display":"","site-post-title":"","ast-breadcrumbs-content":"","ast-featured-img":"","footer-sml-layout":"","ast-disable-related-posts":"","theme-transparent-header-meta":"default","adv-header-id-meta":"","stick-header-meta":"","header-above-stick-meta":"","header-main-stick-meta":"","header-below-stick-meta":"","astra-migrate-meta-layouts":"set","ast-page-background-enabled":"default","ast-page-background-meta":{"desktop":{"background-color":"var(--ast-global-color-5)","background-image":"","background-repeat":"repeat","background-position":"center center","background-size":"auto","background-attachment":"scroll","background-type":"","background-media":"","overlay-type":"","overlay-color":"","overlay-opacity":"","overlay-gradient":""},"tablet":{"background-color":"","background-image":"","background-repeat":"repeat","background-position":"center center","background-size":"auto","background-attachment":"scroll","background-type":"","background-media":"","overlay-type":"","overlay-color":"","overlay-opacity":"","overlay-gradient":""},"mobile":{"background-color":"","background-image":"","background-repeat":"repeat","background-position":"center center","background-size":"auto","background-attachment":"scroll","background-type":"","background-media":"","overlay-type":"","overlay-color":"","overlay-opacity":"","overlay-gradient":""}},"ast-content-background-meta":{"desktop":{"background-color":"var(--ast-global-color-4)","background-image":"","background-repeat":"repeat","background-position":"center center","background-size":"auto","background-attachment":"scroll","background-type":"","background-media":"","overlay-type":"","overlay-color":"","overlay-opacity":"","overlay-gradient":""},"tablet":{"background-color":"var(--ast-global-color-4)","background-image":"","background-repeat":"repeat","background-position":"center center","background-size":"auto","background-attachment":"scroll","background-type":"","background-media":"","overlay-type":"","overlay-color":"","overlay-opacity":"","overlay-gradient":""},"mobile":{"background-color":"var(--ast-global-color-4)","background-image":"","background-repeat":"repeat","background-position":"center center","background-size":"auto","background-attachment":"scroll","background-type":"","background-media":"","overlay-type":"","overlay-color":"","overlay-opacity":"","overlay-gradient":""}}},"product_brand":[],"product_cat":[56,62,72],"product_tag":[144,134],"class_list":{"0":"post-4644","1":"product","2":"type-product","3":"status-publish","4":"has-post-thumbnail","6":"product_cat-cosmetic-jars","7":"product_cat-cosmetic-containers","8":"product_cat-cosmetic-packaging","9":"product_tag-lotion-jars-with-lids","10":"product_tag-makeup-containers-wholesale","11":"desktop-align-left","12":"tablet-align-left","13":"mobile-align-left","15":"first","16":"instock","17":"shipping-taxable","18":"product-type-simple"},"acf":[],"jetpack_sharing_enabled":true,"_links":{"self":[{"href":"https:\/\/theperfumebottles.com\/sv\/wp-json\/wp\/v2\/product\/4644","targetHints":{"allow":["GET"]}}],"collection":[{"href":"https:\/\/theperfumebottles.com\/sv\/wp-json\/wp\/v2\/product"}],"about":[{"href":"https:\/\/theperfumebottles.com\/sv\/wp-json\/wp\/v2\/types\/product"}],"replies":[{"embeddable":true,"href":"https:\/\/theperfumebottles.com\/sv\/wp-json\/wp\/v2\/comments?post=4644"}],"wp:featuredmedia":[{"embeddable":true,"href":"https:\/\/theperfumebottles.com\/sv\/wp-json\/wp\/v2\/media\/4645"}],"wp:attachment":[{"href":"https:\/\/theperfumebottles.com\/sv\/wp-json\/wp\/v2\/media?parent=4644"}],"wp:term":[{"taxonomy":"product_brand","embeddable":true,"href":"https:\/\/theperfumebottles.com\/sv\/wp-json\/wp\/v2\/product_brand?post=4644"},{"taxonomy":"product_cat","embeddable":true,"href":"https:\/\/theperfumebottles.com\/sv\/wp-json\/wp\/v2\/product_cat?post=4644"},{"taxonomy":"product_tag","embeddable":true,"href":"https:\/\/theperfumebottles.com\/sv\/wp-json\/wp\/v2\/product_tag?post=4644"}],"curies":[{"name":"wp","href":"https:\/\/api.w.org\/{rel}","templated":true}]}}