{"id":4655,"date":"2025-07-18T17:51:02","date_gmt":"2025-07-18T09:51:02","guid":{"rendered":"https:\/\/theperfumebottles.com\/?post_type=product&#038;p=4655"},"modified":"2025-08-01T09:51:27","modified_gmt":"2025-08-01T01:51:27","slug":"lotion-glass-jars-cosmetic-makeup-jars-wholesale","status":"publish","type":"product","link":"https:\/\/theperfumebottles.com\/sv\/produkt\/lotion-glass-jars-cosmetic-makeup-jars-wholesale\/","title":{"rendered":"5g 10g 15g 30g 50g 60g 100g 120g 250g Lotion Glasburkar \u2013 Kosmetiska Sminkburkar Partihandel"},"content":{"rendered":"<p><span class=\"highlights\" data-v-df95d256=\"\">Beh\u00f6ver du sminkburkar i glas som kombinerar h\u00e5llbarhet med sk\u00f6nhetsf\u00f6rpackningar? Dessa lotionburkar i glas \u00e4r designade f\u00f6r hudv\u00e5rdsm\u00e4rken som skapar ansiktskr\u00e4mer, bodylotioner eller \u00f6gonbehandlingar. Som leverant\u00f6r av kosmetiska f\u00f6rpackningar erbjuder vi glasbeh\u00e5llare med en fin dimma och \u00e4r redo att skickas i bulk. Oavsett om du letar efter kosmetiska beh\u00e5llare f\u00f6r f\u00f6rpackningsdesign eller beh\u00f6ver grossistl\u00f6sningar, inger den h\u00e4r produkten f\u00f6rtroende f\u00f6r dina kosmetiska f\u00f6rpackningar.<\/span><\/p>\n<h2 data-spm-anchor-id=\"5176.28103460.0.i21.29ab1db8HEnSHX\"><strong data-spm-anchor-id=\"5176.28103460.0.i22.29ab1db8HEnSHX\">Viktiga specifikationer<\/strong><\/h2>\n<table style=\"margin-left: auto;margin-right: auto;border-collapse: collapse;width: 80%\" border=\"0\" width=\"432\" cellspacing=\"0\" cellpadding=\"0\">\n<tbody>\n<tr style=\"height: 13.50pt\">\n<td style=\"height: 13.50pt;width: 54.00pt\" width=\"72\" height=\"18\">Kapacitet<\/td>\n<td style=\"width: 54.00pt\" width=\"72\">Form<\/td>\n<td style=\"width: 54.00pt\" width=\"72\">T\u00e4tningsmetod<\/td>\n<td style=\"width: 54.00pt\" width=\"72\">Material<\/td>\n<td style=\"width: 54.00pt\" width=\"72\">F\u00e4rg<\/td>\n<td style=\"width: 54.00pt\" width=\"72\">Anv\u00e4ndningsfall<\/td>\n<\/tr>\n<tr style=\"height: 13.50pt\">\n<td style=\"height: 13.50pt\" height=\"18\">5g 10g 15g 30g 50g 60g 100g 120g 250g<\/td>\n<td>Raksidig<\/td>\n<td>G\u00e4ngad (plast\/metall), enligt dina \u00f6nskem\u00e5l<\/td>\n<td>Kristallglas<\/td>\n<td>Frostad, specialdesignad..<\/td>\n<td>\u00d6gonkr\u00e4m, lotion\u2026<\/td>\n<\/tr>\n<\/tbody>\n<\/table>\n<h2><span class=\"highlights\" data-v-df95d256=\"\">Framg\u00e5ngsfall: Ett naturligt hudv\u00e5rdsm\u00e4rkes f\u00f6rpackningsrenovering <\/span><\/h2>\n<p><span class=\"highlights\" data-v-df95d256=\"\">Ett hudv\u00e5rdsm\u00e4rke beh\u00f6vde glasburkar f\u00f6r lotion till sin nya ekologiska serie. Vi specialanpassade 100 g sminkburkar i glas med svarta plastlock och frostad yta f\u00f6r att matcha deras milj\u00f6v\u00e4nliga k\u00e4nsla. Resultat? En \u00f6kning med 250 % av f\u00f6rs\u00e4ljningen av kosmetikaf\u00f6rpackningar och 5-stj\u00e4rniga recensioner som lovordar den fina spraykonsistensen.<\/span><\/p>","protected":false},"excerpt":{"rendered":"<p>H\u00e5llbara, anpassningsbara och milj\u00f6v\u00e4nliga glasburkar i lotionformat f\u00f6r kosmetikaf\u00f6rpackningar. Perfekta f\u00f6r hudv\u00e5rdsprodukter och redo att skickas i bulk.<\/p>","protected":false},"featured_media":4659,"comment_status":"open","ping_status":"closed","template":"","meta":{"_acf_changed":false,"site-sidebar-layout":"default","site-content-layout":"","ast-site-content-layout":"default","site-content-style":"default","site-sidebar-style":"default","ast-global-header-display":"","ast-banner-title-visibility":"","ast-main-header-display":"","ast-hfb-above-header-display":"","ast-hfb-below-header-display":"","ast-hfb-mobile-header-display":"","site-post-title":"","ast-breadcrumbs-content":"","ast-featured-img":"","footer-sml-layout":"","ast-disable-related-posts":"","theme-transparent-header-meta":"default","adv-header-id-meta":"","stick-header-meta":"","header-above-stick-meta":"","header-main-stick-meta":"","header-below-stick-meta":"","astra-migrate-meta-layouts":"set","ast-page-background-enabled":"default","ast-page-background-meta":{"desktop":{"background-color":"var(--ast-global-color-5)","background-image":"","background-repeat":"repeat","background-position":"center center","background-size":"auto","background-attachment":"scroll","background-type":"","background-media":"","overlay-type":"","overlay-color":"","overlay-opacity":"","overlay-gradient":""},"tablet":{"background-color":"","background-image":"","background-repeat":"repeat","background-position":"center center","background-size":"auto","background-attachment":"scroll","background-type":"","background-media":"","overlay-type":"","overlay-color":"","overlay-opacity":"","overlay-gradient":""},"mobile":{"background-color":"","background-image":"","background-repeat":"repeat","background-position":"center center","background-size":"auto","background-attachment":"scroll","background-type":"","background-media":"","overlay-type":"","overlay-color":"","overlay-opacity":"","overlay-gradient":""}},"ast-content-background-meta":{"desktop":{"background-color":"var(--ast-global-color-4)","background-image":"","background-repeat":"repeat","background-position":"center center","background-size":"auto","background-attachment":"scroll","background-type":"","background-media":"","overlay-type":"","overlay-color":"","overlay-opacity":"","overlay-gradient":""},"tablet":{"background-color":"var(--ast-global-color-4)","background-image":"","background-repeat":"repeat","background-position":"center center","background-size":"auto","background-attachment":"scroll","background-type":"","background-media":"","overlay-type":"","overlay-color":"","overlay-opacity":"","overlay-gradient":""},"mobile":{"background-color":"var(--ast-global-color-4)","background-image":"","background-repeat":"repeat","background-position":"center center","background-size":"auto","background-attachment":"scroll","background-type":"","background-media":"","overlay-type":"","overlay-color":"","overlay-opacity":"","overlay-gradient":""}}},"product_brand":[],"product_cat":[72,62,56],"product_tag":[137,120],"class_list":{"0":"post-4655","1":"product","2":"type-product","3":"status-publish","4":"has-post-thumbnail","6":"product_cat-cosmetic-packaging","7":"product_cat-cosmetic-containers","8":"product_cat-cosmetic-jars","9":"product_tag-glass-makeup-jars","10":"product_tag-lotion-glass-jar","11":"desktop-align-left","12":"tablet-align-left","13":"mobile-align-left","15":"first","16":"instock","17":"shipping-taxable","18":"product-type-simple"},"acf":[],"jetpack_sharing_enabled":true,"_links":{"self":[{"href":"https:\/\/theperfumebottles.com\/sv\/wp-json\/wp\/v2\/product\/4655","targetHints":{"allow":["GET"]}}],"collection":[{"href":"https:\/\/theperfumebottles.com\/sv\/wp-json\/wp\/v2\/product"}],"about":[{"href":"https:\/\/theperfumebottles.com\/sv\/wp-json\/wp\/v2\/types\/product"}],"replies":[{"embeddable":true,"href":"https:\/\/theperfumebottles.com\/sv\/wp-json\/wp\/v2\/comments?post=4655"}],"wp:featuredmedia":[{"embeddable":true,"href":"https:\/\/theperfumebottles.com\/sv\/wp-json\/wp\/v2\/media\/4659"}],"wp:attachment":[{"href":"https:\/\/theperfumebottles.com\/sv\/wp-json\/wp\/v2\/media?parent=4655"}],"wp:term":[{"taxonomy":"product_brand","embeddable":true,"href":"https:\/\/theperfumebottles.com\/sv\/wp-json\/wp\/v2\/product_brand?post=4655"},{"taxonomy":"product_cat","embeddable":true,"href":"https:\/\/theperfumebottles.com\/sv\/wp-json\/wp\/v2\/product_cat?post=4655"},{"taxonomy":"product_tag","embeddable":true,"href":"https:\/\/theperfumebottles.com\/sv\/wp-json\/wp\/v2\/product_tag?post=4655"}],"curies":[{"name":"wp","href":"https:\/\/api.w.org\/{rel}","templated":true}]}}