{"id":4660,"date":"2025-07-18T17:50:16","date_gmt":"2025-07-18T09:50:16","guid":{"rendered":"https:\/\/theperfumebottles.com\/?post_type=product&#038;p=4660"},"modified":"2025-08-01T09:48:21","modified_gmt":"2025-08-01T01:48:21","slug":"1-oz-makeup-containers-wholesale-skincare-packaging","status":"publish","type":"product","link":"https:\/\/theperfumebottles.com\/sv\/produkt\/1-oz-makeup-containers-wholesale-skincare-packaging\/","title":{"rendered":"28 ml sminkbeh\u00e5llare \u2013 Partihandel med hudv\u00e5rdsf\u00f6rpackningar"},"content":{"rendered":"<p><span class=\"highlights\" data-v-df95d256=\"\">Letar du efter hudv\u00e5rdsf\u00f6rpackningar f\u00f6r grossister som kombinerar sk\u00f6nhetsf\u00f6rpackningar med milj\u00f6medveten design? Dessa sminkburkar p\u00e5 28 gram \u00e4r utformade f\u00f6r hudv\u00e5rdsm\u00e4rken som s\u00f6ker kosmetikaf\u00f6rpackningar som sticker ut. Oavsett om du f\u00f6rpackar lotion, ansiktskr\u00e4m eller \u00f6gonserum, kombinerar dessa glasburkar en fin, dimliknande finish med effektiv leveransklarhet. Perfekt f\u00f6r bulkf\u00f6rpackningar, de \u00e4r ditt hemliga vapen f\u00f6r att inspirera kundlojalitet och h\u00f6ja din hemsidas erbjudanden.<\/span><\/p>\n<h2><span class=\"highlights\" data-v-df95d256=\"\">Viktiga specifikationer<\/span><\/h2>\n<table style=\"border-collapse: collapse;width: 80%;height: 21px;margin-left: auto;margin-right: auto\" border=\"0\" width=\"432\" cellspacing=\"0\" cellpadding=\"0\">\n<tbody>\n<tr style=\"height: 13.50pt\">\n<td style=\"height: 13.50pt;width: 54.00pt\" width=\"72\" height=\"18\">Kapacitet<\/td>\n<td style=\"width: 54.00pt\" width=\"72\">Form<\/td>\n<td style=\"width: 54.00pt\" width=\"72\">T\u00e4tningsmetoder<\/td>\n<td style=\"width: 54.00pt\" width=\"72\">Material<\/td>\n<td style=\"width: 54.00pt\" width=\"72\">F\u00e4rgalternativ<\/td>\n<td style=\"width: 54.00pt\" width=\"72\">Anv\u00e4ndande<\/td>\n<\/tr>\n<tr style=\"height: 13.50pt\">\n<td style=\"height: 13.50pt\" height=\"18\">30 g (1 oz)<\/td>\n<td>Rak kant<\/td>\n<td>G\u00e4ngad med bambulock<\/td>\n<td>Kristallglas<\/td>\n<td>Matt<\/td>\n<td>Ansiktskr\u00e4m, kroppskr\u00e4m, \u00f6gonkr\u00e4m, l\u00e4ppkr\u00e4m\u2026<\/td>\n<\/tr>\n<\/tbody>\n<\/table>\n<h2><span class=\"highlights\" data-v-df95d256=\"\">Framg\u00e5ngsfall: Ett varum\u00e4rke med ren sk\u00f6nhetsv\u00e5rdsf\u00f6rvandling av f\u00f6rpackningar <\/span><\/h2>\n<p><span class=\"highlights\" data-v-df95d256=\"\">En hudv\u00e5rdsstartup beh\u00f6vde 28 ml sminkburkar till sin nya serie av ekologiska kosmetikaprodukter. Vi specialanpassade glasburkar med bambulock och frostad yta f\u00f6r att matcha deras milj\u00f6v\u00e4nliga etos. Resultat? En \u00f6kning med 300 % i grossistf\u00f6rs\u00e4ljningen av hudv\u00e5rdsf\u00f6rpackningar och lysande recensioner som lovordade den fina spraykonsistensen.\u00a0<\/span><\/p>","protected":false},"excerpt":{"rendered":"<p>H\u00e5llbara sminkbeh\u00e5llare p\u00e5 28 ml f\u00f6r grossistf\u00f6rpackningar f\u00f6r hudv\u00e5rd. Matta glasburkar med bambulock, redo att skickas och helt anpassningsbara.<\/p>","protected":false},"featured_media":4661,"comment_status":"open","ping_status":"closed","template":"","meta":{"_acf_changed":false,"site-sidebar-layout":"default","site-content-layout":"","ast-site-content-layout":"default","site-content-style":"default","site-sidebar-style":"default","ast-global-header-display":"","ast-banner-title-visibility":"","ast-main-header-display":"","ast-hfb-above-header-display":"","ast-hfb-below-header-display":"","ast-hfb-mobile-header-display":"","site-post-title":"","ast-breadcrumbs-content":"","ast-featured-img":"","footer-sml-layout":"","ast-disable-related-posts":"","theme-transparent-header-meta":"default","adv-header-id-meta":"","stick-header-meta":"","header-above-stick-meta":"","header-main-stick-meta":"","header-below-stick-meta":"","astra-migrate-meta-layouts":"set","ast-page-background-enabled":"default","ast-page-background-meta":{"desktop":{"background-color":"var(--ast-global-color-5)","background-image":"","background-repeat":"repeat","background-position":"center center","background-size":"auto","background-attachment":"scroll","background-type":"","background-media":"","overlay-type":"","overlay-color":"","overlay-opacity":"","overlay-gradient":""},"tablet":{"background-color":"","background-image":"","background-repeat":"repeat","background-position":"center center","background-size":"auto","background-attachment":"scroll","background-type":"","background-media":"","overlay-type":"","overlay-color":"","overlay-opacity":"","overlay-gradient":""},"mobile":{"background-color":"","background-image":"","background-repeat":"repeat","background-position":"center center","background-size":"auto","background-attachment":"scroll","background-type":"","background-media":"","overlay-type":"","overlay-color":"","overlay-opacity":"","overlay-gradient":""}},"ast-content-background-meta":{"desktop":{"background-color":"var(--ast-global-color-4)","background-image":"","background-repeat":"repeat","background-position":"center center","background-size":"auto","background-attachment":"scroll","background-type":"","background-media":"","overlay-type":"","overlay-color":"","overlay-opacity":"","overlay-gradient":""},"tablet":{"background-color":"var(--ast-global-color-4)","background-image":"","background-repeat":"repeat","background-position":"center center","background-size":"auto","background-attachment":"scroll","background-type":"","background-media":"","overlay-type":"","overlay-color":"","overlay-opacity":"","overlay-gradient":""},"mobile":{"background-color":"var(--ast-global-color-4)","background-image":"","background-repeat":"repeat","background-position":"center center","background-size":"auto","background-attachment":"scroll","background-type":"","background-media":"","overlay-type":"","overlay-color":"","overlay-opacity":"","overlay-gradient":""}}},"product_brand":[],"product_cat":[72,62,56],"product_tag":[139,138],"class_list":{"0":"post-4660","1":"product","2":"type-product","3":"status-publish","4":"has-post-thumbnail","6":"product_cat-cosmetic-packaging","7":"product_cat-cosmetic-containers","8":"product_cat-cosmetic-jars","9":"product_tag-1-oz-makeup-containers","10":"product_tag-wholesale-skincare-packaging","11":"desktop-align-left","12":"tablet-align-left","13":"mobile-align-left","15":"first","16":"instock","17":"shipping-taxable","18":"product-type-simple"},"acf":[],"jetpack_sharing_enabled":true,"_links":{"self":[{"href":"https:\/\/theperfumebottles.com\/sv\/wp-json\/wp\/v2\/product\/4660","targetHints":{"allow":["GET"]}}],"collection":[{"href":"https:\/\/theperfumebottles.com\/sv\/wp-json\/wp\/v2\/product"}],"about":[{"href":"https:\/\/theperfumebottles.com\/sv\/wp-json\/wp\/v2\/types\/product"}],"replies":[{"embeddable":true,"href":"https:\/\/theperfumebottles.com\/sv\/wp-json\/wp\/v2\/comments?post=4660"}],"wp:featuredmedia":[{"embeddable":true,"href":"https:\/\/theperfumebottles.com\/sv\/wp-json\/wp\/v2\/media\/4661"}],"wp:attachment":[{"href":"https:\/\/theperfumebottles.com\/sv\/wp-json\/wp\/v2\/media?parent=4660"}],"wp:term":[{"taxonomy":"product_brand","embeddable":true,"href":"https:\/\/theperfumebottles.com\/sv\/wp-json\/wp\/v2\/product_brand?post=4660"},{"taxonomy":"product_cat","embeddable":true,"href":"https:\/\/theperfumebottles.com\/sv\/wp-json\/wp\/v2\/product_cat?post=4660"},{"taxonomy":"product_tag","embeddable":true,"href":"https:\/\/theperfumebottles.com\/sv\/wp-json\/wp\/v2\/product_tag?post=4660"}],"curies":[{"name":"wp","href":"https:\/\/api.w.org\/{rel}","templated":true}]}}