{"id":4670,"date":"2025-07-18T17:54:50","date_gmt":"2025-07-18T09:54:50","guid":{"rendered":"https:\/\/theperfumebottles.com\/?post_type=product&#038;p=4670"},"modified":"2025-07-18T17:54:51","modified_gmt":"2025-07-18T09:54:51","slug":"wholesale-beauty-containers-cosmetic-glass-jar-lotion","status":"publish","type":"product","link":"https:\/\/theperfumebottles.com\/sv\/produkt\/wholesale-beauty-containers-cosmetic-glass-jar-lotion\/","title":{"rendered":"5g 10g 15g 30g 50g 60g Partihandel Sk\u00f6nhetsbeh\u00e5llare \u2013 Kosmetisk Glasburk Lotion"},"content":{"rendered":"<p><span class=\"highlights\" data-v-df95d256=\"\">Letar du efter sk\u00f6nhetsbeh\u00e5llare i grossistledet som kombinerar elegans med praktiska egenskaper? Dessa lotionflaskor \u00e4r tillverkade f\u00f6r hudv\u00e5rdsm\u00e4rken som beh\u00f6ver kosmetikabeh\u00e5llare som skyddar k\u00e4nsliga ingredienser och lyfter deras sk\u00f6nhetsf\u00f6rpackningsstrategi. Med kapacitet p\u00e5 5\u201360 g, b\u00e4rnstensf\u00e4rgat glas f\u00f6r UV-skydd och g\u00e4ngade lock i plast\/metall \u00e4r de ditt hemliga vapen f\u00f6r att inspirera kundlojalitet.<\/span><\/p>\n<h2><span class=\"highlights\" data-v-df95d256=\"\">Viktiga specifikationer<\/span><\/h2>\n<table style=\"border-collapse: collapse;width: 1086px;height: 218px;margin-left: 120px\" border=\"0\" width=\"432\" cellspacing=\"0\" cellpadding=\"0\">\n<tbody>\n<tr style=\"height: 13.50pt\">\n<td style=\"height: 13.50pt;width: 54.00pt\" width=\"72\" height=\"18\">Kapacitet<\/td>\n<td style=\"width: 54.00pt\" width=\"72\">Form<\/td>\n<td style=\"width: 54.00pt\" width=\"72\">T\u00e4tningsmetod<\/td>\n<td style=\"width: 54.00pt\" width=\"72\">Material<\/td>\n<td style=\"width: 54.00pt\" width=\"72\">F\u00e4rg<\/td>\n<td style=\"width: 54.00pt\" width=\"72\">Anv\u00e4ndningsfall<\/td>\n<\/tr>\n<tr style=\"height: 13.50pt\">\n<td style=\"height: 13.50pt\" height=\"18\">5g<\/td>\n<td>Rak kant<\/td>\n<td>G\u00e4ngad (plast\/metall)<\/td>\n<td>Glas<\/td>\n<td>B\u00e4rnsten<\/td>\n<td>Prov ansiktskr\u00e4m<\/td>\n<\/tr>\n<tr style=\"height: 13.50pt\">\n<td style=\"height: 13.50pt\" height=\"18\">10 g<\/td>\n<td>Rak kant<\/td>\n<td>G\u00e4ngad (plast\/metall)<\/td>\n<td>Glas<\/td>\n<td>B\u00e4rnsten<\/td>\n<td>Mini-bodylotion<\/td>\n<\/tr>\n<tr style=\"height: 13.50pt\">\n<td style=\"height: 13.50pt\" height=\"18\">15 g (0,5 oz)<\/td>\n<td>Rak kant<\/td>\n<td>G\u00e4ngad (plast\/metall)<\/td>\n<td>Glas<\/td>\n<td>B\u00e4rnsten<\/td>\n<td>\u00d6gonserum i resestorlek<\/td>\n<\/tr>\n<tr style=\"height: 13.50pt\">\n<td style=\"height: 13.50pt\" height=\"18\">30 g (1 oz)<\/td>\n<td>Rak kant<\/td>\n<td>G\u00e4ngad (plast\/metall)<\/td>\n<td>Glas<\/td>\n<td>B\u00e4rnsten<\/td>\n<td>Standard ansiktskr\u00e4m<\/td>\n<\/tr>\n<tr style=\"height: 13.50pt\">\n<td style=\"height: 13.50pt\" height=\"18\">50 g<\/td>\n<td>Rak kant<\/td>\n<td>G\u00e4ngad (plast\/metall)<\/td>\n<td>Glas<\/td>\n<td>B\u00e4rnsten<\/td>\n<td>Fullstor kroppslotion<\/td>\n<\/tr>\n<tr style=\"height: 13.50pt\">\n<td style=\"height: 13.50pt\" height=\"18\">60 g (2 oz)<\/td>\n<td>Rak kant<\/td>\n<td>G\u00e4ngad (plast\/metall)<\/td>\n<td>Glas<\/td>\n<td>Amber (anpassad)<\/td>\n<td>Lyxigt serum eller medicinsk kr\u00e4m<\/td>\n<\/tr>\n<\/tbody>\n<\/table>\n<p>&nbsp;<\/p>\n<h2><span class=\"highlights\" data-v-df95d256=\"\">Framg\u00e5ngsfall: Ett hudv\u00e5rdsm\u00e4rkes lyxf\u00f6rpackningstransformation <\/span><\/h2>\n<p><span class=\"highlights\" data-v-df95d256=\"\">En hudv\u00e5rdsstartup beh\u00f6vde lotionflaskor i burkar till sin nya serie av fina, dimmiga kosmetiska serum. Vi specialdesignade 30 g b\u00e4rnstensf\u00e4rgade burkar med metalllock och etiketter i matt finish. Resultatet? En \u00f6kning med 400 % i grossistf\u00f6rs\u00e4ljningen av sk\u00f6nhetsbeh\u00e5llare och lysande recensioner om den lyxiga k\u00e4nslan. Proffstips: N\u00e4r din beh\u00e5llare ser ut som en spa-souvenir vill kunderna inte g\u00e5 d\u00e4rifr\u00e5n.<\/span><\/p>\n<h2><span class=\"highlights\" data-v-df95d256=\"\">Anpassningstips f\u00f6r ditt varum\u00e4rke <\/span><\/h2>\n<ul>\n<li><span class=\"highlights\" data-v-df95d256=\"\"><strong>F\u00e4rg och finish:<\/strong> Anv\u00e4nd b\u00e4rnsten f\u00f6r UV-skydd eller frostat glas f\u00f6r en fin, dimliknande konsistens. <\/span><\/li>\n<li><span class=\"highlights\" data-v-df95d256=\"\"><strong>Lockalternativ:<\/strong> V\u00e4lj metall f\u00f6r en premium sk\u00f6nhetsf\u00f6rpackning eller plast f\u00f6r kostnadseffektiv f\u00f6rpackning i bulk.<\/span><\/li>\n<li><span class=\"highlights\" data-v-df95d256=\"\"><strong>Etikettdesign:<\/strong> Anv\u00e4nd minimalistiska typsnitt f\u00f6r kosmetiska f\u00f6rpackningar som viskar elegans eller dj\u00e4rva typsnitt f\u00f6r i\u00f6gonfallande burkar.<\/span><\/li>\n<\/ul>","protected":false},"excerpt":{"rendered":"<p>H\u00e5llbara b\u00e4rnstensf\u00e4rgade glasburkar f\u00f6r lotion i grossistledet. Perfekt f\u00f6r hudv\u00e5rdsm\u00e4rken som s\u00f6ker milj\u00f6v\u00e4nliga, anpassningsbara sk\u00f6nhetsbeh\u00e5llare i grossistledet.<\/p>","protected":false},"featured_media":4671,"comment_status":"open","ping_status":"closed","template":"","meta":{"_acf_changed":false,"site-sidebar-layout":"default","site-content-layout":"","ast-site-content-layout":"default","site-content-style":"default","site-sidebar-style":"default","ast-global-header-display":"","ast-banner-title-visibility":"","ast-main-header-display":"","ast-hfb-above-header-display":"","ast-hfb-below-header-display":"","ast-hfb-mobile-header-display":"","site-post-title":"","ast-breadcrumbs-content":"","ast-featured-img":"","footer-sml-layout":"","ast-disable-related-posts":"","theme-transparent-header-meta":"default","adv-header-id-meta":"","stick-header-meta":"","header-above-stick-meta":"","header-main-stick-meta":"","header-below-stick-meta":"","astra-migrate-meta-layouts":"set","ast-page-background-enabled":"default","ast-page-background-meta":{"desktop":{"background-color":"var(--ast-global-color-5)","background-image":"","background-repeat":"repeat","background-position":"center center","background-size":"auto","background-attachment":"scroll","background-type":"","background-media":"","overlay-type":"","overlay-color":"","overlay-opacity":"","overlay-gradient":""},"tablet":{"background-color":"","background-image":"","background-repeat":"repeat","background-position":"center center","background-size":"auto","background-attachment":"scroll","background-type":"","background-media":"","overlay-type":"","overlay-color":"","overlay-opacity":"","overlay-gradient":""},"mobile":{"background-color":"","background-image":"","background-repeat":"repeat","background-position":"center center","background-size":"auto","background-attachment":"scroll","background-type":"","background-media":"","overlay-type":"","overlay-color":"","overlay-opacity":"","overlay-gradient":""}},"ast-content-background-meta":{"desktop":{"background-color":"var(--ast-global-color-4)","background-image":"","background-repeat":"repeat","background-position":"center center","background-size":"auto","background-attachment":"scroll","background-type":"","background-media":"","overlay-type":"","overlay-color":"","overlay-opacity":"","overlay-gradient":""},"tablet":{"background-color":"var(--ast-global-color-4)","background-image":"","background-repeat":"repeat","background-position":"center center","background-size":"auto","background-attachment":"scroll","background-type":"","background-media":"","overlay-type":"","overlay-color":"","overlay-opacity":"","overlay-gradient":""},"mobile":{"background-color":"var(--ast-global-color-4)","background-image":"","background-repeat":"repeat","background-position":"center center","background-size":"auto","background-attachment":"scroll","background-type":"","background-media":"","overlay-type":"","overlay-color":"","overlay-opacity":"","overlay-gradient":""}}},"product_brand":[],"product_cat":[56,72,62],"product_tag":[145,142],"class_list":{"0":"post-4670","1":"product","2":"type-product","3":"status-publish","4":"has-post-thumbnail","6":"product_cat-cosmetic-jars","7":"product_cat-cosmetic-packaging","8":"product_cat-cosmetic-containers","9":"product_tag-cosmetic-cream-containers","10":"product_tag-wholesale-beauty-containers","11":"desktop-align-left","12":"tablet-align-left","13":"mobile-align-left","15":"first","16":"instock","17":"shipping-taxable","18":"product-type-simple"},"acf":[],"jetpack_sharing_enabled":true,"_links":{"self":[{"href":"https:\/\/theperfumebottles.com\/sv\/wp-json\/wp\/v2\/product\/4670","targetHints":{"allow":["GET"]}}],"collection":[{"href":"https:\/\/theperfumebottles.com\/sv\/wp-json\/wp\/v2\/product"}],"about":[{"href":"https:\/\/theperfumebottles.com\/sv\/wp-json\/wp\/v2\/types\/product"}],"replies":[{"embeddable":true,"href":"https:\/\/theperfumebottles.com\/sv\/wp-json\/wp\/v2\/comments?post=4670"}],"wp:featuredmedia":[{"embeddable":true,"href":"https:\/\/theperfumebottles.com\/sv\/wp-json\/wp\/v2\/media\/4671"}],"wp:attachment":[{"href":"https:\/\/theperfumebottles.com\/sv\/wp-json\/wp\/v2\/media?parent=4670"}],"wp:term":[{"taxonomy":"product_brand","embeddable":true,"href":"https:\/\/theperfumebottles.com\/sv\/wp-json\/wp\/v2\/product_brand?post=4670"},{"taxonomy":"product_cat","embeddable":true,"href":"https:\/\/theperfumebottles.com\/sv\/wp-json\/wp\/v2\/product_cat?post=4670"},{"taxonomy":"product_tag","embeddable":true,"href":"https:\/\/theperfumebottles.com\/sv\/wp-json\/wp\/v2\/product_tag?post=4670"}],"curies":[{"name":"wp","href":"https:\/\/api.w.org\/{rel}","templated":true}]}}