{"id":4707,"date":"2025-07-21T17:54:25","date_gmt":"2025-07-21T09:54:25","guid":{"rendered":"https:\/\/theperfumebottles.com\/?post_type=product&#038;p=4707"},"modified":"2026-04-02T17:19:07","modified_gmt":"2026-04-02T09:19:07","slug":"skincare-set-50g-40ml-100ml-120ml-cosmetic-pump-bottles-wholesale","status":"publish","type":"product","link":"https:\/\/theperfumebottles.com\/sv\/produkt\/skincare-set-50g-40ml-100ml-120ml-cosmetic-pump-bottles-wholesale\/","title":{"rendered":"Hudv\u00e5rdsset 50g 40ml 100ml 120ml Kosmetiska Pumpflaskor Partihandel"},"content":{"rendered":"<p><span class=\"highlights\" data-v-df95d256=\"\">Letar du efter pumpflaskor f\u00f6r kosmetika som kombinerar stil och funktionalitet? Dessa grossistflaskor f\u00f6r hudv\u00e5rd \u00e4r utformade f\u00f6r att inspirera dina sk\u00f6nhetsf\u00f6rpackningar. Som leverant\u00f6r av kosmetiska f\u00f6rpackningar tillverkar vi glasflaskor med skruvkork och pumphuvuden f\u00f6r hudv\u00e5rdsm\u00e4rken som beh\u00f6ver kosmetikabeh\u00e5llare som gl\u00e4nser. Perfekt f\u00f6r ansiktsoljor, serum eller fuktighetskr\u00e4mer \u2013 och ja, de \u00e4r redo att skickas i bulk.<\/span><\/p>\n<h2><strong>Viktiga specifikationer<\/strong><\/h2>\n<table style=\"border-collapse: collapse; width: 80%; margin-left: auto; margin-right: auto;\" border=\"0\" width=\"360\" cellspacing=\"0\" cellpadding=\"0\">\n<tbody>\n<tr style=\"height: 13.50pt;\">\n<td style=\"height: 13.50pt; width: 54.00pt;\" width=\"72\" height=\"18\">Kapacitet<\/td>\n<td style=\"width: 54.00pt;\" width=\"72\">Form<\/td>\n<td style=\"width: 54.00pt;\" width=\"72\">T\u00e4tningsmetoder<\/td>\n<td style=\"width: 54.00pt;\" width=\"72\">Material<\/td>\n<td style=\"width: 54.00pt;\" width=\"72\">Anv\u00e4ndande<\/td>\n<\/tr>\n<tr style=\"height: 13.50pt;\">\n<td style=\"height: 13.50pt;\" height=\"18\">50 g<\/td>\n<td class=\"et2\" rowspan=\"4\">Cylindrisk<\/td>\n<td class=\"et2\" rowspan=\"4\">Pumphuvud\/skruvlock<\/td>\n<td class=\"et2\" rowspan=\"4\">Kristallglas<\/td>\n<td class=\"et2\" rowspan=\"4\">Ansiktslotion, kosmetisk olja\u2026<\/td>\n<\/tr>\n<tr style=\"height: 13.50pt;\">\n<td style=\"height: 13.50pt;\" height=\"18\">40 ml<\/td>\n<\/tr>\n<tr style=\"height: 13.50pt;\">\n<td style=\"height: 13.50pt;\" height=\"18\">100 ml<\/td>\n<\/tr>\n<tr style=\"height: 13.50pt;\">\n<td style=\"height: 13.50pt;\" height=\"18\">120 ml<\/td>\n<\/tr>\n<\/tbody>\n<\/table>\n<h2><span class=\"highlights\" data-v-df95d256=\"\">Framg\u00e5ngsfall: Ett lyxigt hudv\u00e5rdsm\u00e4rkes f\u00f6rpackningsrenovering <\/span><\/h2>\n<p><span class=\"highlights\" data-v-df95d256=\"\">En lyxig hudv\u00e5rdslinje beh\u00f6vde pumpflaskor f\u00f6r kosmetika som matchade deras &#034;rena lyx&#034;-estetik. Vi levererade 100 ml b\u00e4rnstensf\u00e4rgade flaskor med mattsvarta etiketter och guldf\u00e4rgade pumphuvuden. Resultat? En \u00f6kning med 250 % av grossistf\u00f6rs\u00e4ljningen av hudv\u00e5rdsflaskor och lysande recensioner f\u00f6r kosmetikaf\u00f6rpackningens minimalistiska design.<\/span><\/p>\n<p>&nbsp;<\/p>","protected":false},"excerpt":{"rendered":"<p>Eleganta kosmetiska pumpflaskor f\u00f6r grossistprodukter inom hudv\u00e5rd \u2013 anpassningsbara sk\u00f6nhetsf\u00f6rpackningar i bulk.<\/p>","protected":false},"featured_media":4710,"comment_status":"open","ping_status":"closed","template":"","meta":{"_acf_changed":false,"site-sidebar-layout":"default","site-content-layout":"","ast-site-content-layout":"default","site-content-style":"default","site-sidebar-style":"default","ast-global-header-display":"","ast-banner-title-visibility":"","ast-main-header-display":"","ast-hfb-above-header-display":"","ast-hfb-below-header-display":"","ast-hfb-mobile-header-display":"","site-post-title":"","ast-breadcrumbs-content":"","ast-featured-img":"","footer-sml-layout":"","ast-disable-related-posts":"","theme-transparent-header-meta":"default","adv-header-id-meta":"","stick-header-meta":"","header-above-stick-meta":"","header-main-stick-meta":"","header-below-stick-meta":"","astra-migrate-meta-layouts":"set","ast-page-background-enabled":"default","ast-page-background-meta":{"desktop":{"background-color":"var(--ast-global-color-5)","background-image":"","background-repeat":"repeat","background-position":"center center","background-size":"auto","background-attachment":"scroll","background-type":"","background-media":"","overlay-type":"","overlay-color":"","overlay-opacity":"","overlay-gradient":""},"tablet":{"background-color":"","background-image":"","background-repeat":"repeat","background-position":"center center","background-size":"auto","background-attachment":"scroll","background-type":"","background-media":"","overlay-type":"","overlay-color":"","overlay-opacity":"","overlay-gradient":""},"mobile":{"background-color":"","background-image":"","background-repeat":"repeat","background-position":"center center","background-size":"auto","background-attachment":"scroll","background-type":"","background-media":"","overlay-type":"","overlay-color":"","overlay-opacity":"","overlay-gradient":""}},"ast-content-background-meta":{"desktop":{"background-color":"var(--ast-global-color-4)","background-image":"","background-repeat":"repeat","background-position":"center center","background-size":"auto","background-attachment":"scroll","background-type":"","background-media":"","overlay-type":"","overlay-color":"","overlay-opacity":"","overlay-gradient":""},"tablet":{"background-color":"var(--ast-global-color-4)","background-image":"","background-repeat":"repeat","background-position":"center center","background-size":"auto","background-attachment":"scroll","background-type":"","background-media":"","overlay-type":"","overlay-color":"","overlay-opacity":"","overlay-gradient":""},"mobile":{"background-color":"var(--ast-global-color-4)","background-image":"","background-repeat":"repeat","background-position":"center center","background-size":"auto","background-attachment":"scroll","background-type":"","background-media":"","overlay-type":"","overlay-color":"","overlay-opacity":"","overlay-gradient":""}}},"product_brand":[],"product_cat":[236,62,72],"product_tag":[148,149],"class_list":{"0":"post-4707","1":"product","2":"type-product","3":"status-publish","4":"has-post-thumbnail","6":"product_cat-cosmetic-container-set","7":"product_cat-cosmetic-containers","8":"product_cat-cosmetic-packaging","9":"product_tag-cosmetic-pump-bottles","10":"product_tag-wholesale-skincare-bottles","11":"desktop-align-left","12":"tablet-align-left","13":"mobile-align-left","15":"first","16":"instock","17":"shipping-taxable","18":"product-type-simple"},"acf":[],"jetpack_sharing_enabled":true,"_links":{"self":[{"href":"https:\/\/theperfumebottles.com\/sv\/wp-json\/wp\/v2\/product\/4707","targetHints":{"allow":["GET"]}}],"collection":[{"href":"https:\/\/theperfumebottles.com\/sv\/wp-json\/wp\/v2\/product"}],"about":[{"href":"https:\/\/theperfumebottles.com\/sv\/wp-json\/wp\/v2\/types\/product"}],"replies":[{"embeddable":true,"href":"https:\/\/theperfumebottles.com\/sv\/wp-json\/wp\/v2\/comments?post=4707"}],"wp:featuredmedia":[{"embeddable":true,"href":"https:\/\/theperfumebottles.com\/sv\/wp-json\/wp\/v2\/media\/4710"}],"wp:attachment":[{"href":"https:\/\/theperfumebottles.com\/sv\/wp-json\/wp\/v2\/media?parent=4707"}],"wp:term":[{"taxonomy":"product_brand","embeddable":true,"href":"https:\/\/theperfumebottles.com\/sv\/wp-json\/wp\/v2\/product_brand?post=4707"},{"taxonomy":"product_cat","embeddable":true,"href":"https:\/\/theperfumebottles.com\/sv\/wp-json\/wp\/v2\/product_cat?post=4707"},{"taxonomy":"product_tag","embeddable":true,"href":"https:\/\/theperfumebottles.com\/sv\/wp-json\/wp\/v2\/product_tag?post=4707"}],"curies":[{"name":"wp","href":"https:\/\/api.w.org\/{rel}","templated":true}]}}