{"id":4727,"date":"2025-07-21T18:01:50","date_gmt":"2025-07-21T10:01:50","guid":{"rendered":"https:\/\/theperfumebottles.com\/?post_type=product&#038;p=4727"},"modified":"2026-03-26T17:11:04","modified_gmt":"2026-03-26T09:11:04","slug":"bulk-cosmetic-containers-for-skincare-packaging","status":"publish","type":"product","link":"https:\/\/theperfumebottles.com\/sv\/produkt\/bulk-cosmetic-containers-for-skincare-packaging\/","title":{"rendered":"Bulk kosmetiska beh\u00e5llare f\u00f6r hudv\u00e5rdsf\u00f6rpackningar 20g"},"content":{"rendered":"<p>Denna sofistikerade och distinkta kosmetikabeh\u00e5llare \u00e4r sf\u00e4riskt utformad med en lyxig och kristallklar glasbotten och ett rikt texturerat mattguldlock, som kr\u00f6ns med en fin sf\u00e4risk knopp.<\/p>\n<h2><span class=\"highlights\" data-v-df95d256=\"\">Viktiga specifikationer<\/span><\/h2>\n<table style=\"border-collapse: collapse; width: 80%; height: 24px; margin-left: auto; margin-right: auto;\" border=\"0\" width=\"432\" cellspacing=\"0\" cellpadding=\"0\">\n<tbody>\n<tr style=\"height: 13.50pt;\">\n<td style=\"height: 13.50pt; width: 54.00pt;\" width=\"72\" height=\"18\">Kapacitet<\/td>\n<td style=\"width: 54.00pt;\" width=\"72\">Form<\/td>\n<td style=\"width: 54.00pt;\" width=\"72\">T\u00e4tning<\/td>\n<td style=\"width: 54.00pt;\" width=\"72\">Material<\/td>\n<td style=\"width: 54.00pt;\" width=\"72\">F\u00e4rgalternativ<\/td>\n<td style=\"width: 54.00pt;\" width=\"72\">Anv\u00e4nda<\/td>\n<\/tr>\n<tr style=\"height: 13.50pt;\">\n<td style=\"height: 13.50pt;\" height=\"18\">20 g<\/td>\n<td>Runda<\/td>\n<td>Skruvkork + metall\/plast<\/td>\n<td>Glas<\/td>\n<td>Tydliga, anpassade f\u00e4rger<\/td>\n<td>\u00d6gonkr\u00e4m, ansiktsserum<\/td>\n<\/tr>\n<\/tbody>\n<\/table>\n<h2><span class=\"highlights\" data-v-df95d256=\"\">Framg\u00e5ngsfall<\/span><\/h2>\n<p>Ett lyxigt hudv\u00e5rdsf\u00f6retag med huvudkontor i Mellan\u00f6stern antog v\u00e5r exklusiva 50 ml unika kosmetikaf\u00f6rpackning, med en personlig matt ros\u00e9guldf\u00e4rgad metalltopp och ett utsmyckat snidat m\u00f6nster p\u00e5 knoppen. Deras marknadsf\u00f6ring kretsade kring denna flaska och de s\u00e5g en 300 procents interaktion p\u00e5 sociala medier och en 95 procents f\u00f6rs\u00e4ljningsgrad i lyxvaruhus. Denna massiva varum\u00e4rkesframg\u00e5ng ledde till ytterligare en best\u00e4llning p\u00e5 250 000 flaskor som exklusiv f\u00f6rpackning till deras n\u00e4sta tre\u00e5rskollektion \u2013 Icon.<\/p>\n<h2><span class=\"highlights\" data-v-df95d256=\"\">Anpassningstips f\u00f6r bulkbeh\u00e5llare av kosmetika<\/span><\/h2>\n<ul>\n<li><span class=\"highlights\" data-v-df95d256=\"\"><strong>Logotypdesign:<\/strong> Anv\u00e4nd minimalistiska typsnitt f\u00f6r en ren estetik eller livfulla \u00f6gonblicksbilder f\u00f6r ambiti\u00f6s varum\u00e4rkesbyggande. <\/span><\/li>\n<li><span class=\"highlights\" data-v-df95d256=\"\"><strong>Avslutsalternativ:<\/strong> L\u00e4gg till graverade varum\u00e4rken eller tonat glas f\u00f6r att f\u00f6rb\u00e4ttra din l\u00e5das layout.<\/span><\/li>\n<\/ul>","protected":false},"excerpt":{"rendered":"<p>Lyxiga sf\u00e4riska kosmetikbeh\u00e5llare i bulk med guldf\u00e4rgat lock. Unika kosmetikf\u00f6rpackningar f\u00f6r premiumm\u00e4rken. Anpassade alternativ finns tillg\u00e4ngliga f\u00f6r varum\u00e4rkesbyggande.<\/p>","protected":false},"featured_media":4728,"comment_status":"open","ping_status":"closed","template":"","meta":{"_acf_changed":false,"site-sidebar-layout":"default","site-content-layout":"","ast-site-content-layout":"default","site-content-style":"default","site-sidebar-style":"default","ast-global-header-display":"","ast-banner-title-visibility":"","ast-main-header-display":"","ast-hfb-above-header-display":"","ast-hfb-below-header-display":"","ast-hfb-mobile-header-display":"","site-post-title":"","ast-breadcrumbs-content":"","ast-featured-img":"","footer-sml-layout":"","ast-disable-related-posts":"","theme-transparent-header-meta":"default","adv-header-id-meta":"","stick-header-meta":"","header-above-stick-meta":"","header-main-stick-meta":"","header-below-stick-meta":"","astra-migrate-meta-layouts":"set","ast-page-background-enabled":"default","ast-page-background-meta":{"desktop":{"background-color":"var(--ast-global-color-5)","background-image":"","background-repeat":"repeat","background-position":"center center","background-size":"auto","background-attachment":"scroll","background-type":"","background-media":"","overlay-type":"","overlay-color":"","overlay-opacity":"","overlay-gradient":""},"tablet":{"background-color":"","background-image":"","background-repeat":"repeat","background-position":"center center","background-size":"auto","background-attachment":"scroll","background-type":"","background-media":"","overlay-type":"","overlay-color":"","overlay-opacity":"","overlay-gradient":""},"mobile":{"background-color":"","background-image":"","background-repeat":"repeat","background-position":"center center","background-size":"auto","background-attachment":"scroll","background-type":"","background-media":"","overlay-type":"","overlay-color":"","overlay-opacity":"","overlay-gradient":""}},"ast-content-background-meta":{"desktop":{"background-color":"var(--ast-global-color-4)","background-image":"","background-repeat":"repeat","background-position":"center center","background-size":"auto","background-attachment":"scroll","background-type":"","background-media":"","overlay-type":"","overlay-color":"","overlay-opacity":"","overlay-gradient":""},"tablet":{"background-color":"var(--ast-global-color-4)","background-image":"","background-repeat":"repeat","background-position":"center center","background-size":"auto","background-attachment":"scroll","background-type":"","background-media":"","overlay-type":"","overlay-color":"","overlay-opacity":"","overlay-gradient":""},"mobile":{"background-color":"var(--ast-global-color-4)","background-image":"","background-repeat":"repeat","background-position":"center center","background-size":"auto","background-attachment":"scroll","background-type":"","background-media":"","overlay-type":"","overlay-color":"","overlay-opacity":"","overlay-gradient":""}}},"product_brand":[],"product_cat":[56,62,72],"product_tag":[155,156],"class_list":{"0":"post-4727","1":"product","2":"type-product","3":"status-publish","4":"has-post-thumbnail","6":"product_cat-cosmetic-jars","7":"product_cat-cosmetic-containers","8":"product_cat-cosmetic-packaging","9":"product_tag-bulk-cosmetic-containers","10":"product_tag-unique-cosmetic-packaging","11":"desktop-align-left","12":"tablet-align-left","13":"mobile-align-left","15":"first","16":"instock","17":"shipping-taxable","18":"product-type-simple"},"acf":[],"jetpack_sharing_enabled":true,"_links":{"self":[{"href":"https:\/\/theperfumebottles.com\/sv\/wp-json\/wp\/v2\/product\/4727","targetHints":{"allow":["GET"]}}],"collection":[{"href":"https:\/\/theperfumebottles.com\/sv\/wp-json\/wp\/v2\/product"}],"about":[{"href":"https:\/\/theperfumebottles.com\/sv\/wp-json\/wp\/v2\/types\/product"}],"replies":[{"embeddable":true,"href":"https:\/\/theperfumebottles.com\/sv\/wp-json\/wp\/v2\/comments?post=4727"}],"wp:featuredmedia":[{"embeddable":true,"href":"https:\/\/theperfumebottles.com\/sv\/wp-json\/wp\/v2\/media\/4728"}],"wp:attachment":[{"href":"https:\/\/theperfumebottles.com\/sv\/wp-json\/wp\/v2\/media?parent=4727"}],"wp:term":[{"taxonomy":"product_brand","embeddable":true,"href":"https:\/\/theperfumebottles.com\/sv\/wp-json\/wp\/v2\/product_brand?post=4727"},{"taxonomy":"product_cat","embeddable":true,"href":"https:\/\/theperfumebottles.com\/sv\/wp-json\/wp\/v2\/product_cat?post=4727"},{"taxonomy":"product_tag","embeddable":true,"href":"https:\/\/theperfumebottles.com\/sv\/wp-json\/wp\/v2\/product_tag?post=4727"}],"curies":[{"name":"wp","href":"https:\/\/api.w.org\/{rel}","templated":true}]}}