{"id":4762,"date":"2025-07-22T17:44:55","date_gmt":"2025-07-22T09:44:55","guid":{"rendered":"https:\/\/theperfumebottles.com\/?post_type=product&#038;p=4762"},"modified":"2026-04-01T15:02:00","modified_gmt":"2026-04-01T07:02:00","slug":"custom-cosmetic-jars-makeup-pump-bottles-wholesale","status":"publish","type":"product","link":"https:\/\/theperfumebottles.com\/sv\/produkt\/custom-cosmetic-jars-makeup-pump-bottles-wholesale\/","title":{"rendered":"50g 30ml 40ml 100ml 120ml Anpassade Kosmetikburkar \u2013 Sminkpumpflaskor Partihandel"},"content":{"rendered":"<p>Letar du efter specialdesignade kosmetikaburkar som blandar elegans med praktiska egenskaper? Denna kollektion av praktburkar i glas visar upp v\u00e5ra kroppar i mattvitt eller rent glas som kompletteras med snygga silverpl\u00e4terade lock. Skr\u00e4ddarsydda f\u00f6r hudv\u00e5rdstillverkare inkluderar burkar f\u00f6r ansiktskr\u00e4m, serumflaskor och sminkflaskor med pumpfunktion \u2013 perfekta f\u00f6r enast\u00e5ende och effektfulla sk\u00f6nhetsf\u00f6rpackningar.<\/p>\n<h2><span class=\"highlights\" data-v-df95d256=\"\">Viktiga specifikationer<\/span><\/h2>\n<table style=\"margin-left: auto; margin-right: auto; border-collapse: collapse; width: 80%; height: 290px;\" border=\"0\" width=\"360\" cellspacing=\"0\" cellpadding=\"0\">\n<tbody>\n<tr style=\"height: 13.50pt;\">\n<td style=\"height: 13.50pt; width: 54.00pt;\" width=\"72\" height=\"18\">Kapacitet<\/td>\n<td style=\"width: 54.00pt;\" width=\"72\">T\u00e4tning<\/td>\n<td style=\"width: 54.00pt;\" width=\"72\">Material<\/td>\n<td style=\"width: 54.00pt;\" width=\"72\">F\u00e4rgalternativ<\/td>\n<td style=\"width: 54.00pt;\" width=\"72\">Anv\u00e4ndande<\/td>\n<\/tr>\n<tr style=\"height: 13.50pt;\">\n<td style=\"height: 13.50pt;\" height=\"18\">30 ml<\/td>\n<td class=\"et2\" rowspan=\"4\">Pumphuvud eller skruvlock<\/td>\n<td class=\"et2\" rowspan=\"5\">Soda-limeglas<\/td>\n<td class=\"et2\" rowspan=\"5\">White, clear, black, amber, as you requir<\/td>\n<td class=\"et2\" rowspan=\"5\">Ansiktslotion, kosmetisk olja\u2026<\/td>\n<\/tr>\n<tr style=\"height: 13.50pt;\">\n<td style=\"height: 13.50pt;\" height=\"18\">40 ml<\/td>\n<\/tr>\n<tr style=\"height: 13.50pt;\">\n<td style=\"height: 13.50pt;\" height=\"18\">100 ml<\/td>\n<\/tr>\n<tr style=\"height: 13.50pt;\">\n<td style=\"height: 13.50pt;\" height=\"18\">120 ml<\/td>\n<\/tr>\n<tr style=\"height: 13.50pt;\">\n<td style=\"height: 13.50pt;\" height=\"18\">50 g<\/td>\n<td>Skruvkork + plast-\/metalllock<\/td>\n<\/tr>\n<\/tbody>\n<\/table>\n<h2><span class=\"highlights\" data-v-df95d256=\"\">Framg\u00e5ngsfall: Ett lyxigt hudv\u00e5rdsm\u00e4rkes f\u00f6rpackningsrenovering <\/span><\/h2>\n<p><span class=\"highlights\" data-v-df95d256=\"\">En lyxig hudv\u00e5rdslinje beh\u00f6vde specialdesignade kosmetikaburkar som matchade deras tema &#034;ren elegans&#034;. Vi levererade 100 ml mattvita burkar med f\u00f6rsilvrade skruvkorkar och specialdesignade guldetiketter. Resultat? En \u00f6kning med 300 % i f\u00f6rs\u00e4ljningen av sminkflaskor med pumpar och ett reportage i en ledande tidskrift f\u00f6r sk\u00f6nhetsf\u00f6rpackningar.<\/span><\/p>\n<h2><span class=\"highlights\" data-v-df95d256=\"\">Anpassningstips f\u00f6r ditt varum\u00e4rke <\/span><\/h2>\n<ul>\n<li><span class=\"highlights\" data-v-df95d256=\"\"><strong>F\u00e4rgalternativ:<\/strong> B\u00f6rja med mattvitt f\u00f6r enkelhetens skull eller byt till b\u00e4rnstensf\u00e4rgat glas f\u00f6r en fin dimma i serumet. <\/span><\/li>\n<li><span class=\"highlights\" data-v-df95d256=\"\"><strong>Logotypdesign:<\/strong> Anv\u00e4nd minimalistiska typsnitt f\u00f6r en exklusiv k\u00e4nsla eller livfull grafik f\u00f6r dj\u00e4rv varum\u00e4rkesbyggande. <\/span><\/li>\n<li><span aria-hidden=\"true\"><strong>Personaliseringsfunktioner:<\/strong> Du kan anpassa dina beh\u00e5llare med metoder som lasergraverade logotyper eller tonat glas.<\/span><\/li>\n<\/ul>","protected":false},"excerpt":{"rendered":"<p>Premium specialdesignade kosmetikaburkar och sminkflaskor med pump f\u00f6r hudv\u00e5rdsf\u00f6rpackningar. Milj\u00f6v\u00e4nliga, redo att skickas i bulk med specialdesignade etiketter. Uppt\u00e4ck p\u00e5 v\u00e5r hemsida!<\/p>","protected":false},"featured_media":4763,"comment_status":"open","ping_status":"closed","template":"","meta":{"_acf_changed":false,"site-sidebar-layout":"default","site-content-layout":"","ast-site-content-layout":"default","site-content-style":"default","site-sidebar-style":"default","ast-global-header-display":"","ast-banner-title-visibility":"","ast-main-header-display":"","ast-hfb-above-header-display":"","ast-hfb-below-header-display":"","ast-hfb-mobile-header-display":"","site-post-title":"","ast-breadcrumbs-content":"","ast-featured-img":"","footer-sml-layout":"","ast-disable-related-posts":"","theme-transparent-header-meta":"default","adv-header-id-meta":"","stick-header-meta":"","header-above-stick-meta":"","header-main-stick-meta":"","header-below-stick-meta":"","astra-migrate-meta-layouts":"set","ast-page-background-enabled":"default","ast-page-background-meta":{"desktop":{"background-color":"var(--ast-global-color-5)","background-image":"","background-repeat":"repeat","background-position":"center center","background-size":"auto","background-attachment":"scroll","background-type":"","background-media":"","overlay-type":"","overlay-color":"","overlay-opacity":"","overlay-gradient":""},"tablet":{"background-color":"","background-image":"","background-repeat":"repeat","background-position":"center center","background-size":"auto","background-attachment":"scroll","background-type":"","background-media":"","overlay-type":"","overlay-color":"","overlay-opacity":"","overlay-gradient":""},"mobile":{"background-color":"","background-image":"","background-repeat":"repeat","background-position":"center center","background-size":"auto","background-attachment":"scroll","background-type":"","background-media":"","overlay-type":"","overlay-color":"","overlay-opacity":"","overlay-gradient":""}},"ast-content-background-meta":{"desktop":{"background-color":"var(--ast-global-color-4)","background-image":"","background-repeat":"repeat","background-position":"center center","background-size":"auto","background-attachment":"scroll","background-type":"","background-media":"","overlay-type":"","overlay-color":"","overlay-opacity":"","overlay-gradient":""},"tablet":{"background-color":"var(--ast-global-color-4)","background-image":"","background-repeat":"repeat","background-position":"center center","background-size":"auto","background-attachment":"scroll","background-type":"","background-media":"","overlay-type":"","overlay-color":"","overlay-opacity":"","overlay-gradient":""},"mobile":{"background-color":"var(--ast-global-color-4)","background-image":"","background-repeat":"repeat","background-position":"center center","background-size":"auto","background-attachment":"scroll","background-type":"","background-media":"","overlay-type":"","overlay-color":"","overlay-opacity":"","overlay-gradient":""}}},"product_brand":[],"product_cat":[236,62,72],"product_tag":[159,160],"class_list":{"0":"post-4762","1":"product","2":"type-product","3":"status-publish","4":"has-post-thumbnail","6":"product_cat-cosmetic-container-set","7":"product_cat-cosmetic-containers","8":"product_cat-cosmetic-packaging","9":"product_tag-custom-cosmetic-jars","10":"product_tag-makeup-pump-bottle","11":"desktop-align-left","12":"tablet-align-left","13":"mobile-align-left","15":"first","16":"instock","17":"shipping-taxable","18":"product-type-simple"},"acf":[],"jetpack_sharing_enabled":true,"_links":{"self":[{"href":"https:\/\/theperfumebottles.com\/sv\/wp-json\/wp\/v2\/product\/4762","targetHints":{"allow":["GET"]}}],"collection":[{"href":"https:\/\/theperfumebottles.com\/sv\/wp-json\/wp\/v2\/product"}],"about":[{"href":"https:\/\/theperfumebottles.com\/sv\/wp-json\/wp\/v2\/types\/product"}],"replies":[{"embeddable":true,"href":"https:\/\/theperfumebottles.com\/sv\/wp-json\/wp\/v2\/comments?post=4762"}],"wp:featuredmedia":[{"embeddable":true,"href":"https:\/\/theperfumebottles.com\/sv\/wp-json\/wp\/v2\/media\/4763"}],"wp:attachment":[{"href":"https:\/\/theperfumebottles.com\/sv\/wp-json\/wp\/v2\/media?parent=4762"}],"wp:term":[{"taxonomy":"product_brand","embeddable":true,"href":"https:\/\/theperfumebottles.com\/sv\/wp-json\/wp\/v2\/product_brand?post=4762"},{"taxonomy":"product_cat","embeddable":true,"href":"https:\/\/theperfumebottles.com\/sv\/wp-json\/wp\/v2\/product_cat?post=4762"},{"taxonomy":"product_tag","embeddable":true,"href":"https:\/\/theperfumebottles.com\/sv\/wp-json\/wp\/v2\/product_tag?post=4762"}],"curies":[{"name":"wp","href":"https:\/\/api.w.org\/{rel}","templated":true}]}}