{"id":4779,"date":"2025-07-22T17:54:09","date_gmt":"2025-07-22T09:54:09","guid":{"rendered":"https:\/\/theperfumebottles.com\/?post_type=product&#038;p=4779"},"modified":"2026-03-27T16:41:05","modified_gmt":"2026-03-27T08:41:05","slug":"amber-tincture-bottles-with-dropper-glass-bottles-supplier","status":"publish","type":"product","link":"https:\/\/theperfumebottles.com\/sv\/produkt\/amber-tincture-bottles-with-dropper-glass-bottles-supplier\/","title":{"rendered":"B\u00e4rnstenstinkturflaskor med pipett | Glasflaskor 15 ml\u2013120 ml"},"content":{"rendered":"<p>Serien med b\u00e4rnstenstinkturflaskor har den klassiska runda formen med en rak kropp och sluttande axlar som bildar en j\u00e4mn kontur mellan kropp och hals f\u00f6r ett rent och professionellt utseende. Dessa b\u00e4rnstensf\u00e4rgade glasflaskor \u00e4r tillverkade av b\u00e4rnstensf\u00e4rgat glas av h\u00f6gsta kvalitet vilket ger bra UV-skydd f\u00f6r ljusk\u00e4nsliga produkter. Den g\u00e4ngade halsen \u00e4r standard och \u00e4r kompatibel med olika f\u00f6rslutningar, s\u00e5som droppare i aluminium, plast eller bambu, sprayhuvuden och pumpdispensrar. Denna serie finns \u00e4ven i 15 ml, 30 ml, 60 ml, 100 ml och 120 ml kapacitet, vilket underl\u00e4ttar skapandet av flexibla produktlinjer och varum\u00e4rkesbyggande.<\/p>\n<h2><span class=\"highlights\" data-v-df95d256=\"\">Viktiga specifikationer<\/span><\/h2>\n<table style=\"border-collapse: collapse; width: 879px; height: 272px; margin-left: 200px;\" border=\"0\" width=\"144\" cellspacing=\"0\" cellpadding=\"0\">\n<tbody>\n<tr style=\"height: 13.50pt;\">\n<td style=\"height: 13.50pt; width: 30%;\" width=\"72\" height=\"18\">Produkt<\/td>\n<td style=\"width: 54.00pt;\" width=\"72\">B\u00e4rnstensf\u00e4rgad glasflaska med dropp<\/td>\n<\/tr>\n<tr style=\"height: 13.50pt;\">\n<td style=\"height: 13.50pt;\" height=\"18\">Kapacitet<\/td>\n<td>15 ml, 30 ml, 60 ml, 100 ml, 120 ml<\/td>\n<\/tr>\n<tr style=\"height: 13.50pt;\">\n<td style=\"height: 13.50pt;\" height=\"18\">Form<\/td>\n<td>Rak design f\u00f6r modern estetik<\/td>\n<\/tr>\n<tr style=\"height: 13.50pt;\">\n<td style=\"height: 13.50pt;\" height=\"18\">Tillbeh\u00f6rsalternativ<\/td>\n<td>Lotionpump, sprayflaska, pipett, skruvkork<\/td>\n<\/tr>\n<tr style=\"height: 13.50pt;\">\n<td style=\"height: 13.50pt;\" height=\"18\">Material<\/td>\n<td>Soda-limeglas<\/td>\n<\/tr>\n<tr style=\"height: 13.50pt;\">\n<td style=\"height: 13.50pt;\" height=\"18\">F\u00e4rg<\/td>\n<td>B\u00e4rnsten (UV-skyddande nyans)<\/td>\n<\/tr>\n<tr style=\"height: 13.50pt;\">\n<td style=\"height: 13.50pt;\" height=\"18\">Prim\u00e4r anv\u00e4ndning<\/td>\n<td>Ansiktssprayer, toners, kroppsoljor och kosmetikaf\u00f6rpackningar<\/td>\n<\/tr>\n<\/tbody>\n<\/table>\n<h2>Ans\u00f6kan<\/h2>\n<p>S\u00e5dana b\u00e4rnstensf\u00e4rgade tinkturflaskor har omfattande anv\u00e4ndningsomr\u00e5den inom l\u00e4kemedels-, kosmetika- och wellnesssektorn. De \u00e4r perfekta f\u00f6r f\u00f6rpackning av eteriska oljor, tinkturer, serum, \u00f6rtextrakt och v\u00e4tskor i hudv\u00e5rdsprodukter. De kan anv\u00e4ndas i detaljhandeln, f\u00f6r intern etikettering och i bulkleveranser med flera doseringsmetoder: precisionsdispensering, misting eller pumpning f\u00f6r att s\u00e4kerst\u00e4lla produktens skydd samt enkel \u00e5tkomst f\u00f6r slutanv\u00e4ndaren.<\/p>\n<h2><span class=\"highlights\" data-v-df95d256=\"\">Framg\u00e5ngssaga: Ett varum\u00e4rke med specialanpassade dispensrar <\/span><\/h2>\n<p><span class=\"highlights\" data-v-df95d256=\"\">En v\u00e4xande hudv\u00e5rdsstartup samarbetade med oss \u200b\u200bf\u00f6r att designa kosmetiska pumpdispensrar f\u00f6r sitt nya hyaluronsyraserum. De valde 100 ml b\u00e4rnstensf\u00e4rgade glasflaskor med fin dimspray f\u00f6r enkel applicering. Genom att best\u00e4lla kosmetiska sprayflaskor i grossistledet s\u00e4nkte de kostnaderna med 25 % och lanserade en leveransklar kampanj som \u00f6kade synligheten p\u00e5 deras hemsida p\u00e5 Amazon. F\u00f6rs\u00e4ljningen \u00f6kade med 40 % p\u00e5 bara tv\u00e5 m\u00e5nader!<\/span><\/p>\n<h2><span class=\"highlights\" data-v-df95d256=\"\">Anpassningstips f\u00f6r dig <\/span><\/h2>\n<ul>\n<li><span class=\"highlights\" data-v-df95d256=\"\"><strong>F\u00e4rgkonsistens:<\/strong> B\u00e4rnstensf\u00e4rgat glas \u00e4r inte bara snyggt \u2013 det skyddar mot ljusnedbrytning. H\u00e5ll dig till det f\u00f6r k\u00e4nsliga formulor. <\/span><\/li>\n<li><span class=\"highlights\" data-v-df95d256=\"\"><strong>Etikett K\u00e4rlek:<\/strong> L\u00e4gg till pr\u00e4glade logotyper eller QR-koder p\u00e5 ditt paket f\u00f6r en exklusiv touch. <\/span><\/li>\n<li><span class=\"highlights\" data-v-df95d256=\"\"><strong>Finish avslut:<\/strong> Matt vs. Elegant? Matcha din finish med ditt varum\u00e4rkes k\u00e4nsla \u2013 matt f\u00f6r minimalistiska linjer, elegant f\u00f6r lyxigt.<\/span><\/li>\n<\/ul>","protected":false},"excerpt":{"rendered":"<p>Bulkflaskor med b\u00e4rnstenstinktur med dropp-, spray- eller pumpalternativ. Idealisk f\u00f6r private label-, grossist- och OEM-f\u00f6rpackning av oljor, serum och extrakt.<\/p>","protected":false},"featured_media":7490,"comment_status":"open","ping_status":"closed","template":"","meta":{"_acf_changed":false,"site-sidebar-layout":"default","site-content-layout":"","ast-site-content-layout":"default","site-content-style":"default","site-sidebar-style":"default","ast-global-header-display":"","ast-banner-title-visibility":"","ast-main-header-display":"","ast-hfb-above-header-display":"","ast-hfb-below-header-display":"","ast-hfb-mobile-header-display":"","site-post-title":"","ast-breadcrumbs-content":"","ast-featured-img":"","footer-sml-layout":"","ast-disable-related-posts":"","theme-transparent-header-meta":"default","adv-header-id-meta":"","stick-header-meta":"","header-above-stick-meta":"","header-main-stick-meta":"","header-below-stick-meta":"","astra-migrate-meta-layouts":"set","ast-page-background-enabled":"default","ast-page-background-meta":{"desktop":{"background-color":"var(--ast-global-color-5)","background-image":"","background-repeat":"repeat","background-position":"center center","background-size":"auto","background-attachment":"scroll","background-type":"","background-media":"","overlay-type":"","overlay-color":"","overlay-opacity":"","overlay-gradient":""},"tablet":{"background-color":"","background-image":"","background-repeat":"repeat","background-position":"center center","background-size":"auto","background-attachment":"scroll","background-type":"","background-media":"","overlay-type":"","overlay-color":"","overlay-opacity":"","overlay-gradient":""},"mobile":{"background-color":"","background-image":"","background-repeat":"repeat","background-position":"center center","background-size":"auto","background-attachment":"scroll","background-type":"","background-media":"","overlay-type":"","overlay-color":"","overlay-opacity":"","overlay-gradient":""}},"ast-content-background-meta":{"desktop":{"background-color":"var(--ast-global-color-4)","background-image":"","background-repeat":"repeat","background-position":"center center","background-size":"auto","background-attachment":"scroll","background-type":"","background-media":"","overlay-type":"","overlay-color":"","overlay-opacity":"","overlay-gradient":""},"tablet":{"background-color":"var(--ast-global-color-4)","background-image":"","background-repeat":"repeat","background-position":"center center","background-size":"auto","background-attachment":"scroll","background-type":"","background-media":"","overlay-type":"","overlay-color":"","overlay-opacity":"","overlay-gradient":""},"mobile":{"background-color":"var(--ast-global-color-4)","background-image":"","background-repeat":"repeat","background-position":"center center","background-size":"auto","background-attachment":"scroll","background-type":"","background-media":"","overlay-type":"","overlay-color":"","overlay-opacity":"","overlay-gradient":""}}},"product_brand":[],"product_cat":[59,62,72,57],"product_tag":[165,166],"class_list":{"0":"post-4779","1":"product","2":"type-product","3":"status-publish","4":"has-post-thumbnail","6":"product_cat-glass-dropper-bottles","7":"product_cat-cosmetic-containers","8":"product_cat-cosmetic-packaging","9":"product_cat-essential-oil-bottles","10":"product_tag-cosmetic-pump-dispenser","11":"product_tag-cosmetic-spray-bottles-wholesale","12":"desktop-align-left","13":"tablet-align-left","14":"mobile-align-left","16":"first","17":"instock","18":"shipping-taxable","19":"product-type-simple"},"acf":[],"jetpack_sharing_enabled":true,"_links":{"self":[{"href":"https:\/\/theperfumebottles.com\/sv\/wp-json\/wp\/v2\/product\/4779","targetHints":{"allow":["GET"]}}],"collection":[{"href":"https:\/\/theperfumebottles.com\/sv\/wp-json\/wp\/v2\/product"}],"about":[{"href":"https:\/\/theperfumebottles.com\/sv\/wp-json\/wp\/v2\/types\/product"}],"replies":[{"embeddable":true,"href":"https:\/\/theperfumebottles.com\/sv\/wp-json\/wp\/v2\/comments?post=4779"}],"wp:featuredmedia":[{"embeddable":true,"href":"https:\/\/theperfumebottles.com\/sv\/wp-json\/wp\/v2\/media\/7490"}],"wp:attachment":[{"href":"https:\/\/theperfumebottles.com\/sv\/wp-json\/wp\/v2\/media?parent=4779"}],"wp:term":[{"taxonomy":"product_brand","embeddable":true,"href":"https:\/\/theperfumebottles.com\/sv\/wp-json\/wp\/v2\/product_brand?post=4779"},{"taxonomy":"product_cat","embeddable":true,"href":"https:\/\/theperfumebottles.com\/sv\/wp-json\/wp\/v2\/product_cat?post=4779"},{"taxonomy":"product_tag","embeddable":true,"href":"https:\/\/theperfumebottles.com\/sv\/wp-json\/wp\/v2\/product_tag?post=4779"}],"curies":[{"name":"wp","href":"https:\/\/api.w.org\/{rel}","templated":true}]}}