{"id":4829,"date":"2025-07-23T15:52:08","date_gmt":"2025-07-23T07:52:08","guid":{"rendered":"https:\/\/theperfumebottles.com\/?post_type=product&#038;p=4829"},"modified":"2026-03-27T14:56:33","modified_gmt":"2026-03-27T06:56:33","slug":"glass-cosmetic-packaging-containers-50ml-skincare-jars-wholesale","status":"publish","type":"product","link":"https:\/\/theperfumebottles.com\/sv\/produkt\/glass-cosmetic-packaging-containers-50ml-skincare-jars-wholesale\/","title":{"rendered":"Glasbeh\u00e5llare f\u00f6r kosmetika \u2013 50 ml hudv\u00e5rdsburkar grossist"},"content":{"rendered":"<p>Dessa kosmetiska beh\u00e5llare har en vit frostad glasburk med ett sl\u00e4tt metalllock eller silverf\u00e4rgat metalllock. Kanterna \u00e4r mycket fint rullade vilket g\u00f6r dem perfekta f\u00f6r att visa upp kr\u00e4mer, l\u00e4ppbalsam och lyxiga hudv\u00e5rdsprodukter.<\/p>\n<h2>Viktiga specifikationer<\/h2>\n<table style=\"border-collapse: collapse; width: 580px; height: 135px; margin-left: 360px;\" border=\"0\" width=\"144\" cellspacing=\"0\" cellpadding=\"0\">\n<tbody>\n<tr style=\"height: 13.50pt;\">\n<td style=\"height: 13.50pt; width: 54.00pt;\" width=\"72\" height=\"18\">S\u00e4rdrag<\/td>\n<td style=\"width: 54.00pt;\" width=\"72\">Detalj<\/td>\n<\/tr>\n<tr style=\"height: 13.50pt;\">\n<td style=\"height: 13.50pt;\" height=\"18\">Kapacitet<\/td>\n<td>50 ml<\/td>\n<\/tr>\n<tr style=\"height: 13.50pt;\">\n<td style=\"height: 13.50pt;\" height=\"18\">Form<\/td>\n<td>Runda<\/td>\n<\/tr>\n<tr style=\"height: 13.50pt;\">\n<td style=\"height: 13.50pt;\" height=\"18\">T\u00e4tning<\/td>\n<td>G\u00e4ngat + Aluminiumlock<\/td>\n<\/tr>\n<tr style=\"height: 13.50pt;\">\n<td style=\"height: 13.50pt;\" height=\"18\">Material<\/td>\n<td>Glas<\/td>\n<\/tr>\n<tr style=\"height: 13.50pt;\">\n<td style=\"height: 13.50pt;\" height=\"18\">F\u00e4rger<\/td>\n<td>Frostad klar (anpassade alternativ)<\/td>\n<\/tr>\n<tr style=\"height: 13.50pt;\">\n<td style=\"height: 13.50pt;\" height=\"18\">Anv\u00e4ndningsfall<\/td>\n<td>\u00d6gonkr\u00e4m, provf\u00f6rpackning f\u00f6r lotion<\/td>\n<\/tr>\n<\/tbody>\n<\/table>\n<h2>Framg\u00e5ngssaga: Omprofilering av ett europeiskt hudv\u00e5rdsm\u00e4rke<\/h2>\n<p>V\u00e5r 50 ml frostade kosmetikaf\u00f6rpackning valdes ut av ett europeiskt hudv\u00e5rdsm\u00e4rke och silverlocket borstades och pr\u00e4glades med en varum\u00e4rkeslogotyp. Den t\u00e4ckta ytan minimerade ljusexponeringen med 40 po\u00e4ng. F\u00f6rpackningens taktila k\u00e4nsla f\u00f6rb\u00e4ttrades (med 60 po\u00e4ng) vad g\u00e4ller kundn\u00f6jdhet. Varum\u00e4rket har varit mycket framg\u00e5ngsrikt och best\u00e4llde senare ytterligare 300 000 burkar av sin nya serum- och \u00f6gonkr\u00e4mslinje.<\/p>\n<h2>Tips f\u00f6r anpassning<\/h2>\n<ul>\n<li><strong>Mixa och matcha:<\/strong> Koppla ihop burkarna med fina dimsprutor f\u00f6r en sammanh\u00e4ngande bunt.<\/li>\n<li><strong>M\u00e4rk ut som ett proffs:<\/strong> Anv\u00e4nd pr\u00e4glad text eller holografiska accenter f\u00f6r att f\u00e5 din beh\u00e5llare att synas p\u00e5 hemsidan.<\/li>\n<li><strong>Bli gr\u00f6n:<\/strong>L\u00e4gg till en milj\u00f6v\u00e4nlig twist genom att anv\u00e4nda fr\u00f6pappersetiketter p\u00e5 dina burkar \u2013 kunderna kan plantera dem efter anv\u00e4ndning f\u00f6r att odla vildblommor eller \u00f6rter.<\/li>\n<\/ul>","protected":false},"excerpt":{"rendered":"<p>50 ml kosmetikf\u00f6rpackning i glas med silverlock f\u00f6r premium sk\u00f6nhetsf\u00f6rpackningar. Perfekt f\u00f6r \u00f6gonkr\u00e4m, provf\u00f6rpackningar och kosmetikbeh\u00e5llare. Klar f\u00f6r leverans!<\/p>","protected":false},"featured_media":4830,"comment_status":"open","ping_status":"closed","template":"","meta":{"_acf_changed":false,"site-sidebar-layout":"default","site-content-layout":"","ast-site-content-layout":"default","site-content-style":"default","site-sidebar-style":"default","ast-global-header-display":"","ast-banner-title-visibility":"","ast-main-header-display":"","ast-hfb-above-header-display":"","ast-hfb-below-header-display":"","ast-hfb-mobile-header-display":"","site-post-title":"","ast-breadcrumbs-content":"","ast-featured-img":"","footer-sml-layout":"","ast-disable-related-posts":"","theme-transparent-header-meta":"default","adv-header-id-meta":"","stick-header-meta":"","header-above-stick-meta":"","header-main-stick-meta":"","header-below-stick-meta":"","astra-migrate-meta-layouts":"set","ast-page-background-enabled":"default","ast-page-background-meta":{"desktop":{"background-color":"var(--ast-global-color-5)","background-image":"","background-repeat":"repeat","background-position":"center center","background-size":"auto","background-attachment":"scroll","background-type":"","background-media":"","overlay-type":"","overlay-color":"","overlay-opacity":"","overlay-gradient":""},"tablet":{"background-color":"","background-image":"","background-repeat":"repeat","background-position":"center center","background-size":"auto","background-attachment":"scroll","background-type":"","background-media":"","overlay-type":"","overlay-color":"","overlay-opacity":"","overlay-gradient":""},"mobile":{"background-color":"","background-image":"","background-repeat":"repeat","background-position":"center center","background-size":"auto","background-attachment":"scroll","background-type":"","background-media":"","overlay-type":"","overlay-color":"","overlay-opacity":"","overlay-gradient":""}},"ast-content-background-meta":{"desktop":{"background-color":"var(--ast-global-color-4)","background-image":"","background-repeat":"repeat","background-position":"center center","background-size":"auto","background-attachment":"scroll","background-type":"","background-media":"","overlay-type":"","overlay-color":"","overlay-opacity":"","overlay-gradient":""},"tablet":{"background-color":"var(--ast-global-color-4)","background-image":"","background-repeat":"repeat","background-position":"center center","background-size":"auto","background-attachment":"scroll","background-type":"","background-media":"","overlay-type":"","overlay-color":"","overlay-opacity":"","overlay-gradient":""},"mobile":{"background-color":"var(--ast-global-color-4)","background-image":"","background-repeat":"repeat","background-position":"center center","background-size":"auto","background-attachment":"scroll","background-type":"","background-media":"","overlay-type":"","overlay-color":"","overlay-opacity":"","overlay-gradient":""}}},"product_brand":[],"product_cat":[56,62,72],"product_tag":[178,177],"class_list":{"0":"post-4829","1":"product","2":"type-product","3":"status-publish","4":"has-post-thumbnail","6":"product_cat-cosmetic-jars","7":"product_cat-cosmetic-containers","8":"product_cat-cosmetic-packaging","9":"product_tag-cosmetic-packaging-containers","10":"product_tag-glass-cosmetic-packaging","11":"desktop-align-left","12":"tablet-align-left","13":"mobile-align-left","15":"first","16":"instock","17":"shipping-taxable","18":"product-type-simple"},"acf":[],"jetpack_sharing_enabled":true,"_links":{"self":[{"href":"https:\/\/theperfumebottles.com\/sv\/wp-json\/wp\/v2\/product\/4829","targetHints":{"allow":["GET"]}}],"collection":[{"href":"https:\/\/theperfumebottles.com\/sv\/wp-json\/wp\/v2\/product"}],"about":[{"href":"https:\/\/theperfumebottles.com\/sv\/wp-json\/wp\/v2\/types\/product"}],"replies":[{"embeddable":true,"href":"https:\/\/theperfumebottles.com\/sv\/wp-json\/wp\/v2\/comments?post=4829"}],"wp:featuredmedia":[{"embeddable":true,"href":"https:\/\/theperfumebottles.com\/sv\/wp-json\/wp\/v2\/media\/4830"}],"wp:attachment":[{"href":"https:\/\/theperfumebottles.com\/sv\/wp-json\/wp\/v2\/media?parent=4829"}],"wp:term":[{"taxonomy":"product_brand","embeddable":true,"href":"https:\/\/theperfumebottles.com\/sv\/wp-json\/wp\/v2\/product_brand?post=4829"},{"taxonomy":"product_cat","embeddable":true,"href":"https:\/\/theperfumebottles.com\/sv\/wp-json\/wp\/v2\/product_cat?post=4829"},{"taxonomy":"product_tag","embeddable":true,"href":"https:\/\/theperfumebottles.com\/sv\/wp-json\/wp\/v2\/product_tag?post=4829"}],"curies":[{"name":"wp","href":"https:\/\/api.w.org\/{rel}","templated":true}]}}